{"id":11,"date":"2020-06-18T09:15:34","date_gmt":"2020-06-18T09:15:34","guid":{"rendered":"http:\/\/www.bs.lk\/?page_id=11"},"modified":"2025-10-29T16:06:41","modified_gmt":"2025-10-29T16:06:41","slug":"lagerbolag","status":"publish","type":"page","link":"https:\/\/www.bolagsstiftarna.se\/en\/lagerbolag\/","title":{"rendered":"Lagerbolag"},"content":{"rendered":"<!-- START Block General Hero -->    <div class=\"hero hero-overlay\" style=\"background-image: url('https:\/\/d1i97327w94vhu.cloudfront.net\/wp-content\/uploads\/2020\/06\/25092021\/bolagsstiftarna-1-1920x864.jpg');\">\n\t    <div class=\"container\">\n\t       \t<div class=\"block\">\n\t       \t\t\t       \t\t    <h2>Bolagsstiftarnas lagerbolag<\/h2>\n\t       \t\t\t       \t\t\t       \t\t    <p>Vi levererar lagerbolag inom 2 timmar!<\/p>\n\t       \t\t\t       \t<\/div>\n\t    <\/div>\n    <\/div>\n<!-- END Block General Hero -->\n\n\n<div class=\"wp-block-columns is-layout-flex wp-container-core-columns-is-layout-9d6595d7 wp-block-columns-is-layout-flex\">\n<div class=\"wp-block-column is-layout-flow wp-block-column-is-layout-flow\" style=\"flex-basis:66.66%\">\n<h1 class=\"wp-block-heading\" id=\"h-s-g-r-det-till-att-k-pa-lagerbolag-hos-oss\">S\u00e5 g\u00e5r det till att k\u00f6pa lagerbolag hos oss<\/h1>\n\n\n\n<p>Vi har f\u00e4rdiga lagerbolag till f\u00f6rs\u00e4ljning \u2013 perfekt om du vill komma ig\u00e5ng med ditt nya bolag snabbt! Vi har genom \u00e5ren s\u00e5lt mer \u00e4n 50.000 lagerbolag och v\u00e5ra kunder befinner sig runt om i hela Sverige.<\/p>\n\n\n\n<h2 class=\"wp-block-heading\" id=\"h-vad-r-ett-lagerbolag\"><strong>Vad \u00e4r ett lagerbolag?<\/strong><\/h2>\n\n\n\n<p>Ett lagerbolag \u00e4r ett registrerat aktiebolag som aldrig bedrivit n\u00e5gon verksamhet. Bolagen ligger p\u00e5 lager och v\u00e4ntar egentligen bara p\u00e5 att s\u00e4ljas. Bolagen har identiska styrelser och ett aktiekapital p\u00e5 minst 25.000 kronor. V\u00e5ra lagerbolag heter initialt \u201dStartplattan\u201d f\u00f6ljt av ett s\u00e4rskiljande nummer.<\/p>\n\n\n\n<h2 class=\"wp-block-heading\" id=\"h-varf-r-lagerbolag-f-rdelar\"><strong><strong>Varf\u00f6r lagerbolag? F\u00f6rdelar<\/strong><\/strong><\/h2>\n\n\n\n<p>Funderar du p\u00e5 om du ska k\u00f6pa lagerbolag eller starta nytt aktiebolag? J\u00e4mf\u00f6rt med att starta ett aktiebolag fr\u00e5n grunden \u00e4r det b\u00e4sta med att starta ett lagerbolag att det g\u00e5r s\u00e5 snabbt att komma ig\u00e5ng. Eftersom du inte beh\u00f6ver v\u00e4nta p\u00e5 Bolagsverkets handl\u00e4ggningstider f\u00f6r<\/p>\n\n\n\n<p>att registrera ett nytt aktiebolag, kan du vara ig\u00e5ng med ditt nya f\u00e4rdiga aktiebolag rekordsnabbt!<\/p>\n\n\n\n<p>N\u00e4r du k\u00f6per lagerbolaget f\u00e5r du ha ditt aktiebolag med organisationsnummer inom tv\u00e5 timmar!<\/p>\n\n\n\n<h2 class=\"wp-block-heading\" id=\"h-s-fungerar-det-hos-oss\"><strong><strong><strong>S\u00e5 fungerar det hos oss<\/strong><\/strong><\/strong><\/h2>\n\n\n\n<p>N\u00e4r du k\u00f6per ett lagerbolag av oss uppr\u00e4ttar vi de k\u00f6pe- och \u00e4ndringshandlingar som kr\u00e4vs f\u00f6r att \u00e4ndra bolagets namn, adress, verksamhet, styrelse mm. Vi skr\u00e4ddarsyr handlingarna helt efter dina \u00f6nskem\u00e5l, med exempelvis individuellt anpassade klausuler i bolagsordningen.<\/p>\n\n\n\n<p>Handlingarna levereras inom tv\u00e5 timmar!<\/p>\n\n\n\n<p>N\u00e4r ni granskat handlingarna ska dessa undertecknas av \u00e4gare och styrelse \u2013 antingen p\u00e5 papper eller digitalt med BankID.<\/p>\n\n\n\n<p>S\u00e5 snart vi mottagit de undertecknade handlingarna och ett bankintyg som visar att aktiekapitalet reglerats kan vi \u00f6vers\u00e4nda en generalfullmakt \u2013 med vilken styrelsen kan f\u00f6retr\u00e4da bolaget i avvaktan p\u00e5 att \u00e4ndringen registreras hos <a href=\"http:\/\/www.bolagsverket.se\">Bolagsverket<\/a>. Med generalfullmakten kan styrelsen exempelvis ans\u00f6ka om F-skatt och momsregistrering hos <a href=\"http:\/\/www.skatteverket.se\">Skatteverket<\/a>.<\/p>\n\n\n\n<p>Bolagsstiftarna sk\u00f6ter sedan all kontakt med Bolagsverket och v\u00e5ra handl\u00e4ggare har spetskompetens inom bolagsr\u00e4tt, vilket ocks\u00e5 g\u00f6r processen smidig f\u00f6r dig. Varje \u00e4rende hos oss hanteras unikt och vi finns tillg\u00e4ngliga dygnets alla timmar, \u00e5ret runt! Du kan n\u00e4r som helst komma i kontakt med oss via v\u00e5r chatt.<\/p>\n\n\n\n<p>S\u00e5 snart \u00e4ndringen registrerats hos Bolagsverket \u00f6vers\u00e4nder vi bolagshandlingar utg\u00f6randes av bland annat aktiebok. Dessa \u00f6vers\u00e4ndes antingen digitalt via mail eller i en bolagsp\u00e4rm via post \u2013 helt efter dina \u00f6nskem\u00e5l! F\u00f6r mer information, <a href=\"https:\/\/www.bolagsstiftarna.se\/en\/lagerbolag\/sa-fungerar-lagerbolag\/\">klicka h\u00e4r<\/a>.<\/p>\n\n\n\n<figure class=\"wp-block-gallery has-nested-images columns-default is-cropped wp-block-gallery-1 is-layout-flex wp-block-gallery-is-layout-flex\">\n<figure class=\"wp-block-image size-large\"><img loading=\"lazy\" decoding=\"async\" width=\"1024\" height=\"683\" data-id=\"1798\" src=\"https:\/\/d1i97327w94vhu.cloudfront.net\/wp-content\/uploads\/2022\/10\/25124901\/Lagerbolag-parm-1-1024x683.jpg\" alt=\"\" class=\"wp-image-1798\" srcset=\"https:\/\/d1i97327w94vhu.cloudfront.net\/wp-content\/uploads\/2022\/10\/25124901\/Lagerbolag-parm-1-1024x683.jpg 1024w, https:\/\/d1i97327w94vhu.cloudfront.net\/wp-content\/uploads\/2022\/10\/25124901\/Lagerbolag-parm-1-300x200.jpg 300w, https:\/\/d1i97327w94vhu.cloudfront.net\/wp-content\/uploads\/2022\/10\/25124901\/Lagerbolag-parm-1-768x512.jpg 768w, https:\/\/d1i97327w94vhu.cloudfront.net\/wp-content\/uploads\/2022\/10\/25124901\/Lagerbolag-parm-1-1536x1024.jpg 1536w, https:\/\/d1i97327w94vhu.cloudfront.net\/wp-content\/uploads\/2022\/10\/25124901\/Lagerbolag-parm-1-2048x1365.jpg 2048w, https:\/\/d1i97327w94vhu.cloudfront.net\/wp-content\/uploads\/2022\/10\/25124901\/Lagerbolag-parm-1-18x12.jpg 18w, https:\/\/d1i97327w94vhu.cloudfront.net\/wp-content\/uploads\/2022\/10\/25124901\/Lagerbolag-parm-1-767x511.jpg 767w, https:\/\/d1i97327w94vhu.cloudfront.net\/wp-content\/uploads\/2022\/10\/25124901\/Lagerbolag-parm-1-1534x1023.jpg 1534w, https:\/\/d1i97327w94vhu.cloudfront.net\/wp-content\/uploads\/2022\/10\/25124901\/Lagerbolag-parm-1-1920x1280.jpg 1920w\" sizes=\"auto, (max-width: 1024px) 100vw, 1024px\" \/><\/figure>\n<\/figure>\n\n\n\n<h2 class=\"wp-block-heading\" id=\"h-pris-vad-kostar-ett-lagerbolag\"><strong><strong><strong><strong>Pris \u2013 vad kostar ett lagerbolag?<\/strong><\/strong><\/strong><\/strong><\/h2>\n\n\n\n<p>N\u00e4r du k\u00f6per lagerbolag av oss \u00e4r v\u00e5rt arvode 4.695 kronor. P\u00e5 detta tillkommer Bolagsverkets avgifter p\u00e5 4.600 kronor.<\/p>\n\n\n\n<p>Priset blir totalt 9.295 kronor.<\/p>\n\n\n\n<p>I v\u00e5rt pris f\u00f6r lagerbolag ing\u00e5r allt \u2013 hos oss finns inga extra kostnader under \u00e4rendets g\u00e5ng!<\/p>\n\n\n\n<p>F\u00f6r att k\u00f6pa ett lagerbolag \u00e4r det enklast att anv\u00e4nda v\u00e5rt best\u00e4llningsformul\u00e4r. Sj\u00e4lvklart g\u00e5r det ocks\u00e5 utm\u00e4rkt att kontakta oss via telefon 031-704 10 50, mail <a href=\"mailto:info@bolagsstiftarna.se\">info@bolagsstiftarna.se<\/a> eller via v\u00e5r chatt.<\/p>\n\n\n\n<p>F\u00f6rutom aktiebolag erbjuder vi \u00e4ven lagerbolag i f\u00f6ljande bolagsformer:<\/p>\n\n\n\n<p>Handels- och Kommanditbolag<\/p>\n\n\n\n<p>Ekonomisk f\u00f6rening<\/p>\n\n\n\n<p>Eurobolag<\/p>\n\n\n\n<p>Europabolag<\/p>\n\n\n\n<p>F\u00f6r best\u00e4llning av dessa, v\u00e4nligen kontakta oss via telefon 031-704 10 50, mail <a href=\"mailto:info@bolagsstiftarna.se\">info@bolagsstiftarna.se<\/a> eller via v\u00e5r chatt.<\/p>\n\n\n\n<p>V\u00e4lkommen in med din best\u00e4llning!<\/p>\n\n\n<!-- START Block Stock Company PDF -->    <div class=\"literature\">\n                    <img decoding=\"async\" class=\"poster\" src=\"https:\/\/d1i97327w94vhu.cloudfront.net\/wp-content\/uploads\/2021\/04\/14115857\/guide-lagerbolag-300x209.jpg\" alt=\"Guide f\u00f6r lagerbolag\">\n               <div class=\"txt\">\n                            <h5>\n                    <a href=\"https:\/\/d1i97327w94vhu.cloudfront.net\/wp-content\/uploads\/2021\/04\/14115702\/guide-lagerbolag_2021-DIGI.pdf\" target=\"_blank\">\n                        Best\u00e4ll hem v\u00e5r guide kostnadsfritt                    <\/a>\n                <\/h5>\n                                        <a href=\"https:\/\/d1i97327w94vhu.cloudfront.net\/wp-content\/uploads\/2021\/04\/14115702\/guide-lagerbolag_2021-DIGI.pdf\" target=\"_blank\">\n                    Eller ladda ner den som PDF                <\/a>\n                    <\/div>\n    <\/div>\n<!-- END Block Stock Company PDF --><\/div>\n\n\n\n<div class=\"wp-block-column is-layout-flow wp-block-column-is-layout-flow\" style=\"flex-basis:33.33%\"><!-- START Block Stock Company Info -->\n\t<div class=\"blue-box company-info\">\n\t\t\t\t\t<a class=\"btn inn\" href=\"\/en\/app\/kop-lagerbolag\/kontaktperson\/\">\n\t\t\t\tK\u00f6p lagerbolag\t\t\t<\/a>\n\t\t\n\t\t\t\t\t<div class=\"list\">\n\t\t\t\t\t\t\t\t\t\t\t\t\t\t\t<div class=\"item\">\n\t\t\t\t\t\t\t\n\n\t\t\t\t\t\t\t\t\t\t\t\t\t\t\t<a class=\"link\" href=\"\/en\/lagerbolag\/sa-fungerar-lagerbolag\/\">\n\t\t\t\t\t\t\t\t\t\t\t\t\t\t\t\t\t\t\t<div class=\"ico\"><i class=\"icon icon-info\"><\/i><\/div>\n\t\t\t\t\t\t\t\t\t\t\t\t\t\t\t\t\t\tS\u00e5 fungerar det\t\t\t\t\t\t\t\t<\/a>\n\t\t\t\t\t\t\t\n\t\t\t\t\t\t\t\t\t\t\t\t\t\t\t<p>Allt du beh\u00f6ver veta om vad f\u00f6rdelarna \u00e4r och hur du g\u00e5r tillv\u00e4ga f\u00f6r att best\u00e4lla.<\/p>\n\t\t\t\t\t\t\t\n\t\t\t\t\t\t\t\t\t\t\t\t\t\t\t<a href=\"\/en\/lagerbolag\/sa-fungerar-lagerbolag\/\">\n\t\t\t\t\t\t\t\t\tL\u00e4s mer\t\t\t\t\t\t\t\t<\/a>\n\t\t\t\t\t\t\t\t\t\t\t\t\t<\/div>\n\t\t\t\t\t\t\t\t\t\t\t\t\t\t\t\t\t\t\t\t<div class=\"item\">\n\t\t\t\t\t\t\t\n\n\t\t\t\t\t\t\t\t\t\t\t\t\t\t\t<a class=\"link\" href=\"\/en\/lagerbolag\/fragor-och-svar-om-lagerbolag\/\">\n\t\t\t\t\t\t\t\t\t\t\t\t\t\t\t\t\t\t\t<div class=\"ico\"><i class=\"icon icon-question\"><\/i><\/div>\n\t\t\t\t\t\t\t\t\t\t\t\t\t\t\t\t\t\tFr\u00e5gor och svar\t\t\t\t\t\t\t\t<\/a>\n\t\t\t\t\t\t\t\n\t\t\t\t\t\t\t\t\t\t\t\t\t\t\t<p>Undrar du \u00f6ver n\u00e5got har du garanterat svaret h\u00e4r.<\/p>\n\t\t\t\t\t\t\t\n\t\t\t\t\t\t\t\t\t\t\t\t\t\t\t<a href=\"\/en\/lagerbolag\/fragor-och-svar-om-lagerbolag\/\">\n\t\t\t\t\t\t\t\t\tL\u00e4s mer\t\t\t\t\t\t\t\t<\/a>\n\t\t\t\t\t\t\t\t\t\t\t\t\t<\/div>\n\t\t\t\t\t\t\t\t\t\t\t\t<\/div>\n\t\t\t<\/div>\n<!-- END Block Stock Company Info --><\/div>\n<\/div>\n\n\n<!-- START Block Contact -->    <div class=\"contact\" style=\"background-image: url('https:\/\/d1i97327w94vhu.cloudfront.net\/wp-content\/uploads\/2020\/06\/25092020\/snabbavveckling-bolagsstiftarna-1920x725.jpg');\">\n        <div class=\"container\">\n                            <h3>Kontaktpersoner<\/h3>\n                                        <div class=\"cols\">\n                                                                        <div class=\"col\"><p><strong><img loading=\"lazy\" decoding=\"async\" class=\"alignnone size-medium wp-image-1402\" src=\"https:\/\/d1i97327w94vhu.cloudfront.net\/wp-content\/uploads\/2021\/09\/09070915\/33768_Bolagsstiftarna_2020-09-17-78-Redigera_big_sRGB1-225x300.jpg\" alt=\"\" width=\"225\" height=\"300\" data-mce-src=\"https:\/\/d1i97327w94vhu.cloudfront.net\/wp-content\/uploads\/2021\/09\/09070915\/33768_Bolagsstiftarna_2020-09-17-78-Redigera_big_sRGB1-225x300.jpg\" srcset=\"https:\/\/d1i97327w94vhu.cloudfront.net\/wp-content\/uploads\/2021\/09\/09070915\/33768_Bolagsstiftarna_2020-09-17-78-Redigera_big_sRGB1-225x300.jpg 225w, https:\/\/d1i97327w94vhu.cloudfront.net\/wp-content\/uploads\/2021\/09\/09070915\/33768_Bolagsstiftarna_2020-09-17-78-Redigera_big_sRGB1-768x1024.jpg 768w, https:\/\/d1i97327w94vhu.cloudfront.net\/wp-content\/uploads\/2021\/09\/09070915\/33768_Bolagsstiftarna_2020-09-17-78-Redigera_big_sRGB1-1152x1536.jpg 1152w, https:\/\/d1i97327w94vhu.cloudfront.net\/wp-content\/uploads\/2021\/09\/09070915\/33768_Bolagsstiftarna_2020-09-17-78-Redigera_big_sRGB1-scaled.jpg 1920w\" sizes=\"auto, (max-width: 225px) 100vw, 225px\" \/><\/strong><\/p>\n<p><strong>Peter Carlborg<br \/><\/strong>Ansvarig lagerbolag<\/p>\n<p>Tel 031-704 28 62<br \/><a href=\"mailto:peter.carlborg@bolagsstiftarna.se\" data-mce-href=\"mailto:peter.carlborg@bolagsstiftarna.se\">peter.carlborg@bolagsstiftarna.se<\/a><\/p>\n<\/div>\n                                                                                                <div class=\"col\"><p><img loading=\"lazy\" decoding=\"async\" class=\"alignnone size-medium wp-image-1436\" src=\"https:\/\/d1i97327w94vhu.cloudfront.net\/wp-content\/uploads\/2021\/09\/09140944\/MN-225x300.jpg\" alt=\"\" width=\"225\" height=\"300\" srcset=\"https:\/\/d1i97327w94vhu.cloudfront.net\/wp-content\/uploads\/2021\/09\/09140944\/MN-225x300.jpg 225w, https:\/\/d1i97327w94vhu.cloudfront.net\/wp-content\/uploads\/2021\/09\/09140944\/MN-768x1024.jpg 768w, https:\/\/d1i97327w94vhu.cloudfront.net\/wp-content\/uploads\/2021\/09\/09140944\/MN-1152x1536.jpg 1152w, https:\/\/d1i97327w94vhu.cloudfront.net\/wp-content\/uploads\/2021\/09\/09140944\/MN-scaled.jpg 1920w\" sizes=\"auto, (max-width: 225px) 100vw, 225px\" \/><\/p>\n<p><strong>Marita Nilsson<\/strong><\/p>\n<p>Tel 031-704 10 56<br \/>\n<a href=\"mailto:marita.nilsson@bolagsstiftarna.se\">marita.nilsson@bolagsstiftarna.se<\/a><\/p>\n<\/div>\n                                                                                                <div class=\"col\"><p><img loading=\"lazy\" decoding=\"async\" class=\"alignnone  wp-image-1424\" src=\"https:\/\/d1i97327w94vhu.cloudfront.net\/wp-content\/uploads\/2021\/09\/09090428\/CW-ny-266x300.png\" alt=\"\" width=\"266\" height=\"300\" srcset=\"https:\/\/d1i97327w94vhu.cloudfront.net\/wp-content\/uploads\/2021\/09\/09090428\/CW-ny-266x300.png 266w, https:\/\/d1i97327w94vhu.cloudfront.net\/wp-content\/uploads\/2021\/09\/09090428\/CW-ny.png 682w\" sizes=\"auto, (max-width: 266px) 100vw, 266px\" \/><\/p>\n<p><strong>Charlotte Wiberg<\/strong><br \/>\nVice VD<\/p>\n<p>Tel 031-704 10 54<br \/>\n<a href=\"mailto:charlotte.wiberg@bolagsstiftarna.se\">charlotte.wiberg@bolagsstiftarna.se<\/a><\/p>\n<\/div>\n                                                                                                <div class=\"col\"><p><img loading=\"lazy\" decoding=\"async\" class=\"alignnone wp-image-286\" src=\"https:\/\/d1i97327w94vhu.cloudfront.net\/wp-content\/uploads\/2020\/06\/25092011\/bs-glob-300x300.png\" alt=\"\" width=\"260\" height=\"260\" srcset=\"https:\/\/d1i97327w94vhu.cloudfront.net\/wp-content\/uploads\/2020\/06\/25092011\/bs-glob-300x300.png 300w, https:\/\/d1i97327w94vhu.cloudfront.net\/wp-content\/uploads\/2020\/06\/25092011\/bs-glob-150x150.png 150w, https:\/\/d1i97327w94vhu.cloudfront.net\/wp-content\/uploads\/2020\/06\/25092011\/bs-glob-768x768.png 768w, https:\/\/d1i97327w94vhu.cloudfront.net\/wp-content\/uploads\/2020\/06\/25092011\/bs-glob-767x767.png 767w, https:\/\/d1i97327w94vhu.cloudfront.net\/wp-content\/uploads\/2020\/06\/25092011\/bs-glob.png 900w\" sizes=\"auto, (max-width: 260px) 100vw, 260px\" \/><\/p>\n<p><strong>Josefin Nordlander<\/strong><\/p>\n<p>Tel 031-704 10 58<br \/>\n<a href=\"\/en\/josefin.nordlander@bolagsstiftarna.se\/\">josefin.nordlander@bolagsstiftarna.se<\/a><\/p>\n<\/div>\n                                                                                                <div class=\"col\"><p><img loading=\"lazy\" decoding=\"async\" class=\"\" src=\"https:\/\/d1i97327w94vhu.cloudfront.net\/wp-content\/uploads\/2020\/06\/25092011\/bs-glob-300x300.png\" width=\"260\" height=\"260\" \/><\/p>\n<p><strong>Jennifer Cronstam<\/strong><\/p>\n<p>Tel 031-704 10 50<br \/>\n<a href=\"\/en\/jennifer.cronstam@bolagsstiftarna.se\/\">jennifer.cronstam@bolagsstiftarna.se<\/a><\/p>\n<\/div>\n                                                            <\/div>\n                    <\/div>\n    <\/div>\n<!-- END Block Contact -->","protected":false},"excerpt":{"rendered":"<p>S\u00e5 g\u00e5r det till att k\u00f6pa lagerbolag hos oss Vi har f\u00e4rdiga lagerbolag till f\u00f6rs\u00e4ljning \u2013 perfekt om du vill komma ig\u00e5ng med ditt nya bolag snabbt! Vi har [&hellip;]<\/p>\n","protected":false},"author":1,"featured_media":0,"parent":0,"menu_order":0,"comment_status":"closed","ping_status":"closed","template":"","meta":{"_acf_changed":false,"inline_featured_image":false,"footnotes":""},"class_list":["post-11","page","type-page","status-publish","hentry"],"acf":[],"yoast_head":"<!-- This site is optimized with the Yoast SEO plugin v27.3 - https:\/\/yoast.com\/product\/yoast-seo-wordpress\/ -->\n<title>Lagerbolag snabbt &amp; tryggt med Bolagsstiftarna! Leverans direkt!<\/title>\n<meta name=\"description\" content=\"Vi levererar f\u00e4rdiga aktiebolag, s.k. lagerbolag p\u00e5 bara tv\u00e5 timmar! Vi skr\u00e4ddarsyr lagerbolag helt efter dina \u00f6nskem\u00e5l!\" \/>\n<meta name=\"robots\" content=\"index, follow, max-snippet:-1, max-image-preview:large, max-video-preview:-1\" \/>\n<link rel=\"canonical\" href=\"https:\/\/www.bolagsstiftarna.se\/en\/lagerbolag\/\" \/>\n<meta property=\"og:locale\" content=\"en_US\" \/>\n<meta property=\"og:type\" content=\"article\" \/>\n<meta property=\"og:title\" content=\"Lagerbolag snabbt &amp; tryggt med Bolagsstiftarna! Leverans direkt!\" \/>\n<meta property=\"og:description\" content=\"Vi levererar f\u00e4rdiga aktiebolag, s.k. lagerbolag p\u00e5 bara tv\u00e5 timmar! Vi skr\u00e4ddarsyr lagerbolag helt efter dina \u00f6nskem\u00e5l!\" \/>\n<meta property=\"og:url\" content=\"https:\/\/www.bolagsstiftarna.se\/en\/lagerbolag\/\" \/>\n<meta property=\"og:site_name\" content=\"Bolagsstiftarna\" \/>\n<meta property=\"article:modified_time\" content=\"2025-10-29T16:06:41+00:00\" \/>\n<meta property=\"og:image\" content=\"https:\/\/www.bolagsstiftarna.se\/wp-content\/uploads\/2022\/10\/Lagerbolag-parm-1-1024x683.jpg\" \/>\n<meta name=\"twitter:card\" content=\"summary_large_image\" \/>\n<meta name=\"twitter:label1\" content=\"Est. reading time\" \/>\n\t<meta name=\"twitter:data1\" content=\"3 minutes\" \/>\n<script type=\"application\/ld+json\" class=\"yoast-schema-graph\">{\"@context\":\"https:\\\/\\\/schema.org\",\"@graph\":[{\"@type\":\"WebPage\",\"@id\":\"https:\\\/\\\/www.bolagsstiftarna.se\\\/lagerbolag\\\/\",\"url\":\"https:\\\/\\\/www.bolagsstiftarna.se\\\/lagerbolag\\\/\",\"name\":\"Lagerbolag snabbt & tryggt med Bolagsstiftarna! Leverans direkt!\",\"isPartOf\":{\"@id\":\"https:\\\/\\\/www.bolagsstiftarna.se\\\/#website\"},\"primaryImageOfPage\":{\"@id\":\"https:\\\/\\\/www.bolagsstiftarna.se\\\/lagerbolag\\\/#primaryimage\"},\"image\":{\"@id\":\"https:\\\/\\\/www.bolagsstiftarna.se\\\/lagerbolag\\\/#primaryimage\"},\"thumbnailUrl\":\"https:\\\/\\\/www.bolagsstiftarna.se\\\/wp-content\\\/uploads\\\/2022\\\/10\\\/Lagerbolag-parm-1-1024x683.jpg\",\"datePublished\":\"2020-06-18T09:15:34+00:00\",\"dateModified\":\"2025-10-29T16:06:41+00:00\",\"description\":\"Vi levererar f\u00e4rdiga aktiebolag, s.k. lagerbolag p\u00e5 bara tv\u00e5 timmar! Vi skr\u00e4ddarsyr lagerbolag helt efter dina \u00f6nskem\u00e5l!\",\"breadcrumb\":{\"@id\":\"https:\\\/\\\/www.bolagsstiftarna.se\\\/lagerbolag\\\/#breadcrumb\"},\"inLanguage\":\"en-US\",\"potentialAction\":[{\"@type\":\"ReadAction\",\"target\":[\"https:\\\/\\\/www.bolagsstiftarna.se\\\/lagerbolag\\\/\"]}]},{\"@type\":\"ImageObject\",\"inLanguage\":\"en-US\",\"@id\":\"https:\\\/\\\/www.bolagsstiftarna.se\\\/lagerbolag\\\/#primaryimage\",\"url\":\"https:\\\/\\\/www.bolagsstiftarna.se\\\/wp-content\\\/uploads\\\/2022\\\/10\\\/Lagerbolag-parm-1-1024x683.jpg\",\"contentUrl\":\"https:\\\/\\\/www.bolagsstiftarna.se\\\/wp-content\\\/uploads\\\/2022\\\/10\\\/Lagerbolag-parm-1-1024x683.jpg\"},{\"@type\":\"BreadcrumbList\",\"@id\":\"https:\\\/\\\/www.bolagsstiftarna.se\\\/lagerbolag\\\/#breadcrumb\",\"itemListElement\":[{\"@type\":\"ListItem\",\"position\":1,\"name\":\"Home\",\"item\":\"https:\\\/\\\/www.bolagsstiftarna.se\\\/\"},{\"@type\":\"ListItem\",\"position\":2,\"name\":\"Lagerbolag\"}]},{\"@type\":\"WebSite\",\"@id\":\"https:\\\/\\\/www.bolagsstiftarna.se\\\/#website\",\"url\":\"https:\\\/\\\/www.bolagsstiftarna.se\\\/\",\"name\":\"Bolagsstiftarna\",\"description\":\"Lagerbolag &amp; Snabbavveckling\",\"publisher\":{\"@id\":\"https:\\\/\\\/www.bolagsstiftarna.se\\\/#organization\"},\"potentialAction\":[{\"@type\":\"SearchAction\",\"target\":{\"@type\":\"EntryPoint\",\"urlTemplate\":\"https:\\\/\\\/www.bolagsstiftarna.se\\\/?s={search_term_string}\"},\"query-input\":{\"@type\":\"PropertyValueSpecification\",\"valueRequired\":true,\"valueName\":\"search_term_string\"}}],\"inLanguage\":\"en-US\"},{\"@type\":\"Organization\",\"@id\":\"https:\\\/\\\/www.bolagsstiftarna.se\\\/#organization\",\"name\":\"Bolagsstiftarna AB\",\"url\":\"https:\\\/\\\/www.bolagsstiftarna.se\\\/\",\"logo\":{\"@type\":\"ImageObject\",\"inLanguage\":\"en-US\",\"@id\":\"https:\\\/\\\/www.bolagsstiftarna.se\\\/#\\\/schema\\\/logo\\\/image\\\/\",\"url\":\"https:\\\/\\\/d1i97327w94vhu.cloudfront.net\\\/wp-content\\\/uploads\\\/2020\\\/06\\\/25092025\\\/bolagsstiftarna-logo-315.png\",\"contentUrl\":\"https:\\\/\\\/d1i97327w94vhu.cloudfront.net\\\/wp-content\\\/uploads\\\/2020\\\/06\\\/25092025\\\/bolagsstiftarna-logo-315.png\",\"width\":315,\"height\":46,\"caption\":\"Bolagsstiftarna AB\"},\"image\":{\"@id\":\"https:\\\/\\\/www.bolagsstiftarna.se\\\/#\\\/schema\\\/logo\\\/image\\\/\"},\"sameAs\":[\"https:\\\/\\\/www.instagram.com\\\/bolagsstiftarna\\\/\",\"https:\\\/\\\/www.linkedin.com\\\/company\\\/bolagsstiftarna-ab?trk=tyah&amp;amp;trkInfo=tarId:1408967681730,tas:bolagsstif,idx:1-1-1\"]}]}<\/script>\n<!-- \/ Yoast SEO plugin. -->","yoast_head_json":{"title":"Lagerbolag snabbt & tryggt med Bolagsstiftarna! Leverans direkt!","description":"Vi levererar f\u00e4rdiga aktiebolag, s.k. lagerbolag p\u00e5 bara tv\u00e5 timmar! Vi skr\u00e4ddarsyr lagerbolag helt efter dina \u00f6nskem\u00e5l!","robots":{"index":"index","follow":"follow","max-snippet":"max-snippet:-1","max-image-preview":"max-image-preview:large","max-video-preview":"max-video-preview:-1"},"canonical":"https:\/\/www.bolagsstiftarna.se\/en\/lagerbolag\/","og_locale":"en_US","og_type":"article","og_title":"Lagerbolag snabbt & tryggt med Bolagsstiftarna! Leverans direkt!","og_description":"Vi levererar f\u00e4rdiga aktiebolag, s.k. lagerbolag p\u00e5 bara tv\u00e5 timmar! Vi skr\u00e4ddarsyr lagerbolag helt efter dina \u00f6nskem\u00e5l!","og_url":"https:\/\/www.bolagsstiftarna.se\/en\/lagerbolag\/","og_site_name":"Bolagsstiftarna","article_modified_time":"2025-10-29T16:06:41+00:00","og_image":[{"url":"https:\/\/www.bolagsstiftarna.se\/wp-content\/uploads\/2022\/10\/Lagerbolag-parm-1-1024x683.jpg","type":"","width":"","height":""}],"twitter_card":"summary_large_image","twitter_misc":{"Est. reading time":"3 minutes"},"schema":{"@context":"https:\/\/schema.org","@graph":[{"@type":"WebPage","@id":"https:\/\/www.bolagsstiftarna.se\/lagerbolag\/","url":"https:\/\/www.bolagsstiftarna.se\/lagerbolag\/","name":"Lagerbolag snabbt & tryggt med Bolagsstiftarna! Leverans direkt!","isPartOf":{"@id":"https:\/\/www.bolagsstiftarna.se\/#website"},"primaryImageOfPage":{"@id":"https:\/\/www.bolagsstiftarna.se\/lagerbolag\/#primaryimage"},"image":{"@id":"https:\/\/www.bolagsstiftarna.se\/lagerbolag\/#primaryimage"},"thumbnailUrl":"https:\/\/www.bolagsstiftarna.se\/wp-content\/uploads\/2022\/10\/Lagerbolag-parm-1-1024x683.jpg","datePublished":"2020-06-18T09:15:34+00:00","dateModified":"2025-10-29T16:06:41+00:00","description":"Vi levererar f\u00e4rdiga aktiebolag, s.k. lagerbolag p\u00e5 bara tv\u00e5 timmar! Vi skr\u00e4ddarsyr lagerbolag helt efter dina \u00f6nskem\u00e5l!","breadcrumb":{"@id":"https:\/\/www.bolagsstiftarna.se\/lagerbolag\/#breadcrumb"},"inLanguage":"en-US","potentialAction":[{"@type":"ReadAction","target":["https:\/\/www.bolagsstiftarna.se\/lagerbolag\/"]}]},{"@type":"ImageObject","inLanguage":"en-US","@id":"https:\/\/www.bolagsstiftarna.se\/lagerbolag\/#primaryimage","url":"https:\/\/www.bolagsstiftarna.se\/wp-content\/uploads\/2022\/10\/Lagerbolag-parm-1-1024x683.jpg","contentUrl":"https:\/\/www.bolagsstiftarna.se\/wp-content\/uploads\/2022\/10\/Lagerbolag-parm-1-1024x683.jpg"},{"@type":"BreadcrumbList","@id":"https:\/\/www.bolagsstiftarna.se\/lagerbolag\/#breadcrumb","itemListElement":[{"@type":"ListItem","position":1,"name":"Home","item":"https:\/\/www.bolagsstiftarna.se\/"},{"@type":"ListItem","position":2,"name":"Lagerbolag"}]},{"@type":"WebSite","@id":"https:\/\/www.bolagsstiftarna.se\/#website","url":"https:\/\/www.bolagsstiftarna.se\/","name":"Bolagsstiftarna","description":"Lagerbolag &amp; Snabbavveckling","publisher":{"@id":"https:\/\/www.bolagsstiftarna.se\/#organization"},"potentialAction":[{"@type":"SearchAction","target":{"@type":"EntryPoint","urlTemplate":"https:\/\/www.bolagsstiftarna.se\/?s={search_term_string}"},"query-input":{"@type":"PropertyValueSpecification","valueRequired":true,"valueName":"search_term_string"}}],"inLanguage":"en-US"},{"@type":"Organization","@id":"https:\/\/www.bolagsstiftarna.se\/#organization","name":"Bolagsstiftarna AB","url":"https:\/\/www.bolagsstiftarna.se\/","logo":{"@type":"ImageObject","inLanguage":"en-US","@id":"https:\/\/www.bolagsstiftarna.se\/#\/schema\/logo\/image\/","url":"https:\/\/d1i97327w94vhu.cloudfront.net\/wp-content\/uploads\/2020\/06\/25092025\/bolagsstiftarna-logo-315.png","contentUrl":"https:\/\/d1i97327w94vhu.cloudfront.net\/wp-content\/uploads\/2020\/06\/25092025\/bolagsstiftarna-logo-315.png","width":315,"height":46,"caption":"Bolagsstiftarna AB"},"image":{"@id":"https:\/\/www.bolagsstiftarna.se\/#\/schema\/logo\/image\/"},"sameAs":["https:\/\/www.instagram.com\/bolagsstiftarna\/","https:\/\/www.linkedin.com\/company\/bolagsstiftarna-ab?trk=tyah&amp;amp;trkInfo=tarId:1408967681730,tas:bolagsstif,idx:1-1-1"]}]}},"_links":{"self":[{"href":"https:\/\/www.bolagsstiftarna.se\/en\/wp-json\/wp\/v2\/pages\/11","targetHints":{"allow":["GET"]}}],"collection":[{"href":"https:\/\/www.bolagsstiftarna.se\/en\/wp-json\/wp\/v2\/pages"}],"about":[{"href":"https:\/\/www.bolagsstiftarna.se\/en\/wp-json\/wp\/v2\/types\/page"}],"author":[{"embeddable":true,"href":"https:\/\/www.bolagsstiftarna.se\/en\/wp-json\/wp\/v2\/users\/1"}],"replies":[{"embeddable":true,"href":"https:\/\/www.bolagsstiftarna.se\/en\/wp-json\/wp\/v2\/comments?post=11"}],"version-history":[{"count":92,"href":"https:\/\/www.bolagsstiftarna.se\/en\/wp-json\/wp\/v2\/pages\/11\/revisions"}],"predecessor-version":[{"id":2277,"href":"https:\/\/www.bolagsstiftarna.se\/en\/wp-json\/wp\/v2\/pages\/11\/revisions\/2277"}],"wp:attachment":[{"href":"https:\/\/www.bolagsstiftarna.se\/en\/wp-json\/wp\/v2\/media?parent=11"}],"curies":[{"name":"wp","href":"https:\/\/api.w.org\/{rel}","templated":true}]}}