{"id":112,"date":"2020-06-18T11:45:03","date_gmt":"2020-06-18T11:45:03","guid":{"rendered":"http:\/\/www.bs.lk\/?page_id=112"},"modified":"2025-10-29T16:07:29","modified_gmt":"2025-10-29T16:07:29","slug":"sa-fungerar-lagerbolag","status":"publish","type":"page","link":"https:\/\/www.bolagsstiftarna.se\/en\/lagerbolag\/sa-fungerar-lagerbolag\/","title":{"rendered":"S\u00e5 fungerar det"},"content":{"rendered":"<!-- START Block General Hero -->    <div class=\"hero hero-overlay\" style=\"background-image: url('https:\/\/d1i97327w94vhu.cloudfront.net\/wp-content\/uploads\/2020\/06\/25092021\/bolagsstiftarna-1-1920x864.jpg');\">\n\t    <div class=\"container\">\n\t       \t<div class=\"block\">\n\t       \t\t\t       \t\t    <h2>S\u00e5 fungerar det<\/h2>\n\t       \t\t\t       \t\t\t       \t<\/div>\n\t    <\/div>\n    <\/div>\n<!-- END Block General Hero -->\n\n\n<div class=\"wp-block-columns is-layout-flex wp-container-core-columns-is-layout-9d6595d7 wp-block-columns-is-layout-flex\">\n<div class=\"wp-block-column is-layout-flow wp-block-column-is-layout-flow\">\n<h2 class=\"wp-block-heading\" id=\"h-mer-om-lagerbolag\">Mer om Lagerbolag<\/h2>\n\n\n\n<p>Vi tillhandah\u00e5ller f\u00e4rdiga aktiebolag, s\u00e5 kallade <a href=\"https:\/\/www.bolagsstiftarna.se\/en\/lagerbolag\/\">lagerbolag<\/a>, f\u00f6r omg\u00e5ende leverans. Eftersom vi stiftar lagerbolagen fortl\u00f6pande och har dessa p\u00e5 lager kan vi s\u00e4lja ett lagerbolag inom bara 2h!<\/p>\n\n\n\n<p>Efter mer \u00e4n 20 \u00e5rs erfarenhet av bolags\u00e4renden kan vi garantera en mycket trygg och snabb handl\u00e4ggning. Genom \u00e5ren har vi s\u00e5lt mer \u00e4n 50.000 <a href=\"https:\/\/www.bolagsstiftarna.se\/en\/lagerbolag\/\">lagerbolag<\/a>.<\/p>\n\n\n\n<p>Vi stiftar fortl\u00f6pande v\u00e5ra nya <a href=\"https:\/\/www.bolagsstiftarna.se\/en\/lagerbolag\/\">lagerbolag<\/a> (som f\u00e5r namnet Startplattan fram till dess att det s\u00e4ljs) med kontanta medel och 25.000 kronor i aktiekapital s\u00e4tts s\u00e5ledes in p\u00e5 ett nytt bankkonto i varje bolags namn. Bolagen stiftas p\u00e5 17 olika s\u00e4ten i Sverige \u2013 allt f\u00f6r att g\u00f6ra det s\u00e5 enkelt som m\u00f6jligt f\u00f6r den nya styrelsen. N\u00e5gon verksamhet har sj\u00e4lvklart inte bedrivits i bolagen.<\/p>\n\n\n\n<p>F\u00f6rutom aktiebolag erbjuder vi \u00e4ven lagerbolag i f\u00f6ljande bolagsformer:<\/p>\n\n\n\n<ul class=\"wp-block-list\">\n<li><a href=\"\/en\/driva-bolag\/europabolag\/\">Europabolag<\/a><\/li>\n\n\n\n<li><a href=\"\/en\/driva-bolag\/eurobolag\/\">Eurobolag<\/a><\/li>\n\n\n\n<li><a data-type=\"URL\" data-id=\"\/ovriga-tjanster\/kommandit-och-handelsbolag\/\" href=\"\/en\/ovriga-tjanster\/kommandit-och-handelsbolag\/\">Handels- och Kommanditbolag<\/a><\/li>\n\n\n\n<li><a href=\"\/en\/driva-bolag\/ekonomisk-forening\/\">Ekonomisk f\u00f6rening<\/a><\/li>\n<\/ul>\n\n\n\n<p>F\u00f6r att best\u00e4lla ett nytt <a href=\"https:\/\/www.bolagsstiftarna.se\/en\/lagerbolag\/\">lagerbolag<\/a> \u00e4r det enklast att anv\u00e4nda v\u00e5rt <a data-type=\"URL\" data-id=\"\/app\/kop-lagerbolag\/bestallare\" href=\"\/en\/app\/kop-lagerbolag\/bestallare\/\">best\u00e4llningsformul\u00e4r<\/a>. Sj\u00e4lvklart g\u00e5r det utm\u00e4rkt att kontakta oss p\u00e5 031- 704 10 50.<\/p>\n<\/div>\n\n\n\n<div class=\"wp-block-column is-layout-flow wp-block-column-is-layout-flow\">\n<h3 class=\"wp-block-heading\" id=\"h-s-h-r-enkelt-k-per-du-ett-lagerbolag\">S\u00e5 h\u00e4r enkelt k\u00f6per du ett lagerbolag:<\/h3>\n\n\n<!-- START Block Open\/Close -->    <div class=\"accordion icons-style-plus\">\n                                    <div class=\"item\">\n                                            <a href=\"#\" class=\"opener\">1. Du best\u00e4ller bolaget<\/a>\n                                                                <div class=\"slide\"><p>S\u00e5 snart vi mottagit bolagsbest\u00e4llningen \u00f6vers\u00e4ndes k\u00f6pe- och \u00e4ndringshandlingar inom 2h! Handlingarna kan signeras digitalt eller traditionellt p\u00e5 papper.<\/p>\n<\/div>\n                                    <\/div>\n                                                <div class=\"item\">\n                                            <a href=\"#\" class=\"opener\">2. Du f\u00e5r Generalfullmakt<\/a>\n                                                                <div class=\"slide\"><p>S\u00e5 snart handlingarna signerats och aktiekapitalet reglerats skickar vi in \u00e4ndringen av bolaget till Bolagsverket.<\/p>\n<p>Samtidigt \u00f6vers\u00e4ndes generalfullmakt s\u00e5 att den nya styrelsen kan anv\u00e4nda bolaget under handl\u00e4ggningstiden p\u00e5 Bolagsverket. S\u00e5ledes beh\u00f6ver man inte inv\u00e4nta bolagsverkets registrering.<\/p>\n<p>Vi sk\u00f6ter all kontakt med Bolagsverket och hj\u00e4lper dig med r\u00e5d och tips vid exempelvis namnfr\u00e5gor. <\/p>\n<\/div>\n                                    <\/div>\n                                                <div class=\"item\">\n                                            <a href=\"#\" class=\"opener\">3. Du f\u00e5r Bolagsp\u00e4rm \u2013 Klart!<\/a>\n                                                                <div class=\"slide\"><p>N\u00e4r \u00e4ndringen \u00e4r registrerad och klar hos bolagsverket iordningst\u00e4ller vi en bolagsp\u00e4rm. P\u00e4rmen inneh\u00e5ller aktiebok och eventuellt uppr\u00e4ttade aktiebrev, men \u00e4ven registreringsbevis och bolagshandlingar.<\/p>\n<\/div>\n                                    <\/div>\n                        <\/div>\n<!-- END Block Open\/Close -->\n\n<!-- START Block Button -->    <a class=\"btn inn\" href=\"\/en\/app\/kop-lagerbolag\/kontaktperson\/\">\n        Best\u00e4ll lagerbolag    <\/a>\n<!-- END Block Button --><\/div>\n<\/div>\n\n\n<!-- START Block Stock Company Blue Info -->    <div class=\"block-info-company\" style=\"background-image: url('https:\/\/d1i97327w94vhu.cloudfront.net\/wp-content\/uploads\/2020\/06\/25092020\/snabbavveckling-bolagsstiftarna-1920x725.jpg');\">\n       <div class=\"container\">\n            <div class=\"cols\">\n                                                          <div class=\"col\">\n                                                          <i class=\"icon icon-play\"><\/i>\n                                                                                     <h3>Snabbt<\/h3>\n                                                                                     <div><p>Hos oss finns varken r\u00f6da dagar eller lediga kv\u00e4llar! Vi finns st\u00e4ndigt tillg\u00e4ngliga, redo att leverera lagerbolag till dig. Vi skr\u00e4ddarsyr bolaget helt efter dina \u00f6nskem\u00e5l \u2013 sj\u00e4lvklart utan extra kostnader!<\/p>\n<\/div>\n                                                  <\/div>\n                                                                             <div class=\"col\">\n                                                          <i class=\"icon icon-umbrella\"><\/i>\n                                                                                     <h3>Tryggt<\/h3>\n                                                                                     <div><p>Tack vare l\u00e5ng erfarenhet, kunniga handl\u00e4ggare och st\u00e4ndig kontakt med Bolagsverket kan vi garantera dig spetskompetens inom bolagsjuridik.<\/p>\n<\/div>\n                                                  <\/div>\n                                                                             <div class=\"col\">\n                                                          <i class=\"icon icon-check\"><\/i>\n                                                                                     <h3>Enkelt<\/h3>\n                                                                                     <div><p>Eftersom bolaget redan \u00e4r registrerat kan den nya styrelsen kan s\u00e4tta ig\u00e5ng med verksamheten direkt. Styrelsen beh\u00f6ver s\u00e5ledes inte inv\u00e4nta att Bolagsverket registrerar bolaget, det har ju vi redan gjort!<\/p>\n<\/div>\n                                                  <\/div>\n                                               <\/div>\n        <\/div>\n    <\/div>\n<!-- END Block Stock Company Blue Info -->\n\n\n<div class=\"wp-block-columns is-layout-flex wp-container-core-columns-is-layout-9d6595d7 wp-block-columns-is-layout-flex\">\n<div class=\"wp-block-column is-layout-flow wp-block-column-is-layout-flow\">\n<h3 class=\"wp-block-heading\" id=\"h-best-ll-hem-v-r-guide-f-r-lagerbolag\">Best\u00e4ll hem v\u00e5r guide f\u00f6r lagerbolag!<\/h3>\n\n\n\n<p>Vi har tagit fram en guide som f\u00f6rklarar hur v\u00e5r tj\u00e4nst&nbsp;fungerar! I guiden kan du l\u00e4sa om de olika stegen samt om vilka f\u00f6rdelar som finns. Du kan \u00e4ven <a href=\"https:\/\/d1i97327w94vhu.cloudfront.net\/wp-content\/uploads\/2021\/04\/14115702\/guide-lagerbolag_2021-DIGI.pdf\">ladda ner den som PDF.<\/a><\/p>\n\n\n<!-- START Block Open\/Close -->    <div class=\"accordion icons-style-arrow\">\n                                    <div class=\"item\">\n                                            <a href=\"#\" class=\"opener\">Best\u00e4ll hem kostnadsfritt<\/a>\n                                                                <div class=\"slide\">\n<div class=\"wpcf7 no-js\" id=\"wpcf7-f147-o1\" lang=\"en-US\" dir=\"ltr\" data-wpcf7-id=\"147\">\n<div class=\"screen-reader-response\"><p role=\"status\" aria-live=\"polite\" aria-atomic=\"true\"><\/p> <ul><\/ul><\/div>\n<form action=\"\/en\/wp-json\/wp\/v2\/pages\/112#wpcf7-f147-o1\" method=\"post\" class=\"wpcf7-form init\" aria-label=\"Contact form\" novalidate=\"novalidate\" data-status=\"init\" data-trp-original-action=\"\/en\/wp-json\/wp\/v2\/pages\/112#wpcf7-f147-o1\">\n<fieldset class=\"hidden-fields-container\"><input type=\"hidden\" name=\"_wpcf7\" value=\"147\" \/><input type=\"hidden\" name=\"_wpcf7_version\" value=\"6.1.5\" \/><input type=\"hidden\" name=\"_wpcf7_locale\" value=\"en_US\" \/><input type=\"hidden\" name=\"_wpcf7_unit_tag\" value=\"wpcf7-f147-o1\" \/><input type=\"hidden\" name=\"_wpcf7_container_post\" value=\"0\" \/><input type=\"hidden\" name=\"_wpcf7_posted_data_hash\" value=\"\" \/><input type=\"hidden\" name=\"_wpcf7_recaptcha_response\" value=\"\" \/>\n<\/fieldset>\n<div class=\"row\">\n\t<p><span class=\"wpcf7-form-control-wrap\" data-name=\"text-antal\"><input size=\"40\" maxlength=\"400\" class=\"wpcf7-form-control wpcf7-text\" aria-invalid=\"false\" placeholder=\"Antal\" value=\"\" type=\"text\" name=\"text-antal\" \/><\/span>\n\t<\/p>\n<\/div>\n<div class=\"row\">\n\t<p><span class=\"wpcf7-form-control-wrap\" data-name=\"text-namn\"><input size=\"40\" maxlength=\"400\" class=\"wpcf7-form-control wpcf7-text\" aria-invalid=\"false\" placeholder=\"Namn\" value=\"\" type=\"text\" name=\"text-namn\" \/><\/span>\n\t<\/p>\n<\/div>\n<div class=\"row\">\n\t<p><span class=\"wpcf7-form-control-wrap\" data-name=\"email\"><input size=\"40\" maxlength=\"400\" class=\"wpcf7-form-control wpcf7-email wpcf7-validates-as-required wpcf7-text wpcf7-validates-as-email\" aria-required=\"true\" aria-invalid=\"false\" placeholder=\"E-post (obligatorisk)\" value=\"\" type=\"email\" name=\"email\" \/><\/span>\n\t<\/p>\n<\/div>\n<div class=\"row\">\n\t<p><span class=\"wpcf7-form-control-wrap\" data-name=\"text-fretag\"><input size=\"40\" maxlength=\"400\" class=\"wpcf7-form-control wpcf7-text\" aria-invalid=\"false\" placeholder=\"F\u00f6retag\" value=\"\" type=\"text\" name=\"text-fretag\" \/><\/span>\n\t<\/p>\n<\/div>\n<div class=\"row\">\n\t<p><span class=\"wpcf7-form-control-wrap\" data-name=\"text-gatuadress\"><input size=\"40\" maxlength=\"400\" class=\"wpcf7-form-control wpcf7-text\" aria-invalid=\"false\" placeholder=\"Gatuadress\" value=\"\" type=\"text\" name=\"text-gatuadress\" \/><\/span>\n\t<\/p>\n<\/div>\n<div class=\"row\">\n\t<p><span class=\"wpcf7-form-control-wrap\" data-name=\"text-postnummer\"><input size=\"40\" maxlength=\"400\" class=\"wpcf7-form-control wpcf7-text\" aria-invalid=\"false\" placeholder=\"Postnummer och Ort\" value=\"\" type=\"text\" name=\"text-postnummer\" \/><\/span>\n\t<\/p>\n<\/div>\n<div class=\"row inn\">\n\t<p><input class=\"wpcf7-form-control wpcf7-submit has-spinner\" type=\"submit\" value=\"Best\u00e4ll\" \/>\n\t<\/p>\n<\/div><div class=\"wpcf7-response-output\" aria-hidden=\"true\"><\/div>\n<input type=\"hidden\" name=\"trp-form-language\" value=\"en\"\/><\/form>\n<\/div>\n\n<\/div>\n                                    <\/div>\n                        <\/div>\n<!-- END Block Open\/Close --><\/div>\n\n\n\n<div class=\"wp-block-column is-layout-flow wp-block-column-is-layout-flow\">\n<figure class=\"wp-block-image size-large\"><img loading=\"lazy\" decoding=\"async\" width=\"1024\" height=\"713\" src=\"https:\/\/d1i97327w94vhu.cloudfront.net\/wp-content\/uploads\/2021\/04\/14115857\/guide-lagerbolag-1024x713.jpg\" alt=\"\" class=\"wp-image-1300\" srcset=\"https:\/\/d1i97327w94vhu.cloudfront.net\/wp-content\/uploads\/2021\/04\/14115857\/guide-lagerbolag-1024x713.jpg 1024w, https:\/\/d1i97327w94vhu.cloudfront.net\/wp-content\/uploads\/2021\/04\/14115857\/guide-lagerbolag-300x209.jpg 300w, https:\/\/d1i97327w94vhu.cloudfront.net\/wp-content\/uploads\/2021\/04\/14115857\/guide-lagerbolag-768x534.jpg 768w, https:\/\/d1i97327w94vhu.cloudfront.net\/wp-content\/uploads\/2021\/04\/14115857\/guide-lagerbolag-1536x1069.jpg 1536w, https:\/\/d1i97327w94vhu.cloudfront.net\/wp-content\/uploads\/2021\/04\/14115857\/guide-lagerbolag-767x534.jpg 767w, https:\/\/d1i97327w94vhu.cloudfront.net\/wp-content\/uploads\/2021\/04\/14115857\/guide-lagerbolag-1534x1067.jpg 1534w, https:\/\/d1i97327w94vhu.cloudfront.net\/wp-content\/uploads\/2021\/04\/14115857\/guide-lagerbolag-1920x1336.jpg 1920w, https:\/\/d1i97327w94vhu.cloudfront.net\/wp-content\/uploads\/2021\/04\/14115857\/guide-lagerbolag.jpg 2012w\" sizes=\"auto, (max-width: 1024px) 100vw, 1024px\" \/><\/figure>\n<\/div>\n<\/div>","protected":false},"excerpt":{"rendered":"<p>Mer om Lagerbolag Vi tillhandah\u00e5ller f\u00e4rdiga aktiebolag, s\u00e5 kallade lagerbolag, f\u00f6r omg\u00e5ende leverans. Eftersom vi stiftar lagerbolagen fortl\u00f6pande och har dessa p\u00e5 lager kan vi s\u00e4lja ett lagerbolag inom [&hellip;]<\/p>\n","protected":false},"author":1,"featured_media":0,"parent":11,"menu_order":0,"comment_status":"closed","ping_status":"closed","template":"","meta":{"_acf_changed":false,"inline_featured_image":false,"footnotes":""},"class_list":["post-112","page","type-page","status-publish","hentry"],"acf":[],"yoast_head":"<!-- This site is optimized with the Yoast SEO plugin v27.3 - https:\/\/yoast.com\/product\/yoast-seo-wordpress\/ -->\n<title>S\u00e5 fungerar det - Bolagsstiftarna<\/title>\n<meta name=\"robots\" content=\"index, follow, max-snippet:-1, max-image-preview:large, max-video-preview:-1\" \/>\n<link rel=\"canonical\" href=\"https:\/\/www.bolagsstiftarna.se\/en\/lagerbolag\/sa-fungerar-lagerbolag\/\" \/>\n<meta property=\"og:locale\" content=\"en_US\" \/>\n<meta property=\"og:type\" content=\"article\" \/>\n<meta property=\"og:title\" content=\"S\u00e5 fungerar det - Bolagsstiftarna\" \/>\n<meta property=\"og:description\" content=\"Mer om Lagerbolag Vi tillhandah\u00e5ller f\u00e4rdiga aktiebolag, s\u00e5 kallade lagerbolag, f\u00f6r omg\u00e5ende leverans. Eftersom vi stiftar lagerbolagen fortl\u00f6pande och har dessa p\u00e5 lager kan vi s\u00e4lja ett lagerbolag inom [&hellip;]\" \/>\n<meta property=\"og:url\" content=\"https:\/\/www.bolagsstiftarna.se\/en\/lagerbolag\/sa-fungerar-lagerbolag\/\" \/>\n<meta property=\"og:site_name\" content=\"Bolagsstiftarna\" \/>\n<meta property=\"article:modified_time\" content=\"2025-10-29T16:07:29+00:00\" \/>\n<meta property=\"og:image\" content=\"https:\/\/www.bolagsstiftarna.se\/wp-content\/uploads\/2021\/04\/guide-lagerbolag-1024x713.jpg\" \/>\n<meta name=\"twitter:card\" content=\"summary_large_image\" \/>\n<meta name=\"twitter:label1\" content=\"Est. reading time\" \/>\n\t<meta name=\"twitter:data1\" content=\"2 minutes\" \/>\n<script type=\"application\/ld+json\" class=\"yoast-schema-graph\">{\"@context\":\"https:\\\/\\\/schema.org\",\"@graph\":[{\"@type\":\"WebPage\",\"@id\":\"https:\\\/\\\/www.bolagsstiftarna.se\\\/lagerbolag\\\/sa-fungerar-lagerbolag\\\/\",\"url\":\"https:\\\/\\\/www.bolagsstiftarna.se\\\/lagerbolag\\\/sa-fungerar-lagerbolag\\\/\",\"name\":\"S\u00e5 fungerar det - Bolagsstiftarna\",\"isPartOf\":{\"@id\":\"https:\\\/\\\/www.bolagsstiftarna.se\\\/#website\"},\"primaryImageOfPage\":{\"@id\":\"https:\\\/\\\/www.bolagsstiftarna.se\\\/lagerbolag\\\/sa-fungerar-lagerbolag\\\/#primaryimage\"},\"image\":{\"@id\":\"https:\\\/\\\/www.bolagsstiftarna.se\\\/lagerbolag\\\/sa-fungerar-lagerbolag\\\/#primaryimage\"},\"thumbnailUrl\":\"https:\\\/\\\/www.bolagsstiftarna.se\\\/wp-content\\\/uploads\\\/2021\\\/04\\\/guide-lagerbolag-1024x713.jpg\",\"datePublished\":\"2020-06-18T11:45:03+00:00\",\"dateModified\":\"2025-10-29T16:07:29+00:00\",\"breadcrumb\":{\"@id\":\"https:\\\/\\\/www.bolagsstiftarna.se\\\/lagerbolag\\\/sa-fungerar-lagerbolag\\\/#breadcrumb\"},\"inLanguage\":\"en-US\",\"potentialAction\":[{\"@type\":\"ReadAction\",\"target\":[\"https:\\\/\\\/www.bolagsstiftarna.se\\\/lagerbolag\\\/sa-fungerar-lagerbolag\\\/\"]}]},{\"@type\":\"ImageObject\",\"inLanguage\":\"en-US\",\"@id\":\"https:\\\/\\\/www.bolagsstiftarna.se\\\/lagerbolag\\\/sa-fungerar-lagerbolag\\\/#primaryimage\",\"url\":\"https:\\\/\\\/www.bolagsstiftarna.se\\\/wp-content\\\/uploads\\\/2021\\\/04\\\/guide-lagerbolag-1024x713.jpg\",\"contentUrl\":\"https:\\\/\\\/www.bolagsstiftarna.se\\\/wp-content\\\/uploads\\\/2021\\\/04\\\/guide-lagerbolag-1024x713.jpg\"},{\"@type\":\"BreadcrumbList\",\"@id\":\"https:\\\/\\\/www.bolagsstiftarna.se\\\/lagerbolag\\\/sa-fungerar-lagerbolag\\\/#breadcrumb\",\"itemListElement\":[{\"@type\":\"ListItem\",\"position\":1,\"name\":\"Home\",\"item\":\"https:\\\/\\\/www.bolagsstiftarna.se\\\/\"},{\"@type\":\"ListItem\",\"position\":2,\"name\":\"Lagerbolag\",\"item\":\"https:\\\/\\\/www.bolagsstiftarna.se\\\/lagerbolag\\\/\"},{\"@type\":\"ListItem\",\"position\":3,\"name\":\"S\u00e5 fungerar det\"}]},{\"@type\":\"WebSite\",\"@id\":\"https:\\\/\\\/www.bolagsstiftarna.se\\\/#website\",\"url\":\"https:\\\/\\\/www.bolagsstiftarna.se\\\/\",\"name\":\"Bolagsstiftarna\",\"description\":\"Lagerbolag &amp; Snabbavveckling\",\"publisher\":{\"@id\":\"https:\\\/\\\/www.bolagsstiftarna.se\\\/#organization\"},\"potentialAction\":[{\"@type\":\"SearchAction\",\"target\":{\"@type\":\"EntryPoint\",\"urlTemplate\":\"https:\\\/\\\/www.bolagsstiftarna.se\\\/?s={search_term_string}\"},\"query-input\":{\"@type\":\"PropertyValueSpecification\",\"valueRequired\":true,\"valueName\":\"search_term_string\"}}],\"inLanguage\":\"en-US\"},{\"@type\":\"Organization\",\"@id\":\"https:\\\/\\\/www.bolagsstiftarna.se\\\/#organization\",\"name\":\"Bolagsstiftarna AB\",\"url\":\"https:\\\/\\\/www.bolagsstiftarna.se\\\/\",\"logo\":{\"@type\":\"ImageObject\",\"inLanguage\":\"en-US\",\"@id\":\"https:\\\/\\\/www.bolagsstiftarna.se\\\/#\\\/schema\\\/logo\\\/image\\\/\",\"url\":\"https:\\\/\\\/d1i97327w94vhu.cloudfront.net\\\/wp-content\\\/uploads\\\/2020\\\/06\\\/25092025\\\/bolagsstiftarna-logo-315.png\",\"contentUrl\":\"https:\\\/\\\/d1i97327w94vhu.cloudfront.net\\\/wp-content\\\/uploads\\\/2020\\\/06\\\/25092025\\\/bolagsstiftarna-logo-315.png\",\"width\":315,\"height\":46,\"caption\":\"Bolagsstiftarna AB\"},\"image\":{\"@id\":\"https:\\\/\\\/www.bolagsstiftarna.se\\\/#\\\/schema\\\/logo\\\/image\\\/\"},\"sameAs\":[\"https:\\\/\\\/www.instagram.com\\\/bolagsstiftarna\\\/\",\"https:\\\/\\\/www.linkedin.com\\\/company\\\/bolagsstiftarna-ab?trk=tyah&amp;amp;trkInfo=tarId:1408967681730,tas:bolagsstif,idx:1-1-1\"]}]}<\/script>\n<!-- \/ Yoast SEO plugin. -->","yoast_head_json":{"title":"S\u00e5 fungerar det - Bolagsstiftarna","robots":{"index":"index","follow":"follow","max-snippet":"max-snippet:-1","max-image-preview":"max-image-preview:large","max-video-preview":"max-video-preview:-1"},"canonical":"https:\/\/www.bolagsstiftarna.se\/en\/lagerbolag\/sa-fungerar-lagerbolag\/","og_locale":"en_US","og_type":"article","og_title":"S\u00e5 fungerar det - Bolagsstiftarna","og_description":"Mer om Lagerbolag Vi tillhandah\u00e5ller f\u00e4rdiga aktiebolag, s\u00e5 kallade lagerbolag, f\u00f6r omg\u00e5ende leverans. Eftersom vi stiftar lagerbolagen fortl\u00f6pande och har dessa p\u00e5 lager kan vi s\u00e4lja ett lagerbolag inom [&hellip;]","og_url":"https:\/\/www.bolagsstiftarna.se\/en\/lagerbolag\/sa-fungerar-lagerbolag\/","og_site_name":"Bolagsstiftarna","article_modified_time":"2025-10-29T16:07:29+00:00","og_image":[{"url":"https:\/\/www.bolagsstiftarna.se\/wp-content\/uploads\/2021\/04\/guide-lagerbolag-1024x713.jpg","type":"","width":"","height":""}],"twitter_card":"summary_large_image","twitter_misc":{"Est. reading time":"2 minutes"},"schema":{"@context":"https:\/\/schema.org","@graph":[{"@type":"WebPage","@id":"https:\/\/www.bolagsstiftarna.se\/lagerbolag\/sa-fungerar-lagerbolag\/","url":"https:\/\/www.bolagsstiftarna.se\/lagerbolag\/sa-fungerar-lagerbolag\/","name":"S\u00e5 fungerar det - Bolagsstiftarna","isPartOf":{"@id":"https:\/\/www.bolagsstiftarna.se\/#website"},"primaryImageOfPage":{"@id":"https:\/\/www.bolagsstiftarna.se\/lagerbolag\/sa-fungerar-lagerbolag\/#primaryimage"},"image":{"@id":"https:\/\/www.bolagsstiftarna.se\/lagerbolag\/sa-fungerar-lagerbolag\/#primaryimage"},"thumbnailUrl":"https:\/\/www.bolagsstiftarna.se\/wp-content\/uploads\/2021\/04\/guide-lagerbolag-1024x713.jpg","datePublished":"2020-06-18T11:45:03+00:00","dateModified":"2025-10-29T16:07:29+00:00","breadcrumb":{"@id":"https:\/\/www.bolagsstiftarna.se\/lagerbolag\/sa-fungerar-lagerbolag\/#breadcrumb"},"inLanguage":"en-US","potentialAction":[{"@type":"ReadAction","target":["https:\/\/www.bolagsstiftarna.se\/lagerbolag\/sa-fungerar-lagerbolag\/"]}]},{"@type":"ImageObject","inLanguage":"en-US","@id":"https:\/\/www.bolagsstiftarna.se\/lagerbolag\/sa-fungerar-lagerbolag\/#primaryimage","url":"https:\/\/www.bolagsstiftarna.se\/wp-content\/uploads\/2021\/04\/guide-lagerbolag-1024x713.jpg","contentUrl":"https:\/\/www.bolagsstiftarna.se\/wp-content\/uploads\/2021\/04\/guide-lagerbolag-1024x713.jpg"},{"@type":"BreadcrumbList","@id":"https:\/\/www.bolagsstiftarna.se\/lagerbolag\/sa-fungerar-lagerbolag\/#breadcrumb","itemListElement":[{"@type":"ListItem","position":1,"name":"Home","item":"https:\/\/www.bolagsstiftarna.se\/"},{"@type":"ListItem","position":2,"name":"Lagerbolag","item":"https:\/\/www.bolagsstiftarna.se\/lagerbolag\/"},{"@type":"ListItem","position":3,"name":"S\u00e5 fungerar det"}]},{"@type":"WebSite","@id":"https:\/\/www.bolagsstiftarna.se\/#website","url":"https:\/\/www.bolagsstiftarna.se\/","name":"Bolagsstiftarna","description":"Lagerbolag &amp; Snabbavveckling","publisher":{"@id":"https:\/\/www.bolagsstiftarna.se\/#organization"},"potentialAction":[{"@type":"SearchAction","target":{"@type":"EntryPoint","urlTemplate":"https:\/\/www.bolagsstiftarna.se\/?s={search_term_string}"},"query-input":{"@type":"PropertyValueSpecification","valueRequired":true,"valueName":"search_term_string"}}],"inLanguage":"en-US"},{"@type":"Organization","@id":"https:\/\/www.bolagsstiftarna.se\/#organization","name":"Bolagsstiftarna AB","url":"https:\/\/www.bolagsstiftarna.se\/","logo":{"@type":"ImageObject","inLanguage":"en-US","@id":"https:\/\/www.bolagsstiftarna.se\/#\/schema\/logo\/image\/","url":"https:\/\/d1i97327w94vhu.cloudfront.net\/wp-content\/uploads\/2020\/06\/25092025\/bolagsstiftarna-logo-315.png","contentUrl":"https:\/\/d1i97327w94vhu.cloudfront.net\/wp-content\/uploads\/2020\/06\/25092025\/bolagsstiftarna-logo-315.png","width":315,"height":46,"caption":"Bolagsstiftarna AB"},"image":{"@id":"https:\/\/www.bolagsstiftarna.se\/#\/schema\/logo\/image\/"},"sameAs":["https:\/\/www.instagram.com\/bolagsstiftarna\/","https:\/\/www.linkedin.com\/company\/bolagsstiftarna-ab?trk=tyah&amp;amp;trkInfo=tarId:1408967681730,tas:bolagsstif,idx:1-1-1"]}]}},"_links":{"self":[{"href":"https:\/\/www.bolagsstiftarna.se\/en\/wp-json\/wp\/v2\/pages\/112","targetHints":{"allow":["GET"]}}],"collection":[{"href":"https:\/\/www.bolagsstiftarna.se\/en\/wp-json\/wp\/v2\/pages"}],"about":[{"href":"https:\/\/www.bolagsstiftarna.se\/en\/wp-json\/wp\/v2\/types\/page"}],"author":[{"embeddable":true,"href":"https:\/\/www.bolagsstiftarna.se\/en\/wp-json\/wp\/v2\/users\/1"}],"replies":[{"embeddable":true,"href":"https:\/\/www.bolagsstiftarna.se\/en\/wp-json\/wp\/v2\/comments?post=112"}],"version-history":[{"count":61,"href":"https:\/\/www.bolagsstiftarna.se\/en\/wp-json\/wp\/v2\/pages\/112\/revisions"}],"predecessor-version":[{"id":2278,"href":"https:\/\/www.bolagsstiftarna.se\/en\/wp-json\/wp\/v2\/pages\/112\/revisions\/2278"}],"up":[{"embeddable":true,"href":"https:\/\/www.bolagsstiftarna.se\/en\/wp-json\/wp\/v2\/pages\/11"}],"wp:attachment":[{"href":"https:\/\/www.bolagsstiftarna.se\/en\/wp-json\/wp\/v2\/media?parent=112"}],"curies":[{"name":"wp","href":"https:\/\/api.w.org\/{rel}","templated":true}]}}