{"id":114,"date":"2020-06-18T11:46:06","date_gmt":"2020-06-18T11:46:06","guid":{"rendered":"http:\/\/www.bs.lk\/?page_id=114"},"modified":"2022-05-16T09:31:09","modified_gmt":"2022-05-16T09:31:09","slug":"fragor-och-svar-om-lagerbolag","status":"publish","type":"page","link":"https:\/\/www.bolagsstiftarna.se\/en\/lagerbolag\/fragor-och-svar-om-lagerbolag\/","title":{"rendered":"Fr\u00e5gor och svar"},"content":{"rendered":"<!-- START Block General Hero -->    <div class=\"hero hero-overlay\" style=\"background-image: url('https:\/\/d1i97327w94vhu.cloudfront.net\/wp-content\/uploads\/2020\/06\/25092021\/bolagsstiftarna-1-1920x864.jpg');\">\n\t    <div class=\"container\">\n\t       \t<div class=\"block\">\n\t       \t\t\t       \t\t    <h2>Fr\u00e5gor och svar<\/h2>\n\t       \t\t\t       \t\t\t       \t<\/div>\n\t    <\/div>\n    <\/div>\n<!-- END Block General Hero -->\n\n<!-- START Block Open\/Close -->    <div class=\"accordion container-narrow icons-style-plus\">\n                                    <div class=\"item\">\n                                            <a href=\"#\" class=\"opener\">N\u00e4r kan styrelsen b\u00f6rja anv\u00e4nda bolaget?<\/a>\n                                                                <div class=\"slide\"><p>S\u00e5 snart vi erh\u00e5llit de undertecknade \u00e4ndrings- och k\u00f6pehandlingarna j\u00e4mte bankintyg p\u00e5 aktiekapitalet, \u00f6vers\u00e4ndes generalfullmakt. Med generalfullmakten kan den nya styrelsen anv\u00e4nda bolaget under tiden Bolagsverket registrerar \u00e4ndringen.<\/p>\n<\/div>\n                                    <\/div>\n                                                <div class=\"item\">\n                                            <a href=\"#\" class=\"opener\">Vad \u00e4r skillnaden mellan att k\u00f6pa ett lagerbolag och att nyregistrera ett aktiebolag?<\/a>\n                                                                <div class=\"slide\"><p>Genom att k\u00f6pa ett <a href=\"https:\/\/www.bolagsstiftarna.se\/en\/lagerbolag\/\">lagerbolag<\/a> av oss p\u00e5 Bolagsstiftarna erh\u00e5ller du ett bolag med organisationsnummer inom tv\u00e5 timmar. S\u00e5 snart generalfullmakt erh\u00e5llits kan bolaget anv\u00e4ndas av den nya styrelsen.<\/p>\n<p>En nyregistrering ger tillg\u00e5ng till organisationsnummer f\u00f6rst n\u00e4r bolaget blivit registrerat hos Bolagsverket.<\/p>\n<\/div>\n                                    <\/div>\n                                                <div class=\"item\">\n                                            <a href=\"#\" class=\"opener\">N\u00e4r ska aktie\u00e4garna reglera aktiekapitalet?<\/a>\n                                                                <div class=\"slide\"><p>De nya \u00e4garna ska s\u00e4tta in aktiekapitalet p\u00e5 minst 25.000 kronor p\u00e5 ett nytt konto i bolagets namn i valfri bank.<\/p>\n<p>Vi beh\u00f6ver ett bankintyg eller likvidintyg avseende detta, d\u00e4r bolagets organisationsnummer framg\u00e5r. Med \u00e4ndringshandlingarna medf\u00f6ljer en mall p\u00e5 ett likvidintyg som banken kan anv\u00e4nda.<\/p>\n<p>S\u00e5 snart vi erh\u00e5ller bankintyg ihop med \u00e4ndrings- och k\u00f6pehandlingarna kan vi \u00f6vers\u00e4nda generalfullmakt!<\/p>\n<\/div>\n                                    <\/div>\n                                                <div class=\"item\">\n                                            <a href=\"#\" class=\"opener\">Vem sk\u00f6ter kontakten med Bolagsverket?<\/a>\n                                                                <div class=\"slide\"><p>Vi p\u00e5 Bolagsstiftarna sk\u00f6ter all kontakt med Bolagsverket och v\u00e5ra handl\u00e4ggare bist\u00e5r med bolagsr\u00e4ttslig kompetens och arbetar f\u00f6r att just ditt \u00e4rende skall registreras snabbt och korrekt.<\/p>\n<\/div>\n                                    <\/div>\n                                                <div class=\"item\">\n                                            <a href=\"#\" class=\"opener\">N\u00e4r kan styrelsen ans\u00f6ka om F-skatt?<\/a>\n                                                                <div class=\"slide\"><p>V\u00e5ra <a href=\"https:\/\/www.bolagsstiftarna.se\/en\/lagerbolag\/\">lagerbolag<\/a> innehar inte F-skatt, utan denna s\u00f6ks av den nya styrelsen s\u00e5 snart generalfullmakt erh\u00e5llits.<\/p>\n<\/div>\n                                    <\/div>\n                                                <div class=\"item\">\n                                            <a href=\"#\" class=\"opener\">Ett befintligt bolag skall \u00f6verl\u00e5ta sin firma till det nya lagerbolaget, hur g\u00f6r vi?<\/a>\n                                                                <div class=\"slide\"><p>I samband med att vi iordningsst\u00e4ller \u00e4ndrings- och k\u00f6pehandlingar f\u00f6r det nya <a href=\"https:\/\/www.bolagsstiftarna.se\/en\/lagerbolag\/\">lagerbolaget<\/a> kan vi uppr\u00e4tta handlingar avseende firma\u00e4ndring f\u00f6r det befintliga bolaget. Vi \u00f6vers\u00e4nder samtliga handlingar f\u00f6r p\u00e5skrift och ombes\u00f6rjer \u00e4ven att uppm\u00e4rksamma Bolagsverket p\u00e5 de b\u00e5da firma\u00e4ndringarna.<\/p>\n<\/div>\n                                    <\/div>\n                                                <div class=\"item\">\n                                            <a href=\"#\" class=\"opener\">Vilka krav st\u00e4lls p\u00e5 styrelsesammans\u00e4ttningen och firmateckning?<\/a>\n                                                                <div class=\"slide\"><p>Styrelsen skall best\u00e5 av minst en ledamot och en suppleant eller minst tre ledam\u00f6ter. Best\u00e5r styrelsen av mer \u00e4n en ledamot, skall ordf\u00f6rande utses.<br \/>\nFunktion\u00e4rerna skall vara myndiga och de f\u00e5r heller inte ha f\u00f6rvaltare enligt F\u00f6r\u00e4ldrabalken. Vidare f\u00e5r funktion\u00e4rerna inte vara f\u00f6rsatta i konkurs eller ha n\u00e4ringsf\u00f6rbud.<\/p>\n<p>H\u00e4lften av s\u00e5v\u00e4l styrelseledam\u00f6ter som styrelsesuppleanter skall vara folkbokf\u00f6ra inom EES. \u00c4r n\u00e5gon funktion\u00e4r folkbokf\u00f6rd utanf\u00f6r Sverige, kr\u00e4vs uppgift p\u00e5 folkbokf\u00f6ringsland samt bevittnad passkopia. Saknas firmatecknare i Sverige, skall en delgivningsmottagare utses.<br \/>\nVerkst\u00e4llande direkt\u00f6r skall vara bosatt inom EES. F\u00f6r ordf\u00f6rande finns inga bos\u00e4ttningskrav.<\/p>\n<p>Bolaget kan \u00e4ven utse externa firmatecknare, det vill s\u00e4ga personer som inte skall vara medlemmar i styrelsen, men som \u00e4nd\u00e5 skall kunna teckna firman. Styrelsen har alltid firmateckningsr\u00e4tt vilket inneb\u00e4r att samtliga ledam\u00f6ter tecknar firman i f\u00f6rening. Verkst\u00e4llande direkt\u00f6r tecknar automatiskt firman betr\u00e4ffande l\u00f6pande f\u00f6rvaltnings\u00e5tg\u00e4rder enligt Aktiebolagslagen 8:36.<\/p>\n<\/div>\n                                    <\/div>\n                                                <div class=\"item\">\n                                            <a href=\"#\" class=\"opener\">Vad skall man t\u00e4nka p\u00e5 avseende bolagets firma, verksamhet och adress?<\/a>\n                                                                <div class=\"slide\"><p>Bolagets firma skall inneh\u00e5lla ordet Aktiebolag eller f\u00f6rkortningen AB. Firman skall tydligt skilja sig fr\u00e5n andra firmor i aktiebolags- och filialregistret. Den f\u00e5r heller inte f\u00f6rv\u00e4xlas med n\u00e5gon annans varum\u00e4rke eller gemenskapsvarum\u00e4rke.<\/p>\n<p>Vidare f\u00e5r en firma inte registreras om den saknar s\u00e4rskiljningsf\u00f6rm\u00e5ga f\u00f6r de varor och tj\u00e4nster som avses, och den f\u00e5r heller inte vara \u00e4gnad att vilseleda allm\u00e4nheten.<\/p>\n<p>Rena verksamhetsbeskrivande firmor kan inte godk\u00e4nnas, det \u00e4r d\u00e4rf\u00f6r viktigt att komplettera med s\u00e4rskiljande till\u00e4gg i form av geografisk beteckning, fantasiord, bokstavs- eller sifferkombinationer.<br \/>\nBolagets s\u00e4te skall finnas i Sverige, men bolaget kan ange en utl\u00e4ndsk bolagsadress.<\/p>\n<p>Verksamheten i bolagsordningen skall preciseras d\u00e5 verksamheten avg\u00f6r hur l\u00e5ngt firmaskyddet str\u00e4cker sig. Det \u00e4r s\u00e5ledes viktigt att ange inom vilken bransch verksamheten skall bedrivas.<\/p>\n<\/div>\n                                    <\/div>\n                        <\/div>\n<!-- END Block Open\/Close -->\n\n<!-- START Block Button -->    <a class=\"btn inn\" href=\"\/en\/app\/kop-lagerbolag\/kontaktperson\/\">\n        Best\u00e4ll lagerbolag    <\/a>\n<!-- END Block Button -->","protected":false},"excerpt":{"rendered":"","protected":false},"author":1,"featured_media":0,"parent":11,"menu_order":0,"comment_status":"closed","ping_status":"closed","template":"","meta":{"_acf_changed":false,"inline_featured_image":false,"footnotes":""},"class_list":["post-114","page","type-page","status-publish","hentry"],"acf":[],"yoast_head":"<!-- This site is optimized with the Yoast SEO plugin v27.3 - https:\/\/yoast.com\/product\/yoast-seo-wordpress\/ -->\n<title>Fr\u00e5gor och svar - Bolagsstiftarna<\/title>\n<meta name=\"robots\" content=\"index, follow, max-snippet:-1, max-image-preview:large, max-video-preview:-1\" \/>\n<link rel=\"canonical\" href=\"https:\/\/www.bolagsstiftarna.se\/en\/lagerbolag\/fragor-och-svar-om-lagerbolag\/\" \/>\n<meta property=\"og:locale\" content=\"en_US\" \/>\n<meta property=\"og:type\" content=\"article\" \/>\n<meta property=\"og:title\" content=\"Fr\u00e5gor och svar - Bolagsstiftarna\" \/>\n<meta property=\"og:url\" content=\"https:\/\/www.bolagsstiftarna.se\/en\/lagerbolag\/fragor-och-svar-om-lagerbolag\/\" \/>\n<meta property=\"og:site_name\" content=\"Bolagsstiftarna\" \/>\n<meta property=\"article:modified_time\" content=\"2022-05-16T09:31:09+00:00\" \/>\n<meta name=\"twitter:card\" content=\"summary_large_image\" \/>\n<script type=\"application\/ld+json\" class=\"yoast-schema-graph\">{\"@context\":\"https:\\\/\\\/schema.org\",\"@graph\":[{\"@type\":\"WebPage\",\"@id\":\"https:\\\/\\\/www.bolagsstiftarna.se\\\/lagerbolag\\\/fragor-och-svar-om-lagerbolag\\\/\",\"url\":\"https:\\\/\\\/www.bolagsstiftarna.se\\\/lagerbolag\\\/fragor-och-svar-om-lagerbolag\\\/\",\"name\":\"Fr\u00e5gor och svar - Bolagsstiftarna\",\"isPartOf\":{\"@id\":\"https:\\\/\\\/www.bolagsstiftarna.se\\\/#website\"},\"datePublished\":\"2020-06-18T11:46:06+00:00\",\"dateModified\":\"2022-05-16T09:31:09+00:00\",\"breadcrumb\":{\"@id\":\"https:\\\/\\\/www.bolagsstiftarna.se\\\/lagerbolag\\\/fragor-och-svar-om-lagerbolag\\\/#breadcrumb\"},\"inLanguage\":\"en-US\",\"potentialAction\":[{\"@type\":\"ReadAction\",\"target\":[\"https:\\\/\\\/www.bolagsstiftarna.se\\\/lagerbolag\\\/fragor-och-svar-om-lagerbolag\\\/\"]}]},{\"@type\":\"BreadcrumbList\",\"@id\":\"https:\\\/\\\/www.bolagsstiftarna.se\\\/lagerbolag\\\/fragor-och-svar-om-lagerbolag\\\/#breadcrumb\",\"itemListElement\":[{\"@type\":\"ListItem\",\"position\":1,\"name\":\"Home\",\"item\":\"https:\\\/\\\/www.bolagsstiftarna.se\\\/\"},{\"@type\":\"ListItem\",\"position\":2,\"name\":\"Lagerbolag\",\"item\":\"https:\\\/\\\/www.bolagsstiftarna.se\\\/lagerbolag\\\/\"},{\"@type\":\"ListItem\",\"position\":3,\"name\":\"Fr\u00e5gor och svar\"}]},{\"@type\":\"WebSite\",\"@id\":\"https:\\\/\\\/www.bolagsstiftarna.se\\\/#website\",\"url\":\"https:\\\/\\\/www.bolagsstiftarna.se\\\/\",\"name\":\"Bolagsstiftarna\",\"description\":\"Lagerbolag &amp; Snabbavveckling\",\"publisher\":{\"@id\":\"https:\\\/\\\/www.bolagsstiftarna.se\\\/#organization\"},\"potentialAction\":[{\"@type\":\"SearchAction\",\"target\":{\"@type\":\"EntryPoint\",\"urlTemplate\":\"https:\\\/\\\/www.bolagsstiftarna.se\\\/?s={search_term_string}\"},\"query-input\":{\"@type\":\"PropertyValueSpecification\",\"valueRequired\":true,\"valueName\":\"search_term_string\"}}],\"inLanguage\":\"en-US\"},{\"@type\":\"Organization\",\"@id\":\"https:\\\/\\\/www.bolagsstiftarna.se\\\/#organization\",\"name\":\"Bolagsstiftarna AB\",\"url\":\"https:\\\/\\\/www.bolagsstiftarna.se\\\/\",\"logo\":{\"@type\":\"ImageObject\",\"inLanguage\":\"en-US\",\"@id\":\"https:\\\/\\\/www.bolagsstiftarna.se\\\/#\\\/schema\\\/logo\\\/image\\\/\",\"url\":\"https:\\\/\\\/d1i97327w94vhu.cloudfront.net\\\/wp-content\\\/uploads\\\/2020\\\/06\\\/25092025\\\/bolagsstiftarna-logo-315.png\",\"contentUrl\":\"https:\\\/\\\/d1i97327w94vhu.cloudfront.net\\\/wp-content\\\/uploads\\\/2020\\\/06\\\/25092025\\\/bolagsstiftarna-logo-315.png\",\"width\":315,\"height\":46,\"caption\":\"Bolagsstiftarna AB\"},\"image\":{\"@id\":\"https:\\\/\\\/www.bolagsstiftarna.se\\\/#\\\/schema\\\/logo\\\/image\\\/\"},\"sameAs\":[\"https:\\\/\\\/www.instagram.com\\\/bolagsstiftarna\\\/\",\"https:\\\/\\\/www.linkedin.com\\\/company\\\/bolagsstiftarna-ab?trk=tyah&amp;amp;trkInfo=tarId:1408967681730,tas:bolagsstif,idx:1-1-1\"]}]}<\/script>\n<!-- \/ Yoast SEO plugin. -->","yoast_head_json":{"title":"Fr\u00e5gor och svar - Bolagsstiftarna","robots":{"index":"index","follow":"follow","max-snippet":"max-snippet:-1","max-image-preview":"max-image-preview:large","max-video-preview":"max-video-preview:-1"},"canonical":"https:\/\/www.bolagsstiftarna.se\/en\/lagerbolag\/fragor-och-svar-om-lagerbolag\/","og_locale":"en_US","og_type":"article","og_title":"Fr\u00e5gor och svar - Bolagsstiftarna","og_url":"https:\/\/www.bolagsstiftarna.se\/en\/lagerbolag\/fragor-och-svar-om-lagerbolag\/","og_site_name":"Bolagsstiftarna","article_modified_time":"2022-05-16T09:31:09+00:00","twitter_card":"summary_large_image","schema":{"@context":"https:\/\/schema.org","@graph":[{"@type":"WebPage","@id":"https:\/\/www.bolagsstiftarna.se\/lagerbolag\/fragor-och-svar-om-lagerbolag\/","url":"https:\/\/www.bolagsstiftarna.se\/lagerbolag\/fragor-och-svar-om-lagerbolag\/","name":"Fr\u00e5gor och svar - Bolagsstiftarna","isPartOf":{"@id":"https:\/\/www.bolagsstiftarna.se\/#website"},"datePublished":"2020-06-18T11:46:06+00:00","dateModified":"2022-05-16T09:31:09+00:00","breadcrumb":{"@id":"https:\/\/www.bolagsstiftarna.se\/lagerbolag\/fragor-och-svar-om-lagerbolag\/#breadcrumb"},"inLanguage":"en-US","potentialAction":[{"@type":"ReadAction","target":["https:\/\/www.bolagsstiftarna.se\/lagerbolag\/fragor-och-svar-om-lagerbolag\/"]}]},{"@type":"BreadcrumbList","@id":"https:\/\/www.bolagsstiftarna.se\/lagerbolag\/fragor-och-svar-om-lagerbolag\/#breadcrumb","itemListElement":[{"@type":"ListItem","position":1,"name":"Home","item":"https:\/\/www.bolagsstiftarna.se\/"},{"@type":"ListItem","position":2,"name":"Lagerbolag","item":"https:\/\/www.bolagsstiftarna.se\/lagerbolag\/"},{"@type":"ListItem","position":3,"name":"Fr\u00e5gor och svar"}]},{"@type":"WebSite","@id":"https:\/\/www.bolagsstiftarna.se\/#website","url":"https:\/\/www.bolagsstiftarna.se\/","name":"Bolagsstiftarna","description":"Lagerbolag &amp; Snabbavveckling","publisher":{"@id":"https:\/\/www.bolagsstiftarna.se\/#organization"},"potentialAction":[{"@type":"SearchAction","target":{"@type":"EntryPoint","urlTemplate":"https:\/\/www.bolagsstiftarna.se\/?s={search_term_string}"},"query-input":{"@type":"PropertyValueSpecification","valueRequired":true,"valueName":"search_term_string"}}],"inLanguage":"en-US"},{"@type":"Organization","@id":"https:\/\/www.bolagsstiftarna.se\/#organization","name":"Bolagsstiftarna AB","url":"https:\/\/www.bolagsstiftarna.se\/","logo":{"@type":"ImageObject","inLanguage":"en-US","@id":"https:\/\/www.bolagsstiftarna.se\/#\/schema\/logo\/image\/","url":"https:\/\/d1i97327w94vhu.cloudfront.net\/wp-content\/uploads\/2020\/06\/25092025\/bolagsstiftarna-logo-315.png","contentUrl":"https:\/\/d1i97327w94vhu.cloudfront.net\/wp-content\/uploads\/2020\/06\/25092025\/bolagsstiftarna-logo-315.png","width":315,"height":46,"caption":"Bolagsstiftarna AB"},"image":{"@id":"https:\/\/www.bolagsstiftarna.se\/#\/schema\/logo\/image\/"},"sameAs":["https:\/\/www.instagram.com\/bolagsstiftarna\/","https:\/\/www.linkedin.com\/company\/bolagsstiftarna-ab?trk=tyah&amp;amp;trkInfo=tarId:1408967681730,tas:bolagsstif,idx:1-1-1"]}]}},"_links":{"self":[{"href":"https:\/\/www.bolagsstiftarna.se\/en\/wp-json\/wp\/v2\/pages\/114","targetHints":{"allow":["GET"]}}],"collection":[{"href":"https:\/\/www.bolagsstiftarna.se\/en\/wp-json\/wp\/v2\/pages"}],"about":[{"href":"https:\/\/www.bolagsstiftarna.se\/en\/wp-json\/wp\/v2\/types\/page"}],"author":[{"embeddable":true,"href":"https:\/\/www.bolagsstiftarna.se\/en\/wp-json\/wp\/v2\/users\/1"}],"replies":[{"embeddable":true,"href":"https:\/\/www.bolagsstiftarna.se\/en\/wp-json\/wp\/v2\/comments?post=114"}],"version-history":[{"count":25,"href":"https:\/\/www.bolagsstiftarna.se\/en\/wp-json\/wp\/v2\/pages\/114\/revisions"}],"predecessor-version":[{"id":1747,"href":"https:\/\/www.bolagsstiftarna.se\/en\/wp-json\/wp\/v2\/pages\/114\/revisions\/1747"}],"up":[{"embeddable":true,"href":"https:\/\/www.bolagsstiftarna.se\/en\/wp-json\/wp\/v2\/pages\/11"}],"wp:attachment":[{"href":"https:\/\/www.bolagsstiftarna.se\/en\/wp-json\/wp\/v2\/media?parent=114"}],"curies":[{"name":"wp","href":"https:\/\/api.w.org\/{rel}","templated":true}]}}