{"id":122,"date":"2020-06-18T12:53:28","date_gmt":"2020-06-18T12:53:28","guid":{"rendered":"http:\/\/www.bs.lk\/?page_id=122"},"modified":"2022-05-16T10:23:01","modified_gmt":"2022-05-16T10:23:01","slug":"sa-fungerar-snabbavveckling","status":"publish","type":"page","link":"https:\/\/www.bolagsstiftarna.se\/en\/sa-fungerar-snabbavveckling\/","title":{"rendered":"S\u00e5 fungerar det"},"content":{"rendered":"<!-- START Block General Hero -->    <div class=\"hero hero-overlay\" style=\"background-image: url('https:\/\/d1i97327w94vhu.cloudfront.net\/wp-content\/uploads\/2020\/06\/25092020\/snabbavveckling-bolagsstiftarna-1920x725.jpg');\">\n\t    <div class=\"container\">\n\t       \t<div class=\"block\">\n\t       \t\t\t       \t\t    <h2>S\u00e5 fungerar det<\/h2>\n\t       \t\t\t       \t\t\t       \t<\/div>\n\t    <\/div>\n    <\/div>\n<!-- END Block General Hero -->\n\n\n<div class=\"wp-block-columns is-layout-flex wp-container-core-columns-is-layout-9d6595d7 wp-block-columns-is-layout-flex\">\n<div class=\"wp-block-column is-layout-flow wp-block-column-is-layout-flow\">\n<h2 class=\"wp-block-heading\" id=\"h-snabbavveckling\">Snabbavveckling<\/h2>\n\n\n\n<p>Det \u00e4r oerh\u00f6rt viktigt att v\u00e4lja en trygg och s\u00e4ker akt\u00f6r vid <a href=\"https:\/\/www.bolagsstiftarna.se\/en\/snabbavveckling\/\">snabbavveckling<\/a>. En akt\u00f6r som har s\u00e5v\u00e4l erfarenhet som resurser att hantera avvecklingen korrekt efter att du s\u00e5lt ditt bolag.<\/p>\n\n\n\n<p>Efter mer \u00e4n 25 \u00e5r i branschen har vi hj\u00e4lpt tusentals entrepren\u00f6rer med snabbavveckling. Vi har totalt k\u00f6pt och snabbavvecklat bolag till ett v\u00e4rde \u00f6ver 10 miljarder kronor.<\/p>\n\n\n\n<p>Vi erbjuder alltid en personlig och professionell service och \u00e4r m\u00e5na om att f\u00f6rvalta det f\u00f6rtroende vi f\u00e5r vid varje <a href=\"https:\/\/www.bolagsstiftarna.se\/en\/snabbavveckling\/\">snabbavveckling<\/a>. Vi hanterar varje \u00e4rende unikt och finns alltid tillg\u00e4ngliga. Du kan alltid komma i kontakt med oss via telefon, mail eller dygnet-runt chat.<\/p>\n\n\n\n<p>F\u00f6r oss \u00e4r det enormt viktigt att du som s\u00e4ljare skall k\u00e4nna dig trygg n\u00e4r du g\u00f6r aff\u00e4rer med oss. Vi finansierar varje k\u00f6p med v\u00e5ra egna medel. Varje bolag vi k\u00f6per avvecklas och s\u00e4ljs aldrig vidare. Och vi tills\u00e4tter faktiskt revisor i varje k\u00f6pt bolag \u2013 och hela v\u00e5r avveckling av bolaget granskas.<\/p>\n\n\n\n<p>H\u00e4r till h\u00f6ger kan du se hur en <a href=\"https:\/\/www.bolagsstiftarna.se\/en\/snabbavveckling\/\">snabbavveckling<\/a> g\u00e5r till\u00a0samt vilka handlingar vi beh\u00f6ver f\u00e5 in fr\u00e5n dig f\u00f6r att genomf\u00f6ra avvecklingen.<\/p>\n\n\n<!-- START Block Button -->    <a class=\"btn inn\" href=\"\/en\/snabbavveckling\/\">\n        Beg\u00e4r offert f\u00f6r snabbavveckling     <\/a>\n<!-- END Block Button --><\/div>\n\n\n\n<div class=\"wp-block-column is-layout-flow wp-block-column-is-layout-flow\">\n<h3 class=\"wp-block-heading\" id=\"h-s-fungerar-det\">S\u00e5 fungerar det<\/h3>\n\n\n<!-- START Block Open\/Close -->    <div class=\"accordion icons-style-plus\">\n                                    <div class=\"item\">\n                                            <a href=\"#\" class=\"opener\">1. Du f\u00e5r offert<\/a>\n                                                                <div class=\"slide\"><p>Maila en aktuell balans- och resultatrapport till oss. Inom tv\u00e5 timmar har du en tydlig och enkel offert!<\/p>\n<\/div>\n                                    <\/div>\n                                                <div class=\"item\">\n                                            <a href=\"#\" class=\"opener\">2. Du f\u00e5r avtal<\/a>\n                                                                <div class=\"slide\"><p>Vi kommer \u00f6verens om en tilltr\u00e4desdag som oftast \u00e4r inom ett par dagar och skickar avtal samt en specifikation p\u00e5 vilka \u00f6vriga handlingar vi beh\u00f6ver inf\u00f6r tilltr\u00e4desdagen.<\/p>\n<\/div>\n                                    <\/div>\n                                                <div class=\"item\">\n                                            <a href=\"#\" class=\"opener\">3. Du f\u00e5r betalt<\/a>\n                                                                <div class=\"slide\"><p>P\u00e5 tilltr\u00e4desdagen utbetalar vi hela k\u00f6peskillingen till bolagets \u00e4gare. Vi h\u00e5ller ocks\u00e5 extra bolagsst\u00e4mma d\u00e4r vi byter ut bolagets namn, funktion\u00e4rer och revisor samt inleder avvecklingsprocessen.<\/p>\n<p>Vi sk\u00f6ter hela avvecklingen. F\u00f6r din trygghet och s\u00e4kerhets skull h\u00e5ller vi dig hela tiden informerad om hur vi ligger till.<\/p>\n<\/div>\n                                    <\/div>\n                        <\/div>\n<!-- END Block Open\/Close -->\n\n\n<h3 class=\"wp-block-heading\" id=\"h-vilka-handlingar-beh-ver-vi-fr-n-dig\">Vilka handlingar beh\u00f6ver vi fr\u00e5n dig?<\/h3>\n\n\n<!-- START Block Open\/Close -->    <div class=\"accordion icons-style-plus\">\n                                    <div class=\"item\">\n                                            <a href=\"#\" class=\"opener\">F\u00f6r att l\u00e4mna offert inom tv\u00e5 timmar beh\u00f6ver vi:<\/a>\n                                                                <div class=\"slide\"><p>En aktuell balans- och resultatrapport.<\/p>\n<\/div>\n                                    <\/div>\n                                                <div class=\"item\">\n                                            <a href=\"#\" class=\"opener\">F\u00f6r att uppr\u00e4tta k\u00f6pehandlingar beh\u00f6ver vi:<\/a>\n                                                                <div class=\"slide\"><ul>\n<li>Uppgift om aktie\u00e4gande.<\/li>\n<li>Senaste \u00e5rsredovisning.<\/li>\n<\/ul>\n<\/div>\n                                    <\/div>\n                                                <div class=\"item\">\n                                            <a href=\"#\" class=\"opener\">F\u00f6r att slutf\u00f6ra k\u00f6pet beh\u00f6ver vi:<\/a>\n                                                                <div class=\"slide\"><ul>\n<li>Aktiebok och eventuellt utf\u00e4rdade aktiebrev.<\/li>\n<li>Aktuellt saldobesked f\u00f6r bolagets bankkonto.<\/li>\n<li>Senaste inkomstdeklaration.<\/li>\n<li>Eventuellt skriftliga f\u00f6retagsinteckningar.<\/li>\n<li>Kontobevis och ID-handling f\u00f6r s\u00e4ljare.<\/li>\n<li>Eventuellt granskningsutl\u00e5tande.<\/li>\n<li>Verifikationer och datalistor f\u00f6r innevarande \u00e5r.<\/li>\n<\/ul>\n<p>Ps. I varje offert vi l\u00e4mnar framg\u00e5r det klart och tydligt vilka handlingar vi beh\u00f6ver. Efterfr\u00e5gade handlingar kan variera n\u00e5got med de h\u00e4r exemplen. Tveka inte att fr\u00e5ga oss om det \u00e4r n\u00e5got som \u00e4r oklart!<\/p>\n<\/div>\n                                    <\/div>\n                                                <div class=\"item\">\n                                            <a href=\"#\" class=\"opener\">Checklista:<\/a>\n                                                                <div class=\"slide\"><p>N\u00e4r vi k\u00f6per bolag f\u00f6r snabbavveckling sk\u00f6ter vi allt arbete kring avvecklingen. Vi sk\u00f6ter exempelvis all kontakt med Bolagsverket och Skatteverket. F\u00f6r att underl\u00e4tta processen har vi nedan listat n\u00e5gra saker som kan beh\u00f6va avslutas eller \u00f6verf\u00f6ras fr\u00e5n bolaget innan vi k\u00f6per bolaget:<\/p>\n<ul>\n<li>F\u00f6rs\u00e4kringar och pensionsl\u00f6sningar (sak-, pensions- och kapitalf\u00f6rs\u00e4kringar, direktpension samt pensionsstiftelse).<\/li>\n<li>Leasing- och andra bolagsavtal.<\/li>\n<li>Telefon- och webbtj\u00e4nster samt \u00f6vriga abonnemang.<\/li>\n<li>Betal- och kortl\u00f6sningar.<\/li>\n<li>Fordon och sl\u00e4pvagnar.<\/li>\n<li>Bankfack och postbox.<\/li>\n<li>Nyckelbrickor och sp\u00e4rrserviceavtal.<\/li>\n<li>F\u00f6retags- och bensinkort.<\/li>\n<\/ul>\n<\/div>\n                                    <\/div>\n                        <\/div>\n<!-- END Block Open\/Close --><\/div>\n<\/div>\n\n\n<!-- START Block Stock Company Blue Info -->    <div class=\"block-info-company\" style=\"background-image: url('https:\/\/d1i97327w94vhu.cloudfront.net\/wp-content\/uploads\/2020\/06\/25092020\/snabbavveckling-bolagsstiftarna-1920x725.jpg');\">\n       <div class=\"container\">\n            <div class=\"cols\">\n                                                          <div class=\"col\">\n                                                          <i class=\"icon icon-play\"><\/i>\n                                                                                     <h3>Snabbt<\/h3>\n                                                                                     <div><p>Om du s\u00e4ljer ditt vilande aktiebolag till oss f\u00f6r snabbavveckling f\u00e5r du ut ditt kapital omg\u00e5ende! Du beh\u00f6ver allts\u00e5 inte v\u00e4nta p\u00e5 en fullbordad likvidation.<\/p>\n<\/div>\n                                                  <\/div>\n                                                                             <div class=\"col\">\n                                                          <i class=\"icon icon-umbrella\"><\/i>\n                                                                                     <h3>Tryggt<\/h3>\n                                                                                     <div><p>Vi har k\u00f6pt och snabbavvecklat tusentals bolag till ett v\u00e4rde av mer \u00e4n 10 miljarder kronor och \u00e4r en av de st\u00f6rsta och mest etablerade akt\u00f6rerna p\u00e5 marknaden.<\/p>\n<\/div>\n                                                  <\/div>\n                                                                             <div class=\"col\">\n                                                          <i class=\"icon icon-check\"><\/i>\n                                                                                     <h3>Enkelt<\/h3>\n                                                                                     <div><p>Att likvidera ett aktiebolag den vanliga v\u00e4gen \u00e4r en omfattande, komplicerad och tidskr\u00e4vande process. Genom att s\u00e4lja bolaget till oss f\u00f6r snabbavveckling sparar du b\u00e5de tid och pengar!<\/p>\n<\/div>\n                                                  <\/div>\n                                               <\/div>\n        <\/div>\n    <\/div>\n<!-- END Block Stock Company Blue Info -->\n\n\n<div class=\"wp-block-columns is-layout-flex wp-container-core-columns-is-layout-9d6595d7 wp-block-columns-is-layout-flex\">\n<div class=\"wp-block-column is-layout-flow wp-block-column-is-layout-flow\">\n<h2 class=\"wp-block-heading\" id=\"h-best-ll-hem-v-r-guide-f-r-snabbavveckling\">Best\u00e4ll hem v\u00e5r guide f\u00f6r snabbavveckling!<\/h2>\n\n\n\n<p>V\u00e5r guide till Snabbavveckling har visat sig v\u00e4ldigt uppskattad. Guiden beskriver snabbavvecklingens alla steg samt vilka f\u00f6rdelar det finns f\u00f6r dig genom att v\u00e4lja snabbavveckling hos oss p\u00e5 Bolagsstiftarna. Snabbavvecklingsguiden \u00e4r \u00e4ven behj\u00e4lplig f\u00f6r de ombud som i sin tur f\u00f6retr\u00e4der en klient, n\u00e4r de presenterar hur snabbavveckling fungerar.<\/p>\n\n\n\n<p>Best\u00e4ll hem kostnadsfritt eller <a href=\"https:\/\/d1i97327w94vhu.cloudfront.net\/wp-content\/uploads\/2021\/04\/14115703\/guide-snabbavveckling_2021-DIGI.pdf\" target=\"_blank\" rel=\"noreferrer noopener\">ladda ner som PDF h\u00e4r<\/a>.<\/p>\n\n\n<!-- START Block Open\/Close -->    <div class=\"accordion icons-style-arrow\">\n                                    <div class=\"item\">\n                                            <a href=\"#\" class=\"opener\">Best\u00e4ll hem kostnadsfritt<\/a>\n                                                                <div class=\"slide\">\n<div class=\"wpcf7 no-js\" id=\"wpcf7-f147-o1\" lang=\"en-US\" dir=\"ltr\" data-wpcf7-id=\"147\">\n<div class=\"screen-reader-response\"><p role=\"status\" aria-live=\"polite\" aria-atomic=\"true\"><\/p> <ul><\/ul><\/div>\n<form action=\"\/en\/wp-json\/wp\/v2\/pages\/122#wpcf7-f147-o1\" method=\"post\" class=\"wpcf7-form init\" aria-label=\"Contact form\" novalidate=\"novalidate\" data-status=\"init\" data-trp-original-action=\"\/en\/wp-json\/wp\/v2\/pages\/122#wpcf7-f147-o1\">\n<fieldset class=\"hidden-fields-container\"><input type=\"hidden\" name=\"_wpcf7\" value=\"147\" \/><input type=\"hidden\" name=\"_wpcf7_version\" value=\"6.1.5\" \/><input type=\"hidden\" name=\"_wpcf7_locale\" value=\"en_US\" \/><input type=\"hidden\" name=\"_wpcf7_unit_tag\" value=\"wpcf7-f147-o1\" \/><input type=\"hidden\" name=\"_wpcf7_container_post\" value=\"0\" \/><input type=\"hidden\" name=\"_wpcf7_posted_data_hash\" value=\"\" \/><input type=\"hidden\" name=\"_wpcf7_recaptcha_response\" value=\"\" \/>\n<\/fieldset>\n<div class=\"row\">\n\t<p><span class=\"wpcf7-form-control-wrap\" data-name=\"text-antal\"><input size=\"40\" maxlength=\"400\" class=\"wpcf7-form-control wpcf7-text\" aria-invalid=\"false\" placeholder=\"Antal\" value=\"\" type=\"text\" name=\"text-antal\" \/><\/span>\n\t<\/p>\n<\/div>\n<div class=\"row\">\n\t<p><span class=\"wpcf7-form-control-wrap\" data-name=\"text-namn\"><input size=\"40\" maxlength=\"400\" class=\"wpcf7-form-control wpcf7-text\" aria-invalid=\"false\" placeholder=\"Namn\" value=\"\" type=\"text\" name=\"text-namn\" \/><\/span>\n\t<\/p>\n<\/div>\n<div class=\"row\">\n\t<p><span class=\"wpcf7-form-control-wrap\" data-name=\"email\"><input size=\"40\" maxlength=\"400\" class=\"wpcf7-form-control wpcf7-email wpcf7-validates-as-required wpcf7-text wpcf7-validates-as-email\" aria-required=\"true\" aria-invalid=\"false\" placeholder=\"E-post (obligatorisk)\" value=\"\" type=\"email\" name=\"email\" \/><\/span>\n\t<\/p>\n<\/div>\n<div class=\"row\">\n\t<p><span class=\"wpcf7-form-control-wrap\" data-name=\"text-fretag\"><input size=\"40\" maxlength=\"400\" class=\"wpcf7-form-control wpcf7-text\" aria-invalid=\"false\" placeholder=\"F\u00f6retag\" value=\"\" type=\"text\" name=\"text-fretag\" \/><\/span>\n\t<\/p>\n<\/div>\n<div class=\"row\">\n\t<p><span class=\"wpcf7-form-control-wrap\" data-name=\"text-gatuadress\"><input size=\"40\" maxlength=\"400\" class=\"wpcf7-form-control wpcf7-text\" aria-invalid=\"false\" placeholder=\"Gatuadress\" value=\"\" type=\"text\" name=\"text-gatuadress\" \/><\/span>\n\t<\/p>\n<\/div>\n<div class=\"row\">\n\t<p><span class=\"wpcf7-form-control-wrap\" data-name=\"text-postnummer\"><input size=\"40\" maxlength=\"400\" class=\"wpcf7-form-control wpcf7-text\" aria-invalid=\"false\" placeholder=\"Postnummer och Ort\" value=\"\" type=\"text\" name=\"text-postnummer\" \/><\/span>\n\t<\/p>\n<\/div>\n<div class=\"row inn\">\n\t<p><input class=\"wpcf7-form-control wpcf7-submit has-spinner\" type=\"submit\" value=\"Best\u00e4ll\" \/>\n\t<\/p>\n<\/div><div class=\"wpcf7-response-output\" aria-hidden=\"true\"><\/div>\n<input type=\"hidden\" name=\"trp-form-language\" value=\"en\"\/><\/form>\n<\/div>\n\n<\/div>\n                                    <\/div>\n                        <\/div>\n<!-- END Block Open\/Close --><\/div>\n\n\n\n<div class=\"wp-block-column is-layout-flow wp-block-column-is-layout-flow\">\n<figure class=\"wp-block-image size-large\"><img loading=\"lazy\" decoding=\"async\" width=\"1024\" height=\"712\" src=\"https:\/\/d1i97327w94vhu.cloudfront.net\/wp-content\/uploads\/2021\/04\/14120054\/guide-snabbavveckling-1024x712.jpg\" alt=\"\" class=\"wp-image-1304\" srcset=\"https:\/\/d1i97327w94vhu.cloudfront.net\/wp-content\/uploads\/2021\/04\/14120054\/guide-snabbavveckling-1024x712.jpg 1024w, https:\/\/d1i97327w94vhu.cloudfront.net\/wp-content\/uploads\/2021\/04\/14120054\/guide-snabbavveckling-300x209.jpg 300w, https:\/\/d1i97327w94vhu.cloudfront.net\/wp-content\/uploads\/2021\/04\/14120054\/guide-snabbavveckling-768x534.jpg 768w, https:\/\/d1i97327w94vhu.cloudfront.net\/wp-content\/uploads\/2021\/04\/14120054\/guide-snabbavveckling-1536x1068.jpg 1536w, https:\/\/d1i97327w94vhu.cloudfront.net\/wp-content\/uploads\/2021\/04\/14120054\/guide-snabbavveckling-767x534.jpg 767w, https:\/\/d1i97327w94vhu.cloudfront.net\/wp-content\/uploads\/2021\/04\/14120054\/guide-snabbavveckling-1534x1067.jpg 1534w, https:\/\/d1i97327w94vhu.cloudfront.net\/wp-content\/uploads\/2021\/04\/14120054\/guide-snabbavveckling.jpg 1600w\" sizes=\"auto, (max-width: 1024px) 100vw, 1024px\" \/><\/figure>\n<\/div>\n<\/div>","protected":false},"excerpt":{"rendered":"<p>Snabbavveckling Det \u00e4r oerh\u00f6rt viktigt att v\u00e4lja en trygg och s\u00e4ker akt\u00f6r vid snabbavveckling. En akt\u00f6r som har s\u00e5v\u00e4l erfarenhet som resurser att hantera avvecklingen korrekt efter att du [&hellip;]<\/p>\n","protected":false},"author":1,"featured_media":0,"parent":0,"menu_order":0,"comment_status":"closed","ping_status":"closed","template":"","meta":{"_acf_changed":false,"inline_featured_image":false,"footnotes":""},"class_list":["post-122","page","type-page","status-publish","hentry"],"acf":[],"yoast_head":"<!-- This site is optimized with the Yoast SEO plugin v27.3 - https:\/\/yoast.com\/product\/yoast-seo-wordpress\/ -->\n<title>S\u00e5 fungerar det - Bolagsstiftarna<\/title>\n<meta name=\"robots\" content=\"index, follow, max-snippet:-1, max-image-preview:large, max-video-preview:-1\" \/>\n<link rel=\"canonical\" href=\"https:\/\/www.bolagsstiftarna.se\/en\/sa-fungerar-snabbavveckling\/\" \/>\n<meta property=\"og:locale\" content=\"en_US\" \/>\n<meta property=\"og:type\" content=\"article\" \/>\n<meta property=\"og:title\" content=\"S\u00e5 fungerar det - Bolagsstiftarna\" \/>\n<meta property=\"og:description\" content=\"Snabbavveckling Det \u00e4r oerh\u00f6rt viktigt att v\u00e4lja en trygg och s\u00e4ker akt\u00f6r vid snabbavveckling. En akt\u00f6r som har s\u00e5v\u00e4l erfarenhet som resurser att hantera avvecklingen korrekt efter att du [&hellip;]\" \/>\n<meta property=\"og:url\" content=\"https:\/\/www.bolagsstiftarna.se\/en\/sa-fungerar-snabbavveckling\/\" \/>\n<meta property=\"og:site_name\" content=\"Bolagsstiftarna\" \/>\n<meta property=\"article:modified_time\" content=\"2022-05-16T10:23:01+00:00\" \/>\n<meta property=\"og:image\" content=\"https:\/\/www.bolagsstiftarna.se\/wp-content\/uploads\/2021\/04\/guide-snabbavveckling-1024x712.jpg\" \/>\n<meta name=\"twitter:card\" content=\"summary_large_image\" \/>\n<meta name=\"twitter:label1\" content=\"Est. reading time\" \/>\n\t<meta name=\"twitter:data1\" content=\"2 minutes\" \/>\n<script type=\"application\/ld+json\" class=\"yoast-schema-graph\">{\"@context\":\"https:\\\/\\\/schema.org\",\"@graph\":[{\"@type\":\"WebPage\",\"@id\":\"https:\\\/\\\/www.bolagsstiftarna.se\\\/sa-fungerar-snabbavveckling\\\/\",\"url\":\"https:\\\/\\\/www.bolagsstiftarna.se\\\/sa-fungerar-snabbavveckling\\\/\",\"name\":\"S\u00e5 fungerar det - Bolagsstiftarna\",\"isPartOf\":{\"@id\":\"https:\\\/\\\/www.bolagsstiftarna.se\\\/#website\"},\"primaryImageOfPage\":{\"@id\":\"https:\\\/\\\/www.bolagsstiftarna.se\\\/sa-fungerar-snabbavveckling\\\/#primaryimage\"},\"image\":{\"@id\":\"https:\\\/\\\/www.bolagsstiftarna.se\\\/sa-fungerar-snabbavveckling\\\/#primaryimage\"},\"thumbnailUrl\":\"https:\\\/\\\/www.bolagsstiftarna.se\\\/wp-content\\\/uploads\\\/2021\\\/04\\\/guide-snabbavveckling-1024x712.jpg\",\"datePublished\":\"2020-06-18T12:53:28+00:00\",\"dateModified\":\"2022-05-16T10:23:01+00:00\",\"breadcrumb\":{\"@id\":\"https:\\\/\\\/www.bolagsstiftarna.se\\\/sa-fungerar-snabbavveckling\\\/#breadcrumb\"},\"inLanguage\":\"en-US\",\"potentialAction\":[{\"@type\":\"ReadAction\",\"target\":[\"https:\\\/\\\/www.bolagsstiftarna.se\\\/sa-fungerar-snabbavveckling\\\/\"]}]},{\"@type\":\"ImageObject\",\"inLanguage\":\"en-US\",\"@id\":\"https:\\\/\\\/www.bolagsstiftarna.se\\\/sa-fungerar-snabbavveckling\\\/#primaryimage\",\"url\":\"https:\\\/\\\/www.bolagsstiftarna.se\\\/wp-content\\\/uploads\\\/2021\\\/04\\\/guide-snabbavveckling-1024x712.jpg\",\"contentUrl\":\"https:\\\/\\\/www.bolagsstiftarna.se\\\/wp-content\\\/uploads\\\/2021\\\/04\\\/guide-snabbavveckling-1024x712.jpg\"},{\"@type\":\"BreadcrumbList\",\"@id\":\"https:\\\/\\\/www.bolagsstiftarna.se\\\/sa-fungerar-snabbavveckling\\\/#breadcrumb\",\"itemListElement\":[{\"@type\":\"ListItem\",\"position\":1,\"name\":\"Home\",\"item\":\"https:\\\/\\\/www.bolagsstiftarna.se\\\/\"},{\"@type\":\"ListItem\",\"position\":2,\"name\":\"S\u00e5 fungerar det\"}]},{\"@type\":\"WebSite\",\"@id\":\"https:\\\/\\\/www.bolagsstiftarna.se\\\/#website\",\"url\":\"https:\\\/\\\/www.bolagsstiftarna.se\\\/\",\"name\":\"Bolagsstiftarna\",\"description\":\"Lagerbolag &amp; Snabbavveckling\",\"publisher\":{\"@id\":\"https:\\\/\\\/www.bolagsstiftarna.se\\\/#organization\"},\"potentialAction\":[{\"@type\":\"SearchAction\",\"target\":{\"@type\":\"EntryPoint\",\"urlTemplate\":\"https:\\\/\\\/www.bolagsstiftarna.se\\\/?s={search_term_string}\"},\"query-input\":{\"@type\":\"PropertyValueSpecification\",\"valueRequired\":true,\"valueName\":\"search_term_string\"}}],\"inLanguage\":\"en-US\"},{\"@type\":\"Organization\",\"@id\":\"https:\\\/\\\/www.bolagsstiftarna.se\\\/#organization\",\"name\":\"Bolagsstiftarna AB\",\"url\":\"https:\\\/\\\/www.bolagsstiftarna.se\\\/\",\"logo\":{\"@type\":\"ImageObject\",\"inLanguage\":\"en-US\",\"@id\":\"https:\\\/\\\/www.bolagsstiftarna.se\\\/#\\\/schema\\\/logo\\\/image\\\/\",\"url\":\"https:\\\/\\\/d1i97327w94vhu.cloudfront.net\\\/wp-content\\\/uploads\\\/2020\\\/06\\\/25092025\\\/bolagsstiftarna-logo-315.png\",\"contentUrl\":\"https:\\\/\\\/d1i97327w94vhu.cloudfront.net\\\/wp-content\\\/uploads\\\/2020\\\/06\\\/25092025\\\/bolagsstiftarna-logo-315.png\",\"width\":315,\"height\":46,\"caption\":\"Bolagsstiftarna AB\"},\"image\":{\"@id\":\"https:\\\/\\\/www.bolagsstiftarna.se\\\/#\\\/schema\\\/logo\\\/image\\\/\"},\"sameAs\":[\"https:\\\/\\\/www.instagram.com\\\/bolagsstiftarna\\\/\",\"https:\\\/\\\/www.linkedin.com\\\/company\\\/bolagsstiftarna-ab?trk=tyah&amp;amp;trkInfo=tarId:1408967681730,tas:bolagsstif,idx:1-1-1\"]}]}<\/script>\n<!-- \/ Yoast SEO plugin. -->","yoast_head_json":{"title":"S\u00e5 fungerar det - Bolagsstiftarna","robots":{"index":"index","follow":"follow","max-snippet":"max-snippet:-1","max-image-preview":"max-image-preview:large","max-video-preview":"max-video-preview:-1"},"canonical":"https:\/\/www.bolagsstiftarna.se\/en\/sa-fungerar-snabbavveckling\/","og_locale":"en_US","og_type":"article","og_title":"S\u00e5 fungerar det - Bolagsstiftarna","og_description":"Snabbavveckling Det \u00e4r oerh\u00f6rt viktigt att v\u00e4lja en trygg och s\u00e4ker akt\u00f6r vid snabbavveckling. En akt\u00f6r som har s\u00e5v\u00e4l erfarenhet som resurser att hantera avvecklingen korrekt efter att du [&hellip;]","og_url":"https:\/\/www.bolagsstiftarna.se\/en\/sa-fungerar-snabbavveckling\/","og_site_name":"Bolagsstiftarna","article_modified_time":"2022-05-16T10:23:01+00:00","og_image":[{"url":"https:\/\/www.bolagsstiftarna.se\/wp-content\/uploads\/2021\/04\/guide-snabbavveckling-1024x712.jpg","type":"","width":"","height":""}],"twitter_card":"summary_large_image","twitter_misc":{"Est. reading time":"2 minutes"},"schema":{"@context":"https:\/\/schema.org","@graph":[{"@type":"WebPage","@id":"https:\/\/www.bolagsstiftarna.se\/sa-fungerar-snabbavveckling\/","url":"https:\/\/www.bolagsstiftarna.se\/sa-fungerar-snabbavveckling\/","name":"S\u00e5 fungerar det - Bolagsstiftarna","isPartOf":{"@id":"https:\/\/www.bolagsstiftarna.se\/#website"},"primaryImageOfPage":{"@id":"https:\/\/www.bolagsstiftarna.se\/sa-fungerar-snabbavveckling\/#primaryimage"},"image":{"@id":"https:\/\/www.bolagsstiftarna.se\/sa-fungerar-snabbavveckling\/#primaryimage"},"thumbnailUrl":"https:\/\/www.bolagsstiftarna.se\/wp-content\/uploads\/2021\/04\/guide-snabbavveckling-1024x712.jpg","datePublished":"2020-06-18T12:53:28+00:00","dateModified":"2022-05-16T10:23:01+00:00","breadcrumb":{"@id":"https:\/\/www.bolagsstiftarna.se\/sa-fungerar-snabbavveckling\/#breadcrumb"},"inLanguage":"en-US","potentialAction":[{"@type":"ReadAction","target":["https:\/\/www.bolagsstiftarna.se\/sa-fungerar-snabbavveckling\/"]}]},{"@type":"ImageObject","inLanguage":"en-US","@id":"https:\/\/www.bolagsstiftarna.se\/sa-fungerar-snabbavveckling\/#primaryimage","url":"https:\/\/www.bolagsstiftarna.se\/wp-content\/uploads\/2021\/04\/guide-snabbavveckling-1024x712.jpg","contentUrl":"https:\/\/www.bolagsstiftarna.se\/wp-content\/uploads\/2021\/04\/guide-snabbavveckling-1024x712.jpg"},{"@type":"BreadcrumbList","@id":"https:\/\/www.bolagsstiftarna.se\/sa-fungerar-snabbavveckling\/#breadcrumb","itemListElement":[{"@type":"ListItem","position":1,"name":"Home","item":"https:\/\/www.bolagsstiftarna.se\/"},{"@type":"ListItem","position":2,"name":"S\u00e5 fungerar det"}]},{"@type":"WebSite","@id":"https:\/\/www.bolagsstiftarna.se\/#website","url":"https:\/\/www.bolagsstiftarna.se\/","name":"Bolagsstiftarna","description":"Lagerbolag &amp; Snabbavveckling","publisher":{"@id":"https:\/\/www.bolagsstiftarna.se\/#organization"},"potentialAction":[{"@type":"SearchAction","target":{"@type":"EntryPoint","urlTemplate":"https:\/\/www.bolagsstiftarna.se\/?s={search_term_string}"},"query-input":{"@type":"PropertyValueSpecification","valueRequired":true,"valueName":"search_term_string"}}],"inLanguage":"en-US"},{"@type":"Organization","@id":"https:\/\/www.bolagsstiftarna.se\/#organization","name":"Bolagsstiftarna AB","url":"https:\/\/www.bolagsstiftarna.se\/","logo":{"@type":"ImageObject","inLanguage":"en-US","@id":"https:\/\/www.bolagsstiftarna.se\/#\/schema\/logo\/image\/","url":"https:\/\/d1i97327w94vhu.cloudfront.net\/wp-content\/uploads\/2020\/06\/25092025\/bolagsstiftarna-logo-315.png","contentUrl":"https:\/\/d1i97327w94vhu.cloudfront.net\/wp-content\/uploads\/2020\/06\/25092025\/bolagsstiftarna-logo-315.png","width":315,"height":46,"caption":"Bolagsstiftarna AB"},"image":{"@id":"https:\/\/www.bolagsstiftarna.se\/#\/schema\/logo\/image\/"},"sameAs":["https:\/\/www.instagram.com\/bolagsstiftarna\/","https:\/\/www.linkedin.com\/company\/bolagsstiftarna-ab?trk=tyah&amp;amp;trkInfo=tarId:1408967681730,tas:bolagsstif,idx:1-1-1"]}]}},"_links":{"self":[{"href":"https:\/\/www.bolagsstiftarna.se\/en\/wp-json\/wp\/v2\/pages\/122","targetHints":{"allow":["GET"]}}],"collection":[{"href":"https:\/\/www.bolagsstiftarna.se\/en\/wp-json\/wp\/v2\/pages"}],"about":[{"href":"https:\/\/www.bolagsstiftarna.se\/en\/wp-json\/wp\/v2\/types\/page"}],"author":[{"embeddable":true,"href":"https:\/\/www.bolagsstiftarna.se\/en\/wp-json\/wp\/v2\/users\/1"}],"replies":[{"embeddable":true,"href":"https:\/\/www.bolagsstiftarna.se\/en\/wp-json\/wp\/v2\/comments?post=122"}],"version-history":[{"count":18,"href":"https:\/\/www.bolagsstiftarna.se\/en\/wp-json\/wp\/v2\/pages\/122\/revisions"}],"predecessor-version":[{"id":1760,"href":"https:\/\/www.bolagsstiftarna.se\/en\/wp-json\/wp\/v2\/pages\/122\/revisions\/1760"}],"wp:attachment":[{"href":"https:\/\/www.bolagsstiftarna.se\/en\/wp-json\/wp\/v2\/media?parent=122"}],"curies":[{"name":"wp","href":"https:\/\/api.w.org\/{rel}","templated":true}]}}