{"id":124,"date":"2020-06-18T12:54:36","date_gmt":"2020-06-18T12:54:36","guid":{"rendered":"http:\/\/www.bs.lk\/?page_id=124"},"modified":"2022-05-16T10:44:26","modified_gmt":"2022-05-16T10:44:26","slug":"kontrollera-din-leverantor-vid-snabbavveckling","status":"publish","type":"page","link":"https:\/\/www.bolagsstiftarna.se\/en\/kontrollera-din-leverantor-vid-snabbavveckling\/","title":{"rendered":"Kontrollera din leverant\u00f6r"},"content":{"rendered":"<!-- START Block General Hero -->    <div class=\"hero hero-overlay\" style=\"background-image: url('https:\/\/d1i97327w94vhu.cloudfront.net\/wp-content\/uploads\/2020\/06\/25092020\/snabbavveckling-bolagsstiftarna-1920x725.jpg');\">\n\t    <div class=\"container\">\n\t       \t<div class=\"block\">\n\t       \t\t\t       \t\t    <h2>Kontrollera din leverant\u00f6r<\/h2>\n\t       \t\t\t       \t\t\t       \t<\/div>\n\t    <\/div>\n    <\/div>\n<!-- END Block General Hero -->\n\n\n<div class=\"wp-block-columns is-layout-flex wp-container-core-columns-is-layout-9d6595d7 wp-block-columns-is-layout-flex\">\n<div class=\"wp-block-column is-layout-flow wp-block-column-is-layout-flow\" style=\"flex-basis:66.66%\">\n<h3 class=\"wp-block-heading\" id=\"h-har-du-kontrollerat-din-leverant-r-vid-snabbavveckling\">Har du kontrollerat din leverant\u00f6r vid snabbavveckling?<\/h3>\n\n\n\n<p>Det \u00e4r oerh\u00f6rt viktigt att v\u00e4lja en\u00a0<strong>trygg, s\u00e4ker och finansiellt stark<\/strong>\u00a0leverant\u00f6r vid <a href=\"https:\/\/www.bolagsstiftarna.se\/en\/snabbavveckling\/\">snabbavveckling<\/a>.<\/p>\n\n\n\n<p>Det finns idag flera akt\u00f6rer som erbjuder snabbavvecklingstj\u00e4nster. Detta g\u00f6r det extra viktigt f\u00f6r en s\u00e4ljare att&nbsp;<strong>unders\u00f6ka k\u00f6paren<\/strong>&nbsp;till sitt vilande bolag f\u00f6r att f\u00f6rvissa sig om att man l\u00e4mnar bolaget i trygga h\u00e4nder under den avvecklingsprocess som p\u00e5g\u00e5r l\u00e5ng tid efter det att k\u00f6peskillingen f\u00f6r bolaget har utbetalats.<\/p>\n\n\n\n<p><strong><em>Har du st\u00e4llt dig fr\u00e5gorna?<\/em><\/strong><\/p>\n\n\n\n<ol class=\"wp-block-list\" type=\"1\"><li>Har din leverant\u00f6r tillr\u00e4ckligt stort eget kapital? Det finns idag t.o.m. etablerade leverant\u00f6rer som h\u00e5ller sitt egna kapital p\u00e5 minimal niv\u00e5.<\/li><li>Kan ett f\u00e5tal missbed\u00f6mda k\u00f6p och avvecklingar riskera att din leverant\u00f6r kommer p\u00e5 obest\u00e5nd?<\/li><li>Har din leverant\u00f6r finansiell styrka att hantera st\u00f6rre k\u00f6p, exempelvis \u00f6ver 10 000 000 kr?<\/li><li>Har din leverant\u00f6r finansiell styrka att fullg\u00f6ra sina f\u00f6rpliktelser enligt avtalet, t.ex. att betala skatter och hantera of\u00f6rutsedda krav?<\/li><li>Kan s\u00e4ljare och avg\u00e5ende styrelse drabbas om inte avvecklingarna hos leverant\u00f6ren hanteras korrekt?<\/li><\/ol>\n\n\n\n<p>Efter mer \u00e4n 25 \u00e5r i branschen har vi arbetat upp&nbsp;en trygg och stabil f\u00f6retagsgrupp med ett eget kapital p\u00e5 \u00f6ver 100.000.000 kronor.<\/p>\n\n\n\n<p>Vi har under dessa \u00e5r hj\u00e4lpt tusentals entrepren\u00f6rer med snabbavveckling. Vi har totalt k\u00f6pt och snabbavvecklat bolag till ett v\u00e4rde \u00f6ver 10 miljarder kronor.<\/p>\n\n\n\n<p>Vi erbjuder alltid en personlig och professionell service och \u00e4r m\u00e5na om att f\u00f6rvalta det f\u00f6rtroende vi f\u00e5r vid varje snabbavveckling. Vi hanterar varje \u00e4rende unikt och finns alltid tillg\u00e4ngliga. Du kan alltid komma i kontakt med oss via telefon, mail eller dygnet-runt chat.<\/p>\n\n\n\n<p>F\u00f6r oss \u00e4r det enormt viktigt att du som s\u00e4ljare skall k\u00e4nna dig trygg n\u00e4r du g\u00f6r aff\u00e4rer med oss.<\/p>\n\n\n\n<p>Vi finansierar varje k\u00f6p med v\u00e5ra egna medel. Varje bolag vi k\u00f6per avvecklas och s\u00e4ljs aldrig vidare. Vi tills\u00e4tter revisor i varje k\u00f6pt bolag \u2013 och hela v\u00e5r avveckling av bolaget granskas.<\/p>\n\n\n<!-- START Block Stock Company PDF -->    <div class=\"literature\">\n                    <img decoding=\"async\" class=\"poster\" src=\"https:\/\/d1i97327w94vhu.cloudfront.net\/wp-content\/uploads\/2021\/04\/14120054\/guide-snabbavveckling-300x209.jpg\" alt=\"\">\n               <div class=\"txt\">\n                            <h5>\n                    <a href=\"\/en\/snabbavveckling\/sa-fungerar-snabbavveckling\/\">\n                        Best\u00e4ll hem v\u00e5r guide f\u00f6r snabbavveckling kostnadsfritt                    <\/a>\n                <\/h5>\n                                        <a href=\"https:\/\/d1i97327w94vhu.cloudfront.net\/wp-content\/uploads\/2021\/04\/14115703\/guide-snabbavveckling_2021-DIGI.pdf\" target=\"_blank\">\n                    Eller ladda ner den som PDF                <\/a>\n                    <\/div>\n    <\/div>\n<!-- END Block Stock Company PDF --><\/div>\n\n\n\n<div class=\"wp-block-column is-layout-flow wp-block-column-is-layout-flow\" style=\"flex-basis:33.33%\"><!-- START Block Quick Settlement Blue Form -->    <div class=\"blue-box inn\">\n                    <h3>Beg\u00e4r offert f\u00f6r snabbavveckling:<\/h3>\n                            <p>Maila balans- &amp; resultatrapport till <a href=\"mailto:info@bolagsstiftarna.se\">info@bolagsstiftarna.se<\/a>\u00a0eller faxa balans- och resultatrapport till 031-704 10 59.<\/p>\n                <div class=\"openclose\"> \n                            <a href=\"#\" class=\"opener\">Eller anv\u00e4nd v\u00e5rt formul\u00e4r<\/a>\n                                       <div class=\"slide\"> \n<div class=\"wpcf7 no-js\" id=\"wpcf7-f196-o1\" lang=\"en-US\" dir=\"ltr\" data-wpcf7-id=\"196\">\n<div class=\"screen-reader-response\"><p role=\"status\" aria-live=\"polite\" aria-atomic=\"true\"><\/p> <ul><\/ul><\/div>\n<form action=\"\/en\/wp-json\/wp\/v2\/pages\/124#wpcf7-f196-o1\" method=\"post\" class=\"wpcf7-form init\" aria-label=\"Contact form\" enctype=\"multipart\/form-data\" novalidate=\"novalidate\" data-status=\"init\" data-trp-original-action=\"\/en\/wp-json\/wp\/v2\/pages\/124#wpcf7-f196-o1\">\n<fieldset class=\"hidden-fields-container\"><input type=\"hidden\" name=\"_wpcf7\" value=\"196\" \/><input type=\"hidden\" name=\"_wpcf7_version\" value=\"6.1.5\" \/><input type=\"hidden\" name=\"_wpcf7_locale\" value=\"en_US\" \/><input type=\"hidden\" name=\"_wpcf7_unit_tag\" value=\"wpcf7-f196-o1\" \/><input type=\"hidden\" name=\"_wpcf7_container_post\" value=\"0\" \/><input type=\"hidden\" name=\"_wpcf7_posted_data_hash\" value=\"\" \/><input type=\"hidden\" name=\"_wpcf7_recaptcha_response\" value=\"\" \/>\n<\/fieldset>\n<input class=\"wpcf7-form-control wpcf7-hidden\" value=\"\" type=\"hidden\" name=\"source\" \/>\n<input class=\"wpcf7-form-control wpcf7-hidden\" id=\"gclid_field\" value=\"\" type=\"hidden\" name=\"textarea-gclid\" \/>\n<div class=\"step\">\n\t<h5>1. Organisationsnummer\n\t<\/h5>\n\t<div class=\"row\">\n\t\t<p><span class=\"wpcf7-form-control-wrap\" data-name=\"text-org\"><input size=\"40\" maxlength=\"400\" class=\"wpcf7-form-control wpcf7-text wpcf7-validates-as-required\" aria-required=\"true\" aria-invalid=\"false\" placeholder=\"Org. nr\" value=\"\" type=\"text\" name=\"text-org\" \/><\/span>\n\t\t<\/p>\n\t<\/div>\n<\/div>\n<div class=\"step\">\n\t<h5>2. Balans- och resultatrapport\n\t<\/h5>\n\t<div class=\"row\">\n\t\t<p><span class=\"wpcf7-form-control-wrap\" data-name=\"file-502\"><input size=\"40\" class=\"wpcf7-form-control wpcf7-file\" accept=\".pdf,.txt\" aria-invalid=\"false\" type=\"file\" name=\"file-502\" \/><\/span>\n\t\t<\/p>\n\t<\/div>\n\t<div class=\"row\">\n\t\t<p><span class=\"wpcf7-form-control-wrap\" data-name=\"file-503\"><input size=\"40\" class=\"wpcf7-form-control wpcf7-file\" accept=\".pdf,.txt\" aria-invalid=\"false\" type=\"file\" name=\"file-503\" \/><\/span>\n\t\t<\/p>\n\t<\/div>\n<\/div>\n<div class=\"step\">\n\t<h5>3. S\u00e4rskild Information\n\t<\/h5>\n\t<div class=\"row\">\n\t\t<p><span class=\"wpcf7-form-control-wrap\" data-name=\"text-sarskild-information\"><textarea cols=\"40\" rows=\"10\" maxlength=\"2000\" class=\"wpcf7-form-control wpcf7-textarea\" aria-invalid=\"false\" placeholder=\"S\u00e4rskild Information\" name=\"text-sarskild-information\"><\/textarea><\/span>\n\t\t<\/p>\n\t<\/div>\n<\/div>\n<div class=\"step\">\n\t<h5>4. Kontaktperson\n\t<\/h5>\n\t<div class=\"row\">\n\t\t<p><span class=\"wpcf7-form-control-wrap\" data-name=\"text-namn\"><input size=\"40\" maxlength=\"400\" class=\"wpcf7-form-control wpcf7-text\" aria-invalid=\"false\" placeholder=\"Namn\" value=\"\" type=\"text\" name=\"text-namn\" \/><\/span>\n\t\t<\/p>\n\t<\/div>\n\t<div class=\"row\">\n\t\t<p><span class=\"wpcf7-form-control-wrap\" data-name=\"text-fretag\"><input size=\"40\" maxlength=\"400\" class=\"wpcf7-form-control wpcf7-text\" aria-invalid=\"false\" placeholder=\"F\u00f6retag\" value=\"\" type=\"text\" name=\"text-fretag\" \/><\/span>\n\t\t<\/p>\n\t<\/div>\n\t<div class=\"row\">\n\t\t<p><span class=\"wpcf7-form-control-wrap\" data-name=\"text-e-post\"><input size=\"40\" maxlength=\"400\" class=\"wpcf7-form-control wpcf7-text\" aria-invalid=\"false\" placeholder=\"E-post\" value=\"\" type=\"text\" name=\"text-e-post\" \/><\/span>\n\t\t<\/p>\n\t<\/div>\n\t<div class=\"row\">\n\t\t<p><span class=\"wpcf7-form-control-wrap\" data-name=\"text-telefon\"><input size=\"40\" maxlength=\"400\" class=\"wpcf7-form-control wpcf7-text\" aria-invalid=\"false\" placeholder=\"Telefon\" value=\"\" type=\"text\" name=\"text-telefon\" \/><\/span>\n\t\t<\/p>\n\t<\/div>\n\t<p><input class=\"wpcf7-form-control wpcf7-submit has-spinner\" type=\"submit\" value=\"Skicka\" \/>\n\t<\/p>\n<\/div><div class=\"wpcf7-response-output\" aria-hidden=\"true\"><\/div>\n<input type=\"hidden\" name=\"trp-form-language\" value=\"en\"\/><\/form>\n<\/div>\n<\/div>\n                    <\/div>\n                    <p>Vi \u00e5terkommer med offert inom tv\u00e5 timmar.<br \/>\nDet g\u00e5r sj\u00e4lvklart alltid att kontakta oss p\u00e5<br \/>\n031-704 10 50.<\/p>\n            <\/div>\n<!-- END Block Quick Settlement Blue Form -->\n\n<!-- START Block Quick Settlement Yellow Info -->    <div class=\"yellow-box inn\">\n                    <h3>Pris<\/h3>\n                            <p>Priset f\u00f6r en avveckling n\u00e4r\u00a0bolagets v\u00e4rde uppg\u00e5r till h\u00f6gst\u00a0300 000\u00a0kr \u00e4r ca\u00a0<strong>10 000 kr<\/strong>. Om bolagets v\u00e4rde\u00a0exempelvis \u00e4r 200 000\u00a0kr betalar vi allts\u00e5\u00a0ca 190 000 kr. F\u00f6r bolag med\u00a0h\u00f6gre v\u00e4rde \u00e4n 300 000\u00a0kr \u2013\u00a0enligt offert.<\/p>\n<p>Inkom med aktuell balans- och resultatrapport f\u00f6r exakt offert!<\/p>\n<p><a href=\"\/en\/snabbavveckling\/sa-fungerar-snabbavveckling\/\">L\u00e4r dig allt om hur v\u00e5r snabbavveckling fungerar och dess f\u00f6rdelar.<\/a><\/p>\n            <\/div>\n<!-- END Block Quick Settlement Yellow Info --><\/div>\n<\/div>\n\n\n<!-- START Block Contact -->    <div class=\"contact\" style=\"background-image: url('https:\/\/d1i97327w94vhu.cloudfront.net\/wp-content\/uploads\/2020\/06\/25092018\/bolagsstiftarna-support-2-1920x932.jpg');\">\n        <div class=\"container\">\n                            <h3>Vi som jobbar med Snabbavveckling<\/h3>\n                                        <div class=\"cols\">\n                                                                        <div class=\"col\"><p><strong>Patrik Nilsson<br \/>\n<\/strong>VD<\/p>\n<p>Tel 031-704 10 52<br \/>\n<a href=\"mailto:patrik.nilsson@bolagsstiftarna.se\">patrik.nilsson@bolagsstiftarna.se<\/a><\/p>\n<\/div>\n                                                                                                <div class=\"col\"><p><strong>Lennart Rosengren<\/strong><\/p>\n<p>Tel 031-704 28 66<br \/>\n<a href=\"mailto:lennart.rosengren@bolagsstiftarna.se\">lennart.rosengren@bolagsstiftarna.se<\/a><\/p>\n<\/div>\n                                                                                                <div class=\"col\"><p><strong>Christian Gunarson<\/strong><\/p>\n<p>Tel 031-704 28 68<br \/>\n<a href=\"mailto:christian.gunarson@bolagsstiftarna.se\">christian.gunarson@bolagsstiftarna.se<\/a><\/p>\n<\/div>\n                                                                                                <div class=\"col\"><p><strong>Amanda P\u00e5lsson<\/strong><\/p>\n<p>Tel 031-704 28 60<br \/>\n<a href=\"mailto:amanda.palsson@bolagsstiftarna.se\">amanda.palsson@bolagsstiftarna.se<\/a><\/p>\n<\/div>\n                                                            <\/div>\n                    <\/div>\n    <\/div>\n<!-- END Block Contact -->","protected":false},"excerpt":{"rendered":"<p>Har du kontrollerat din leverant\u00f6r vid snabbavveckling? Det \u00e4r oerh\u00f6rt viktigt att v\u00e4lja en\u00a0trygg, s\u00e4ker och finansiellt stark\u00a0leverant\u00f6r vid snabbavveckling. Det finns idag flera akt\u00f6rer som erbjuder snabbavvecklingstj\u00e4nster. Detta [&hellip;]<\/p>\n","protected":false},"author":1,"featured_media":0,"parent":0,"menu_order":0,"comment_status":"closed","ping_status":"closed","template":"","meta":{"_acf_changed":false,"inline_featured_image":false,"footnotes":""},"class_list":["post-124","page","type-page","status-publish","hentry"],"acf":[],"yoast_head":"<!-- This site is optimized with the Yoast SEO plugin v27.3 - https:\/\/yoast.com\/product\/yoast-seo-wordpress\/ -->\n<title>Kontrollera din leverant\u00f6r - Bolagsstiftarna<\/title>\n<meta name=\"robots\" content=\"index, follow, max-snippet:-1, max-image-preview:large, max-video-preview:-1\" \/>\n<link rel=\"canonical\" href=\"https:\/\/www.bolagsstiftarna.se\/en\/kontrollera-din-leverantor-vid-snabbavveckling\/\" \/>\n<meta property=\"og:locale\" content=\"en_US\" \/>\n<meta property=\"og:type\" content=\"article\" \/>\n<meta property=\"og:title\" content=\"Kontrollera din leverant\u00f6r - Bolagsstiftarna\" \/>\n<meta property=\"og:description\" content=\"Har du kontrollerat din leverant\u00f6r vid snabbavveckling? Det \u00e4r oerh\u00f6rt viktigt att v\u00e4lja en\u00a0trygg, s\u00e4ker och finansiellt stark\u00a0leverant\u00f6r vid snabbavveckling. Det finns idag flera akt\u00f6rer som erbjuder snabbavvecklingstj\u00e4nster. Detta [&hellip;]\" \/>\n<meta property=\"og:url\" content=\"https:\/\/www.bolagsstiftarna.se\/en\/kontrollera-din-leverantor-vid-snabbavveckling\/\" \/>\n<meta property=\"og:site_name\" content=\"Bolagsstiftarna\" \/>\n<meta property=\"article:modified_time\" content=\"2022-05-16T10:44:26+00:00\" \/>\n<meta name=\"twitter:card\" content=\"summary_large_image\" \/>\n<meta name=\"twitter:label1\" content=\"Est. reading time\" \/>\n\t<meta name=\"twitter:data1\" content=\"2 minutes\" \/>\n<script type=\"application\/ld+json\" class=\"yoast-schema-graph\">{\"@context\":\"https:\\\/\\\/schema.org\",\"@graph\":[{\"@type\":\"WebPage\",\"@id\":\"https:\\\/\\\/www.bolagsstiftarna.se\\\/kontrollera-din-leverantor-vid-snabbavveckling\\\/\",\"url\":\"https:\\\/\\\/www.bolagsstiftarna.se\\\/kontrollera-din-leverantor-vid-snabbavveckling\\\/\",\"name\":\"Kontrollera din leverant\u00f6r - Bolagsstiftarna\",\"isPartOf\":{\"@id\":\"https:\\\/\\\/www.bolagsstiftarna.se\\\/#website\"},\"datePublished\":\"2020-06-18T12:54:36+00:00\",\"dateModified\":\"2022-05-16T10:44:26+00:00\",\"breadcrumb\":{\"@id\":\"https:\\\/\\\/www.bolagsstiftarna.se\\\/kontrollera-din-leverantor-vid-snabbavveckling\\\/#breadcrumb\"},\"inLanguage\":\"en-US\",\"potentialAction\":[{\"@type\":\"ReadAction\",\"target\":[\"https:\\\/\\\/www.bolagsstiftarna.se\\\/kontrollera-din-leverantor-vid-snabbavveckling\\\/\"]}]},{\"@type\":\"BreadcrumbList\",\"@id\":\"https:\\\/\\\/www.bolagsstiftarna.se\\\/kontrollera-din-leverantor-vid-snabbavveckling\\\/#breadcrumb\",\"itemListElement\":[{\"@type\":\"ListItem\",\"position\":1,\"name\":\"Home\",\"item\":\"https:\\\/\\\/www.bolagsstiftarna.se\\\/\"},{\"@type\":\"ListItem\",\"position\":2,\"name\":\"Kontrollera din leverant\u00f6r\"}]},{\"@type\":\"WebSite\",\"@id\":\"https:\\\/\\\/www.bolagsstiftarna.se\\\/#website\",\"url\":\"https:\\\/\\\/www.bolagsstiftarna.se\\\/\",\"name\":\"Bolagsstiftarna\",\"description\":\"Lagerbolag &amp; Snabbavveckling\",\"publisher\":{\"@id\":\"https:\\\/\\\/www.bolagsstiftarna.se\\\/#organization\"},\"potentialAction\":[{\"@type\":\"SearchAction\",\"target\":{\"@type\":\"EntryPoint\",\"urlTemplate\":\"https:\\\/\\\/www.bolagsstiftarna.se\\\/?s={search_term_string}\"},\"query-input\":{\"@type\":\"PropertyValueSpecification\",\"valueRequired\":true,\"valueName\":\"search_term_string\"}}],\"inLanguage\":\"en-US\"},{\"@type\":\"Organization\",\"@id\":\"https:\\\/\\\/www.bolagsstiftarna.se\\\/#organization\",\"name\":\"Bolagsstiftarna AB\",\"url\":\"https:\\\/\\\/www.bolagsstiftarna.se\\\/\",\"logo\":{\"@type\":\"ImageObject\",\"inLanguage\":\"en-US\",\"@id\":\"https:\\\/\\\/www.bolagsstiftarna.se\\\/#\\\/schema\\\/logo\\\/image\\\/\",\"url\":\"https:\\\/\\\/d1i97327w94vhu.cloudfront.net\\\/wp-content\\\/uploads\\\/2020\\\/06\\\/25092025\\\/bolagsstiftarna-logo-315.png\",\"contentUrl\":\"https:\\\/\\\/d1i97327w94vhu.cloudfront.net\\\/wp-content\\\/uploads\\\/2020\\\/06\\\/25092025\\\/bolagsstiftarna-logo-315.png\",\"width\":315,\"height\":46,\"caption\":\"Bolagsstiftarna AB\"},\"image\":{\"@id\":\"https:\\\/\\\/www.bolagsstiftarna.se\\\/#\\\/schema\\\/logo\\\/image\\\/\"},\"sameAs\":[\"https:\\\/\\\/www.instagram.com\\\/bolagsstiftarna\\\/\",\"https:\\\/\\\/www.linkedin.com\\\/company\\\/bolagsstiftarna-ab?trk=tyah&amp;amp;trkInfo=tarId:1408967681730,tas:bolagsstif,idx:1-1-1\"]}]}<\/script>\n<!-- \/ Yoast SEO plugin. -->","yoast_head_json":{"title":"Kontrollera din leverant\u00f6r - Bolagsstiftarna","robots":{"index":"index","follow":"follow","max-snippet":"max-snippet:-1","max-image-preview":"max-image-preview:large","max-video-preview":"max-video-preview:-1"},"canonical":"https:\/\/www.bolagsstiftarna.se\/en\/kontrollera-din-leverantor-vid-snabbavveckling\/","og_locale":"en_US","og_type":"article","og_title":"Kontrollera din leverant\u00f6r - Bolagsstiftarna","og_description":"Har du kontrollerat din leverant\u00f6r vid snabbavveckling? Det \u00e4r oerh\u00f6rt viktigt att v\u00e4lja en\u00a0trygg, s\u00e4ker och finansiellt stark\u00a0leverant\u00f6r vid snabbavveckling. Det finns idag flera akt\u00f6rer som erbjuder snabbavvecklingstj\u00e4nster. Detta [&hellip;]","og_url":"https:\/\/www.bolagsstiftarna.se\/en\/kontrollera-din-leverantor-vid-snabbavveckling\/","og_site_name":"Bolagsstiftarna","article_modified_time":"2022-05-16T10:44:26+00:00","twitter_card":"summary_large_image","twitter_misc":{"Est. reading time":"2 minutes"},"schema":{"@context":"https:\/\/schema.org","@graph":[{"@type":"WebPage","@id":"https:\/\/www.bolagsstiftarna.se\/kontrollera-din-leverantor-vid-snabbavveckling\/","url":"https:\/\/www.bolagsstiftarna.se\/kontrollera-din-leverantor-vid-snabbavveckling\/","name":"Kontrollera din leverant\u00f6r - Bolagsstiftarna","isPartOf":{"@id":"https:\/\/www.bolagsstiftarna.se\/#website"},"datePublished":"2020-06-18T12:54:36+00:00","dateModified":"2022-05-16T10:44:26+00:00","breadcrumb":{"@id":"https:\/\/www.bolagsstiftarna.se\/kontrollera-din-leverantor-vid-snabbavveckling\/#breadcrumb"},"inLanguage":"en-US","potentialAction":[{"@type":"ReadAction","target":["https:\/\/www.bolagsstiftarna.se\/kontrollera-din-leverantor-vid-snabbavveckling\/"]}]},{"@type":"BreadcrumbList","@id":"https:\/\/www.bolagsstiftarna.se\/kontrollera-din-leverantor-vid-snabbavveckling\/#breadcrumb","itemListElement":[{"@type":"ListItem","position":1,"name":"Home","item":"https:\/\/www.bolagsstiftarna.se\/"},{"@type":"ListItem","position":2,"name":"Kontrollera din leverant\u00f6r"}]},{"@type":"WebSite","@id":"https:\/\/www.bolagsstiftarna.se\/#website","url":"https:\/\/www.bolagsstiftarna.se\/","name":"Bolagsstiftarna","description":"Lagerbolag &amp; Snabbavveckling","publisher":{"@id":"https:\/\/www.bolagsstiftarna.se\/#organization"},"potentialAction":[{"@type":"SearchAction","target":{"@type":"EntryPoint","urlTemplate":"https:\/\/www.bolagsstiftarna.se\/?s={search_term_string}"},"query-input":{"@type":"PropertyValueSpecification","valueRequired":true,"valueName":"search_term_string"}}],"inLanguage":"en-US"},{"@type":"Organization","@id":"https:\/\/www.bolagsstiftarna.se\/#organization","name":"Bolagsstiftarna AB","url":"https:\/\/www.bolagsstiftarna.se\/","logo":{"@type":"ImageObject","inLanguage":"en-US","@id":"https:\/\/www.bolagsstiftarna.se\/#\/schema\/logo\/image\/","url":"https:\/\/d1i97327w94vhu.cloudfront.net\/wp-content\/uploads\/2020\/06\/25092025\/bolagsstiftarna-logo-315.png","contentUrl":"https:\/\/d1i97327w94vhu.cloudfront.net\/wp-content\/uploads\/2020\/06\/25092025\/bolagsstiftarna-logo-315.png","width":315,"height":46,"caption":"Bolagsstiftarna AB"},"image":{"@id":"https:\/\/www.bolagsstiftarna.se\/#\/schema\/logo\/image\/"},"sameAs":["https:\/\/www.instagram.com\/bolagsstiftarna\/","https:\/\/www.linkedin.com\/company\/bolagsstiftarna-ab?trk=tyah&amp;amp;trkInfo=tarId:1408967681730,tas:bolagsstif,idx:1-1-1"]}]}},"_links":{"self":[{"href":"https:\/\/www.bolagsstiftarna.se\/en\/wp-json\/wp\/v2\/pages\/124","targetHints":{"allow":["GET"]}}],"collection":[{"href":"https:\/\/www.bolagsstiftarna.se\/en\/wp-json\/wp\/v2\/pages"}],"about":[{"href":"https:\/\/www.bolagsstiftarna.se\/en\/wp-json\/wp\/v2\/types\/page"}],"author":[{"embeddable":true,"href":"https:\/\/www.bolagsstiftarna.se\/en\/wp-json\/wp\/v2\/users\/1"}],"replies":[{"embeddable":true,"href":"https:\/\/www.bolagsstiftarna.se\/en\/wp-json\/wp\/v2\/comments?post=124"}],"version-history":[{"count":24,"href":"https:\/\/www.bolagsstiftarna.se\/en\/wp-json\/wp\/v2\/pages\/124\/revisions"}],"predecessor-version":[{"id":1765,"href":"https:\/\/www.bolagsstiftarna.se\/en\/wp-json\/wp\/v2\/pages\/124\/revisions\/1765"}],"wp:attachment":[{"href":"https:\/\/www.bolagsstiftarna.se\/en\/wp-json\/wp\/v2\/media?parent=124"}],"curies":[{"name":"wp","href":"https:\/\/api.w.org\/{rel}","templated":true}]}}