{"id":13,"date":"2020-06-18T09:15:46","date_gmt":"2020-06-18T09:15:46","guid":{"rendered":"http:\/\/www.bs.lk\/?page_id=13"},"modified":"2020-06-30T14:44:18","modified_gmt":"2020-06-30T14:44:18","slug":"ovriga-tjanster","status":"publish","type":"page","link":"https:\/\/www.bolagsstiftarna.se\/en\/ovriga-tjanster\/","title":{"rendered":"\u00d6vriga tj\u00e4nster"},"content":{"rendered":"<h2 class=\"wp-block-heading\">V\u00e5ra \u00f6vriga bolagsr\u00e4ttsliga tj\u00e4nster<\/h2>\n\n\n\n<p>Mycket kan h\u00e4nda i ett bolag som resulterar i att \u00e4ndringar beh\u00f6ver g\u00f6ras. Dessa \u00e4ndringar kan ibland visa sig b\u00e5de tidskr\u00e4vande och kr\u00e5ngliga- vore det d\u00e5 inte sk\u00f6nt om n\u00e5gon annan gjorde dem \u00e5t dig?<\/p>\n\n\n\n<p>Vi p\u00e5 Bolagsstiftarna hj\u00e4lper g\u00e4rna till med \u00e4ndringar s\u00e5som funktion\u00e4rs-, namn, eller bolagsordnings\u00e4ndringar, kapital\u00e4ndringar, \u00e4ndring av r\u00e4kenskaps\u00e5r, uppdatering av aktiebok med mera.<\/p>\n\n\n\n<p>Har vi inte n\u00e4mnt just den \u00e4ndring du vill g\u00f6ra i ditt bolag? Tveka inte att kontakta oss, g\u00e4rna via mail, telefon eller v\u00e5r chat som \u00e4r \u00f6ppen dygnet runt under \u00e5rets alla dagar.<\/p>","protected":false},"excerpt":{"rendered":"<p>V\u00e5ra \u00f6vriga bolagsr\u00e4ttsliga tj\u00e4nster Mycket kan h\u00e4nda i ett bolag som resulterar i att \u00e4ndringar beh\u00f6ver g\u00f6ras. Dessa \u00e4ndringar kan ibland visa sig b\u00e5de tidskr\u00e4vande och kr\u00e5ngliga- vore det [&hellip;]<\/p>\n","protected":false},"author":1,"featured_media":134,"parent":0,"menu_order":0,"comment_status":"closed","ping_status":"closed","template":"pages\/template-other-services.php","meta":{"_acf_changed":false,"inline_featured_image":false,"footnotes":""},"class_list":["post-13","page","type-page","status-publish","has-post-thumbnail","hentry"],"acf":[],"yoast_head":"<!-- This site is optimized with the Yoast SEO plugin v27.3 - https:\/\/yoast.com\/product\/yoast-seo-wordpress\/ -->\n<title>\u00d6vriga tj\u00e4nster - Bolagsstiftarna<\/title>\n<meta name=\"robots\" content=\"index, follow, max-snippet:-1, max-image-preview:large, max-video-preview:-1\" \/>\n<link rel=\"canonical\" href=\"https:\/\/www.bolagsstiftarna.se\/en\/ovriga-tjanster\/\" \/>\n<meta property=\"og:locale\" content=\"en_US\" \/>\n<meta property=\"og:type\" content=\"article\" \/>\n<meta property=\"og:title\" content=\"\u00d6vriga tj\u00e4nster - Bolagsstiftarna\" \/>\n<meta property=\"og:description\" content=\"V\u00e5ra \u00f6vriga bolagsr\u00e4ttsliga tj\u00e4nster Mycket kan h\u00e4nda i ett bolag som resulterar i att \u00e4ndringar beh\u00f6ver g\u00f6ras. Dessa \u00e4ndringar kan ibland visa sig b\u00e5de tidskr\u00e4vande och kr\u00e5ngliga- vore det [&hellip;]\" \/>\n<meta property=\"og:url\" content=\"https:\/\/www.bolagsstiftarna.se\/en\/ovriga-tjanster\/\" \/>\n<meta property=\"og:site_name\" content=\"Bolagsstiftarna\" \/>\n<meta property=\"article:modified_time\" content=\"2020-06-30T14:44:18+00:00\" \/>\n<meta property=\"og:image\" content=\"https:\/\/d1i97327w94vhu.cloudfront.net\/wp-content\/uploads\/2020\/06\/25092020\/snabbavveckling-bolagsstiftarna.jpg\" \/>\n\t<meta property=\"og:image:width\" content=\"2000\" \/>\n\t<meta property=\"og:image:height\" content=\"755\" \/>\n\t<meta property=\"og:image:type\" content=\"image\/jpeg\" \/>\n<meta name=\"twitter:card\" content=\"summary_large_image\" \/>\n<meta name=\"twitter:label1\" content=\"Est. reading time\" \/>\n\t<meta name=\"twitter:data1\" content=\"1 minute\" \/>\n<script type=\"application\/ld+json\" class=\"yoast-schema-graph\">{\"@context\":\"https:\\\/\\\/schema.org\",\"@graph\":[{\"@type\":\"WebPage\",\"@id\":\"https:\\\/\\\/www.bolagsstiftarna.se\\\/ovriga-tjanster\\\/\",\"url\":\"https:\\\/\\\/www.bolagsstiftarna.se\\\/ovriga-tjanster\\\/\",\"name\":\"\u00d6vriga tj\u00e4nster - Bolagsstiftarna\",\"isPartOf\":{\"@id\":\"https:\\\/\\\/www.bolagsstiftarna.se\\\/#website\"},\"primaryImageOfPage\":{\"@id\":\"https:\\\/\\\/www.bolagsstiftarna.se\\\/ovriga-tjanster\\\/#primaryimage\"},\"image\":{\"@id\":\"https:\\\/\\\/www.bolagsstiftarna.se\\\/ovriga-tjanster\\\/#primaryimage\"},\"thumbnailUrl\":\"https:\\\/\\\/d1i97327w94vhu.cloudfront.net\\\/wp-content\\\/uploads\\\/2020\\\/06\\\/25092020\\\/snabbavveckling-bolagsstiftarna.jpg\",\"datePublished\":\"2020-06-18T09:15:46+00:00\",\"dateModified\":\"2020-06-30T14:44:18+00:00\",\"breadcrumb\":{\"@id\":\"https:\\\/\\\/www.bolagsstiftarna.se\\\/ovriga-tjanster\\\/#breadcrumb\"},\"inLanguage\":\"en-US\",\"potentialAction\":[{\"@type\":\"ReadAction\",\"target\":[\"https:\\\/\\\/www.bolagsstiftarna.se\\\/ovriga-tjanster\\\/\"]}]},{\"@type\":\"ImageObject\",\"inLanguage\":\"en-US\",\"@id\":\"https:\\\/\\\/www.bolagsstiftarna.se\\\/ovriga-tjanster\\\/#primaryimage\",\"url\":\"https:\\\/\\\/d1i97327w94vhu.cloudfront.net\\\/wp-content\\\/uploads\\\/2020\\\/06\\\/25092020\\\/snabbavveckling-bolagsstiftarna.jpg\",\"contentUrl\":\"https:\\\/\\\/d1i97327w94vhu.cloudfront.net\\\/wp-content\\\/uploads\\\/2020\\\/06\\\/25092020\\\/snabbavveckling-bolagsstiftarna.jpg\",\"width\":2000,\"height\":755,\"caption\":\"Snabbavveckling\"},{\"@type\":\"BreadcrumbList\",\"@id\":\"https:\\\/\\\/www.bolagsstiftarna.se\\\/ovriga-tjanster\\\/#breadcrumb\",\"itemListElement\":[{\"@type\":\"ListItem\",\"position\":1,\"name\":\"Home\",\"item\":\"https:\\\/\\\/www.bolagsstiftarna.se\\\/\"},{\"@type\":\"ListItem\",\"position\":2,\"name\":\"\u00d6vriga tj\u00e4nster\"}]},{\"@type\":\"WebSite\",\"@id\":\"https:\\\/\\\/www.bolagsstiftarna.se\\\/#website\",\"url\":\"https:\\\/\\\/www.bolagsstiftarna.se\\\/\",\"name\":\"Bolagsstiftarna\",\"description\":\"Lagerbolag &amp; Snabbavveckling\",\"publisher\":{\"@id\":\"https:\\\/\\\/www.bolagsstiftarna.se\\\/#organization\"},\"potentialAction\":[{\"@type\":\"SearchAction\",\"target\":{\"@type\":\"EntryPoint\",\"urlTemplate\":\"https:\\\/\\\/www.bolagsstiftarna.se\\\/?s={search_term_string}\"},\"query-input\":{\"@type\":\"PropertyValueSpecification\",\"valueRequired\":true,\"valueName\":\"search_term_string\"}}],\"inLanguage\":\"en-US\"},{\"@type\":\"Organization\",\"@id\":\"https:\\\/\\\/www.bolagsstiftarna.se\\\/#organization\",\"name\":\"Bolagsstiftarna AB\",\"url\":\"https:\\\/\\\/www.bolagsstiftarna.se\\\/\",\"logo\":{\"@type\":\"ImageObject\",\"inLanguage\":\"en-US\",\"@id\":\"https:\\\/\\\/www.bolagsstiftarna.se\\\/#\\\/schema\\\/logo\\\/image\\\/\",\"url\":\"https:\\\/\\\/d1i97327w94vhu.cloudfront.net\\\/wp-content\\\/uploads\\\/2020\\\/06\\\/25092025\\\/bolagsstiftarna-logo-315.png\",\"contentUrl\":\"https:\\\/\\\/d1i97327w94vhu.cloudfront.net\\\/wp-content\\\/uploads\\\/2020\\\/06\\\/25092025\\\/bolagsstiftarna-logo-315.png\",\"width\":315,\"height\":46,\"caption\":\"Bolagsstiftarna AB\"},\"image\":{\"@id\":\"https:\\\/\\\/www.bolagsstiftarna.se\\\/#\\\/schema\\\/logo\\\/image\\\/\"},\"sameAs\":[\"https:\\\/\\\/www.instagram.com\\\/bolagsstiftarna\\\/\",\"https:\\\/\\\/www.linkedin.com\\\/company\\\/bolagsstiftarna-ab?trk=tyah&amp;amp;trkInfo=tarId:1408967681730,tas:bolagsstif,idx:1-1-1\"]}]}<\/script>\n<!-- \/ Yoast SEO plugin. -->","yoast_head_json":{"title":"\u00d6vriga tj\u00e4nster - Bolagsstiftarna","robots":{"index":"index","follow":"follow","max-snippet":"max-snippet:-1","max-image-preview":"max-image-preview:large","max-video-preview":"max-video-preview:-1"},"canonical":"https:\/\/www.bolagsstiftarna.se\/en\/ovriga-tjanster\/","og_locale":"en_US","og_type":"article","og_title":"\u00d6vriga tj\u00e4nster - Bolagsstiftarna","og_description":"V\u00e5ra \u00f6vriga bolagsr\u00e4ttsliga tj\u00e4nster Mycket kan h\u00e4nda i ett bolag som resulterar i att \u00e4ndringar beh\u00f6ver g\u00f6ras. Dessa \u00e4ndringar kan ibland visa sig b\u00e5de tidskr\u00e4vande och kr\u00e5ngliga- vore det [&hellip;]","og_url":"https:\/\/www.bolagsstiftarna.se\/en\/ovriga-tjanster\/","og_site_name":"Bolagsstiftarna","article_modified_time":"2020-06-30T14:44:18+00:00","og_image":[{"width":2000,"height":755,"url":"https:\/\/d1i97327w94vhu.cloudfront.net\/wp-content\/uploads\/2020\/06\/25092020\/snabbavveckling-bolagsstiftarna.jpg","type":"image\/jpeg"}],"twitter_card":"summary_large_image","twitter_misc":{"Est. reading time":"1 minute"},"schema":{"@context":"https:\/\/schema.org","@graph":[{"@type":"WebPage","@id":"https:\/\/www.bolagsstiftarna.se\/ovriga-tjanster\/","url":"https:\/\/www.bolagsstiftarna.se\/ovriga-tjanster\/","name":"\u00d6vriga tj\u00e4nster - Bolagsstiftarna","isPartOf":{"@id":"https:\/\/www.bolagsstiftarna.se\/#website"},"primaryImageOfPage":{"@id":"https:\/\/www.bolagsstiftarna.se\/ovriga-tjanster\/#primaryimage"},"image":{"@id":"https:\/\/www.bolagsstiftarna.se\/ovriga-tjanster\/#primaryimage"},"thumbnailUrl":"https:\/\/d1i97327w94vhu.cloudfront.net\/wp-content\/uploads\/2020\/06\/25092020\/snabbavveckling-bolagsstiftarna.jpg","datePublished":"2020-06-18T09:15:46+00:00","dateModified":"2020-06-30T14:44:18+00:00","breadcrumb":{"@id":"https:\/\/www.bolagsstiftarna.se\/ovriga-tjanster\/#breadcrumb"},"inLanguage":"en-US","potentialAction":[{"@type":"ReadAction","target":["https:\/\/www.bolagsstiftarna.se\/ovriga-tjanster\/"]}]},{"@type":"ImageObject","inLanguage":"en-US","@id":"https:\/\/www.bolagsstiftarna.se\/ovriga-tjanster\/#primaryimage","url":"https:\/\/d1i97327w94vhu.cloudfront.net\/wp-content\/uploads\/2020\/06\/25092020\/snabbavveckling-bolagsstiftarna.jpg","contentUrl":"https:\/\/d1i97327w94vhu.cloudfront.net\/wp-content\/uploads\/2020\/06\/25092020\/snabbavveckling-bolagsstiftarna.jpg","width":2000,"height":755,"caption":"Snabbavveckling"},{"@type":"BreadcrumbList","@id":"https:\/\/www.bolagsstiftarna.se\/ovriga-tjanster\/#breadcrumb","itemListElement":[{"@type":"ListItem","position":1,"name":"Home","item":"https:\/\/www.bolagsstiftarna.se\/"},{"@type":"ListItem","position":2,"name":"\u00d6vriga tj\u00e4nster"}]},{"@type":"WebSite","@id":"https:\/\/www.bolagsstiftarna.se\/#website","url":"https:\/\/www.bolagsstiftarna.se\/","name":"Bolagsstiftarna","description":"Lagerbolag &amp; Snabbavveckling","publisher":{"@id":"https:\/\/www.bolagsstiftarna.se\/#organization"},"potentialAction":[{"@type":"SearchAction","target":{"@type":"EntryPoint","urlTemplate":"https:\/\/www.bolagsstiftarna.se\/?s={search_term_string}"},"query-input":{"@type":"PropertyValueSpecification","valueRequired":true,"valueName":"search_term_string"}}],"inLanguage":"en-US"},{"@type":"Organization","@id":"https:\/\/www.bolagsstiftarna.se\/#organization","name":"Bolagsstiftarna AB","url":"https:\/\/www.bolagsstiftarna.se\/","logo":{"@type":"ImageObject","inLanguage":"en-US","@id":"https:\/\/www.bolagsstiftarna.se\/#\/schema\/logo\/image\/","url":"https:\/\/d1i97327w94vhu.cloudfront.net\/wp-content\/uploads\/2020\/06\/25092025\/bolagsstiftarna-logo-315.png","contentUrl":"https:\/\/d1i97327w94vhu.cloudfront.net\/wp-content\/uploads\/2020\/06\/25092025\/bolagsstiftarna-logo-315.png","width":315,"height":46,"caption":"Bolagsstiftarna AB"},"image":{"@id":"https:\/\/www.bolagsstiftarna.se\/#\/schema\/logo\/image\/"},"sameAs":["https:\/\/www.instagram.com\/bolagsstiftarna\/","https:\/\/www.linkedin.com\/company\/bolagsstiftarna-ab?trk=tyah&amp;amp;trkInfo=tarId:1408967681730,tas:bolagsstif,idx:1-1-1"]}]}},"_links":{"self":[{"href":"https:\/\/www.bolagsstiftarna.se\/en\/wp-json\/wp\/v2\/pages\/13","targetHints":{"allow":["GET"]}}],"collection":[{"href":"https:\/\/www.bolagsstiftarna.se\/en\/wp-json\/wp\/v2\/pages"}],"about":[{"href":"https:\/\/www.bolagsstiftarna.se\/en\/wp-json\/wp\/v2\/types\/page"}],"author":[{"embeddable":true,"href":"https:\/\/www.bolagsstiftarna.se\/en\/wp-json\/wp\/v2\/users\/1"}],"replies":[{"embeddable":true,"href":"https:\/\/www.bolagsstiftarna.se\/en\/wp-json\/wp\/v2\/comments?post=13"}],"version-history":[{"count":7,"href":"https:\/\/www.bolagsstiftarna.se\/en\/wp-json\/wp\/v2\/pages\/13\/revisions"}],"predecessor-version":[{"id":712,"href":"https:\/\/www.bolagsstiftarna.se\/en\/wp-json\/wp\/v2\/pages\/13\/revisions\/712"}],"wp:featuredmedia":[{"embeddable":true,"href":"https:\/\/www.bolagsstiftarna.se\/en\/wp-json\/wp\/v2\/media\/134"}],"wp:attachment":[{"href":"https:\/\/www.bolagsstiftarna.se\/en\/wp-json\/wp\/v2\/media?parent=13"}],"curies":[{"name":"wp","href":"https:\/\/api.w.org\/{rel}","templated":true}]}}