{"id":14,"date":"2020-06-18T09:15:52","date_gmt":"2020-06-18T09:15:52","guid":{"rendered":"http:\/\/www.bs.lk\/?page_id=14"},"modified":"2020-09-17T14:20:13","modified_gmt":"2020-09-17T14:20:13","slug":"om-bolagsstiftarna","status":"publish","type":"page","link":"https:\/\/www.bolagsstiftarna.se\/en\/om-bolagsstiftarna\/","title":{"rendered":"Bolagsstiftarna"},"content":{"rendered":"<!-- START Block Company Founders -->\t<div class=\"block-company-founders image-position-left\">\n\t\t<div class=\"container\">\n\t\t\t<div class=\"cols\">\n\t\t\t   <div class=\"col\">\n\t\t\t\t\t\t\t\t\t\t\t<img decoding=\"async\" src=\"https:\/\/d1i97327w94vhu.cloudfront.net\/wp-content\/uploads\/2020\/06\/25092016\/PN-CW-1-alt-3-s.-2-3-n9kflyc3jrrfd9l0002v60n2buy3kdfe1jpaegnkc8.jpg\" alt=\"\">\n\t\t\t\t\t\t\t\t\t<\/div>\n\t\t\t\t<div class=\"col\">\n\t\t\t\t\t\t\t\t\t\t\t<h2>Om Bolagsstiftarna<\/h2>\n\t\t\t\t\t\t\t\t\t\t\t\t\t\t\t\t<p>Bolagsstiftarna har funnits i 25 \u00e5r och \u00e4r idag en av de ledande akt\u00f6rerna p\u00e5 marknaden. V\u00e5ra huvudsakliga verksamhetsomr\u00e5den \u00e4r k\u00f6p av vilande aktiebolag f\u00f6r avveckling (snabbavveckling) samt f\u00f6rs\u00e4ljning av lagerbolag.<\/p>\n\t\t\t\t\t\t\t\t\t\t\t\t\t\t\t\t<a class=\"btn inn-small\" href=\"https:\/\/www.bolagsstiftarna.se\/om-bolagsstiftarna\/bolagsstiftarna-i-goteborg\/\">\n\t\t\t\t\t\t\tL\u00e4s mer\t\t\t\t\t\t<\/a>\n\t\t\t\t\t\t\t\t\t<\/div>\n\t\t\t<\/div>\n\t\t<\/div>\n\t<\/div>\n<!-- END Block Company Founders -->\n\n<!-- START Block Company Founders -->\t<div class=\"block-company-founders bg-light-gray image-position-right\">\n\t\t<div class=\"container\">\n\t\t\t<div class=\"cols\">\n\t\t\t   <div class=\"col\">\n\t\t\t\t\t\t\t\t\t\t\t<img decoding=\"async\" src=\"https:\/\/d1i97327w94vhu.cloudfront.net\/wp-content\/uploads\/2020\/06\/25092015\/sandra-300x300.jpg\" alt=\"\">\n\t\t\t\t\t\t\t\t\t<\/div>\n\t\t\t\t<div class=\"col\">\n\t\t\t\t\t\t\t\t\t\t\t<h2>Sponsring och v\u00e4lg\u00f6renhet<\/h2>\n\t\t\t\t\t\t\t\t\t\t\t\t\t\t\t\t<p>Bolagsstiftarna \u00e4r idag stolt sponsor till Sandra Carlborg som t\u00e4vlar i Long Drive. Sandras meritlista \u00e4r l\u00e5ng! Hon har inom longdrive vunnit i princip allt som g\u00e5r att vinna exempelvis VM 5 g\u00e5nger.<\/p>\n<p>Bolagsstiftarna st\u00f6djer \u00e4ven Cancerfonden, en frist\u00e5ende ideell insamlingsorganisation som arbetar f\u00f6r att fler ska \u00f6verleva och f\u00e4rre ska drabbas av cancer.<\/p>\n\t\t\t\t\t\t\t\t\t\t\t\t\t\t\t\t<a class=\"btn inn-small\" href=\"\/om-bolagsstiftarna\/sponsring-och-valgorenhet\/\">\n\t\t\t\t\t\t\tL\u00e4s mer \t\t\t\t\t\t<\/a>\n\t\t\t\t\t\t\t\t\t<\/div>\n\t\t\t<\/div>\n\t\t<\/div>\n\t<\/div>\n<!-- END Block Company Founders -->\n\n<!-- START Block Company Founders -->\t<div class=\"block-company-founders image-position-left\">\n\t\t<div class=\"container\">\n\t\t\t<div class=\"cols\">\n\t\t\t   <div class=\"col\">\n\t\t\t\t\t\t\t\t\t\t\t<img decoding=\"async\" src=\"https:\/\/d1i97327w94vhu.cloudfront.net\/wp-content\/uploads\/2020\/06\/25092014\/kontakt-300x300.jpg\" alt=\"\">\n\t\t\t\t\t\t\t\t\t<\/div>\n\t\t\t\t<div class=\"col\">\n\t\t\t\t\t\t\t\t\t\t\t<h2>Jobba hos oss<\/h2>\n\t\t\t\t\t\t\t\t\t\t\t\t\t\t\t\t<p>Vi \u00e4r idag drygt 20 medarbetare och arbetar mycket i olika gruppkonstellationer. Vi \u00e4r ett glatt g\u00e4ng och hos oss \u00e4r det enormt viktigt att man har roligt p\u00e5 jobbet!<\/p>\n\t\t\t\t\t\t\t\t\t\t\t\t\t\t\t\t<a class=\"btn inn-small\" href=\"\/om-bolagsstiftarna\/jobba-hos-oss\/\">\n\t\t\t\t\t\t\tL\u00e4s mer och l\u00e4mna ditt CV h\u00e4r \t\t\t\t\t\t<\/a>\n\t\t\t\t\t\t\t\t\t<\/div>\n\t\t\t<\/div>\n\t\t<\/div>\n\t<\/div>\n<!-- END Block Company Founders -->\n\n<!-- START Block Recent Posts --><div class=\"recent-posts view-company-founders\">\n    <div class=\"container\">\n        <div class=\"cols\">\n                            <div class=\"col\">\n    <div class=\"item-post\">\n        \n        <div class=\"title\">\n            <h2><a href=\"https:\/\/www.bolagsstiftarna.se\/en\/bolag-med-forlangt-forsta-rakenskapsar-till-2027-08-31\/\">Bolag med f\u00f6rl\u00e4ngt f\u00f6rsta r\u00e4kenskaps\u00e5r till 2027-08-31<\/a><\/h2>\n        <\/div>\n\n        <div class=\"content\">\n            <p>Fr\u00e5n och med den 1 mars kan bolag med r\u00e4kenskaps\u00e5r 1\/9\u201331\/8 f\u00f6rl\u00e4nga sitt f\u00f6rsta r\u00e4kenskaps\u00e5r till totalt 18 m\u00e5nader. Vi har nu lagerbolag med f\u00f6rl\u00e4ngt f\u00f6rsta r\u00e4kenskaps\u00e5r till och [&hellip;]<\/p>\n        <\/div>\n    <\/div>\n<\/div>                            <div class=\"col\">\n    <div class=\"item-post\">\n        \n        <div class=\"title\">\n            <h2><a href=\"https:\/\/www.bolagsstiftarna.se\/en\/trygga-bolagsaffarer-2\/\">Trygga bolagsaff\u00e4rer<\/a><\/h2>\n        <\/div>\n\n        <div class=\"content\">\n            <p>Du kan alltid k\u00e4nna dig trygg n\u00e4r du g\u00f6r aff\u00e4rer med oss. Bolagen vi k\u00f6per f\u00f6r Snabbavveckling avvecklas alltid och s\u00e4ljs aldrig vidare. Lagerbolag som vi s\u00e4ljer \u00e4r registrerade [&hellip;]<\/p>\n        <\/div>\n    <\/div>\n<\/div>                            <div class=\"col\">\n    <div class=\"item-post\">\n        \n        <div class=\"title\">\n            <h2><a href=\"https:\/\/www.bolagsstiftarna.se\/en\/nytt-samarbete-med-seb-vid-kop-av-lagerbolag\/\">Nytt samarbete med SEB vid k\u00f6p av lagerbolag!<\/a><\/h2>\n        <\/div>\n\n        <div class=\"content\">\n            <p>Vi \u00e4r glada \u00f6ver att ha inlett ett samarbete tillsammans med SEB. N\u00e4r du k\u00f6per ett lagerbolag av oss kan du nu p\u00e5 ett smidigt s\u00e4tt ans\u00f6ka om att [&hellip;]<\/p>\n        <\/div>\n    <\/div>\n<\/div>                    <\/div>\n                    <div class=\"over-btn\">\n                <a class=\"btn inn-small\" href=\"\/om-bolagsstiftarna\/nyheter\/\">\n                     Till samtliga nyheter                 <\/a>\n            <\/div>\n            <\/div>\n\n<\/div>\n<!-- END Block Recent Posts -->","protected":false},"excerpt":{"rendered":"","protected":false},"author":1,"featured_media":0,"parent":0,"menu_order":0,"comment_status":"closed","ping_status":"closed","template":"","meta":{"_acf_changed":false,"inline_featured_image":false,"footnotes":""},"class_list":["post-14","page","type-page","status-publish","hentry"],"acf":[],"yoast_head":"<!-- This site is optimized with the Yoast SEO plugin v27.3 - https:\/\/yoast.com\/product\/yoast-seo-wordpress\/ -->\n<title>Bolagsstiftarna - Bolagsstiftarna<\/title>\n<meta name=\"robots\" content=\"index, follow, max-snippet:-1, max-image-preview:large, max-video-preview:-1\" \/>\n<link rel=\"canonical\" href=\"https:\/\/www.bolagsstiftarna.se\/en\/om-bolagsstiftarna\/\" \/>\n<meta property=\"og:locale\" content=\"en_US\" \/>\n<meta property=\"og:type\" content=\"article\" \/>\n<meta property=\"og:title\" content=\"Bolagsstiftarna - Bolagsstiftarna\" \/>\n<meta property=\"og:url\" content=\"https:\/\/www.bolagsstiftarna.se\/en\/om-bolagsstiftarna\/\" \/>\n<meta property=\"og:site_name\" content=\"Bolagsstiftarna\" \/>\n<meta property=\"article:modified_time\" content=\"2020-09-17T14:20:13+00:00\" \/>\n<meta name=\"twitter:card\" content=\"summary_large_image\" \/>\n<script type=\"application\/ld+json\" class=\"yoast-schema-graph\">{\"@context\":\"https:\\\/\\\/schema.org\",\"@graph\":[{\"@type\":\"WebPage\",\"@id\":\"https:\\\/\\\/www.bolagsstiftarna.se\\\/om-bolagsstiftarna\\\/\",\"url\":\"https:\\\/\\\/www.bolagsstiftarna.se\\\/om-bolagsstiftarna\\\/\",\"name\":\"Bolagsstiftarna - Bolagsstiftarna\",\"isPartOf\":{\"@id\":\"https:\\\/\\\/www.bolagsstiftarna.se\\\/#website\"},\"datePublished\":\"2020-06-18T09:15:52+00:00\",\"dateModified\":\"2020-09-17T14:20:13+00:00\",\"breadcrumb\":{\"@id\":\"https:\\\/\\\/www.bolagsstiftarna.se\\\/om-bolagsstiftarna\\\/#breadcrumb\"},\"inLanguage\":\"en-US\",\"potentialAction\":[{\"@type\":\"ReadAction\",\"target\":[\"https:\\\/\\\/www.bolagsstiftarna.se\\\/om-bolagsstiftarna\\\/\"]}]},{\"@type\":\"BreadcrumbList\",\"@id\":\"https:\\\/\\\/www.bolagsstiftarna.se\\\/om-bolagsstiftarna\\\/#breadcrumb\",\"itemListElement\":[{\"@type\":\"ListItem\",\"position\":1,\"name\":\"Home\",\"item\":\"https:\\\/\\\/www.bolagsstiftarna.se\\\/\"},{\"@type\":\"ListItem\",\"position\":2,\"name\":\"Bolagsstiftarna\"}]},{\"@type\":\"WebSite\",\"@id\":\"https:\\\/\\\/www.bolagsstiftarna.se\\\/#website\",\"url\":\"https:\\\/\\\/www.bolagsstiftarna.se\\\/\",\"name\":\"Bolagsstiftarna\",\"description\":\"Lagerbolag &amp; Snabbavveckling\",\"publisher\":{\"@id\":\"https:\\\/\\\/www.bolagsstiftarna.se\\\/#organization\"},\"potentialAction\":[{\"@type\":\"SearchAction\",\"target\":{\"@type\":\"EntryPoint\",\"urlTemplate\":\"https:\\\/\\\/www.bolagsstiftarna.se\\\/?s={search_term_string}\"},\"query-input\":{\"@type\":\"PropertyValueSpecification\",\"valueRequired\":true,\"valueName\":\"search_term_string\"}}],\"inLanguage\":\"en-US\"},{\"@type\":\"Organization\",\"@id\":\"https:\\\/\\\/www.bolagsstiftarna.se\\\/#organization\",\"name\":\"Bolagsstiftarna AB\",\"url\":\"https:\\\/\\\/www.bolagsstiftarna.se\\\/\",\"logo\":{\"@type\":\"ImageObject\",\"inLanguage\":\"en-US\",\"@id\":\"https:\\\/\\\/www.bolagsstiftarna.se\\\/#\\\/schema\\\/logo\\\/image\\\/\",\"url\":\"https:\\\/\\\/d1i97327w94vhu.cloudfront.net\\\/wp-content\\\/uploads\\\/2020\\\/06\\\/25092025\\\/bolagsstiftarna-logo-315.png\",\"contentUrl\":\"https:\\\/\\\/d1i97327w94vhu.cloudfront.net\\\/wp-content\\\/uploads\\\/2020\\\/06\\\/25092025\\\/bolagsstiftarna-logo-315.png\",\"width\":315,\"height\":46,\"caption\":\"Bolagsstiftarna AB\"},\"image\":{\"@id\":\"https:\\\/\\\/www.bolagsstiftarna.se\\\/#\\\/schema\\\/logo\\\/image\\\/\"},\"sameAs\":[\"https:\\\/\\\/www.instagram.com\\\/bolagsstiftarna\\\/\",\"https:\\\/\\\/www.linkedin.com\\\/company\\\/bolagsstiftarna-ab?trk=tyah&amp;amp;trkInfo=tarId:1408967681730,tas:bolagsstif,idx:1-1-1\"]}]}<\/script>\n<!-- \/ Yoast SEO plugin. -->","yoast_head_json":{"title":"Bolagsstiftarna - Bolagsstiftarna","robots":{"index":"index","follow":"follow","max-snippet":"max-snippet:-1","max-image-preview":"max-image-preview:large","max-video-preview":"max-video-preview:-1"},"canonical":"https:\/\/www.bolagsstiftarna.se\/en\/om-bolagsstiftarna\/","og_locale":"en_US","og_type":"article","og_title":"Bolagsstiftarna - Bolagsstiftarna","og_url":"https:\/\/www.bolagsstiftarna.se\/en\/om-bolagsstiftarna\/","og_site_name":"Bolagsstiftarna","article_modified_time":"2020-09-17T14:20:13+00:00","twitter_card":"summary_large_image","schema":{"@context":"https:\/\/schema.org","@graph":[{"@type":"WebPage","@id":"https:\/\/www.bolagsstiftarna.se\/om-bolagsstiftarna\/","url":"https:\/\/www.bolagsstiftarna.se\/om-bolagsstiftarna\/","name":"Bolagsstiftarna - Bolagsstiftarna","isPartOf":{"@id":"https:\/\/www.bolagsstiftarna.se\/#website"},"datePublished":"2020-06-18T09:15:52+00:00","dateModified":"2020-09-17T14:20:13+00:00","breadcrumb":{"@id":"https:\/\/www.bolagsstiftarna.se\/om-bolagsstiftarna\/#breadcrumb"},"inLanguage":"en-US","potentialAction":[{"@type":"ReadAction","target":["https:\/\/www.bolagsstiftarna.se\/om-bolagsstiftarna\/"]}]},{"@type":"BreadcrumbList","@id":"https:\/\/www.bolagsstiftarna.se\/om-bolagsstiftarna\/#breadcrumb","itemListElement":[{"@type":"ListItem","position":1,"name":"Home","item":"https:\/\/www.bolagsstiftarna.se\/"},{"@type":"ListItem","position":2,"name":"Bolagsstiftarna"}]},{"@type":"WebSite","@id":"https:\/\/www.bolagsstiftarna.se\/#website","url":"https:\/\/www.bolagsstiftarna.se\/","name":"Bolagsstiftarna","description":"Lagerbolag &amp; Snabbavveckling","publisher":{"@id":"https:\/\/www.bolagsstiftarna.se\/#organization"},"potentialAction":[{"@type":"SearchAction","target":{"@type":"EntryPoint","urlTemplate":"https:\/\/www.bolagsstiftarna.se\/?s={search_term_string}"},"query-input":{"@type":"PropertyValueSpecification","valueRequired":true,"valueName":"search_term_string"}}],"inLanguage":"en-US"},{"@type":"Organization","@id":"https:\/\/www.bolagsstiftarna.se\/#organization","name":"Bolagsstiftarna AB","url":"https:\/\/www.bolagsstiftarna.se\/","logo":{"@type":"ImageObject","inLanguage":"en-US","@id":"https:\/\/www.bolagsstiftarna.se\/#\/schema\/logo\/image\/","url":"https:\/\/d1i97327w94vhu.cloudfront.net\/wp-content\/uploads\/2020\/06\/25092025\/bolagsstiftarna-logo-315.png","contentUrl":"https:\/\/d1i97327w94vhu.cloudfront.net\/wp-content\/uploads\/2020\/06\/25092025\/bolagsstiftarna-logo-315.png","width":315,"height":46,"caption":"Bolagsstiftarna AB"},"image":{"@id":"https:\/\/www.bolagsstiftarna.se\/#\/schema\/logo\/image\/"},"sameAs":["https:\/\/www.instagram.com\/bolagsstiftarna\/","https:\/\/www.linkedin.com\/company\/bolagsstiftarna-ab?trk=tyah&amp;amp;trkInfo=tarId:1408967681730,tas:bolagsstif,idx:1-1-1"]}]}},"_links":{"self":[{"href":"https:\/\/www.bolagsstiftarna.se\/en\/wp-json\/wp\/v2\/pages\/14","targetHints":{"allow":["GET"]}}],"collection":[{"href":"https:\/\/www.bolagsstiftarna.se\/en\/wp-json\/wp\/v2\/pages"}],"about":[{"href":"https:\/\/www.bolagsstiftarna.se\/en\/wp-json\/wp\/v2\/types\/page"}],"author":[{"embeddable":true,"href":"https:\/\/www.bolagsstiftarna.se\/en\/wp-json\/wp\/v2\/users\/1"}],"replies":[{"embeddable":true,"href":"https:\/\/www.bolagsstiftarna.se\/en\/wp-json\/wp\/v2\/comments?post=14"}],"version-history":[{"count":32,"href":"https:\/\/www.bolagsstiftarna.se\/en\/wp-json\/wp\/v2\/pages\/14\/revisions"}],"predecessor-version":[{"id":891,"href":"https:\/\/www.bolagsstiftarna.se\/en\/wp-json\/wp\/v2\/pages\/14\/revisions\/891"}],"wp:attachment":[{"href":"https:\/\/www.bolagsstiftarna.se\/en\/wp-json\/wp\/v2\/media?parent=14"}],"curies":[{"name":"wp","href":"https:\/\/api.w.org\/{rel}","templated":true}]}}