{"id":204,"date":"2020-06-22T10:36:19","date_gmt":"2020-06-22T10:36:19","guid":{"rendered":"http:\/\/www.bs.lk\/?page_id=204"},"modified":"2020-06-30T14:47:13","modified_gmt":"2020-06-30T14:47:13","slug":"nyregistrering","status":"publish","type":"page","link":"https:\/\/www.bolagsstiftarna.se\/en\/ovriga-tjanster\/nyregistrering\/","title":{"rendered":"Nyregistrering"},"content":{"rendered":"<h2 class=\"wp-block-heading\">Nyregistrering<\/h2>\n\n\n\n<p>Vi hj\u00e4lper till med nyregistrering av f\u00f6ljande bolagsformer:<\/p>\n\n\n\n<ul class=\"wp-block-list\"><li>AB<\/li><li>KB\/HB<\/li><li>Ekonomisk f\u00f6rening<\/li><li>Europabolag<\/li><li>Eurobolag<\/li><\/ul>\n\n\n\n<p>Observera att bolaget inte finns, det g\u00e5r s\u00e5ledes inte att anv\u00e4nda bolaget. Ist\u00e4llet m\u00e5ste den nya styrelsen inv\u00e4nta Bolagsverkets registrering av bolaget. Vi bist\u00e5r med uppr\u00e4ttande av handlingar f\u00f6r stiftandet av respektive bolagsform.<\/p>\n\n\n\n<p>\u00d6nskar du ist\u00e4llet komma ig\u00e5ng med ditt bolag direkt har vi lagerbolag p\u00e5 samtliga dessa bolagsformer. F\u00f6rdelarna \u00e4r m\u00e5nga men framf\u00f6r allt kan den nya styrelsen omg\u00e5ende anv\u00e4nda bolaget med hj\u00e4lp av en generalfullmakt.<\/p>\n\n\n\n<p>Har du fr\u00e5gor g\u00e4llande nyregistrering, lagerbolag eller kanske n\u00e5got helt annat? Kontakta oss g\u00e4rna via mail, telefon eller v\u00e5r chat som \u00e4r \u00f6ppen dygnet runt under \u00e5rets alla dagar.<\/p>","protected":false},"excerpt":{"rendered":"<p>Nyregistrering Vi hj\u00e4lper till med nyregistrering av f\u00f6ljande bolagsformer: AB KB\/HB Ekonomisk f\u00f6rening Europabolag Eurobolag Observera att bolaget inte finns, det g\u00e5r s\u00e5ledes inte att anv\u00e4nda bolaget. Ist\u00e4llet m\u00e5ste [&hellip;]<\/p>\n","protected":false},"author":1,"featured_media":0,"parent":13,"menu_order":0,"comment_status":"closed","ping_status":"closed","template":"pages\/template-other-services.php","meta":{"_acf_changed":false,"inline_featured_image":false,"footnotes":""},"class_list":["post-204","page","type-page","status-publish","hentry"],"acf":[],"yoast_head":"<!-- This site is optimized with the Yoast SEO plugin v27.3 - https:\/\/yoast.com\/product\/yoast-seo-wordpress\/ -->\n<title>Nyregistrering - Bolagsstiftarna<\/title>\n<meta name=\"robots\" content=\"index, follow, max-snippet:-1, max-image-preview:large, max-video-preview:-1\" \/>\n<link rel=\"canonical\" href=\"https:\/\/www.bolagsstiftarna.se\/en\/ovriga-tjanster\/nyregistrering\/\" \/>\n<meta property=\"og:locale\" content=\"en_US\" \/>\n<meta property=\"og:type\" content=\"article\" \/>\n<meta property=\"og:title\" content=\"Nyregistrering - Bolagsstiftarna\" \/>\n<meta property=\"og:description\" content=\"Nyregistrering Vi hj\u00e4lper till med nyregistrering av f\u00f6ljande bolagsformer: AB KB\/HB Ekonomisk f\u00f6rening Europabolag Eurobolag Observera att bolaget inte finns, det g\u00e5r s\u00e5ledes inte att anv\u00e4nda bolaget. Ist\u00e4llet m\u00e5ste [&hellip;]\" \/>\n<meta property=\"og:url\" content=\"https:\/\/www.bolagsstiftarna.se\/en\/ovriga-tjanster\/nyregistrering\/\" \/>\n<meta property=\"og:site_name\" content=\"Bolagsstiftarna\" \/>\n<meta property=\"article:modified_time\" content=\"2020-06-30T14:47:13+00:00\" \/>\n<meta name=\"twitter:card\" content=\"summary_large_image\" \/>\n<meta name=\"twitter:label1\" content=\"Est. reading time\" \/>\n\t<meta name=\"twitter:data1\" content=\"1 minute\" \/>\n<script type=\"application\/ld+json\" class=\"yoast-schema-graph\">{\"@context\":\"https:\\\/\\\/schema.org\",\"@graph\":[{\"@type\":\"WebPage\",\"@id\":\"https:\\\/\\\/www.bolagsstiftarna.se\\\/ovriga-tjanster\\\/nyregistrering\\\/\",\"url\":\"https:\\\/\\\/www.bolagsstiftarna.se\\\/ovriga-tjanster\\\/nyregistrering\\\/\",\"name\":\"Nyregistrering - Bolagsstiftarna\",\"isPartOf\":{\"@id\":\"https:\\\/\\\/www.bolagsstiftarna.se\\\/#website\"},\"datePublished\":\"2020-06-22T10:36:19+00:00\",\"dateModified\":\"2020-06-30T14:47:13+00:00\",\"breadcrumb\":{\"@id\":\"https:\\\/\\\/www.bolagsstiftarna.se\\\/ovriga-tjanster\\\/nyregistrering\\\/#breadcrumb\"},\"inLanguage\":\"en-US\",\"potentialAction\":[{\"@type\":\"ReadAction\",\"target\":[\"https:\\\/\\\/www.bolagsstiftarna.se\\\/ovriga-tjanster\\\/nyregistrering\\\/\"]}]},{\"@type\":\"BreadcrumbList\",\"@id\":\"https:\\\/\\\/www.bolagsstiftarna.se\\\/ovriga-tjanster\\\/nyregistrering\\\/#breadcrumb\",\"itemListElement\":[{\"@type\":\"ListItem\",\"position\":1,\"name\":\"Home\",\"item\":\"https:\\\/\\\/www.bolagsstiftarna.se\\\/\"},{\"@type\":\"ListItem\",\"position\":2,\"name\":\"\u00d6vriga tj\u00e4nster\",\"item\":\"https:\\\/\\\/www.bolagsstiftarna.se\\\/ovriga-tjanster\\\/\"},{\"@type\":\"ListItem\",\"position\":3,\"name\":\"Nyregistrering\"}]},{\"@type\":\"WebSite\",\"@id\":\"https:\\\/\\\/www.bolagsstiftarna.se\\\/#website\",\"url\":\"https:\\\/\\\/www.bolagsstiftarna.se\\\/\",\"name\":\"Bolagsstiftarna\",\"description\":\"Lagerbolag &amp; Snabbavveckling\",\"publisher\":{\"@id\":\"https:\\\/\\\/www.bolagsstiftarna.se\\\/#organization\"},\"potentialAction\":[{\"@type\":\"SearchAction\",\"target\":{\"@type\":\"EntryPoint\",\"urlTemplate\":\"https:\\\/\\\/www.bolagsstiftarna.se\\\/?s={search_term_string}\"},\"query-input\":{\"@type\":\"PropertyValueSpecification\",\"valueRequired\":true,\"valueName\":\"search_term_string\"}}],\"inLanguage\":\"en-US\"},{\"@type\":\"Organization\",\"@id\":\"https:\\\/\\\/www.bolagsstiftarna.se\\\/#organization\",\"name\":\"Bolagsstiftarna AB\",\"url\":\"https:\\\/\\\/www.bolagsstiftarna.se\\\/\",\"logo\":{\"@type\":\"ImageObject\",\"inLanguage\":\"en-US\",\"@id\":\"https:\\\/\\\/www.bolagsstiftarna.se\\\/#\\\/schema\\\/logo\\\/image\\\/\",\"url\":\"https:\\\/\\\/d1i97327w94vhu.cloudfront.net\\\/wp-content\\\/uploads\\\/2020\\\/06\\\/25092025\\\/bolagsstiftarna-logo-315.png\",\"contentUrl\":\"https:\\\/\\\/d1i97327w94vhu.cloudfront.net\\\/wp-content\\\/uploads\\\/2020\\\/06\\\/25092025\\\/bolagsstiftarna-logo-315.png\",\"width\":315,\"height\":46,\"caption\":\"Bolagsstiftarna AB\"},\"image\":{\"@id\":\"https:\\\/\\\/www.bolagsstiftarna.se\\\/#\\\/schema\\\/logo\\\/image\\\/\"},\"sameAs\":[\"https:\\\/\\\/www.instagram.com\\\/bolagsstiftarna\\\/\",\"https:\\\/\\\/www.linkedin.com\\\/company\\\/bolagsstiftarna-ab?trk=tyah&amp;amp;trkInfo=tarId:1408967681730,tas:bolagsstif,idx:1-1-1\"]}]}<\/script>\n<!-- \/ Yoast SEO plugin. -->","yoast_head_json":{"title":"Nyregistrering - Bolagsstiftarna","robots":{"index":"index","follow":"follow","max-snippet":"max-snippet:-1","max-image-preview":"max-image-preview:large","max-video-preview":"max-video-preview:-1"},"canonical":"https:\/\/www.bolagsstiftarna.se\/en\/ovriga-tjanster\/nyregistrering\/","og_locale":"en_US","og_type":"article","og_title":"Nyregistrering - Bolagsstiftarna","og_description":"Nyregistrering Vi hj\u00e4lper till med nyregistrering av f\u00f6ljande bolagsformer: AB KB\/HB Ekonomisk f\u00f6rening Europabolag Eurobolag Observera att bolaget inte finns, det g\u00e5r s\u00e5ledes inte att anv\u00e4nda bolaget. Ist\u00e4llet m\u00e5ste [&hellip;]","og_url":"https:\/\/www.bolagsstiftarna.se\/en\/ovriga-tjanster\/nyregistrering\/","og_site_name":"Bolagsstiftarna","article_modified_time":"2020-06-30T14:47:13+00:00","twitter_card":"summary_large_image","twitter_misc":{"Est. reading time":"1 minute"},"schema":{"@context":"https:\/\/schema.org","@graph":[{"@type":"WebPage","@id":"https:\/\/www.bolagsstiftarna.se\/ovriga-tjanster\/nyregistrering\/","url":"https:\/\/www.bolagsstiftarna.se\/ovriga-tjanster\/nyregistrering\/","name":"Nyregistrering - Bolagsstiftarna","isPartOf":{"@id":"https:\/\/www.bolagsstiftarna.se\/#website"},"datePublished":"2020-06-22T10:36:19+00:00","dateModified":"2020-06-30T14:47:13+00:00","breadcrumb":{"@id":"https:\/\/www.bolagsstiftarna.se\/ovriga-tjanster\/nyregistrering\/#breadcrumb"},"inLanguage":"en-US","potentialAction":[{"@type":"ReadAction","target":["https:\/\/www.bolagsstiftarna.se\/ovriga-tjanster\/nyregistrering\/"]}]},{"@type":"BreadcrumbList","@id":"https:\/\/www.bolagsstiftarna.se\/ovriga-tjanster\/nyregistrering\/#breadcrumb","itemListElement":[{"@type":"ListItem","position":1,"name":"Home","item":"https:\/\/www.bolagsstiftarna.se\/"},{"@type":"ListItem","position":2,"name":"\u00d6vriga tj\u00e4nster","item":"https:\/\/www.bolagsstiftarna.se\/ovriga-tjanster\/"},{"@type":"ListItem","position":3,"name":"Nyregistrering"}]},{"@type":"WebSite","@id":"https:\/\/www.bolagsstiftarna.se\/#website","url":"https:\/\/www.bolagsstiftarna.se\/","name":"Bolagsstiftarna","description":"Lagerbolag &amp; Snabbavveckling","publisher":{"@id":"https:\/\/www.bolagsstiftarna.se\/#organization"},"potentialAction":[{"@type":"SearchAction","target":{"@type":"EntryPoint","urlTemplate":"https:\/\/www.bolagsstiftarna.se\/?s={search_term_string}"},"query-input":{"@type":"PropertyValueSpecification","valueRequired":true,"valueName":"search_term_string"}}],"inLanguage":"en-US"},{"@type":"Organization","@id":"https:\/\/www.bolagsstiftarna.se\/#organization","name":"Bolagsstiftarna AB","url":"https:\/\/www.bolagsstiftarna.se\/","logo":{"@type":"ImageObject","inLanguage":"en-US","@id":"https:\/\/www.bolagsstiftarna.se\/#\/schema\/logo\/image\/","url":"https:\/\/d1i97327w94vhu.cloudfront.net\/wp-content\/uploads\/2020\/06\/25092025\/bolagsstiftarna-logo-315.png","contentUrl":"https:\/\/d1i97327w94vhu.cloudfront.net\/wp-content\/uploads\/2020\/06\/25092025\/bolagsstiftarna-logo-315.png","width":315,"height":46,"caption":"Bolagsstiftarna AB"},"image":{"@id":"https:\/\/www.bolagsstiftarna.se\/#\/schema\/logo\/image\/"},"sameAs":["https:\/\/www.instagram.com\/bolagsstiftarna\/","https:\/\/www.linkedin.com\/company\/bolagsstiftarna-ab?trk=tyah&amp;amp;trkInfo=tarId:1408967681730,tas:bolagsstif,idx:1-1-1"]}]}},"_links":{"self":[{"href":"https:\/\/www.bolagsstiftarna.se\/en\/wp-json\/wp\/v2\/pages\/204","targetHints":{"allow":["GET"]}}],"collection":[{"href":"https:\/\/www.bolagsstiftarna.se\/en\/wp-json\/wp\/v2\/pages"}],"about":[{"href":"https:\/\/www.bolagsstiftarna.se\/en\/wp-json\/wp\/v2\/types\/page"}],"author":[{"embeddable":true,"href":"https:\/\/www.bolagsstiftarna.se\/en\/wp-json\/wp\/v2\/users\/1"}],"replies":[{"embeddable":true,"href":"https:\/\/www.bolagsstiftarna.se\/en\/wp-json\/wp\/v2\/comments?post=204"}],"version-history":[{"count":9,"href":"https:\/\/www.bolagsstiftarna.se\/en\/wp-json\/wp\/v2\/pages\/204\/revisions"}],"predecessor-version":[{"id":714,"href":"https:\/\/www.bolagsstiftarna.se\/en\/wp-json\/wp\/v2\/pages\/204\/revisions\/714"}],"up":[{"embeddable":true,"href":"https:\/\/www.bolagsstiftarna.se\/en\/wp-json\/wp\/v2\/pages\/13"}],"wp:attachment":[{"href":"https:\/\/www.bolagsstiftarna.se\/en\/wp-json\/wp\/v2\/media?parent=204"}],"curies":[{"name":"wp","href":"https:\/\/api.w.org\/{rel}","templated":true}]}}