{"id":214,"date":"2020-06-22T10:38:09","date_gmt":"2020-06-22T10:38:09","guid":{"rendered":"http:\/\/www.bs.lk\/?page_id=214"},"modified":"2020-06-30T14:48:00","modified_gmt":"2020-06-30T14:48:00","slug":"varumarkesratt","status":"publish","type":"page","link":"https:\/\/www.bolagsstiftarna.se\/en\/ovriga-tjanster\/varumarkesratt\/","title":{"rendered":"Varum\u00e4rkesr\u00e4tt"},"content":{"rendered":"<h2 class=\"wp-block-heading\">Varum\u00e4rkesr\u00e4tt<\/h2>\n\n\n\n<p>Vi p\u00e5 Bolagsstiftarna erbjuder varum\u00e4rkesregistrering.<\/p>\n\n\n\n<p>Ett varum\u00e4rke k\u00e4nnetecknar ett f\u00f6retags specifika produkt eller tj\u00e4nst och ger ett starkare skydd \u00e4n f\u00f6retagsnamnet. Varum\u00e4rkesregistreringen ger en ensamr\u00e4tt s\u00e5 att ingen annan har r\u00e4tt att anv\u00e4nda sig av varum\u00e4rket.<\/p>\n\n\n\n<p>Det finns flera olika typer av varum\u00e4rken s\u00e5som ordm\u00e4rken, figurm\u00e4rken\/logotyper, utstyrselm\u00e4rken, ljudm\u00e4rken, r\u00f6relsem\u00e4rken, multimediam\u00e4rken, hologramm\u00e4rke, positionsm\u00e4rke, ornamentm\u00e4rke och kollektiv-, garanti- och kontrollm\u00e4rken.<\/p>\n\n\n\n<p>Varum\u00e4rken inom Sverige registreras hos <a href=\"http:\/\/www.prv.se\/\">Patent och Registreringsverket \u2013 PRV<\/a>.<\/p>\n\n\n\n<p>En varum\u00e4rkesregistrering g\u00e4ller i tio \u00e5r r\u00e4knat fr\u00e5n ingivningsdagen f\u00f6r ans\u00f6kan och kan d\u00e4refter f\u00f6rl\u00e4ngas med ytterligare tio \u00e5r i taget, hur l\u00e4nge som helst. Vi bist\u00e5r ocks\u00e5 med handl\u00e4ggning av f\u00f6rnyande av varum\u00e4rke.<br>EU-varum\u00e4rken registreras genom EUIPO och ger skydd inom hela EU.<\/p>\n\n\n\n<p>Internationella varum\u00e4rken, d\u00e4r man sj\u00e4lv v\u00e4ljer vilka land varum\u00e4rket skall skyddas i, kan registreras n\u00e4r man redan har ett varum\u00e4rke inom Sverige eller EU och registreras d\u00e5 genom <a href=\"http:\/\/www.wipo.int\/trademarks\/en\/\">WIPO<\/a>.<\/p>\n\n\n\n<p>Har du fr\u00e5gor kring varum\u00e4rken eller n\u00e5got annat omr\u00e5de kontakta oss g\u00e4rna via mail, telefon eller via v\u00e5r chat som \u00e4r \u00f6ppen dygnet runt under \u00e5rets alla dagar.<\/p>","protected":false},"excerpt":{"rendered":"<p>Varum\u00e4rkesr\u00e4tt Vi p\u00e5 Bolagsstiftarna erbjuder varum\u00e4rkesregistrering. Ett varum\u00e4rke k\u00e4nnetecknar ett f\u00f6retags specifika produkt eller tj\u00e4nst och ger ett starkare skydd \u00e4n f\u00f6retagsnamnet. Varum\u00e4rkesregistreringen ger en ensamr\u00e4tt s\u00e5 att ingen [&hellip;]<\/p>\n","protected":false},"author":1,"featured_media":0,"parent":13,"menu_order":0,"comment_status":"closed","ping_status":"closed","template":"pages\/template-other-services.php","meta":{"_acf_changed":false,"inline_featured_image":false,"footnotes":""},"class_list":["post-214","page","type-page","status-publish","hentry"],"acf":[],"yoast_head":"<!-- This site is optimized with the Yoast SEO plugin v27.3 - https:\/\/yoast.com\/product\/yoast-seo-wordpress\/ -->\n<title>Varum\u00e4rkesr\u00e4tt - Bolagsstiftarna<\/title>\n<meta name=\"robots\" content=\"index, follow, max-snippet:-1, max-image-preview:large, max-video-preview:-1\" \/>\n<link rel=\"canonical\" href=\"https:\/\/www.bolagsstiftarna.se\/en\/ovriga-tjanster\/varumarkesratt\/\" \/>\n<meta property=\"og:locale\" content=\"en_US\" \/>\n<meta property=\"og:type\" content=\"article\" \/>\n<meta property=\"og:title\" content=\"Varum\u00e4rkesr\u00e4tt - Bolagsstiftarna\" \/>\n<meta property=\"og:description\" content=\"Varum\u00e4rkesr\u00e4tt Vi p\u00e5 Bolagsstiftarna erbjuder varum\u00e4rkesregistrering. Ett varum\u00e4rke k\u00e4nnetecknar ett f\u00f6retags specifika produkt eller tj\u00e4nst och ger ett starkare skydd \u00e4n f\u00f6retagsnamnet. Varum\u00e4rkesregistreringen ger en ensamr\u00e4tt s\u00e5 att ingen [&hellip;]\" \/>\n<meta property=\"og:url\" content=\"https:\/\/www.bolagsstiftarna.se\/en\/ovriga-tjanster\/varumarkesratt\/\" \/>\n<meta property=\"og:site_name\" content=\"Bolagsstiftarna\" \/>\n<meta property=\"article:modified_time\" content=\"2020-06-30T14:48:00+00:00\" \/>\n<meta name=\"twitter:card\" content=\"summary_large_image\" \/>\n<meta name=\"twitter:label1\" content=\"Est. reading time\" \/>\n\t<meta name=\"twitter:data1\" content=\"1 minute\" \/>\n<script type=\"application\/ld+json\" class=\"yoast-schema-graph\">{\"@context\":\"https:\\\/\\\/schema.org\",\"@graph\":[{\"@type\":\"WebPage\",\"@id\":\"https:\\\/\\\/www.bolagsstiftarna.se\\\/ovriga-tjanster\\\/varumarkesratt\\\/\",\"url\":\"https:\\\/\\\/www.bolagsstiftarna.se\\\/ovriga-tjanster\\\/varumarkesratt\\\/\",\"name\":\"Varum\u00e4rkesr\u00e4tt - Bolagsstiftarna\",\"isPartOf\":{\"@id\":\"https:\\\/\\\/www.bolagsstiftarna.se\\\/#website\"},\"datePublished\":\"2020-06-22T10:38:09+00:00\",\"dateModified\":\"2020-06-30T14:48:00+00:00\",\"breadcrumb\":{\"@id\":\"https:\\\/\\\/www.bolagsstiftarna.se\\\/ovriga-tjanster\\\/varumarkesratt\\\/#breadcrumb\"},\"inLanguage\":\"en-US\",\"potentialAction\":[{\"@type\":\"ReadAction\",\"target\":[\"https:\\\/\\\/www.bolagsstiftarna.se\\\/ovriga-tjanster\\\/varumarkesratt\\\/\"]}]},{\"@type\":\"BreadcrumbList\",\"@id\":\"https:\\\/\\\/www.bolagsstiftarna.se\\\/ovriga-tjanster\\\/varumarkesratt\\\/#breadcrumb\",\"itemListElement\":[{\"@type\":\"ListItem\",\"position\":1,\"name\":\"Home\",\"item\":\"https:\\\/\\\/www.bolagsstiftarna.se\\\/\"},{\"@type\":\"ListItem\",\"position\":2,\"name\":\"\u00d6vriga tj\u00e4nster\",\"item\":\"https:\\\/\\\/www.bolagsstiftarna.se\\\/ovriga-tjanster\\\/\"},{\"@type\":\"ListItem\",\"position\":3,\"name\":\"Varum\u00e4rkesr\u00e4tt\"}]},{\"@type\":\"WebSite\",\"@id\":\"https:\\\/\\\/www.bolagsstiftarna.se\\\/#website\",\"url\":\"https:\\\/\\\/www.bolagsstiftarna.se\\\/\",\"name\":\"Bolagsstiftarna\",\"description\":\"Lagerbolag &amp; Snabbavveckling\",\"publisher\":{\"@id\":\"https:\\\/\\\/www.bolagsstiftarna.se\\\/#organization\"},\"potentialAction\":[{\"@type\":\"SearchAction\",\"target\":{\"@type\":\"EntryPoint\",\"urlTemplate\":\"https:\\\/\\\/www.bolagsstiftarna.se\\\/?s={search_term_string}\"},\"query-input\":{\"@type\":\"PropertyValueSpecification\",\"valueRequired\":true,\"valueName\":\"search_term_string\"}}],\"inLanguage\":\"en-US\"},{\"@type\":\"Organization\",\"@id\":\"https:\\\/\\\/www.bolagsstiftarna.se\\\/#organization\",\"name\":\"Bolagsstiftarna AB\",\"url\":\"https:\\\/\\\/www.bolagsstiftarna.se\\\/\",\"logo\":{\"@type\":\"ImageObject\",\"inLanguage\":\"en-US\",\"@id\":\"https:\\\/\\\/www.bolagsstiftarna.se\\\/#\\\/schema\\\/logo\\\/image\\\/\",\"url\":\"https:\\\/\\\/d1i97327w94vhu.cloudfront.net\\\/wp-content\\\/uploads\\\/2020\\\/06\\\/25092025\\\/bolagsstiftarna-logo-315.png\",\"contentUrl\":\"https:\\\/\\\/d1i97327w94vhu.cloudfront.net\\\/wp-content\\\/uploads\\\/2020\\\/06\\\/25092025\\\/bolagsstiftarna-logo-315.png\",\"width\":315,\"height\":46,\"caption\":\"Bolagsstiftarna AB\"},\"image\":{\"@id\":\"https:\\\/\\\/www.bolagsstiftarna.se\\\/#\\\/schema\\\/logo\\\/image\\\/\"},\"sameAs\":[\"https:\\\/\\\/www.instagram.com\\\/bolagsstiftarna\\\/\",\"https:\\\/\\\/www.linkedin.com\\\/company\\\/bolagsstiftarna-ab?trk=tyah&amp;amp;trkInfo=tarId:1408967681730,tas:bolagsstif,idx:1-1-1\"]}]}<\/script>\n<!-- \/ Yoast SEO plugin. -->","yoast_head_json":{"title":"Varum\u00e4rkesr\u00e4tt - Bolagsstiftarna","robots":{"index":"index","follow":"follow","max-snippet":"max-snippet:-1","max-image-preview":"max-image-preview:large","max-video-preview":"max-video-preview:-1"},"canonical":"https:\/\/www.bolagsstiftarna.se\/en\/ovriga-tjanster\/varumarkesratt\/","og_locale":"en_US","og_type":"article","og_title":"Varum\u00e4rkesr\u00e4tt - Bolagsstiftarna","og_description":"Varum\u00e4rkesr\u00e4tt Vi p\u00e5 Bolagsstiftarna erbjuder varum\u00e4rkesregistrering. Ett varum\u00e4rke k\u00e4nnetecknar ett f\u00f6retags specifika produkt eller tj\u00e4nst och ger ett starkare skydd \u00e4n f\u00f6retagsnamnet. Varum\u00e4rkesregistreringen ger en ensamr\u00e4tt s\u00e5 att ingen [&hellip;]","og_url":"https:\/\/www.bolagsstiftarna.se\/en\/ovriga-tjanster\/varumarkesratt\/","og_site_name":"Bolagsstiftarna","article_modified_time":"2020-06-30T14:48:00+00:00","twitter_card":"summary_large_image","twitter_misc":{"Est. reading time":"1 minute"},"schema":{"@context":"https:\/\/schema.org","@graph":[{"@type":"WebPage","@id":"https:\/\/www.bolagsstiftarna.se\/ovriga-tjanster\/varumarkesratt\/","url":"https:\/\/www.bolagsstiftarna.se\/ovriga-tjanster\/varumarkesratt\/","name":"Varum\u00e4rkesr\u00e4tt - Bolagsstiftarna","isPartOf":{"@id":"https:\/\/www.bolagsstiftarna.se\/#website"},"datePublished":"2020-06-22T10:38:09+00:00","dateModified":"2020-06-30T14:48:00+00:00","breadcrumb":{"@id":"https:\/\/www.bolagsstiftarna.se\/ovriga-tjanster\/varumarkesratt\/#breadcrumb"},"inLanguage":"en-US","potentialAction":[{"@type":"ReadAction","target":["https:\/\/www.bolagsstiftarna.se\/ovriga-tjanster\/varumarkesratt\/"]}]},{"@type":"BreadcrumbList","@id":"https:\/\/www.bolagsstiftarna.se\/ovriga-tjanster\/varumarkesratt\/#breadcrumb","itemListElement":[{"@type":"ListItem","position":1,"name":"Home","item":"https:\/\/www.bolagsstiftarna.se\/"},{"@type":"ListItem","position":2,"name":"\u00d6vriga tj\u00e4nster","item":"https:\/\/www.bolagsstiftarna.se\/ovriga-tjanster\/"},{"@type":"ListItem","position":3,"name":"Varum\u00e4rkesr\u00e4tt"}]},{"@type":"WebSite","@id":"https:\/\/www.bolagsstiftarna.se\/#website","url":"https:\/\/www.bolagsstiftarna.se\/","name":"Bolagsstiftarna","description":"Lagerbolag &amp; Snabbavveckling","publisher":{"@id":"https:\/\/www.bolagsstiftarna.se\/#organization"},"potentialAction":[{"@type":"SearchAction","target":{"@type":"EntryPoint","urlTemplate":"https:\/\/www.bolagsstiftarna.se\/?s={search_term_string}"},"query-input":{"@type":"PropertyValueSpecification","valueRequired":true,"valueName":"search_term_string"}}],"inLanguage":"en-US"},{"@type":"Organization","@id":"https:\/\/www.bolagsstiftarna.se\/#organization","name":"Bolagsstiftarna AB","url":"https:\/\/www.bolagsstiftarna.se\/","logo":{"@type":"ImageObject","inLanguage":"en-US","@id":"https:\/\/www.bolagsstiftarna.se\/#\/schema\/logo\/image\/","url":"https:\/\/d1i97327w94vhu.cloudfront.net\/wp-content\/uploads\/2020\/06\/25092025\/bolagsstiftarna-logo-315.png","contentUrl":"https:\/\/d1i97327w94vhu.cloudfront.net\/wp-content\/uploads\/2020\/06\/25092025\/bolagsstiftarna-logo-315.png","width":315,"height":46,"caption":"Bolagsstiftarna AB"},"image":{"@id":"https:\/\/www.bolagsstiftarna.se\/#\/schema\/logo\/image\/"},"sameAs":["https:\/\/www.instagram.com\/bolagsstiftarna\/","https:\/\/www.linkedin.com\/company\/bolagsstiftarna-ab?trk=tyah&amp;amp;trkInfo=tarId:1408967681730,tas:bolagsstif,idx:1-1-1"]}]}},"_links":{"self":[{"href":"https:\/\/www.bolagsstiftarna.se\/en\/wp-json\/wp\/v2\/pages\/214","targetHints":{"allow":["GET"]}}],"collection":[{"href":"https:\/\/www.bolagsstiftarna.se\/en\/wp-json\/wp\/v2\/pages"}],"about":[{"href":"https:\/\/www.bolagsstiftarna.se\/en\/wp-json\/wp\/v2\/types\/page"}],"author":[{"embeddable":true,"href":"https:\/\/www.bolagsstiftarna.se\/en\/wp-json\/wp\/v2\/users\/1"}],"replies":[{"embeddable":true,"href":"https:\/\/www.bolagsstiftarna.se\/en\/wp-json\/wp\/v2\/comments?post=214"}],"version-history":[{"count":8,"href":"https:\/\/www.bolagsstiftarna.se\/en\/wp-json\/wp\/v2\/pages\/214\/revisions"}],"predecessor-version":[{"id":720,"href":"https:\/\/www.bolagsstiftarna.se\/en\/wp-json\/wp\/v2\/pages\/214\/revisions\/720"}],"up":[{"embeddable":true,"href":"https:\/\/www.bolagsstiftarna.se\/en\/wp-json\/wp\/v2\/pages\/13"}],"wp:attachment":[{"href":"https:\/\/www.bolagsstiftarna.se\/en\/wp-json\/wp\/v2\/media?parent=214"}],"curies":[{"name":"wp","href":"https:\/\/api.w.org\/{rel}","templated":true}]}}