{"id":2166,"date":"2024-11-06T17:27:16","date_gmt":"2024-11-06T17:27:16","guid":{"rendered":"https:\/\/www.bolagsstiftarna.se\/?page_id=2166"},"modified":"2024-11-11T09:42:13","modified_gmt":"2024-11-11T09:42:13","slug":"info-snabbavveckling","status":"publish","type":"page","link":"https:\/\/www.bolagsstiftarna.se\/en\/info-snabbavveckling\/","title":{"rendered":"Info Snabbavveckling"},"content":{"rendered":"<!-- START Block General Hero -->    <div class=\"hero hero-overlay\" style=\"background-image: url('https:\/\/d1i97327w94vhu.cloudfront.net\/wp-content\/uploads\/2020\/06\/25092020\/snabbavveckling-bolagsstiftarna-1920x725.jpg');\">\n\t    <div class=\"container\">\n\t       \t<div class=\"block\">\n\t       \t\t\t       \t\t    <h2>En utf\u00f6rlig guide till Bolagsstiftarnas snabbavveckling<\/h2>\n\t       \t\t\t       \t\t\t       \t<\/div>\n\t    <\/div>\n    <\/div>\n<!-- END Block General Hero -->\n\n\n<div class=\"wp-block-columns is-layout-flex wp-container-core-columns-is-layout-9d6595d7 wp-block-columns-is-layout-flex\">\n<div class=\"wp-block-column is-layout-flow wp-block-column-is-layout-flow\" style=\"flex-basis:100%\">\n<h3 class=\"wp-block-heading\" id=\"h-har-du-kontrollerat-din-leverant-r-vid-snabbavveckling\">Snabbavveckling<\/h3>\n\n\n\n<p>Snabbavveckling \u00e4r en form av avveckling som \u00e4r betydligt enklare, snabbare och m\u00e5nga g\u00e5nger mer kostnadseffektiv \u00e4n en traditionell likvidation. En likvidation kr\u00e4ver att man utser likvidator d\u00e4r likvidationen tar minst 6-12 m\u00e5nader. F\u00f6rst n\u00e4r likvidationen \u00e4r avslutad f\u00e5r \u00e4garen ut sina pengar.<\/p>\n\n\n\n<p>V\u00e4ljer man i st\u00e4llet att s\u00e4lja sitt vilande bolag till oss f\u00f6r snabbavveckling f\u00e5r man ut sina pengar direkt.&nbsp; Ni slipper d\u00e5 allt styrelseengagemang och kan vara trygga i att vi ansvarar f\u00f6r att bolaget avvecklas. F\u00f6r din egen trygghet och s\u00e4kerhets skull h\u00e5ller vi dig \u00e4ven uppdaterad genom processens g\u00e5ng. Bolag avvecklas alltid och s\u00e4ljs aldrig vidare. N\u00e4r vi k\u00f6per bolag f\u00f6r snabbavveckling sk\u00f6ter vi allt arbete kring avvecklingen, exempelvis all kontakt med Bolagsverket och Skatteverket.&nbsp;<\/p>\n\n\n\n<p>S\u00e5 h\u00e4r g\u00e5r processen till n\u00e4r ni v\u00e4ljer att snabbavveckla med Bolagsstiftarna.<\/p>\n\n\n\n<h3 class=\"wp-block-heading\">Offert<\/h3>\n\n\n\n<p>F\u00f6r att starta snabbavvecklingsprocessen s\u00e5 beh\u00f6ver vi emotse aktuell balans- och resultatrapport f\u00f6r det eller de bolag som \u00f6nskar snabbavvecklas. Balans- och resultatrapporten beh\u00f6ver vara f\u00f6r innevarande r\u00e4kenskapsperiod och tillg\u00e5ngar och skulder beh\u00f6ver vara reglerade s\u00e5 att det i balans- och resultatrapporten normalt enbart kvarst\u00e5r bankmedel, skatte- och momsavr\u00e4kningar samt ber\u00e4knade skulder till revisor, redovisningskonsult eller skattekonsult. Efter att vi mottagit detta \u00e5terkommer vi med en offert inom tv\u00e5 timmar.<\/p>\n\n\n\n<p>N\u00e4r ni sedan kollat igenom offerten och beslutat att g\u00e5 vidare med aff\u00e4ren meddelar ni bara oss att ni godtar offerten. I detta skede beh\u00f6ver vi uppgift om hur aktie\u00e4gandet i bolaget ser ut. Om ni \u00f6nskar signera kommande handlingar digitalt med BankID beh\u00f6vs \u00e4ven mailadresser till den eller de som \u00e4ger bolaget.<\/p>\n\n\n\n<h3 class=\"wp-block-heading\"><strong>Avtalsf\u00f6rslag<\/strong><\/h3>\n\n\n\n<p>N\u00e4r vi mottagit er accept av offerten och uppgift om aktie\u00e4gandet kommer vi att uppr\u00e4tta avtalsf\u00f6rslag som sedan kommer att skickas till er tillsammans med en generalfullmakt och ett f\u00f6ljebrev som listar vilka ytterligare handlingar vi beh\u00f6ver emotse innan tilltr\u00e4desdagen f\u00f6r att vi ska kunna k\u00f6pa bolaget f\u00f6r snabbavveckling.<\/p>\n\n\n\n<h3 class=\"wp-block-heading\"><strong>Signering av avtal och generalfullmakt<\/strong><\/h3>\n\n\n\n<p>Om ni valt att signera handlingarna digitalt med BankID kommer ni strax efter mottagandet av ovan dokument fr\u00e5n oss att emotse ett mejl fr\u00e5n tj\u00e4nsten Scrive som inneh\u00e5ller en l\u00e4nk till digital signering av avtal och generalfullmakt. F\u00f6r att signera handlingarna f\u00f6ljer ni l\u00e4nken och signerar enkelt med BankID. N\u00e4r detta skett skickas ett bekr\u00e4ftelsemejl till oss fr\u00e5n Scrive s\u00e5 att vi vet att signering skett.<\/p>\n\n\n\n<p>Om ni valt att inte signera handlingarna digitalt beh\u00f6ver ni skriva ut avtalen i tv\u00e5 exemplar (ett till k\u00f6paren \u2013 oss, och ett till s\u00e4ljaren \u2013 aktie\u00e4garna) samt ett exemplar av generalfullmakten. Avtalen och generalfullmakten beh\u00f6ver d\u00e5 signeras (helst med bl\u00e5tt bl\u00e4ck) och postas till oss i original.<\/p>\n\n\n\n<h3 class=\"wp-block-heading\"><strong>F\u00f6rberedelser f\u00f6r k\u00f6p<\/strong><\/h3>\n\n\n\n<p>I f\u00f6ljebrevet vi skickat till er i samband med avtalsf\u00f6rslaget finns som tidigare n\u00e4mnt en lista p\u00e5 de handlingarna ni beh\u00f6ver inkomma med f\u00f6r att aff\u00e4ren ska kunna slutf\u00f6ras. Vissa av dessa handlingar vill vi ha in i original (exempelvis ev. aktiebrev och ev. skriftliga f\u00f6retagsinteckningar) men de flesta g\u00e5r bra att maila in till oss, hur vi \u00f6nskar emotse handlingar framg\u00e5r dock tydligt i f\u00f6ljebrevet. Exempel p\u00e5 och beskrivning av de handlingar vi brukar vilja ha in hittar ni nedan under <strong>definitioner<\/strong>. <\/p>\n\n\n\n<p>Vi sk\u00f6ter all kontakt med Bolagsverket och Skatteverket men h\u00e4r \u00e4r n\u00e5gra saker som ni sj\u00e4lva kan beh\u00f6va avsluta eller \u00f6verf\u00f6ra fr\u00e5n bolaget innan vi k\u00f6per det:<\/p>\n\n\n\n<ul class=\"wp-block-list\">\n<li>Digitala brevl\u00e5dor och avtal s\u00e5som Kivra, Min Myndighetspost och Fora<\/li>\n\n\n\n<li>F\u00f6rs\u00e4kringar och pensionsl\u00f6sningar (sak-, pensions- och kapitalf\u00f6rs\u00e4kringar, direktpension samt pensionsstiftelse)<\/li>\n\n\n\n<li>Leasing- och andra bolagsavtal<\/li>\n\n\n\n<li>Telefon- och webbtj\u00e4nster samt \u00f6vriga abonnemang<\/li>\n\n\n\n<li>Betal- och kortl\u00f6sningar<\/li>\n\n\n\n<li>Fordon och sl\u00e4pvagnar<\/li>\n\n\n\n<li>Bankfack och postbox (OBS! Ej bankkonto)<\/li>\n\n\n\n<li>Nyckelbrickor och sp\u00e4rrserviceavtal<\/li>\n\n\n\n<li>F\u00f6retags- och bensinkort<\/li>\n<\/ul>\n\n\n\n<h3 class=\"wp-block-heading\"><strong>K\u00f6p av bolaget<\/strong><\/h3>\n\n\n\n<p>F\u00f6rutsatt att vi senast p\u00e5 tilltr\u00e4desdagen emotsett samtliga handlingarna s\u00e5 kommer vi i detta skede att \u00f6verf\u00f6ra k\u00f6peskillingen till S\u00e4ljarens konto. P\u00e5 tilltr\u00e4desdagen utbetalar vi hela k\u00f6peskillingen till bolagets \u00e4gare. Med hj\u00e4lp av generalfullmakten kommer vi att avsluta bolagets bankkonton och andra engagemang som exempelvis bankgiron.<\/p>\n\n\n\n<p>Vi h\u00e5ller ocks\u00e5 extra bolagsst\u00e4mma d\u00e4r vi byter ut bolagets namn, funktion\u00e4rer och revisor samt inleder avvecklingsprocessen. Vi skickar in \u00e4ndring av bolagets styrelse, namn och adress till Bolagsverket. S\u00e5 fort \u00e4ndringen godk\u00e4nts hos Bolagsverket \u00f6vers\u00e4nder vi registreringsbevis till er som bekr\u00e4ftelse p\u00e5 \u00e4ndringen.<\/p>\n\n\n\n<p>N\u00e4r \u00e4ndringen registrerats hos Bolagsverket kommer vi f\u00e5 tillg\u00e5ng till Skatteverkets e-tj\u00e4nster och tidigare deklarationsombud avregistreras. Vi kommer \u00e4ven att skicka en skalbolagsdeklaration till Skatteverket.<\/p>\n\n\n\n<p>Allt \u00e4r nu klart fr\u00e5n er sida, men notera att det kan dr\u00f6ja ett litet tag innan alla adressregister har uppdaterats s\u00e5 efters\u00e4nd g\u00e4rna all post till oss.<\/p>\n\n\n\n<h3 class=\"wp-block-heading\"><strong>Definitioner<\/strong><\/h3>\n\n\n\n<p><u>Aktiebok<\/u> \u2013 En f\u00f6rteckning \u00f6ver bolagets aktier och aktie\u00e4gare som enligt lag \u00e4r obligatorisk f\u00f6r aktiebolag att ha. Denna beh\u00f6ver vara korrekt uppdaterad.&nbsp;<\/p>\n\n\n\n<p><u>Aktiebrev<\/u> \u2013 En frivillig v\u00e4rdehandling som bevisar att en privatperson eller ett f\u00f6retag har andelsr\u00e4tt i ett aktiebolag<\/p>\n\n\n\n<p><u>Aktuellt saldobesked p\u00e5 bolagets bankkonto<\/u> \u2013 En kvittens, ett kontobesked eller exempelvis en sk\u00e4rmdump fr\u00e5n internetbanken som tydligt visar clearing- och kontonummer, saldo p\u00e5 kontot, datum och att bolaget som ska snabbavvecklas \u00e4r kontohavare (bolagets namn och org.nummer ska framg\u00e5)<\/p>\n\n\n\n<p><u>Avtalsdagen<\/u> \u2013 Dagen d\u00e5 avtal uppr\u00e4ttats<\/p>\n\n\n\n<p><u>Bestyrkt kopia av ID-handling<\/u> \u2013 En scannad kopia av ID-handling som n\u00e5gon bekr\u00e4ftat \u00f6verensst\u00e4mmer med originalet av ID-handlingen. Texten kan till exempel lyda enligt f\u00f6ljande: \u201dJag intygar att denna kopia \u00f6verensst\u00e4mmer med originalet\u201d, d\u00e4refter ska personen som bestyrkt skriva sitt telefonnummer och namn samt signera. ID-handlingar beh\u00f6ver var giltigt och ingen del av handlingen f\u00e5r skymmas. ID-handling beh\u00f6vs ej f\u00f6r de som signerar med BankID.<\/p>\n\n\n\n<p><u>Deklarationskopia<\/u> \u2013 En kopia av den deklaration som bolaget skickat in till Skatteverket avseende senaste bokslutsperiod. Beh\u00f6ver inneh\u00e5lla samtliga sidor av deklarationen.<\/p>\n\n\n\n<p><u>Huvudbok<\/u> \u2013 En \u00f6versikt \u00f6ver f\u00f6retagets alla konton och h\u00e4ndelser som \u00e4r systematiskt organiserad i kontonummerordning.<\/p>\n\n\n\n<p><u>Kvittens KU<\/u> \u2013 Ett kvitto som visar att kontrolluppgift g\u00e4llande utdelning inl\u00e4mnats till Skatteverket<\/p>\n\n\n\n<p><u>Kontobevis<\/u> \u2013 En handling som styrker att s\u00e4ljaren faktiskt \u00e4r kontohavare f\u00f6r kontot vi kommer \u00f6verf\u00f6ra k\u00f6peskillingen till. Det kan vara ett kontobesked eller exempelvis en sk\u00e4rmdump fr\u00e5n internetbanken som tydligt visar clearing- och kontonummer samt s\u00e4ljarens namn.<\/p>\n\n\n\n<p><u>K\u00f6peskilling<\/u> \u2013 Summan Bolagsstiftarna erl\u00e4gger f\u00f6r bolaget som ska avvecklas<\/p>\n\n\n\n<p><u>SIE-fil<\/u> \u2013 SIE-formatet \u00e4r ett standardiserat filformat f\u00f6r att \u00f6verf\u00f6ra redovisningsdata mellan programvaror av olika fabrikat. Brukar motsvara\/inneh\u00e5lla huvudbok och verifikationslista<\/p>\n\n\n\n<p><u>Tilltr\u00e4desdagen<\/u> \u2013 Dagen d\u00e5 aktierna \u00f6verl\u00e5tes\/k\u00f6peskilling \u00f6verf\u00f6rs<\/p>\n\n\n\n<p><u>Verifikation<\/u> \u2013 En verifikation \u00e4r ett underlag f\u00f6r poster i bokf\u00f6ringen. Det \u00e4r ett skriftligt dokument, till exempel ett kvitto, en faktura, ett skuldebrev, ett kontoutdrag eller ett annat underlag som visar att en aff\u00e4rsh\u00e4ndelse intr\u00e4ffat och vad den avser.<\/p>\n\n\n\n<p><u>Verifikationslista<\/u> \u2013 En listad f\u00f6rteckning i kronologisk ordning \u00f6ver bolagets alla aff\u00e4rsh\u00e4ndelser och transaktioner.&nbsp;<\/p>\n\n\n\n<p><u>\u00c5rets bolagsst\u00e4mmoprotokoll<\/u> \u2013 En skriftlig redog\u00f6relse av vad som h\u00e4nt rent formellt p\u00e5 en bolagsst\u00e4mma och ska s\u00e4rskilt informera om de materiella beslut som fattats p\u00e5 st\u00e4mman.<\/p>\n<\/div>\n<\/div>","protected":false},"excerpt":{"rendered":"<p>Snabbavveckling Snabbavveckling \u00e4r en form av avveckling som \u00e4r betydligt enklare, snabbare och m\u00e5nga g\u00e5nger mer kostnadseffektiv \u00e4n en traditionell likvidation. En likvidation kr\u00e4ver att man utser likvidator d\u00e4r [&hellip;]<\/p>\n","protected":false},"author":409,"featured_media":0,"parent":0,"menu_order":0,"comment_status":"closed","ping_status":"closed","template":"","meta":{"_acf_changed":false,"inline_featured_image":false,"footnotes":""},"class_list":["post-2166","page","type-page","status-publish","hentry"],"acf":[],"yoast_head":"<!-- This site is optimized with the Yoast SEO plugin v27.3 - https:\/\/yoast.com\/product\/yoast-seo-wordpress\/ -->\n<title>Info Snabbavveckling - Bolagsstiftarna<\/title>\n<meta name=\"robots\" content=\"index, follow, max-snippet:-1, max-image-preview:large, max-video-preview:-1\" \/>\n<link rel=\"canonical\" href=\"https:\/\/www.bolagsstiftarna.se\/en\/info-snabbavveckling\/\" \/>\n<meta property=\"og:locale\" content=\"en_US\" \/>\n<meta property=\"og:type\" content=\"article\" \/>\n<meta property=\"og:title\" content=\"Info Snabbavveckling - Bolagsstiftarna\" \/>\n<meta property=\"og:description\" content=\"Snabbavveckling Snabbavveckling \u00e4r en form av avveckling som \u00e4r betydligt enklare, snabbare och m\u00e5nga g\u00e5nger mer kostnadseffektiv \u00e4n en traditionell likvidation. En likvidation kr\u00e4ver att man utser likvidator d\u00e4r [&hellip;]\" \/>\n<meta property=\"og:url\" content=\"https:\/\/www.bolagsstiftarna.se\/en\/info-snabbavveckling\/\" \/>\n<meta property=\"og:site_name\" content=\"Bolagsstiftarna\" \/>\n<meta property=\"article:modified_time\" content=\"2024-11-11T09:42:13+00:00\" \/>\n<meta name=\"twitter:card\" content=\"summary_large_image\" \/>\n<meta name=\"twitter:label1\" content=\"Est. reading time\" \/>\n\t<meta name=\"twitter:data1\" content=\"5 minutes\" \/>\n<script type=\"application\/ld+json\" class=\"yoast-schema-graph\">{\"@context\":\"https:\\\/\\\/schema.org\",\"@graph\":[{\"@type\":\"WebPage\",\"@id\":\"https:\\\/\\\/www.bolagsstiftarna.se\\\/info-snabbavveckling\\\/\",\"url\":\"https:\\\/\\\/www.bolagsstiftarna.se\\\/info-snabbavveckling\\\/\",\"name\":\"Info Snabbavveckling - Bolagsstiftarna\",\"isPartOf\":{\"@id\":\"https:\\\/\\\/www.bolagsstiftarna.se\\\/#website\"},\"datePublished\":\"2024-11-06T17:27:16+00:00\",\"dateModified\":\"2024-11-11T09:42:13+00:00\",\"breadcrumb\":{\"@id\":\"https:\\\/\\\/www.bolagsstiftarna.se\\\/info-snabbavveckling\\\/#breadcrumb\"},\"inLanguage\":\"en-US\",\"potentialAction\":[{\"@type\":\"ReadAction\",\"target\":[\"https:\\\/\\\/www.bolagsstiftarna.se\\\/info-snabbavveckling\\\/\"]}]},{\"@type\":\"BreadcrumbList\",\"@id\":\"https:\\\/\\\/www.bolagsstiftarna.se\\\/info-snabbavveckling\\\/#breadcrumb\",\"itemListElement\":[{\"@type\":\"ListItem\",\"position\":1,\"name\":\"Home\",\"item\":\"https:\\\/\\\/www.bolagsstiftarna.se\\\/\"},{\"@type\":\"ListItem\",\"position\":2,\"name\":\"Info Snabbavveckling\"}]},{\"@type\":\"WebSite\",\"@id\":\"https:\\\/\\\/www.bolagsstiftarna.se\\\/#website\",\"url\":\"https:\\\/\\\/www.bolagsstiftarna.se\\\/\",\"name\":\"Bolagsstiftarna\",\"description\":\"Lagerbolag &amp; Snabbavveckling\",\"publisher\":{\"@id\":\"https:\\\/\\\/www.bolagsstiftarna.se\\\/#organization\"},\"potentialAction\":[{\"@type\":\"SearchAction\",\"target\":{\"@type\":\"EntryPoint\",\"urlTemplate\":\"https:\\\/\\\/www.bolagsstiftarna.se\\\/?s={search_term_string}\"},\"query-input\":{\"@type\":\"PropertyValueSpecification\",\"valueRequired\":true,\"valueName\":\"search_term_string\"}}],\"inLanguage\":\"en-US\"},{\"@type\":\"Organization\",\"@id\":\"https:\\\/\\\/www.bolagsstiftarna.se\\\/#organization\",\"name\":\"Bolagsstiftarna AB\",\"url\":\"https:\\\/\\\/www.bolagsstiftarna.se\\\/\",\"logo\":{\"@type\":\"ImageObject\",\"inLanguage\":\"en-US\",\"@id\":\"https:\\\/\\\/www.bolagsstiftarna.se\\\/#\\\/schema\\\/logo\\\/image\\\/\",\"url\":\"https:\\\/\\\/d1i97327w94vhu.cloudfront.net\\\/wp-content\\\/uploads\\\/2020\\\/06\\\/25092025\\\/bolagsstiftarna-logo-315.png\",\"contentUrl\":\"https:\\\/\\\/d1i97327w94vhu.cloudfront.net\\\/wp-content\\\/uploads\\\/2020\\\/06\\\/25092025\\\/bolagsstiftarna-logo-315.png\",\"width\":315,\"height\":46,\"caption\":\"Bolagsstiftarna AB\"},\"image\":{\"@id\":\"https:\\\/\\\/www.bolagsstiftarna.se\\\/#\\\/schema\\\/logo\\\/image\\\/\"},\"sameAs\":[\"https:\\\/\\\/www.instagram.com\\\/bolagsstiftarna\\\/\",\"https:\\\/\\\/www.linkedin.com\\\/company\\\/bolagsstiftarna-ab?trk=tyah&amp;amp;trkInfo=tarId:1408967681730,tas:bolagsstif,idx:1-1-1\"]}]}<\/script>\n<!-- \/ Yoast SEO plugin. -->","yoast_head_json":{"title":"Info Snabbavveckling - Bolagsstiftarna","robots":{"index":"index","follow":"follow","max-snippet":"max-snippet:-1","max-image-preview":"max-image-preview:large","max-video-preview":"max-video-preview:-1"},"canonical":"https:\/\/www.bolagsstiftarna.se\/en\/info-snabbavveckling\/","og_locale":"en_US","og_type":"article","og_title":"Info Snabbavveckling - Bolagsstiftarna","og_description":"Snabbavveckling Snabbavveckling \u00e4r en form av avveckling som \u00e4r betydligt enklare, snabbare och m\u00e5nga g\u00e5nger mer kostnadseffektiv \u00e4n en traditionell likvidation. En likvidation kr\u00e4ver att man utser likvidator d\u00e4r [&hellip;]","og_url":"https:\/\/www.bolagsstiftarna.se\/en\/info-snabbavveckling\/","og_site_name":"Bolagsstiftarna","article_modified_time":"2024-11-11T09:42:13+00:00","twitter_card":"summary_large_image","twitter_misc":{"Est. reading time":"5 minutes"},"schema":{"@context":"https:\/\/schema.org","@graph":[{"@type":"WebPage","@id":"https:\/\/www.bolagsstiftarna.se\/info-snabbavveckling\/","url":"https:\/\/www.bolagsstiftarna.se\/info-snabbavveckling\/","name":"Info Snabbavveckling - Bolagsstiftarna","isPartOf":{"@id":"https:\/\/www.bolagsstiftarna.se\/#website"},"datePublished":"2024-11-06T17:27:16+00:00","dateModified":"2024-11-11T09:42:13+00:00","breadcrumb":{"@id":"https:\/\/www.bolagsstiftarna.se\/info-snabbavveckling\/#breadcrumb"},"inLanguage":"en-US","potentialAction":[{"@type":"ReadAction","target":["https:\/\/www.bolagsstiftarna.se\/info-snabbavveckling\/"]}]},{"@type":"BreadcrumbList","@id":"https:\/\/www.bolagsstiftarna.se\/info-snabbavveckling\/#breadcrumb","itemListElement":[{"@type":"ListItem","position":1,"name":"Home","item":"https:\/\/www.bolagsstiftarna.se\/"},{"@type":"ListItem","position":2,"name":"Info Snabbavveckling"}]},{"@type":"WebSite","@id":"https:\/\/www.bolagsstiftarna.se\/#website","url":"https:\/\/www.bolagsstiftarna.se\/","name":"Bolagsstiftarna","description":"Lagerbolag &amp; Snabbavveckling","publisher":{"@id":"https:\/\/www.bolagsstiftarna.se\/#organization"},"potentialAction":[{"@type":"SearchAction","target":{"@type":"EntryPoint","urlTemplate":"https:\/\/www.bolagsstiftarna.se\/?s={search_term_string}"},"query-input":{"@type":"PropertyValueSpecification","valueRequired":true,"valueName":"search_term_string"}}],"inLanguage":"en-US"},{"@type":"Organization","@id":"https:\/\/www.bolagsstiftarna.se\/#organization","name":"Bolagsstiftarna AB","url":"https:\/\/www.bolagsstiftarna.se\/","logo":{"@type":"ImageObject","inLanguage":"en-US","@id":"https:\/\/www.bolagsstiftarna.se\/#\/schema\/logo\/image\/","url":"https:\/\/d1i97327w94vhu.cloudfront.net\/wp-content\/uploads\/2020\/06\/25092025\/bolagsstiftarna-logo-315.png","contentUrl":"https:\/\/d1i97327w94vhu.cloudfront.net\/wp-content\/uploads\/2020\/06\/25092025\/bolagsstiftarna-logo-315.png","width":315,"height":46,"caption":"Bolagsstiftarna AB"},"image":{"@id":"https:\/\/www.bolagsstiftarna.se\/#\/schema\/logo\/image\/"},"sameAs":["https:\/\/www.instagram.com\/bolagsstiftarna\/","https:\/\/www.linkedin.com\/company\/bolagsstiftarna-ab?trk=tyah&amp;amp;trkInfo=tarId:1408967681730,tas:bolagsstif,idx:1-1-1"]}]}},"_links":{"self":[{"href":"https:\/\/www.bolagsstiftarna.se\/en\/wp-json\/wp\/v2\/pages\/2166","targetHints":{"allow":["GET"]}}],"collection":[{"href":"https:\/\/www.bolagsstiftarna.se\/en\/wp-json\/wp\/v2\/pages"}],"about":[{"href":"https:\/\/www.bolagsstiftarna.se\/en\/wp-json\/wp\/v2\/types\/page"}],"author":[{"embeddable":true,"href":"https:\/\/www.bolagsstiftarna.se\/en\/wp-json\/wp\/v2\/users\/409"}],"replies":[{"embeddable":true,"href":"https:\/\/www.bolagsstiftarna.se\/en\/wp-json\/wp\/v2\/comments?post=2166"}],"version-history":[{"count":8,"href":"https:\/\/www.bolagsstiftarna.se\/en\/wp-json\/wp\/v2\/pages\/2166\/revisions"}],"predecessor-version":[{"id":2177,"href":"https:\/\/www.bolagsstiftarna.se\/en\/wp-json\/wp\/v2\/pages\/2166\/revisions\/2177"}],"wp:attachment":[{"href":"https:\/\/www.bolagsstiftarna.se\/en\/wp-json\/wp\/v2\/media?parent=2166"}],"curies":[{"name":"wp","href":"https:\/\/api.w.org\/{rel}","templated":true}]}}