{"id":217,"date":"2020-06-22T10:42:32","date_gmt":"2020-06-22T10:42:32","guid":{"rendered":"http:\/\/www.bs.lk\/?page_id=217"},"modified":"2020-06-30T14:48:14","modified_gmt":"2020-06-30T14:48:14","slug":"kapitalarenden","status":"publish","type":"page","link":"https:\/\/www.bolagsstiftarna.se\/en\/ovriga-tjanster\/kapitalarenden\/","title":{"rendered":"Kapital\u00e4renden"},"content":{"rendered":"<h2 class=\"wp-block-heading\">Kapital\u00e4renden<\/h2>\n\n\n\n<p>Vi uppr\u00e4ttar \u00e4ndringshandlingar efter dina instruktioner f\u00f6r m\u00e4ngder av olika kapital\u00e4renden och sk\u00f6ter d\u00e5 all korrespondens med Bolagsverket.<\/p>\n\n\n\n<p>Exempel p\u00e5 \u00e4renden kan vara: emission, emission med \u00f6verkurs, minskning av aktiekapital, utgivande och konvertering av konvertibler samt split eller sammanl\u00e4ggning av aktier.<\/p>\n\n\n\n<h5 class=\"wp-block-heading\"><strong>Nyemission<\/strong><\/h5>\n\n\n\n<p>Nyemission inneb\u00e4r att ett aktiebolag ger ut nya aktier mot betalning. Nyemission kan g\u00f6ras bland annat f\u00f6r att finansiera investeringar eller expansion, l\u00e4ttare f\u00e5 l\u00e5na pengar, l\u00f6sa problem med likviditeten eller motsvara de krav som st\u00e4lls inf\u00f6r en b\u00f6rsintroduktion.<\/p>\n\n\n\n<h5 class=\"wp-block-heading\"><strong>Minskning av aktiekapital<\/strong><\/h5>\n\n\n\n<p>Det finns olika anledningar till att minska aktiekapitalet i ett aktiebolag. En orsak till minskning kan vara att aktiebolaget uppvisar f\u00f6rlust eller att en aktie\u00e4gare vill l\u00f6sas ut ur f\u00f6retaget och d\u00e4rmed l\u00f6ser in sina aktier mot betalning.<\/p>\n\n\n\n<h5 class=\"wp-block-heading\"><strong>Fondemission<\/strong><\/h5>\n\n\n\n<p>En fondemission \u00e4r en bokf\u00f6ringstransaktion och inneb\u00e4r att medel som redan finns i bolaget \u00f6verf\u00f6rs till aktiekapitalet, antingen fritt fr\u00e5n eget kapital, bundna fonder eller medel som f\u00e5s genom uppskrivning av det bokf\u00f6rda v\u00e4rdet p\u00e5 en anl\u00e4ggningstillg\u00e5ng.<\/p>\n\n\n\n<h5 class=\"wp-block-heading\"><strong>Konvertibler<\/strong><\/h5>\n\n\n\n<p>Ett s\u00e4tt att \u00f6ka ett bolags aktiekapital \u00e4r att besluta om att ge ut konvertibler, som \u00e4r en skuldf\u00f6rbindelse som ges ut av aktiebolag mot betalning. Konvertibeln ger innehavaren r\u00e4tt eller skyldighet att helt eller delvis byta sin fordran mot aktier i bolaget. Detta kallas konvertering.<\/p>\n\n\n\n<p>En anledning till att \u00f6ka aktiekapitalet genom att ge ut konvertibler kan vara att bolaget vill kunna erbjuda exempelvis ledningen en m\u00f6jlighet att bli aktie\u00e4gare p\u00e5 ett s\u00e4tt som \u00e4r f\u00f6rm\u00e5nligt f\u00f6r alla inblandade parter.<\/p>\n\n\n\n<h5 class=\"wp-block-heading\"><strong>Teckningsoptioner<\/strong><\/h5>\n\n\n\n<p>En teckningsoption \u00e4r ett v\u00e4rdepapper som ger innehavaren r\u00e4tt att i framtiden teckna sig f\u00f6r nya aktier i bolaget mot betalning i pengar.<\/p>\n\n\n\n<p>\u00d6kning av aktiekapitalet med st\u00f6d av teckningsoptioner genomf\u00f6rs i tv\u00e5 steg;<\/p>\n\n\n\n<ul class=\"wp-block-list\"><li>F\u00f6rst skall utgivandet av teckningsoptionen registreras, detta f\u00f6r\u00e4ndrar inte aktiekapitalet.<\/li><li>Om\/n\u00e4r innehavaren av teckningsoptionen sedan v\u00e4ljer att utnyttja sin teckningsoption, anm\u00e4ls och registreras aktieteckningen. F\u00f6rst i detta skede h\u00f6js aktiekapitalet i aktiebolaget.<\/li><\/ul>\n\n\n\n<p>Att \u00f6ka aktiekapitalet genom beslut om emission av teckningsoptioner kan exempelvis ge bolaget m\u00f6jlighet att l\u00e5na pengar till en l\u00e4gre r\u00e4nta \u00e4n vid ett vanligt l\u00e5n (g\u00e4ller i de fall optionerna \u00e4r knutna till en skuldf\u00f6rbindelse).<\/p>\n\n\n\n<p>Vid funderingar eller fr\u00e5gor kring kapital\u00e4renden kontakta oss g\u00e4rna via mail, telefon eller via v\u00e5r chat som \u00e4r \u00f6ppen dygnet runt under \u00e5rets alla dagar.<\/p>\n\n\n\n<p>Har du fr\u00e5gor kring varum\u00e4rken eller n\u00e5got annat omr\u00e5de kontakta oss g\u00e4rna via mail, telefon eller via v\u00e5r chat som \u00e4r \u00f6ppen dygnet runt under \u00e5rets alla dagar.<\/p>","protected":false},"excerpt":{"rendered":"<p>Kapital\u00e4renden Vi uppr\u00e4ttar \u00e4ndringshandlingar efter dina instruktioner f\u00f6r m\u00e4ngder av olika kapital\u00e4renden och sk\u00f6ter d\u00e5 all korrespondens med Bolagsverket. Exempel p\u00e5 \u00e4renden kan vara: emission, emission med \u00f6verkurs, minskning [&hellip;]<\/p>\n","protected":false},"author":1,"featured_media":0,"parent":13,"menu_order":0,"comment_status":"closed","ping_status":"closed","template":"pages\/template-other-services.php","meta":{"_acf_changed":false,"inline_featured_image":false,"footnotes":""},"class_list":["post-217","page","type-page","status-publish","hentry"],"acf":[],"yoast_head":"<!-- This site is optimized with the Yoast SEO plugin v27.3 - https:\/\/yoast.com\/product\/yoast-seo-wordpress\/ -->\n<title>Kapital\u00e4renden - Bolagsstiftarna<\/title>\n<meta name=\"robots\" content=\"index, follow, max-snippet:-1, max-image-preview:large, max-video-preview:-1\" \/>\n<link rel=\"canonical\" href=\"https:\/\/www.bolagsstiftarna.se\/en\/ovriga-tjanster\/kapitalarenden\/\" \/>\n<meta property=\"og:locale\" content=\"en_US\" \/>\n<meta property=\"og:type\" content=\"article\" \/>\n<meta property=\"og:title\" content=\"Kapital\u00e4renden - Bolagsstiftarna\" \/>\n<meta property=\"og:description\" content=\"Kapital\u00e4renden Vi uppr\u00e4ttar \u00e4ndringshandlingar efter dina instruktioner f\u00f6r m\u00e4ngder av olika kapital\u00e4renden och sk\u00f6ter d\u00e5 all korrespondens med Bolagsverket. Exempel p\u00e5 \u00e4renden kan vara: emission, emission med \u00f6verkurs, minskning [&hellip;]\" \/>\n<meta property=\"og:url\" content=\"https:\/\/www.bolagsstiftarna.se\/en\/ovriga-tjanster\/kapitalarenden\/\" \/>\n<meta property=\"og:site_name\" content=\"Bolagsstiftarna\" \/>\n<meta property=\"article:modified_time\" content=\"2020-06-30T14:48:14+00:00\" \/>\n<meta name=\"twitter:card\" content=\"summary_large_image\" \/>\n<meta name=\"twitter:label1\" content=\"Est. reading time\" \/>\n\t<meta name=\"twitter:data1\" content=\"2 minutes\" \/>\n<script type=\"application\/ld+json\" class=\"yoast-schema-graph\">{\"@context\":\"https:\\\/\\\/schema.org\",\"@graph\":[{\"@type\":\"WebPage\",\"@id\":\"https:\\\/\\\/www.bolagsstiftarna.se\\\/ovriga-tjanster\\\/kapitalarenden\\\/\",\"url\":\"https:\\\/\\\/www.bolagsstiftarna.se\\\/ovriga-tjanster\\\/kapitalarenden\\\/\",\"name\":\"Kapital\u00e4renden - Bolagsstiftarna\",\"isPartOf\":{\"@id\":\"https:\\\/\\\/www.bolagsstiftarna.se\\\/#website\"},\"datePublished\":\"2020-06-22T10:42:32+00:00\",\"dateModified\":\"2020-06-30T14:48:14+00:00\",\"breadcrumb\":{\"@id\":\"https:\\\/\\\/www.bolagsstiftarna.se\\\/ovriga-tjanster\\\/kapitalarenden\\\/#breadcrumb\"},\"inLanguage\":\"en-US\",\"potentialAction\":[{\"@type\":\"ReadAction\",\"target\":[\"https:\\\/\\\/www.bolagsstiftarna.se\\\/ovriga-tjanster\\\/kapitalarenden\\\/\"]}]},{\"@type\":\"BreadcrumbList\",\"@id\":\"https:\\\/\\\/www.bolagsstiftarna.se\\\/ovriga-tjanster\\\/kapitalarenden\\\/#breadcrumb\",\"itemListElement\":[{\"@type\":\"ListItem\",\"position\":1,\"name\":\"Home\",\"item\":\"https:\\\/\\\/www.bolagsstiftarna.se\\\/\"},{\"@type\":\"ListItem\",\"position\":2,\"name\":\"\u00d6vriga tj\u00e4nster\",\"item\":\"https:\\\/\\\/www.bolagsstiftarna.se\\\/ovriga-tjanster\\\/\"},{\"@type\":\"ListItem\",\"position\":3,\"name\":\"Kapital\u00e4renden\"}]},{\"@type\":\"WebSite\",\"@id\":\"https:\\\/\\\/www.bolagsstiftarna.se\\\/#website\",\"url\":\"https:\\\/\\\/www.bolagsstiftarna.se\\\/\",\"name\":\"Bolagsstiftarna\",\"description\":\"Lagerbolag &amp; Snabbavveckling\",\"publisher\":{\"@id\":\"https:\\\/\\\/www.bolagsstiftarna.se\\\/#organization\"},\"potentialAction\":[{\"@type\":\"SearchAction\",\"target\":{\"@type\":\"EntryPoint\",\"urlTemplate\":\"https:\\\/\\\/www.bolagsstiftarna.se\\\/?s={search_term_string}\"},\"query-input\":{\"@type\":\"PropertyValueSpecification\",\"valueRequired\":true,\"valueName\":\"search_term_string\"}}],\"inLanguage\":\"en-US\"},{\"@type\":\"Organization\",\"@id\":\"https:\\\/\\\/www.bolagsstiftarna.se\\\/#organization\",\"name\":\"Bolagsstiftarna AB\",\"url\":\"https:\\\/\\\/www.bolagsstiftarna.se\\\/\",\"logo\":{\"@type\":\"ImageObject\",\"inLanguage\":\"en-US\",\"@id\":\"https:\\\/\\\/www.bolagsstiftarna.se\\\/#\\\/schema\\\/logo\\\/image\\\/\",\"url\":\"https:\\\/\\\/d1i97327w94vhu.cloudfront.net\\\/wp-content\\\/uploads\\\/2020\\\/06\\\/25092025\\\/bolagsstiftarna-logo-315.png\",\"contentUrl\":\"https:\\\/\\\/d1i97327w94vhu.cloudfront.net\\\/wp-content\\\/uploads\\\/2020\\\/06\\\/25092025\\\/bolagsstiftarna-logo-315.png\",\"width\":315,\"height\":46,\"caption\":\"Bolagsstiftarna AB\"},\"image\":{\"@id\":\"https:\\\/\\\/www.bolagsstiftarna.se\\\/#\\\/schema\\\/logo\\\/image\\\/\"},\"sameAs\":[\"https:\\\/\\\/www.instagram.com\\\/bolagsstiftarna\\\/\",\"https:\\\/\\\/www.linkedin.com\\\/company\\\/bolagsstiftarna-ab?trk=tyah&amp;amp;trkInfo=tarId:1408967681730,tas:bolagsstif,idx:1-1-1\"]}]}<\/script>\n<!-- \/ Yoast SEO plugin. -->","yoast_head_json":{"title":"Kapital\u00e4renden - Bolagsstiftarna","robots":{"index":"index","follow":"follow","max-snippet":"max-snippet:-1","max-image-preview":"max-image-preview:large","max-video-preview":"max-video-preview:-1"},"canonical":"https:\/\/www.bolagsstiftarna.se\/en\/ovriga-tjanster\/kapitalarenden\/","og_locale":"en_US","og_type":"article","og_title":"Kapital\u00e4renden - Bolagsstiftarna","og_description":"Kapital\u00e4renden Vi uppr\u00e4ttar \u00e4ndringshandlingar efter dina instruktioner f\u00f6r m\u00e4ngder av olika kapital\u00e4renden och sk\u00f6ter d\u00e5 all korrespondens med Bolagsverket. Exempel p\u00e5 \u00e4renden kan vara: emission, emission med \u00f6verkurs, minskning [&hellip;]","og_url":"https:\/\/www.bolagsstiftarna.se\/en\/ovriga-tjanster\/kapitalarenden\/","og_site_name":"Bolagsstiftarna","article_modified_time":"2020-06-30T14:48:14+00:00","twitter_card":"summary_large_image","twitter_misc":{"Est. reading time":"2 minutes"},"schema":{"@context":"https:\/\/schema.org","@graph":[{"@type":"WebPage","@id":"https:\/\/www.bolagsstiftarna.se\/ovriga-tjanster\/kapitalarenden\/","url":"https:\/\/www.bolagsstiftarna.se\/ovriga-tjanster\/kapitalarenden\/","name":"Kapital\u00e4renden - Bolagsstiftarna","isPartOf":{"@id":"https:\/\/www.bolagsstiftarna.se\/#website"},"datePublished":"2020-06-22T10:42:32+00:00","dateModified":"2020-06-30T14:48:14+00:00","breadcrumb":{"@id":"https:\/\/www.bolagsstiftarna.se\/ovriga-tjanster\/kapitalarenden\/#breadcrumb"},"inLanguage":"en-US","potentialAction":[{"@type":"ReadAction","target":["https:\/\/www.bolagsstiftarna.se\/ovriga-tjanster\/kapitalarenden\/"]}]},{"@type":"BreadcrumbList","@id":"https:\/\/www.bolagsstiftarna.se\/ovriga-tjanster\/kapitalarenden\/#breadcrumb","itemListElement":[{"@type":"ListItem","position":1,"name":"Home","item":"https:\/\/www.bolagsstiftarna.se\/"},{"@type":"ListItem","position":2,"name":"\u00d6vriga tj\u00e4nster","item":"https:\/\/www.bolagsstiftarna.se\/ovriga-tjanster\/"},{"@type":"ListItem","position":3,"name":"Kapital\u00e4renden"}]},{"@type":"WebSite","@id":"https:\/\/www.bolagsstiftarna.se\/#website","url":"https:\/\/www.bolagsstiftarna.se\/","name":"Bolagsstiftarna","description":"Lagerbolag &amp; Snabbavveckling","publisher":{"@id":"https:\/\/www.bolagsstiftarna.se\/#organization"},"potentialAction":[{"@type":"SearchAction","target":{"@type":"EntryPoint","urlTemplate":"https:\/\/www.bolagsstiftarna.se\/?s={search_term_string}"},"query-input":{"@type":"PropertyValueSpecification","valueRequired":true,"valueName":"search_term_string"}}],"inLanguage":"en-US"},{"@type":"Organization","@id":"https:\/\/www.bolagsstiftarna.se\/#organization","name":"Bolagsstiftarna AB","url":"https:\/\/www.bolagsstiftarna.se\/","logo":{"@type":"ImageObject","inLanguage":"en-US","@id":"https:\/\/www.bolagsstiftarna.se\/#\/schema\/logo\/image\/","url":"https:\/\/d1i97327w94vhu.cloudfront.net\/wp-content\/uploads\/2020\/06\/25092025\/bolagsstiftarna-logo-315.png","contentUrl":"https:\/\/d1i97327w94vhu.cloudfront.net\/wp-content\/uploads\/2020\/06\/25092025\/bolagsstiftarna-logo-315.png","width":315,"height":46,"caption":"Bolagsstiftarna AB"},"image":{"@id":"https:\/\/www.bolagsstiftarna.se\/#\/schema\/logo\/image\/"},"sameAs":["https:\/\/www.instagram.com\/bolagsstiftarna\/","https:\/\/www.linkedin.com\/company\/bolagsstiftarna-ab?trk=tyah&amp;amp;trkInfo=tarId:1408967681730,tas:bolagsstif,idx:1-1-1"]}]}},"_links":{"self":[{"href":"https:\/\/www.bolagsstiftarna.se\/en\/wp-json\/wp\/v2\/pages\/217","targetHints":{"allow":["GET"]}}],"collection":[{"href":"https:\/\/www.bolagsstiftarna.se\/en\/wp-json\/wp\/v2\/pages"}],"about":[{"href":"https:\/\/www.bolagsstiftarna.se\/en\/wp-json\/wp\/v2\/types\/page"}],"author":[{"embeddable":true,"href":"https:\/\/www.bolagsstiftarna.se\/en\/wp-json\/wp\/v2\/users\/1"}],"replies":[{"embeddable":true,"href":"https:\/\/www.bolagsstiftarna.se\/en\/wp-json\/wp\/v2\/comments?post=217"}],"version-history":[{"count":8,"href":"https:\/\/www.bolagsstiftarna.se\/en\/wp-json\/wp\/v2\/pages\/217\/revisions"}],"predecessor-version":[{"id":722,"href":"https:\/\/www.bolagsstiftarna.se\/en\/wp-json\/wp\/v2\/pages\/217\/revisions\/722"}],"up":[{"embeddable":true,"href":"https:\/\/www.bolagsstiftarna.se\/en\/wp-json\/wp\/v2\/pages\/13"}],"wp:attachment":[{"href":"https:\/\/www.bolagsstiftarna.se\/en\/wp-json\/wp\/v2\/media?parent=217"}],"curies":[{"name":"wp","href":"https:\/\/api.w.org\/{rel}","templated":true}]}}