{"id":220,"date":"2020-06-22T10:43:00","date_gmt":"2020-06-22T10:43:00","guid":{"rendered":"http:\/\/www.bs.lk\/?page_id=220"},"modified":"2021-09-09T06:32:40","modified_gmt":"2021-09-09T06:32:40","slug":"delning","status":"publish","type":"page","link":"https:\/\/www.bolagsstiftarna.se\/en\/ovriga-tjanster\/delning\/","title":{"rendered":"Delning"},"content":{"rendered":"<h2 class=\"wp-block-heading\" id=\"h-delning\">Delning<\/h2>\n\n\n\n<p>Delning (Fission) inneb\u00e4r att ett aktiebolags tillg\u00e5ngar och skulder helt eller delvis tas \u00f6ver av ett eller flera aktiebolag.<\/p>\n\n\n\n<p>Nedan kommer en kort beskrivning av hur en delning kan g\u00e5 till: &nbsp;<\/p>\n\n\n\n<ol class=\"wp-block-list\" type=\"1\"><li><strong>Anm\u00e4lan registrering av delningsplan:<\/strong><\/li><\/ol>\n\n\n\n<p>Styrelsen i respektive bolag som ska delta i delningen uppr\u00e4ttar en <em>gemensam delningsplan<\/em> som ska anm\u00e4las till Bolagsverket.<\/p>\n\n\n\n<p><em>Inom en m\u00e5nad fr\u00e5n det att delningsplanen uppr\u00e4ttades (undertecknades och daterades) ska det \u00f6verl\u00e5tande aktiebolaget anm\u00e4la den f\u00f6r registrering till <\/em><em>Bolagsverket. <\/em><em><\/em><\/p>\n\n\n\n<p>Delningsplanen ska alltid registreras om<\/p>\n\n\n\n<ul class=\"wp-block-list\"><li>n\u00e5got av de deltagande aktiebolagen \u00e4r publikt<\/li><li>inte samtliga aktie\u00e4gare har undertecknat delningsplanen.<\/li><\/ul>\n\n\n\n<p>Styrelsen f\u00f6r deltagande bolag ska uppr\u00e4tta en gemensam delningsplan och denna ska inneh\u00e5lla de villkor som ska g\u00e4lla f\u00f6r delningen mellan bolagen. Planen \u00e4r ett f\u00f6rslag till bolagens \u00e4gare om att genomf\u00f6ra en delning. Aktie\u00e4garna m\u00e5ste godk\u00e4nna delningsplanen f\u00f6r att den ska g\u00e4lla.<\/p>\n\n\n\n<p>Delningsplanen ska vara daterad och underskriven av <em>minst h\u00e4lften av styrelseledam\u00f6terna<\/em> i samtliga deltagande aktiebolag.<\/p>\n\n\n\n<p>I delningsplanen ska det finnas en <strong>noggrann beskrivning av de tillg\u00e5ngar och skulder som ska f\u00f6ras \u00f6ver till vart och ett av de \u00f6vertagande aktiebolagen.<\/strong> Vid delning d\u00e4r en del av det \u00f6verl\u00e5tande aktiebolaget ska delas ska delningsplanen \u00e4ven inneh\u00e5lla uppgift om de tillg\u00e5ngar och skulder som ska finnas kvar i det \u00f6verl\u00e5tande aktiebolaget.<\/p>\n\n\n\n<p>Tillg\u00e5ngar och skulder ska anges till verkliga v\u00e4rden. Beskrivningen och v\u00e4rderingen av tillg\u00e5ngar och skulder har betydelse f\u00f6r det ansvar som de deltagande aktiebolagen har f\u00f6r det \u00f6verl\u00e5tande aktiebolagets skulder.<\/p>\n\n\n\n<p>F\u00f6ljande handlingar skall normalt skickas till Bolagsverket:<\/p>\n\n\n\n<ul class=\"wp-block-list\"><li>Anm\u00e4lan<\/li><li>Delningsplan \u2013 bestyrkt kopia<\/li><li>Revisorsyttrande<\/li><li>\u00c5rsredovisningar f\u00f6r senaste tre \u00e5r<\/li><li>Kompletterande ekonomisk information<\/li><\/ul>\n\n\n\n<ol class=\"wp-block-list\" type=\"1\" start=\"2\"><li><strong>Tillst\u00e5nd att verkst\u00e4lla:<\/strong><\/li><\/ol>\n\n\n\n<p>Det \u00f6verl\u00e5tande bolaget ans\u00f6ker om tillst\u00e5nd att verkst\u00e4lla delningen hos Bolagsverket.<\/p>\n\n\n\n<p>F\u00f6ljande handlingar skall normalt skickas till Bolagsverket:<\/p>\n\n\n\n<ul class=\"wp-block-list\"><li>Delningsplan \u2013 bestyrkt kopia<\/li><li>Intyg om att k\u00e4nda borgen\u00e4rer underr\u00e4ttats\u2013 bestyrkt kopia<\/li><li>F\u00f6rs\u00e4kran p\u00e5 heder och samvete om att delningen inte f\u00f6rbjudits enligt konkurrenslagen (2008:579) eller enligt r\u00e5dets f\u00f6rordning (EG) nr 139\/2004 om kontroll av f\u00f6retagskoncentrationer och att pr\u00f6vning av delningen inte p\u00e5g\u00e5r enligt ovan n\u00e4mnda best\u00e4mmelser &#8211; bestyrkt kopia<\/li><li>St\u00e4mmoprotokoll med beslut om att delningsplanen godk\u00e4nts.<\/li><\/ul>\n\n\n\n<p><em>N\u00e4r tillst\u00e5nd registrerats kallar Bolagsverket i Post &amp; inrikes ( 2 m\u00e5nader). &nbsp;&nbsp;&nbsp;&nbsp;&nbsp;&nbsp;&nbsp;&nbsp;&nbsp;<\/em><\/p>\n\n\n\n<ol class=\"wp-block-list\" type=\"1\" start=\"3\"><li><strong>Det eller de \u00f6vertagande bolagen anm\u00e4ler att delningen \u00e4r genomf\u00f6rd till Bolagsverket.<\/strong><\/li><\/ol>\n\n\n\n<p>F\u00f6ljande handlingar skall skickas till Bolagsverket:<\/p>\n\n\n\n<ul class=\"wp-block-list\"><li>Anm\u00e4lan<\/li><li>Intyg fr\u00e5n en auktoriserad eller godk\u00e4nd revisor om att det \u00f6verl\u00e5tande bolagets tillg\u00e5ngar har \u00f6verl\u00e4mnats till \u00f6vertagande bolag. Intyget ska vara i original.<\/li><\/ul>\n\n\n\n<p>Bolagsstiftarna hj\u00e4lper g\u00e4rna till med handlingarna som kr\u00e4vs f\u00f6r att registrera delningen p\u00e5 Bolagsverket. Nedan f\u00f6lje den information vi beh\u00f6ver. Viktigt \u00e4r att vi f\u00e5r en noggrann och exakt ber\u00e4kning av hur tillg\u00e5ngar och skulder ska f\u00f6rdelas mellan bolagen.<\/p>\n\n\n\n<p>Till Delningsplan:<\/p>\n\n\n\n<div class=\"wp-block-group\"><div class=\"wp-block-group__inner-container is-layout-flow wp-block-group-is-layout-flow\">\n<p id=\"h-f-retagsinformation-om-verl-tande-bolag\">F\u00f6retagsinformation om \u00f6verl\u00e5tande bolag<\/p>\n\n\n\n<p>Datum f\u00f6r delningsplanens uppr\u00e4ttande<\/p>\n\n\n\n<p>Uppgift om \u00e4gare till s\u00e5v\u00e4l \u00f6verl\u00e5tande som \u00f6vertagande bolag<\/p>\n\n\n\n<p>Anledning till delningen<\/p>\n\n\n\n<p>Information om huruvida \u00f6verl\u00e5tande bolag skall kvarst\u00e5 efter delning<\/p>\n<\/div><\/div>\n\n\n\n<ol class=\"wp-block-list\" type=\"1\" start=\"2\"><li>Kompletterande ekonomisk information &#8211; information (bestyrkt kopia) \u2013 g\u00e4ller privata aktiebolag som inte har registrerat delningsplanen. Detta g\u00e4ller om delningsplanen har uppr\u00e4ttats <strong>senare \u00e4n sex m\u00e5nader efter utg\u00e5ngen av det senaste r\u00e4kenskaps\u00e5r<\/strong> f\u00f6r vilket \u00e5rsredovisning och, n\u00e4r s\u00e5 kr\u00e4vs, revisionsber\u00e4ttelse har l\u00e4mnats. Uppgifterna ska omfatta tiden fr\u00e5n b\u00f6rjan av det nya r\u00e4kenskaps\u00e5ret och fram till en tidpunkt som infaller tidigast tre m\u00e5nader f\u00f6re den dag d\u00e5 delningsplanen \u00e4r daterad.<\/li><\/ol>\n\n\n\n<ol class=\"wp-block-list\" type=\"1\" start=\"3\"><li><strong>F\u00f6rdelning av tillg\u00e5ngar och skulder mellan bolagen (uppr\u00e4kning som vi antingen kan klistra in i delningsplanen eller ha som bilaga.) <\/strong><em><\/em><\/li><\/ol>\n\n\n\n<ol class=\"wp-block-list\" type=\"1\" start=\"4\"><li>Uppgift om Delningsvederlag<\/li><li>Planerad tidpunkt f\u00f6r delningens genomf\u00f6rande<\/li><li>V\u00e4rdepapper med s\u00e4rskilda r\u00e4ttigheter (Finns det innehavare av aktier, teckningsoptioner, konvertibler och andra v\u00e4rdepapper med s\u00e4rskilda r\u00e4ttigheter i det \u00f6verl\u00e5tande bolaget?)<\/li><li>Arvoden och s\u00e4rskilda f\u00f6rm\u00e5ner eller r\u00e4ttigheter<\/li><li>Kostnader f\u00f6r delningen (vem skall b\u00e4ra kostnaderna ?)<\/li><\/ol>\n\n\n\n<p>V\u00e5rt arvode f\u00f6r en delning \u00e4r ca 7.000:- j\u00e4mte moms. Bolagsverkets avgifter tillkommer, exempelvis 900 +900 +1100 (+ ytterligare 2.200 om det ska bildas ett nytt bolag i samband med delningen).<\/p>\n\n\n\n<p><em>I v\u00e5ra tj\u00e4nster ing\u00e5r att vi uppr\u00e4ttar de handlingar Bolagsverket beh\u00f6ver baserat p\u00e5 era uppgifter. Tj\u00e4nsten innefattar vidare inl\u00e4mnade av, av er godk\u00e4nda, handlingar till Bolagsverket samt korrespondens med Bolagsverket avseende dessa handlingar.<\/em><\/p>\n\n\n\n<p><em>Tj\u00e4nsten innefattar s\u00e5ledes inte n\u00e5gon r\u00e5dgivande del.<\/em><\/p>","protected":false},"excerpt":{"rendered":"<p>Delning Delning (Fission) inneb\u00e4r att ett aktiebolags tillg\u00e5ngar och skulder helt eller delvis tas \u00f6ver av ett eller flera aktiebolag. Nedan kommer en kort beskrivning av hur en delning [&hellip;]<\/p>\n","protected":false},"author":1,"featured_media":0,"parent":13,"menu_order":0,"comment_status":"closed","ping_status":"closed","template":"pages\/template-other-services.php","meta":{"_acf_changed":false,"inline_featured_image":false,"footnotes":""},"class_list":["post-220","page","type-page","status-publish","hentry"],"acf":[],"yoast_head":"<!-- This site is optimized with the Yoast SEO plugin v27.3 - https:\/\/yoast.com\/product\/yoast-seo-wordpress\/ -->\n<title>Delning - Bolagsstiftarna<\/title>\n<meta name=\"robots\" content=\"index, follow, max-snippet:-1, max-image-preview:large, max-video-preview:-1\" \/>\n<link rel=\"canonical\" href=\"https:\/\/www.bolagsstiftarna.se\/en\/ovriga-tjanster\/delning\/\" \/>\n<meta property=\"og:locale\" content=\"en_US\" \/>\n<meta property=\"og:type\" content=\"article\" \/>\n<meta property=\"og:title\" content=\"Delning - Bolagsstiftarna\" \/>\n<meta property=\"og:description\" content=\"Delning Delning (Fission) inneb\u00e4r att ett aktiebolags tillg\u00e5ngar och skulder helt eller delvis tas \u00f6ver av ett eller flera aktiebolag. Nedan kommer en kort beskrivning av hur en delning [&hellip;]\" \/>\n<meta property=\"og:url\" content=\"https:\/\/www.bolagsstiftarna.se\/en\/ovriga-tjanster\/delning\/\" \/>\n<meta property=\"og:site_name\" content=\"Bolagsstiftarna\" \/>\n<meta property=\"article:modified_time\" content=\"2021-09-09T06:32:40+00:00\" \/>\n<meta name=\"twitter:card\" content=\"summary_large_image\" \/>\n<meta name=\"twitter:label1\" content=\"Est. reading time\" \/>\n\t<meta name=\"twitter:data1\" content=\"3 minutes\" \/>\n<script type=\"application\/ld+json\" class=\"yoast-schema-graph\">{\"@context\":\"https:\\\/\\\/schema.org\",\"@graph\":[{\"@type\":\"WebPage\",\"@id\":\"https:\\\/\\\/www.bolagsstiftarna.se\\\/ovriga-tjanster\\\/delning\\\/\",\"url\":\"https:\\\/\\\/www.bolagsstiftarna.se\\\/ovriga-tjanster\\\/delning\\\/\",\"name\":\"Delning - Bolagsstiftarna\",\"isPartOf\":{\"@id\":\"https:\\\/\\\/www.bolagsstiftarna.se\\\/#website\"},\"datePublished\":\"2020-06-22T10:43:00+00:00\",\"dateModified\":\"2021-09-09T06:32:40+00:00\",\"breadcrumb\":{\"@id\":\"https:\\\/\\\/www.bolagsstiftarna.se\\\/ovriga-tjanster\\\/delning\\\/#breadcrumb\"},\"inLanguage\":\"en-US\",\"potentialAction\":[{\"@type\":\"ReadAction\",\"target\":[\"https:\\\/\\\/www.bolagsstiftarna.se\\\/ovriga-tjanster\\\/delning\\\/\"]}]},{\"@type\":\"BreadcrumbList\",\"@id\":\"https:\\\/\\\/www.bolagsstiftarna.se\\\/ovriga-tjanster\\\/delning\\\/#breadcrumb\",\"itemListElement\":[{\"@type\":\"ListItem\",\"position\":1,\"name\":\"Home\",\"item\":\"https:\\\/\\\/www.bolagsstiftarna.se\\\/\"},{\"@type\":\"ListItem\",\"position\":2,\"name\":\"\u00d6vriga tj\u00e4nster\",\"item\":\"https:\\\/\\\/www.bolagsstiftarna.se\\\/ovriga-tjanster\\\/\"},{\"@type\":\"ListItem\",\"position\":3,\"name\":\"Delning\"}]},{\"@type\":\"WebSite\",\"@id\":\"https:\\\/\\\/www.bolagsstiftarna.se\\\/#website\",\"url\":\"https:\\\/\\\/www.bolagsstiftarna.se\\\/\",\"name\":\"Bolagsstiftarna\",\"description\":\"Lagerbolag &amp; Snabbavveckling\",\"publisher\":{\"@id\":\"https:\\\/\\\/www.bolagsstiftarna.se\\\/#organization\"},\"potentialAction\":[{\"@type\":\"SearchAction\",\"target\":{\"@type\":\"EntryPoint\",\"urlTemplate\":\"https:\\\/\\\/www.bolagsstiftarna.se\\\/?s={search_term_string}\"},\"query-input\":{\"@type\":\"PropertyValueSpecification\",\"valueRequired\":true,\"valueName\":\"search_term_string\"}}],\"inLanguage\":\"en-US\"},{\"@type\":\"Organization\",\"@id\":\"https:\\\/\\\/www.bolagsstiftarna.se\\\/#organization\",\"name\":\"Bolagsstiftarna AB\",\"url\":\"https:\\\/\\\/www.bolagsstiftarna.se\\\/\",\"logo\":{\"@type\":\"ImageObject\",\"inLanguage\":\"en-US\",\"@id\":\"https:\\\/\\\/www.bolagsstiftarna.se\\\/#\\\/schema\\\/logo\\\/image\\\/\",\"url\":\"https:\\\/\\\/d1i97327w94vhu.cloudfront.net\\\/wp-content\\\/uploads\\\/2020\\\/06\\\/25092025\\\/bolagsstiftarna-logo-315.png\",\"contentUrl\":\"https:\\\/\\\/d1i97327w94vhu.cloudfront.net\\\/wp-content\\\/uploads\\\/2020\\\/06\\\/25092025\\\/bolagsstiftarna-logo-315.png\",\"width\":315,\"height\":46,\"caption\":\"Bolagsstiftarna AB\"},\"image\":{\"@id\":\"https:\\\/\\\/www.bolagsstiftarna.se\\\/#\\\/schema\\\/logo\\\/image\\\/\"},\"sameAs\":[\"https:\\\/\\\/www.instagram.com\\\/bolagsstiftarna\\\/\",\"https:\\\/\\\/www.linkedin.com\\\/company\\\/bolagsstiftarna-ab?trk=tyah&amp;amp;trkInfo=tarId:1408967681730,tas:bolagsstif,idx:1-1-1\"]}]}<\/script>\n<!-- \/ Yoast SEO plugin. -->","yoast_head_json":{"title":"Delning - Bolagsstiftarna","robots":{"index":"index","follow":"follow","max-snippet":"max-snippet:-1","max-image-preview":"max-image-preview:large","max-video-preview":"max-video-preview:-1"},"canonical":"https:\/\/www.bolagsstiftarna.se\/en\/ovriga-tjanster\/delning\/","og_locale":"en_US","og_type":"article","og_title":"Delning - Bolagsstiftarna","og_description":"Delning Delning (Fission) inneb\u00e4r att ett aktiebolags tillg\u00e5ngar och skulder helt eller delvis tas \u00f6ver av ett eller flera aktiebolag. Nedan kommer en kort beskrivning av hur en delning [&hellip;]","og_url":"https:\/\/www.bolagsstiftarna.se\/en\/ovriga-tjanster\/delning\/","og_site_name":"Bolagsstiftarna","article_modified_time":"2021-09-09T06:32:40+00:00","twitter_card":"summary_large_image","twitter_misc":{"Est. reading time":"3 minutes"},"schema":{"@context":"https:\/\/schema.org","@graph":[{"@type":"WebPage","@id":"https:\/\/www.bolagsstiftarna.se\/ovriga-tjanster\/delning\/","url":"https:\/\/www.bolagsstiftarna.se\/ovriga-tjanster\/delning\/","name":"Delning - Bolagsstiftarna","isPartOf":{"@id":"https:\/\/www.bolagsstiftarna.se\/#website"},"datePublished":"2020-06-22T10:43:00+00:00","dateModified":"2021-09-09T06:32:40+00:00","breadcrumb":{"@id":"https:\/\/www.bolagsstiftarna.se\/ovriga-tjanster\/delning\/#breadcrumb"},"inLanguage":"en-US","potentialAction":[{"@type":"ReadAction","target":["https:\/\/www.bolagsstiftarna.se\/ovriga-tjanster\/delning\/"]}]},{"@type":"BreadcrumbList","@id":"https:\/\/www.bolagsstiftarna.se\/ovriga-tjanster\/delning\/#breadcrumb","itemListElement":[{"@type":"ListItem","position":1,"name":"Home","item":"https:\/\/www.bolagsstiftarna.se\/"},{"@type":"ListItem","position":2,"name":"\u00d6vriga tj\u00e4nster","item":"https:\/\/www.bolagsstiftarna.se\/ovriga-tjanster\/"},{"@type":"ListItem","position":3,"name":"Delning"}]},{"@type":"WebSite","@id":"https:\/\/www.bolagsstiftarna.se\/#website","url":"https:\/\/www.bolagsstiftarna.se\/","name":"Bolagsstiftarna","description":"Lagerbolag &amp; Snabbavveckling","publisher":{"@id":"https:\/\/www.bolagsstiftarna.se\/#organization"},"potentialAction":[{"@type":"SearchAction","target":{"@type":"EntryPoint","urlTemplate":"https:\/\/www.bolagsstiftarna.se\/?s={search_term_string}"},"query-input":{"@type":"PropertyValueSpecification","valueRequired":true,"valueName":"search_term_string"}}],"inLanguage":"en-US"},{"@type":"Organization","@id":"https:\/\/www.bolagsstiftarna.se\/#organization","name":"Bolagsstiftarna AB","url":"https:\/\/www.bolagsstiftarna.se\/","logo":{"@type":"ImageObject","inLanguage":"en-US","@id":"https:\/\/www.bolagsstiftarna.se\/#\/schema\/logo\/image\/","url":"https:\/\/d1i97327w94vhu.cloudfront.net\/wp-content\/uploads\/2020\/06\/25092025\/bolagsstiftarna-logo-315.png","contentUrl":"https:\/\/d1i97327w94vhu.cloudfront.net\/wp-content\/uploads\/2020\/06\/25092025\/bolagsstiftarna-logo-315.png","width":315,"height":46,"caption":"Bolagsstiftarna AB"},"image":{"@id":"https:\/\/www.bolagsstiftarna.se\/#\/schema\/logo\/image\/"},"sameAs":["https:\/\/www.instagram.com\/bolagsstiftarna\/","https:\/\/www.linkedin.com\/company\/bolagsstiftarna-ab?trk=tyah&amp;amp;trkInfo=tarId:1408967681730,tas:bolagsstif,idx:1-1-1"]}]}},"_links":{"self":[{"href":"https:\/\/www.bolagsstiftarna.se\/en\/wp-json\/wp\/v2\/pages\/220","targetHints":{"allow":["GET"]}}],"collection":[{"href":"https:\/\/www.bolagsstiftarna.se\/en\/wp-json\/wp\/v2\/pages"}],"about":[{"href":"https:\/\/www.bolagsstiftarna.se\/en\/wp-json\/wp\/v2\/types\/page"}],"author":[{"embeddable":true,"href":"https:\/\/www.bolagsstiftarna.se\/en\/wp-json\/wp\/v2\/users\/1"}],"replies":[{"embeddable":true,"href":"https:\/\/www.bolagsstiftarna.se\/en\/wp-json\/wp\/v2\/comments?post=220"}],"version-history":[{"count":9,"href":"https:\/\/www.bolagsstiftarna.se\/en\/wp-json\/wp\/v2\/pages\/220\/revisions"}],"predecessor-version":[{"id":1400,"href":"https:\/\/www.bolagsstiftarna.se\/en\/wp-json\/wp\/v2\/pages\/220\/revisions\/1400"}],"up":[{"embeddable":true,"href":"https:\/\/www.bolagsstiftarna.se\/en\/wp-json\/wp\/v2\/pages\/13"}],"wp:attachment":[{"href":"https:\/\/www.bolagsstiftarna.se\/en\/wp-json\/wp\/v2\/media?parent=220"}],"curies":[{"name":"wp","href":"https:\/\/api.w.org\/{rel}","templated":true}]}}