{"id":223,"date":"2020-06-22T10:43:41","date_gmt":"2020-06-22T10:43:41","guid":{"rendered":"http:\/\/www.bs.lk\/?page_id=223"},"modified":"2020-06-30T14:48:37","modified_gmt":"2020-06-30T14:48:37","slug":"uppdatering-av-aktiebok","status":"publish","type":"page","link":"https:\/\/www.bolagsstiftarna.se\/en\/ovriga-tjanster\/uppdatering-av-aktiebok\/","title":{"rendered":"Uppdatering av aktiebok"},"content":{"rendered":"<h2 class=\"wp-block-heading\">Uppdatering av aktiebok<\/h2>\n\n\n\n<p>Aktiebok \u00e4r en handling varje bolag skall ha. Aktieboken \u00e4r en f\u00f6rteckning \u00f6ver bolagets aktier och aktie\u00e4gare.<\/p>\n\n\n\n<p>Bolagets styrelse \u00e4r enligt lag ansvarig f\u00f6r- och skyldig till att h\u00e5lla aktieboken uppdaterad. Detta kan exempelvis vara aktuellt vid f\u00f6rs\u00e4ljning av aktier eller \u00f6vriga bolags\u00e4ndringar och skall d\u00e5 genast antecknas i aktieboken.<\/p>\n\n\n\n<p>N\u00e4r du k\u00f6per ett Startplattan- bolag av oss p\u00e5 Bolagsstiftarna iordningst\u00e4ller vi en bolagsp\u00e4rm som bland annat inneh\u00e5ller aktiebok och eventuellt uppr\u00e4ttade aktiebrev.<\/p>\n\n\n\n<p>Har du andra fr\u00e5gor g\u00e4llande aktiebok, aktiebrev eller uppdatering av aktiebok kontakta oss g\u00e4rna via mail, telefon eller v\u00e5r chat som \u00e4r \u00f6ppen dygnet runt under \u00e5rets alla dagar.<\/p>","protected":false},"excerpt":{"rendered":"<p>Uppdatering av aktiebok Aktiebok \u00e4r en handling varje bolag skall ha. Aktieboken \u00e4r en f\u00f6rteckning \u00f6ver bolagets aktier och aktie\u00e4gare. Bolagets styrelse \u00e4r enligt lag ansvarig f\u00f6r- och skyldig [&hellip;]<\/p>\n","protected":false},"author":1,"featured_media":0,"parent":13,"menu_order":0,"comment_status":"closed","ping_status":"closed","template":"pages\/template-other-services.php","meta":{"_acf_changed":false,"inline_featured_image":false,"footnotes":""},"class_list":["post-223","page","type-page","status-publish","hentry"],"acf":[],"yoast_head":"<!-- This site is optimized with the Yoast SEO plugin v27.3 - https:\/\/yoast.com\/product\/yoast-seo-wordpress\/ -->\n<title>Uppdatering av aktiebok - Bolagsstiftarna<\/title>\n<meta name=\"robots\" content=\"index, follow, max-snippet:-1, max-image-preview:large, max-video-preview:-1\" \/>\n<link rel=\"canonical\" href=\"https:\/\/www.bolagsstiftarna.se\/en\/ovriga-tjanster\/uppdatering-av-aktiebok\/\" \/>\n<meta property=\"og:locale\" content=\"en_US\" \/>\n<meta property=\"og:type\" content=\"article\" \/>\n<meta property=\"og:title\" content=\"Uppdatering av aktiebok - Bolagsstiftarna\" \/>\n<meta property=\"og:description\" content=\"Uppdatering av aktiebok Aktiebok \u00e4r en handling varje bolag skall ha. Aktieboken \u00e4r en f\u00f6rteckning \u00f6ver bolagets aktier och aktie\u00e4gare. Bolagets styrelse \u00e4r enligt lag ansvarig f\u00f6r- och skyldig [&hellip;]\" \/>\n<meta property=\"og:url\" content=\"https:\/\/www.bolagsstiftarna.se\/en\/ovriga-tjanster\/uppdatering-av-aktiebok\/\" \/>\n<meta property=\"og:site_name\" content=\"Bolagsstiftarna\" \/>\n<meta property=\"article:modified_time\" content=\"2020-06-30T14:48:37+00:00\" \/>\n<meta name=\"twitter:card\" content=\"summary_large_image\" \/>\n<meta name=\"twitter:label1\" content=\"Est. reading time\" \/>\n\t<meta name=\"twitter:data1\" content=\"1 minute\" \/>\n<script type=\"application\/ld+json\" class=\"yoast-schema-graph\">{\"@context\":\"https:\\\/\\\/schema.org\",\"@graph\":[{\"@type\":\"WebPage\",\"@id\":\"https:\\\/\\\/www.bolagsstiftarna.se\\\/ovriga-tjanster\\\/uppdatering-av-aktiebok\\\/\",\"url\":\"https:\\\/\\\/www.bolagsstiftarna.se\\\/ovriga-tjanster\\\/uppdatering-av-aktiebok\\\/\",\"name\":\"Uppdatering av aktiebok - Bolagsstiftarna\",\"isPartOf\":{\"@id\":\"https:\\\/\\\/www.bolagsstiftarna.se\\\/#website\"},\"datePublished\":\"2020-06-22T10:43:41+00:00\",\"dateModified\":\"2020-06-30T14:48:37+00:00\",\"breadcrumb\":{\"@id\":\"https:\\\/\\\/www.bolagsstiftarna.se\\\/ovriga-tjanster\\\/uppdatering-av-aktiebok\\\/#breadcrumb\"},\"inLanguage\":\"en-US\",\"potentialAction\":[{\"@type\":\"ReadAction\",\"target\":[\"https:\\\/\\\/www.bolagsstiftarna.se\\\/ovriga-tjanster\\\/uppdatering-av-aktiebok\\\/\"]}]},{\"@type\":\"BreadcrumbList\",\"@id\":\"https:\\\/\\\/www.bolagsstiftarna.se\\\/ovriga-tjanster\\\/uppdatering-av-aktiebok\\\/#breadcrumb\",\"itemListElement\":[{\"@type\":\"ListItem\",\"position\":1,\"name\":\"Home\",\"item\":\"https:\\\/\\\/www.bolagsstiftarna.se\\\/\"},{\"@type\":\"ListItem\",\"position\":2,\"name\":\"\u00d6vriga tj\u00e4nster\",\"item\":\"https:\\\/\\\/www.bolagsstiftarna.se\\\/ovriga-tjanster\\\/\"},{\"@type\":\"ListItem\",\"position\":3,\"name\":\"Uppdatering av aktiebok\"}]},{\"@type\":\"WebSite\",\"@id\":\"https:\\\/\\\/www.bolagsstiftarna.se\\\/#website\",\"url\":\"https:\\\/\\\/www.bolagsstiftarna.se\\\/\",\"name\":\"Bolagsstiftarna\",\"description\":\"Lagerbolag &amp; Snabbavveckling\",\"publisher\":{\"@id\":\"https:\\\/\\\/www.bolagsstiftarna.se\\\/#organization\"},\"potentialAction\":[{\"@type\":\"SearchAction\",\"target\":{\"@type\":\"EntryPoint\",\"urlTemplate\":\"https:\\\/\\\/www.bolagsstiftarna.se\\\/?s={search_term_string}\"},\"query-input\":{\"@type\":\"PropertyValueSpecification\",\"valueRequired\":true,\"valueName\":\"search_term_string\"}}],\"inLanguage\":\"en-US\"},{\"@type\":\"Organization\",\"@id\":\"https:\\\/\\\/www.bolagsstiftarna.se\\\/#organization\",\"name\":\"Bolagsstiftarna AB\",\"url\":\"https:\\\/\\\/www.bolagsstiftarna.se\\\/\",\"logo\":{\"@type\":\"ImageObject\",\"inLanguage\":\"en-US\",\"@id\":\"https:\\\/\\\/www.bolagsstiftarna.se\\\/#\\\/schema\\\/logo\\\/image\\\/\",\"url\":\"https:\\\/\\\/d1i97327w94vhu.cloudfront.net\\\/wp-content\\\/uploads\\\/2020\\\/06\\\/25092025\\\/bolagsstiftarna-logo-315.png\",\"contentUrl\":\"https:\\\/\\\/d1i97327w94vhu.cloudfront.net\\\/wp-content\\\/uploads\\\/2020\\\/06\\\/25092025\\\/bolagsstiftarna-logo-315.png\",\"width\":315,\"height\":46,\"caption\":\"Bolagsstiftarna AB\"},\"image\":{\"@id\":\"https:\\\/\\\/www.bolagsstiftarna.se\\\/#\\\/schema\\\/logo\\\/image\\\/\"},\"sameAs\":[\"https:\\\/\\\/www.instagram.com\\\/bolagsstiftarna\\\/\",\"https:\\\/\\\/www.linkedin.com\\\/company\\\/bolagsstiftarna-ab?trk=tyah&amp;amp;trkInfo=tarId:1408967681730,tas:bolagsstif,idx:1-1-1\"]}]}<\/script>\n<!-- \/ Yoast SEO plugin. -->","yoast_head_json":{"title":"Uppdatering av aktiebok - Bolagsstiftarna","robots":{"index":"index","follow":"follow","max-snippet":"max-snippet:-1","max-image-preview":"max-image-preview:large","max-video-preview":"max-video-preview:-1"},"canonical":"https:\/\/www.bolagsstiftarna.se\/en\/ovriga-tjanster\/uppdatering-av-aktiebok\/","og_locale":"en_US","og_type":"article","og_title":"Uppdatering av aktiebok - Bolagsstiftarna","og_description":"Uppdatering av aktiebok Aktiebok \u00e4r en handling varje bolag skall ha. Aktieboken \u00e4r en f\u00f6rteckning \u00f6ver bolagets aktier och aktie\u00e4gare. Bolagets styrelse \u00e4r enligt lag ansvarig f\u00f6r- och skyldig [&hellip;]","og_url":"https:\/\/www.bolagsstiftarna.se\/en\/ovriga-tjanster\/uppdatering-av-aktiebok\/","og_site_name":"Bolagsstiftarna","article_modified_time":"2020-06-30T14:48:37+00:00","twitter_card":"summary_large_image","twitter_misc":{"Est. reading time":"1 minute"},"schema":{"@context":"https:\/\/schema.org","@graph":[{"@type":"WebPage","@id":"https:\/\/www.bolagsstiftarna.se\/ovriga-tjanster\/uppdatering-av-aktiebok\/","url":"https:\/\/www.bolagsstiftarna.se\/ovriga-tjanster\/uppdatering-av-aktiebok\/","name":"Uppdatering av aktiebok - Bolagsstiftarna","isPartOf":{"@id":"https:\/\/www.bolagsstiftarna.se\/#website"},"datePublished":"2020-06-22T10:43:41+00:00","dateModified":"2020-06-30T14:48:37+00:00","breadcrumb":{"@id":"https:\/\/www.bolagsstiftarna.se\/ovriga-tjanster\/uppdatering-av-aktiebok\/#breadcrumb"},"inLanguage":"en-US","potentialAction":[{"@type":"ReadAction","target":["https:\/\/www.bolagsstiftarna.se\/ovriga-tjanster\/uppdatering-av-aktiebok\/"]}]},{"@type":"BreadcrumbList","@id":"https:\/\/www.bolagsstiftarna.se\/ovriga-tjanster\/uppdatering-av-aktiebok\/#breadcrumb","itemListElement":[{"@type":"ListItem","position":1,"name":"Home","item":"https:\/\/www.bolagsstiftarna.se\/"},{"@type":"ListItem","position":2,"name":"\u00d6vriga tj\u00e4nster","item":"https:\/\/www.bolagsstiftarna.se\/ovriga-tjanster\/"},{"@type":"ListItem","position":3,"name":"Uppdatering av aktiebok"}]},{"@type":"WebSite","@id":"https:\/\/www.bolagsstiftarna.se\/#website","url":"https:\/\/www.bolagsstiftarna.se\/","name":"Bolagsstiftarna","description":"Lagerbolag &amp; Snabbavveckling","publisher":{"@id":"https:\/\/www.bolagsstiftarna.se\/#organization"},"potentialAction":[{"@type":"SearchAction","target":{"@type":"EntryPoint","urlTemplate":"https:\/\/www.bolagsstiftarna.se\/?s={search_term_string}"},"query-input":{"@type":"PropertyValueSpecification","valueRequired":true,"valueName":"search_term_string"}}],"inLanguage":"en-US"},{"@type":"Organization","@id":"https:\/\/www.bolagsstiftarna.se\/#organization","name":"Bolagsstiftarna AB","url":"https:\/\/www.bolagsstiftarna.se\/","logo":{"@type":"ImageObject","inLanguage":"en-US","@id":"https:\/\/www.bolagsstiftarna.se\/#\/schema\/logo\/image\/","url":"https:\/\/d1i97327w94vhu.cloudfront.net\/wp-content\/uploads\/2020\/06\/25092025\/bolagsstiftarna-logo-315.png","contentUrl":"https:\/\/d1i97327w94vhu.cloudfront.net\/wp-content\/uploads\/2020\/06\/25092025\/bolagsstiftarna-logo-315.png","width":315,"height":46,"caption":"Bolagsstiftarna AB"},"image":{"@id":"https:\/\/www.bolagsstiftarna.se\/#\/schema\/logo\/image\/"},"sameAs":["https:\/\/www.instagram.com\/bolagsstiftarna\/","https:\/\/www.linkedin.com\/company\/bolagsstiftarna-ab?trk=tyah&amp;amp;trkInfo=tarId:1408967681730,tas:bolagsstif,idx:1-1-1"]}]}},"_links":{"self":[{"href":"https:\/\/www.bolagsstiftarna.se\/en\/wp-json\/wp\/v2\/pages\/223","targetHints":{"allow":["GET"]}}],"collection":[{"href":"https:\/\/www.bolagsstiftarna.se\/en\/wp-json\/wp\/v2\/pages"}],"about":[{"href":"https:\/\/www.bolagsstiftarna.se\/en\/wp-json\/wp\/v2\/types\/page"}],"author":[{"embeddable":true,"href":"https:\/\/www.bolagsstiftarna.se\/en\/wp-json\/wp\/v2\/users\/1"}],"replies":[{"embeddable":true,"href":"https:\/\/www.bolagsstiftarna.se\/en\/wp-json\/wp\/v2\/comments?post=223"}],"version-history":[{"count":8,"href":"https:\/\/www.bolagsstiftarna.se\/en\/wp-json\/wp\/v2\/pages\/223\/revisions"}],"predecessor-version":[{"id":726,"href":"https:\/\/www.bolagsstiftarna.se\/en\/wp-json\/wp\/v2\/pages\/223\/revisions\/726"}],"up":[{"embeddable":true,"href":"https:\/\/www.bolagsstiftarna.se\/en\/wp-json\/wp\/v2\/pages\/13"}],"wp:attachment":[{"href":"https:\/\/www.bolagsstiftarna.se\/en\/wp-json\/wp\/v2\/media?parent=223"}],"curies":[{"name":"wp","href":"https:\/\/api.w.org\/{rel}","templated":true}]}}