{"id":246,"date":"2020-06-22T10:47:19","date_gmt":"2020-06-22T10:47:19","guid":{"rendered":"http:\/\/www.bs.lk\/?page_id=246"},"modified":"2020-09-17T14:24:15","modified_gmt":"2020-09-17T14:24:15","slug":"kommandit-och-handelsbolag","status":"publish","type":"page","link":"https:\/\/www.bolagsstiftarna.se\/en\/ovriga-tjanster\/kommandit-och-handelsbolag\/","title":{"rendered":"Kommandit- och handelsbolag"},"content":{"rendered":"<h2 class=\"wp-block-heading\">Kommandit- och handelsbolag<\/h2>\n\n\n\n<h2 class=\"wp-block-heading\">Handelsbolag<\/h2>\n\n\n\n<p>Ett handelsbolag best\u00e5r av tv\u00e5 eller flera bolagsm\u00e4n. Dessa \u00e4r solidariskt ansvariga.<\/p>\n\n\n\n<p>Det \u00e4r krav p\u00e5 att st\u00f6rre handelsbolag vars bolagsm\u00e4n endast best\u00e5r av fysiska personer ska ha en auktoriserad eller godk\u00e4nd revisor. Likas\u00e5 \u00e4r st\u00f6rre handelsbolag skyldiga att l\u00e4mna in sin \u00e5rsredovisning.<br>Till skillnad fr\u00e5n Aktiebolag, finns det i kommanditbolag och handelsbolag inget krav p\u00e5 startkapital.&nbsp;Kommanditbolag kan d\u00e4rf\u00f6r vara en bra b\u00f6rjan f\u00f6r dig som \u00e4r i uppstartsfasen av ett f\u00f6retag. N\u00e4r verksamheten tagit fart brukar man normalt sett ombilda bolaget till ett Aktiebolag.<\/p>\n\n\n\n<p>\u00d6nskar du best\u00e4lla ett handelsbolag v\u00e4nligen kontakta oss p\u00e5 031-704 10 50 eller fyll i v\u00e5r\u00a0<a href=\"\/en\/app\/kop-lagerbolag\/bestallare\/\" data-type=\"URL\" data-id=\"\/app\/kop-lagerbolag\/bestallare\">blankett<\/a>.<\/p>\n\n\n\n<h2 class=\"wp-block-heading\">Kommanditbolag<\/h2>\n\n\n\n<p>Ett kommanditbolag \u00e4r en form av Handelsbolag med ett krav p\u00e5 tv\u00e5 eller flera bolagsm\u00e4n, fysiska eller juridiska personer. Det ska finnas minst en kommanditdel\u00e4gare, det vill s\u00e4ga en bolagsman med ett begr\u00e4nsat ansvar. Det ska \u00e4ven finnas minst en komplement\u00e4r, det vill s\u00e4ga en bolagsman med obegr\u00e4nsat ansvar. Komplement\u00e4ren \u00e4r personligt ansvarig f\u00f6r f\u00f6retagets skulder och svarar f\u00f6r dessa med hela sin personliga f\u00f6rm\u00f6genhet.<br>Till skillnad fr\u00e5n komplement\u00e4ren har kommanditdel\u00e4geren ett begr\u00e4nsat ansvar och riskerar d\u00e4rmed endast sin egen insats i bolaget.<\/p>\n\n\n\n<p>St\u00f6rre kommaditbolag vars del\u00e4gare enbart \u00e4r fysiska personer m\u00e5ste ha en auktoriserad eller godk\u00e4nd revisor och \u00e4r d\u00e4rmed skyldiga att l\u00e4mna in sin \u00e5rsredovisning.<\/p>\n\n\n\n<p>\u00d6nskar du best\u00e4lla ett kommanditbolag v\u00e4nligen kontakta oss p\u00e5 031-704 10 50&nbsp;eller fyll i v\u00e5r&nbsp;<a href=\"\/en\/app\/kop-lagerbolag\/bestallare\/\" data-type=\"URL\" data-id=\"\/app\/kop-lagerbolag\/bestallare\">blankett<\/a>.<\/p>","protected":false},"excerpt":{"rendered":"<p>Kommandit- och handelsbolag Handelsbolag Ett handelsbolag best\u00e5r av tv\u00e5 eller flera bolagsm\u00e4n. Dessa \u00e4r solidariskt ansvariga. Det \u00e4r krav p\u00e5 att st\u00f6rre handelsbolag vars bolagsm\u00e4n endast best\u00e5r av fysiska [&hellip;]<\/p>\n","protected":false},"author":1,"featured_media":0,"parent":13,"menu_order":0,"comment_status":"closed","ping_status":"closed","template":"pages\/template-other-services.php","meta":{"_acf_changed":false,"inline_featured_image":false,"footnotes":""},"class_list":["post-246","page","type-page","status-publish","hentry"],"acf":[],"yoast_head":"<!-- This site is optimized with the Yoast SEO plugin v27.3 - https:\/\/yoast.com\/product\/yoast-seo-wordpress\/ -->\n<title>Kommandit- och handelsbolag - Bolagsstiftarna<\/title>\n<meta name=\"robots\" content=\"index, follow, max-snippet:-1, max-image-preview:large, max-video-preview:-1\" \/>\n<link rel=\"canonical\" href=\"https:\/\/www.bolagsstiftarna.se\/en\/ovriga-tjanster\/kommandit-och-handelsbolag\/\" \/>\n<meta property=\"og:locale\" content=\"en_US\" \/>\n<meta property=\"og:type\" content=\"article\" \/>\n<meta property=\"og:title\" content=\"Kommandit- och handelsbolag - Bolagsstiftarna\" \/>\n<meta property=\"og:description\" content=\"Kommandit- och handelsbolag Handelsbolag Ett handelsbolag best\u00e5r av tv\u00e5 eller flera bolagsm\u00e4n. Dessa \u00e4r solidariskt ansvariga. Det \u00e4r krav p\u00e5 att st\u00f6rre handelsbolag vars bolagsm\u00e4n endast best\u00e5r av fysiska [&hellip;]\" \/>\n<meta property=\"og:url\" content=\"https:\/\/www.bolagsstiftarna.se\/en\/ovriga-tjanster\/kommandit-och-handelsbolag\/\" \/>\n<meta property=\"og:site_name\" content=\"Bolagsstiftarna\" \/>\n<meta property=\"article:modified_time\" content=\"2020-09-17T14:24:15+00:00\" \/>\n<meta name=\"twitter:card\" content=\"summary_large_image\" \/>\n<meta name=\"twitter:label1\" content=\"Est. reading time\" \/>\n\t<meta name=\"twitter:data1\" content=\"1 minute\" \/>\n<script type=\"application\/ld+json\" class=\"yoast-schema-graph\">{\"@context\":\"https:\\\/\\\/schema.org\",\"@graph\":[{\"@type\":\"WebPage\",\"@id\":\"https:\\\/\\\/www.bolagsstiftarna.se\\\/ovriga-tjanster\\\/kommandit-och-handelsbolag\\\/\",\"url\":\"https:\\\/\\\/www.bolagsstiftarna.se\\\/ovriga-tjanster\\\/kommandit-och-handelsbolag\\\/\",\"name\":\"Kommandit- och handelsbolag - Bolagsstiftarna\",\"isPartOf\":{\"@id\":\"https:\\\/\\\/www.bolagsstiftarna.se\\\/#website\"},\"datePublished\":\"2020-06-22T10:47:19+00:00\",\"dateModified\":\"2020-09-17T14:24:15+00:00\",\"breadcrumb\":{\"@id\":\"https:\\\/\\\/www.bolagsstiftarna.se\\\/ovriga-tjanster\\\/kommandit-och-handelsbolag\\\/#breadcrumb\"},\"inLanguage\":\"en-US\",\"potentialAction\":[{\"@type\":\"ReadAction\",\"target\":[\"https:\\\/\\\/www.bolagsstiftarna.se\\\/ovriga-tjanster\\\/kommandit-och-handelsbolag\\\/\"]}]},{\"@type\":\"BreadcrumbList\",\"@id\":\"https:\\\/\\\/www.bolagsstiftarna.se\\\/ovriga-tjanster\\\/kommandit-och-handelsbolag\\\/#breadcrumb\",\"itemListElement\":[{\"@type\":\"ListItem\",\"position\":1,\"name\":\"Home\",\"item\":\"https:\\\/\\\/www.bolagsstiftarna.se\\\/\"},{\"@type\":\"ListItem\",\"position\":2,\"name\":\"\u00d6vriga tj\u00e4nster\",\"item\":\"https:\\\/\\\/www.bolagsstiftarna.se\\\/ovriga-tjanster\\\/\"},{\"@type\":\"ListItem\",\"position\":3,\"name\":\"Kommandit- och handelsbolag\"}]},{\"@type\":\"WebSite\",\"@id\":\"https:\\\/\\\/www.bolagsstiftarna.se\\\/#website\",\"url\":\"https:\\\/\\\/www.bolagsstiftarna.se\\\/\",\"name\":\"Bolagsstiftarna\",\"description\":\"Lagerbolag &amp; Snabbavveckling\",\"publisher\":{\"@id\":\"https:\\\/\\\/www.bolagsstiftarna.se\\\/#organization\"},\"potentialAction\":[{\"@type\":\"SearchAction\",\"target\":{\"@type\":\"EntryPoint\",\"urlTemplate\":\"https:\\\/\\\/www.bolagsstiftarna.se\\\/?s={search_term_string}\"},\"query-input\":{\"@type\":\"PropertyValueSpecification\",\"valueRequired\":true,\"valueName\":\"search_term_string\"}}],\"inLanguage\":\"en-US\"},{\"@type\":\"Organization\",\"@id\":\"https:\\\/\\\/www.bolagsstiftarna.se\\\/#organization\",\"name\":\"Bolagsstiftarna AB\",\"url\":\"https:\\\/\\\/www.bolagsstiftarna.se\\\/\",\"logo\":{\"@type\":\"ImageObject\",\"inLanguage\":\"en-US\",\"@id\":\"https:\\\/\\\/www.bolagsstiftarna.se\\\/#\\\/schema\\\/logo\\\/image\\\/\",\"url\":\"https:\\\/\\\/d1i97327w94vhu.cloudfront.net\\\/wp-content\\\/uploads\\\/2020\\\/06\\\/25092025\\\/bolagsstiftarna-logo-315.png\",\"contentUrl\":\"https:\\\/\\\/d1i97327w94vhu.cloudfront.net\\\/wp-content\\\/uploads\\\/2020\\\/06\\\/25092025\\\/bolagsstiftarna-logo-315.png\",\"width\":315,\"height\":46,\"caption\":\"Bolagsstiftarna AB\"},\"image\":{\"@id\":\"https:\\\/\\\/www.bolagsstiftarna.se\\\/#\\\/schema\\\/logo\\\/image\\\/\"},\"sameAs\":[\"https:\\\/\\\/www.instagram.com\\\/bolagsstiftarna\\\/\",\"https:\\\/\\\/www.linkedin.com\\\/company\\\/bolagsstiftarna-ab?trk=tyah&amp;amp;trkInfo=tarId:1408967681730,tas:bolagsstif,idx:1-1-1\"]}]}<\/script>\n<!-- \/ Yoast SEO plugin. -->","yoast_head_json":{"title":"Kommandit- och handelsbolag - Bolagsstiftarna","robots":{"index":"index","follow":"follow","max-snippet":"max-snippet:-1","max-image-preview":"max-image-preview:large","max-video-preview":"max-video-preview:-1"},"canonical":"https:\/\/www.bolagsstiftarna.se\/en\/ovriga-tjanster\/kommandit-och-handelsbolag\/","og_locale":"en_US","og_type":"article","og_title":"Kommandit- och handelsbolag - Bolagsstiftarna","og_description":"Kommandit- och handelsbolag Handelsbolag Ett handelsbolag best\u00e5r av tv\u00e5 eller flera bolagsm\u00e4n. Dessa \u00e4r solidariskt ansvariga. Det \u00e4r krav p\u00e5 att st\u00f6rre handelsbolag vars bolagsm\u00e4n endast best\u00e5r av fysiska [&hellip;]","og_url":"https:\/\/www.bolagsstiftarna.se\/en\/ovriga-tjanster\/kommandit-och-handelsbolag\/","og_site_name":"Bolagsstiftarna","article_modified_time":"2020-09-17T14:24:15+00:00","twitter_card":"summary_large_image","twitter_misc":{"Est. reading time":"1 minute"},"schema":{"@context":"https:\/\/schema.org","@graph":[{"@type":"WebPage","@id":"https:\/\/www.bolagsstiftarna.se\/ovriga-tjanster\/kommandit-och-handelsbolag\/","url":"https:\/\/www.bolagsstiftarna.se\/ovriga-tjanster\/kommandit-och-handelsbolag\/","name":"Kommandit- och handelsbolag - Bolagsstiftarna","isPartOf":{"@id":"https:\/\/www.bolagsstiftarna.se\/#website"},"datePublished":"2020-06-22T10:47:19+00:00","dateModified":"2020-09-17T14:24:15+00:00","breadcrumb":{"@id":"https:\/\/www.bolagsstiftarna.se\/ovriga-tjanster\/kommandit-och-handelsbolag\/#breadcrumb"},"inLanguage":"en-US","potentialAction":[{"@type":"ReadAction","target":["https:\/\/www.bolagsstiftarna.se\/ovriga-tjanster\/kommandit-och-handelsbolag\/"]}]},{"@type":"BreadcrumbList","@id":"https:\/\/www.bolagsstiftarna.se\/ovriga-tjanster\/kommandit-och-handelsbolag\/#breadcrumb","itemListElement":[{"@type":"ListItem","position":1,"name":"Home","item":"https:\/\/www.bolagsstiftarna.se\/"},{"@type":"ListItem","position":2,"name":"\u00d6vriga tj\u00e4nster","item":"https:\/\/www.bolagsstiftarna.se\/ovriga-tjanster\/"},{"@type":"ListItem","position":3,"name":"Kommandit- och handelsbolag"}]},{"@type":"WebSite","@id":"https:\/\/www.bolagsstiftarna.se\/#website","url":"https:\/\/www.bolagsstiftarna.se\/","name":"Bolagsstiftarna","description":"Lagerbolag &amp; Snabbavveckling","publisher":{"@id":"https:\/\/www.bolagsstiftarna.se\/#organization"},"potentialAction":[{"@type":"SearchAction","target":{"@type":"EntryPoint","urlTemplate":"https:\/\/www.bolagsstiftarna.se\/?s={search_term_string}"},"query-input":{"@type":"PropertyValueSpecification","valueRequired":true,"valueName":"search_term_string"}}],"inLanguage":"en-US"},{"@type":"Organization","@id":"https:\/\/www.bolagsstiftarna.se\/#organization","name":"Bolagsstiftarna AB","url":"https:\/\/www.bolagsstiftarna.se\/","logo":{"@type":"ImageObject","inLanguage":"en-US","@id":"https:\/\/www.bolagsstiftarna.se\/#\/schema\/logo\/image\/","url":"https:\/\/d1i97327w94vhu.cloudfront.net\/wp-content\/uploads\/2020\/06\/25092025\/bolagsstiftarna-logo-315.png","contentUrl":"https:\/\/d1i97327w94vhu.cloudfront.net\/wp-content\/uploads\/2020\/06\/25092025\/bolagsstiftarna-logo-315.png","width":315,"height":46,"caption":"Bolagsstiftarna AB"},"image":{"@id":"https:\/\/www.bolagsstiftarna.se\/#\/schema\/logo\/image\/"},"sameAs":["https:\/\/www.instagram.com\/bolagsstiftarna\/","https:\/\/www.linkedin.com\/company\/bolagsstiftarna-ab?trk=tyah&amp;amp;trkInfo=tarId:1408967681730,tas:bolagsstif,idx:1-1-1"]}]}},"_links":{"self":[{"href":"https:\/\/www.bolagsstiftarna.se\/en\/wp-json\/wp\/v2\/pages\/246","targetHints":{"allow":["GET"]}}],"collection":[{"href":"https:\/\/www.bolagsstiftarna.se\/en\/wp-json\/wp\/v2\/pages"}],"about":[{"href":"https:\/\/www.bolagsstiftarna.se\/en\/wp-json\/wp\/v2\/types\/page"}],"author":[{"embeddable":true,"href":"https:\/\/www.bolagsstiftarna.se\/en\/wp-json\/wp\/v2\/users\/1"}],"replies":[{"embeddable":true,"href":"https:\/\/www.bolagsstiftarna.se\/en\/wp-json\/wp\/v2\/comments?post=246"}],"version-history":[{"count":7,"href":"https:\/\/www.bolagsstiftarna.se\/en\/wp-json\/wp\/v2\/pages\/246\/revisions"}],"predecessor-version":[{"id":893,"href":"https:\/\/www.bolagsstiftarna.se\/en\/wp-json\/wp\/v2\/pages\/246\/revisions\/893"}],"up":[{"embeddable":true,"href":"https:\/\/www.bolagsstiftarna.se\/en\/wp-json\/wp\/v2\/pages\/13"}],"wp:attachment":[{"href":"https:\/\/www.bolagsstiftarna.se\/en\/wp-json\/wp\/v2\/media?parent=246"}],"curies":[{"name":"wp","href":"https:\/\/api.w.org\/{rel}","templated":true}]}}