{"id":249,"date":"2020-06-22T10:47:35","date_gmt":"2020-06-22T10:47:35","guid":{"rendered":"http:\/\/www.bs.lk\/?page_id=249"},"modified":"2020-09-17T14:19:42","modified_gmt":"2020-09-17T14:19:42","slug":"ekonomisk-forening","status":"publish","type":"page","link":"https:\/\/www.bolagsstiftarna.se\/en\/ovriga-tjanster\/ekonomisk-forening\/","title":{"rendered":"Ekonomisk f\u00f6rening"},"content":{"rendered":"<h2 class=\"wp-block-heading\">Ekonomisk f\u00f6rening<\/h2>\n\n\n\n<p>En ekonomisk f\u00f6rening \u00e4r en f\u00f6rening vars m\u00e5l syftar till att bedriva ekonomisk verksamhet som medlemmarna b\u00e5de deltar och drar nytta av. F\u00f6reningen m\u00e5ste f\u00f6retr\u00e4das av en styrelse med minst tre ledam\u00f6ter samt en revisor, vilka v\u00e4ljs av f\u00f6reningens st\u00e4mma.<\/p>\n\n\n\n<p>En ekonomisk f\u00f6rening \u00e4r bokf\u00f6ringsskyldiga och d\u00e4rmed skyldiga att uppr\u00e4tta \u00e5rsredovisning.<\/p>\n\n\n\n<p>Medlemmarna i en ekonomisk f\u00f6rening \u00e4r skyldiga att betala en insats och i vissa fall en \u00e5rlig medlemsavgift. Hur mycket medlemmarna ska betala m\u00e5ste tydligt framg\u00e5 i stadgarna. Som medlem i en ekonomisk f\u00f6rening tar man en risk i och med att man kan f\u00f6rlora den egna insatsen. D\u00e4remot \u00e4r man inte personligt ansvarig f\u00f6r f\u00f6reningens skulder.<\/p>\n\n\n\n<p>\u00d6nskar du best\u00e4lla ett bolag i form av en ekonomisk f\u00f6rening v\u00e4nligen kontakta oss p\u00e5 031-704 10 50\u00a0eller fyll i v\u00e5r\u00a0<a href=\"\/en\/app\/kop-lagerbolag\/bestallare\/\" data-type=\"URL\" data-id=\"\/app\/kop-lagerbolag\/bestallare\">blankett<\/a>.<\/p>","protected":false},"excerpt":{"rendered":"<p>Ekonomisk f\u00f6rening En ekonomisk f\u00f6rening \u00e4r en f\u00f6rening vars m\u00e5l syftar till att bedriva ekonomisk verksamhet som medlemmarna b\u00e5de deltar och drar nytta av. F\u00f6reningen m\u00e5ste f\u00f6retr\u00e4das av en [&hellip;]<\/p>\n","protected":false},"author":1,"featured_media":0,"parent":13,"menu_order":0,"comment_status":"closed","ping_status":"closed","template":"pages\/template-other-services.php","meta":{"_acf_changed":false,"inline_featured_image":false,"footnotes":""},"class_list":["post-249","page","type-page","status-publish","hentry"],"acf":[],"yoast_head":"<!-- This site is optimized with the Yoast SEO plugin v27.3 - https:\/\/yoast.com\/product\/yoast-seo-wordpress\/ -->\n<title>Ekonomisk f\u00f6rening - Bolagsstiftarna<\/title>\n<meta name=\"robots\" content=\"index, follow, max-snippet:-1, max-image-preview:large, max-video-preview:-1\" \/>\n<link rel=\"canonical\" href=\"https:\/\/www.bolagsstiftarna.se\/en\/ovriga-tjanster\/ekonomisk-forening\/\" \/>\n<meta property=\"og:locale\" content=\"en_US\" \/>\n<meta property=\"og:type\" content=\"article\" \/>\n<meta property=\"og:title\" content=\"Ekonomisk f\u00f6rening - Bolagsstiftarna\" \/>\n<meta property=\"og:description\" content=\"Ekonomisk f\u00f6rening En ekonomisk f\u00f6rening \u00e4r en f\u00f6rening vars m\u00e5l syftar till att bedriva ekonomisk verksamhet som medlemmarna b\u00e5de deltar och drar nytta av. F\u00f6reningen m\u00e5ste f\u00f6retr\u00e4das av en [&hellip;]\" \/>\n<meta property=\"og:url\" content=\"https:\/\/www.bolagsstiftarna.se\/en\/ovriga-tjanster\/ekonomisk-forening\/\" \/>\n<meta property=\"og:site_name\" content=\"Bolagsstiftarna\" \/>\n<meta property=\"article:modified_time\" content=\"2020-09-17T14:19:42+00:00\" \/>\n<meta name=\"twitter:card\" content=\"summary_large_image\" \/>\n<meta name=\"twitter:label1\" content=\"Est. reading time\" \/>\n\t<meta name=\"twitter:data1\" content=\"1 minute\" \/>\n<script type=\"application\/ld+json\" class=\"yoast-schema-graph\">{\"@context\":\"https:\\\/\\\/schema.org\",\"@graph\":[{\"@type\":\"WebPage\",\"@id\":\"https:\\\/\\\/www.bolagsstiftarna.se\\\/ovriga-tjanster\\\/ekonomisk-forening\\\/\",\"url\":\"https:\\\/\\\/www.bolagsstiftarna.se\\\/ovriga-tjanster\\\/ekonomisk-forening\\\/\",\"name\":\"Ekonomisk f\u00f6rening - Bolagsstiftarna\",\"isPartOf\":{\"@id\":\"https:\\\/\\\/www.bolagsstiftarna.se\\\/#website\"},\"datePublished\":\"2020-06-22T10:47:35+00:00\",\"dateModified\":\"2020-09-17T14:19:42+00:00\",\"breadcrumb\":{\"@id\":\"https:\\\/\\\/www.bolagsstiftarna.se\\\/ovriga-tjanster\\\/ekonomisk-forening\\\/#breadcrumb\"},\"inLanguage\":\"en-US\",\"potentialAction\":[{\"@type\":\"ReadAction\",\"target\":[\"https:\\\/\\\/www.bolagsstiftarna.se\\\/ovriga-tjanster\\\/ekonomisk-forening\\\/\"]}]},{\"@type\":\"BreadcrumbList\",\"@id\":\"https:\\\/\\\/www.bolagsstiftarna.se\\\/ovriga-tjanster\\\/ekonomisk-forening\\\/#breadcrumb\",\"itemListElement\":[{\"@type\":\"ListItem\",\"position\":1,\"name\":\"Home\",\"item\":\"https:\\\/\\\/www.bolagsstiftarna.se\\\/\"},{\"@type\":\"ListItem\",\"position\":2,\"name\":\"\u00d6vriga tj\u00e4nster\",\"item\":\"https:\\\/\\\/www.bolagsstiftarna.se\\\/ovriga-tjanster\\\/\"},{\"@type\":\"ListItem\",\"position\":3,\"name\":\"Ekonomisk f\u00f6rening\"}]},{\"@type\":\"WebSite\",\"@id\":\"https:\\\/\\\/www.bolagsstiftarna.se\\\/#website\",\"url\":\"https:\\\/\\\/www.bolagsstiftarna.se\\\/\",\"name\":\"Bolagsstiftarna\",\"description\":\"Lagerbolag &amp; Snabbavveckling\",\"publisher\":{\"@id\":\"https:\\\/\\\/www.bolagsstiftarna.se\\\/#organization\"},\"potentialAction\":[{\"@type\":\"SearchAction\",\"target\":{\"@type\":\"EntryPoint\",\"urlTemplate\":\"https:\\\/\\\/www.bolagsstiftarna.se\\\/?s={search_term_string}\"},\"query-input\":{\"@type\":\"PropertyValueSpecification\",\"valueRequired\":true,\"valueName\":\"search_term_string\"}}],\"inLanguage\":\"en-US\"},{\"@type\":\"Organization\",\"@id\":\"https:\\\/\\\/www.bolagsstiftarna.se\\\/#organization\",\"name\":\"Bolagsstiftarna AB\",\"url\":\"https:\\\/\\\/www.bolagsstiftarna.se\\\/\",\"logo\":{\"@type\":\"ImageObject\",\"inLanguage\":\"en-US\",\"@id\":\"https:\\\/\\\/www.bolagsstiftarna.se\\\/#\\\/schema\\\/logo\\\/image\\\/\",\"url\":\"https:\\\/\\\/d1i97327w94vhu.cloudfront.net\\\/wp-content\\\/uploads\\\/2020\\\/06\\\/25092025\\\/bolagsstiftarna-logo-315.png\",\"contentUrl\":\"https:\\\/\\\/d1i97327w94vhu.cloudfront.net\\\/wp-content\\\/uploads\\\/2020\\\/06\\\/25092025\\\/bolagsstiftarna-logo-315.png\",\"width\":315,\"height\":46,\"caption\":\"Bolagsstiftarna AB\"},\"image\":{\"@id\":\"https:\\\/\\\/www.bolagsstiftarna.se\\\/#\\\/schema\\\/logo\\\/image\\\/\"},\"sameAs\":[\"https:\\\/\\\/www.instagram.com\\\/bolagsstiftarna\\\/\",\"https:\\\/\\\/www.linkedin.com\\\/company\\\/bolagsstiftarna-ab?trk=tyah&amp;amp;trkInfo=tarId:1408967681730,tas:bolagsstif,idx:1-1-1\"]}]}<\/script>\n<!-- \/ Yoast SEO plugin. -->","yoast_head_json":{"title":"Ekonomisk f\u00f6rening - Bolagsstiftarna","robots":{"index":"index","follow":"follow","max-snippet":"max-snippet:-1","max-image-preview":"max-image-preview:large","max-video-preview":"max-video-preview:-1"},"canonical":"https:\/\/www.bolagsstiftarna.se\/en\/ovriga-tjanster\/ekonomisk-forening\/","og_locale":"en_US","og_type":"article","og_title":"Ekonomisk f\u00f6rening - Bolagsstiftarna","og_description":"Ekonomisk f\u00f6rening En ekonomisk f\u00f6rening \u00e4r en f\u00f6rening vars m\u00e5l syftar till att bedriva ekonomisk verksamhet som medlemmarna b\u00e5de deltar och drar nytta av. F\u00f6reningen m\u00e5ste f\u00f6retr\u00e4das av en [&hellip;]","og_url":"https:\/\/www.bolagsstiftarna.se\/en\/ovriga-tjanster\/ekonomisk-forening\/","og_site_name":"Bolagsstiftarna","article_modified_time":"2020-09-17T14:19:42+00:00","twitter_card":"summary_large_image","twitter_misc":{"Est. reading time":"1 minute"},"schema":{"@context":"https:\/\/schema.org","@graph":[{"@type":"WebPage","@id":"https:\/\/www.bolagsstiftarna.se\/ovriga-tjanster\/ekonomisk-forening\/","url":"https:\/\/www.bolagsstiftarna.se\/ovriga-tjanster\/ekonomisk-forening\/","name":"Ekonomisk f\u00f6rening - Bolagsstiftarna","isPartOf":{"@id":"https:\/\/www.bolagsstiftarna.se\/#website"},"datePublished":"2020-06-22T10:47:35+00:00","dateModified":"2020-09-17T14:19:42+00:00","breadcrumb":{"@id":"https:\/\/www.bolagsstiftarna.se\/ovriga-tjanster\/ekonomisk-forening\/#breadcrumb"},"inLanguage":"en-US","potentialAction":[{"@type":"ReadAction","target":["https:\/\/www.bolagsstiftarna.se\/ovriga-tjanster\/ekonomisk-forening\/"]}]},{"@type":"BreadcrumbList","@id":"https:\/\/www.bolagsstiftarna.se\/ovriga-tjanster\/ekonomisk-forening\/#breadcrumb","itemListElement":[{"@type":"ListItem","position":1,"name":"Home","item":"https:\/\/www.bolagsstiftarna.se\/"},{"@type":"ListItem","position":2,"name":"\u00d6vriga tj\u00e4nster","item":"https:\/\/www.bolagsstiftarna.se\/ovriga-tjanster\/"},{"@type":"ListItem","position":3,"name":"Ekonomisk f\u00f6rening"}]},{"@type":"WebSite","@id":"https:\/\/www.bolagsstiftarna.se\/#website","url":"https:\/\/www.bolagsstiftarna.se\/","name":"Bolagsstiftarna","description":"Lagerbolag &amp; Snabbavveckling","publisher":{"@id":"https:\/\/www.bolagsstiftarna.se\/#organization"},"potentialAction":[{"@type":"SearchAction","target":{"@type":"EntryPoint","urlTemplate":"https:\/\/www.bolagsstiftarna.se\/?s={search_term_string}"},"query-input":{"@type":"PropertyValueSpecification","valueRequired":true,"valueName":"search_term_string"}}],"inLanguage":"en-US"},{"@type":"Organization","@id":"https:\/\/www.bolagsstiftarna.se\/#organization","name":"Bolagsstiftarna AB","url":"https:\/\/www.bolagsstiftarna.se\/","logo":{"@type":"ImageObject","inLanguage":"en-US","@id":"https:\/\/www.bolagsstiftarna.se\/#\/schema\/logo\/image\/","url":"https:\/\/d1i97327w94vhu.cloudfront.net\/wp-content\/uploads\/2020\/06\/25092025\/bolagsstiftarna-logo-315.png","contentUrl":"https:\/\/d1i97327w94vhu.cloudfront.net\/wp-content\/uploads\/2020\/06\/25092025\/bolagsstiftarna-logo-315.png","width":315,"height":46,"caption":"Bolagsstiftarna AB"},"image":{"@id":"https:\/\/www.bolagsstiftarna.se\/#\/schema\/logo\/image\/"},"sameAs":["https:\/\/www.instagram.com\/bolagsstiftarna\/","https:\/\/www.linkedin.com\/company\/bolagsstiftarna-ab?trk=tyah&amp;amp;trkInfo=tarId:1408967681730,tas:bolagsstif,idx:1-1-1"]}]}},"_links":{"self":[{"href":"https:\/\/www.bolagsstiftarna.se\/en\/wp-json\/wp\/v2\/pages\/249","targetHints":{"allow":["GET"]}}],"collection":[{"href":"https:\/\/www.bolagsstiftarna.se\/en\/wp-json\/wp\/v2\/pages"}],"about":[{"href":"https:\/\/www.bolagsstiftarna.se\/en\/wp-json\/wp\/v2\/types\/page"}],"author":[{"embeddable":true,"href":"https:\/\/www.bolagsstiftarna.se\/en\/wp-json\/wp\/v2\/users\/1"}],"replies":[{"embeddable":true,"href":"https:\/\/www.bolagsstiftarna.se\/en\/wp-json\/wp\/v2\/comments?post=249"}],"version-history":[{"count":6,"href":"https:\/\/www.bolagsstiftarna.se\/en\/wp-json\/wp\/v2\/pages\/249\/revisions"}],"predecessor-version":[{"id":889,"href":"https:\/\/www.bolagsstiftarna.se\/en\/wp-json\/wp\/v2\/pages\/249\/revisions\/889"}],"up":[{"embeddable":true,"href":"https:\/\/www.bolagsstiftarna.se\/en\/wp-json\/wp\/v2\/pages\/13"}],"wp:attachment":[{"href":"https:\/\/www.bolagsstiftarna.se\/en\/wp-json\/wp\/v2\/media?parent=249"}],"curies":[{"name":"wp","href":"https:\/\/api.w.org\/{rel}","templated":true}]}}