{"id":285,"date":"2020-06-23T10:39:55","date_gmt":"2020-06-23T10:39:55","guid":{"rendered":"http:\/\/www.bs.lk\/?page_id=285"},"modified":"2022-06-09T09:35:18","modified_gmt":"2022-06-09T09:35:18","slug":"bolagsstiftarna-i-goteborg","status":"publish","type":"page","link":"https:\/\/www.bolagsstiftarna.se\/en\/om-bolagsstiftarna\/bolagsstiftarna-i-goteborg\/","title":{"rendered":"Bolagsstiftarna i G\u00f6teborg"},"content":{"rendered":"<div class=\"wp-block-group content-holder\"><div class=\"wp-block-group__inner-container is-layout-flow wp-block-group-is-layout-flow\">\n<div class=\"wp-block-image\"><figure class=\"aligncenter size-large is-resized\"><img decoding=\"async\" src=\"http:\/\/www.bs.lk\/wp-content\/uploads\/2020\/06\/bs-glob.png\" alt=\"\" class=\"wp-image-286\" width=\"300\" srcset=\"https:\/\/d1i97327w94vhu.cloudfront.net\/wp-content\/uploads\/2020\/06\/25092011\/bs-glob.png 900w, https:\/\/d1i97327w94vhu.cloudfront.net\/wp-content\/uploads\/2020\/06\/25092011\/bs-glob-300x300.png 300w, https:\/\/d1i97327w94vhu.cloudfront.net\/wp-content\/uploads\/2020\/06\/25092011\/bs-glob-150x150.png 150w, https:\/\/d1i97327w94vhu.cloudfront.net\/wp-content\/uploads\/2020\/06\/25092011\/bs-glob-768x768.png 768w, https:\/\/d1i97327w94vhu.cloudfront.net\/wp-content\/uploads\/2020\/06\/25092011\/bs-glob-767x767.png 767w\" sizes=\"(max-width: 900px) 100vw, 900px\" \/><\/figure><\/div>\n\n\n\n<div class=\"wp-block-group container-narrow\"><div class=\"wp-block-group__inner-container is-layout-flow wp-block-group-is-layout-flow\">\n<h1 class=\"has-text-align-center wp-block-heading\" id=\"h-om-bolagsstiftarna\">Om Bolagsstiftarna<\/h1>\n\n\n\n<p class=\"has-text-align-center\">Bolagsstiftarna \u00e4r ett familjef\u00f6retag som grundades av Bo Nilsson. Bo ans\u00e5g att lagerbolagsmarknaden beh\u00f6vde en ny akt\u00f6r, en akt\u00f6r som garanterar h\u00f6g tillg\u00e4nglighet, b\u00e4sta service och snabb leverans. Aff\u00e4rsid\u00e9n visade sig vara mycket efterfr\u00e5gad och bolaget v\u00e4xte snabbt. Vi b\u00f6rjade leverera lagerbolag inom 2 timmar, n\u00e5got som d\u00e5 var sensationellt men idag \u00e4r standard f\u00f6r branschen. N\u00e4sta generation i form av syskonen Patrik Nilsson och Charlotte Wiberg var med och utvecklade f\u00f6retaget fr\u00e5n start och driver verksamheten sedan cirka 15 \u00e5r.<\/p>\n\n\n\n<p class=\"has-text-align-center\">Genom \u00e5ren har vi byggt upp en trygg och stabil f\u00f6retagsgrupp. Vi har snabbavvecklat tiotusentals bolag till ett v\u00e4rde av \u00f6ver 10 miljarder kronor. Vi har s\u00e5lt \u00f6ver 50.000 lagerbolag och haft mer \u00e4n 100.000 \u00e4renden hos Bolagsverket!<\/p>\n\n\n\n<p class=\"has-text-align-center\">Den stora skillnaden mellan oss och v\u00e5ra konkurrenter \u00e4r v\u00e5r enorma tillg\u00e4nglighet! Vi \u00e4r tillg\u00e4ngliga n\u00e4r v\u00e5ra kunder beh\u00f6ver oss. Detta \u00e4r ocks\u00e5 en av de absolut viktigaste ingredienserna till v\u00e5r framg\u00e5ng. V\u00e5r serviceniv\u00e5 och v\u00e5rt kundengagemang \u00e4r sv\u00e5rslaget. Det \u00e4r m\u00e5nga snabbavvecklingar och lagerbolags\u00e4renden som diskuteras under kv\u00e4llar och helger. Sj\u00e4lva vetskapen om att vi faktiskt \u00e4r tillg\u00e4ngliga i stort sett under hela dygnet g\u00f6r att v\u00e5ra kunder k\u00e4nner sig trygga med valet av oss som leverant\u00f6r n\u00e4r deras kunder ska snabbavveckla sina vilande bolag eller k\u00f6pa nytt lagerbolag!<\/p>\n\n\n\n<p class=\"has-text-align-center\">Vi syssels\u00e4tter idag ett tjugotal personer och har v\u00e5rt kontor p\u00e5 Kungstorget 2 i centrala G\u00f6teborg.<\/p>\n\n\n\n<p class=\"has-text-align-center\">Trots automatiserade och digitala rutiner g\u00f6r vi aldrig avkall p\u00e5 m\u00f6jligheten till personlig kontakt. Det ska vara l\u00e4tt att komma i kontakt och prata med oss. V\u00e5ra medarbetare \u00e4r vana vid att vrida, v\u00e4nda och anpassa varje lagerbolagsbest\u00e4llning och snabbavveckling efter kundens \u00f6nskningar. V\u00e5ra kunder och deras kunder ska vara n\u00f6jda, snabbavveckling efter snabbavveckling och lagerbolag efter lagerbolag!<\/p>\n<\/div><\/div>\n<\/div><\/div>\n\n\n\n<p><\/p>","protected":false},"excerpt":{"rendered":"<p>Om Bolagsstiftarna Bolagsstiftarna \u00e4r ett familjef\u00f6retag som grundades av Bo Nilsson. Bo ans\u00e5g att lagerbolagsmarknaden beh\u00f6vde en ny akt\u00f6r, en akt\u00f6r som garanterar h\u00f6g tillg\u00e4nglighet, b\u00e4sta service och snabb [&hellip;]<\/p>\n","protected":false},"author":1,"featured_media":0,"parent":14,"menu_order":0,"comment_status":"closed","ping_status":"closed","template":"","meta":{"_acf_changed":false,"inline_featured_image":false,"footnotes":""},"class_list":["post-285","page","type-page","status-publish","hentry"],"acf":[],"yoast_head":"<!-- This site is optimized with the Yoast SEO plugin v27.3 - https:\/\/yoast.com\/product\/yoast-seo-wordpress\/ -->\n<title>Bolagsstiftarna i G\u00f6teborg - Bolagsstiftarna<\/title>\n<meta name=\"robots\" content=\"index, follow, max-snippet:-1, max-image-preview:large, max-video-preview:-1\" \/>\n<link rel=\"canonical\" href=\"https:\/\/www.bolagsstiftarna.se\/en\/om-bolagsstiftarna\/bolagsstiftarna-i-goteborg\/\" \/>\n<meta property=\"og:locale\" content=\"en_US\" \/>\n<meta property=\"og:type\" content=\"article\" \/>\n<meta property=\"og:title\" content=\"Bolagsstiftarna i G\u00f6teborg - Bolagsstiftarna\" \/>\n<meta property=\"og:description\" content=\"Om Bolagsstiftarna Bolagsstiftarna \u00e4r ett familjef\u00f6retag som grundades av Bo Nilsson. Bo ans\u00e5g att lagerbolagsmarknaden beh\u00f6vde en ny akt\u00f6r, en akt\u00f6r som garanterar h\u00f6g tillg\u00e4nglighet, b\u00e4sta service och snabb [&hellip;]\" \/>\n<meta property=\"og:url\" content=\"https:\/\/www.bolagsstiftarna.se\/en\/om-bolagsstiftarna\/bolagsstiftarna-i-goteborg\/\" \/>\n<meta property=\"og:site_name\" content=\"Bolagsstiftarna\" \/>\n<meta property=\"article:modified_time\" content=\"2022-06-09T09:35:18+00:00\" \/>\n<meta property=\"og:image\" content=\"http:\/\/www.bs.lk\/wp-content\/uploads\/2020\/06\/bs-glob.png\" \/>\n<meta name=\"twitter:card\" content=\"summary_large_image\" \/>\n<meta name=\"twitter:label1\" content=\"Est. reading time\" \/>\n\t<meta name=\"twitter:data1\" content=\"2 minutes\" \/>\n<script type=\"application\/ld+json\" class=\"yoast-schema-graph\">{\"@context\":\"https:\\\/\\\/schema.org\",\"@graph\":[{\"@type\":\"WebPage\",\"@id\":\"https:\\\/\\\/www.bolagsstiftarna.se\\\/om-bolagsstiftarna\\\/bolagsstiftarna-i-goteborg\\\/\",\"url\":\"https:\\\/\\\/www.bolagsstiftarna.se\\\/om-bolagsstiftarna\\\/bolagsstiftarna-i-goteborg\\\/\",\"name\":\"Bolagsstiftarna i G\u00f6teborg - Bolagsstiftarna\",\"isPartOf\":{\"@id\":\"https:\\\/\\\/www.bolagsstiftarna.se\\\/#website\"},\"primaryImageOfPage\":{\"@id\":\"https:\\\/\\\/www.bolagsstiftarna.se\\\/om-bolagsstiftarna\\\/bolagsstiftarna-i-goteborg\\\/#primaryimage\"},\"image\":{\"@id\":\"https:\\\/\\\/www.bolagsstiftarna.se\\\/om-bolagsstiftarna\\\/bolagsstiftarna-i-goteborg\\\/#primaryimage\"},\"thumbnailUrl\":\"http:\\\/\\\/www.bs.lk\\\/wp-content\\\/uploads\\\/2020\\\/06\\\/bs-glob.png\",\"datePublished\":\"2020-06-23T10:39:55+00:00\",\"dateModified\":\"2022-06-09T09:35:18+00:00\",\"breadcrumb\":{\"@id\":\"https:\\\/\\\/www.bolagsstiftarna.se\\\/om-bolagsstiftarna\\\/bolagsstiftarna-i-goteborg\\\/#breadcrumb\"},\"inLanguage\":\"en-US\",\"potentialAction\":[{\"@type\":\"ReadAction\",\"target\":[\"https:\\\/\\\/www.bolagsstiftarna.se\\\/om-bolagsstiftarna\\\/bolagsstiftarna-i-goteborg\\\/\"]}]},{\"@type\":\"ImageObject\",\"inLanguage\":\"en-US\",\"@id\":\"https:\\\/\\\/www.bolagsstiftarna.se\\\/om-bolagsstiftarna\\\/bolagsstiftarna-i-goteborg\\\/#primaryimage\",\"url\":\"http:\\\/\\\/www.bs.lk\\\/wp-content\\\/uploads\\\/2020\\\/06\\\/bs-glob.png\",\"contentUrl\":\"http:\\\/\\\/www.bs.lk\\\/wp-content\\\/uploads\\\/2020\\\/06\\\/bs-glob.png\"},{\"@type\":\"BreadcrumbList\",\"@id\":\"https:\\\/\\\/www.bolagsstiftarna.se\\\/om-bolagsstiftarna\\\/bolagsstiftarna-i-goteborg\\\/#breadcrumb\",\"itemListElement\":[{\"@type\":\"ListItem\",\"position\":1,\"name\":\"Home\",\"item\":\"https:\\\/\\\/www.bolagsstiftarna.se\\\/\"},{\"@type\":\"ListItem\",\"position\":2,\"name\":\"Bolagsstiftarna\",\"item\":\"https:\\\/\\\/www.bolagsstiftarna.se\\\/om-bolagsstiftarna\\\/\"},{\"@type\":\"ListItem\",\"position\":3,\"name\":\"Bolagsstiftarna i G\u00f6teborg\"}]},{\"@type\":\"WebSite\",\"@id\":\"https:\\\/\\\/www.bolagsstiftarna.se\\\/#website\",\"url\":\"https:\\\/\\\/www.bolagsstiftarna.se\\\/\",\"name\":\"Bolagsstiftarna\",\"description\":\"Lagerbolag &amp; Snabbavveckling\",\"publisher\":{\"@id\":\"https:\\\/\\\/www.bolagsstiftarna.se\\\/#organization\"},\"potentialAction\":[{\"@type\":\"SearchAction\",\"target\":{\"@type\":\"EntryPoint\",\"urlTemplate\":\"https:\\\/\\\/www.bolagsstiftarna.se\\\/?s={search_term_string}\"},\"query-input\":{\"@type\":\"PropertyValueSpecification\",\"valueRequired\":true,\"valueName\":\"search_term_string\"}}],\"inLanguage\":\"en-US\"},{\"@type\":\"Organization\",\"@id\":\"https:\\\/\\\/www.bolagsstiftarna.se\\\/#organization\",\"name\":\"Bolagsstiftarna AB\",\"url\":\"https:\\\/\\\/www.bolagsstiftarna.se\\\/\",\"logo\":{\"@type\":\"ImageObject\",\"inLanguage\":\"en-US\",\"@id\":\"https:\\\/\\\/www.bolagsstiftarna.se\\\/#\\\/schema\\\/logo\\\/image\\\/\",\"url\":\"https:\\\/\\\/d1i97327w94vhu.cloudfront.net\\\/wp-content\\\/uploads\\\/2020\\\/06\\\/25092025\\\/bolagsstiftarna-logo-315.png\",\"contentUrl\":\"https:\\\/\\\/d1i97327w94vhu.cloudfront.net\\\/wp-content\\\/uploads\\\/2020\\\/06\\\/25092025\\\/bolagsstiftarna-logo-315.png\",\"width\":315,\"height\":46,\"caption\":\"Bolagsstiftarna AB\"},\"image\":{\"@id\":\"https:\\\/\\\/www.bolagsstiftarna.se\\\/#\\\/schema\\\/logo\\\/image\\\/\"},\"sameAs\":[\"https:\\\/\\\/www.instagram.com\\\/bolagsstiftarna\\\/\",\"https:\\\/\\\/www.linkedin.com\\\/company\\\/bolagsstiftarna-ab?trk=tyah&amp;amp;trkInfo=tarId:1408967681730,tas:bolagsstif,idx:1-1-1\"]}]}<\/script>\n<!-- \/ Yoast SEO plugin. -->","yoast_head_json":{"title":"Bolagsstiftarna i G\u00f6teborg - Bolagsstiftarna","robots":{"index":"index","follow":"follow","max-snippet":"max-snippet:-1","max-image-preview":"max-image-preview:large","max-video-preview":"max-video-preview:-1"},"canonical":"https:\/\/www.bolagsstiftarna.se\/en\/om-bolagsstiftarna\/bolagsstiftarna-i-goteborg\/","og_locale":"en_US","og_type":"article","og_title":"Bolagsstiftarna i G\u00f6teborg - Bolagsstiftarna","og_description":"Om Bolagsstiftarna Bolagsstiftarna \u00e4r ett familjef\u00f6retag som grundades av Bo Nilsson. Bo ans\u00e5g att lagerbolagsmarknaden beh\u00f6vde en ny akt\u00f6r, en akt\u00f6r som garanterar h\u00f6g tillg\u00e4nglighet, b\u00e4sta service och snabb [&hellip;]","og_url":"https:\/\/www.bolagsstiftarna.se\/en\/om-bolagsstiftarna\/bolagsstiftarna-i-goteborg\/","og_site_name":"Bolagsstiftarna","article_modified_time":"2022-06-09T09:35:18+00:00","og_image":[{"url":"http:\/\/www.bs.lk\/wp-content\/uploads\/2020\/06\/bs-glob.png","type":"","width":"","height":""}],"twitter_card":"summary_large_image","twitter_misc":{"Est. reading time":"2 minutes"},"schema":{"@context":"https:\/\/schema.org","@graph":[{"@type":"WebPage","@id":"https:\/\/www.bolagsstiftarna.se\/om-bolagsstiftarna\/bolagsstiftarna-i-goteborg\/","url":"https:\/\/www.bolagsstiftarna.se\/om-bolagsstiftarna\/bolagsstiftarna-i-goteborg\/","name":"Bolagsstiftarna i G\u00f6teborg - Bolagsstiftarna","isPartOf":{"@id":"https:\/\/www.bolagsstiftarna.se\/#website"},"primaryImageOfPage":{"@id":"https:\/\/www.bolagsstiftarna.se\/om-bolagsstiftarna\/bolagsstiftarna-i-goteborg\/#primaryimage"},"image":{"@id":"https:\/\/www.bolagsstiftarna.se\/om-bolagsstiftarna\/bolagsstiftarna-i-goteborg\/#primaryimage"},"thumbnailUrl":"http:\/\/www.bs.lk\/wp-content\/uploads\/2020\/06\/bs-glob.png","datePublished":"2020-06-23T10:39:55+00:00","dateModified":"2022-06-09T09:35:18+00:00","breadcrumb":{"@id":"https:\/\/www.bolagsstiftarna.se\/om-bolagsstiftarna\/bolagsstiftarna-i-goteborg\/#breadcrumb"},"inLanguage":"en-US","potentialAction":[{"@type":"ReadAction","target":["https:\/\/www.bolagsstiftarna.se\/om-bolagsstiftarna\/bolagsstiftarna-i-goteborg\/"]}]},{"@type":"ImageObject","inLanguage":"en-US","@id":"https:\/\/www.bolagsstiftarna.se\/om-bolagsstiftarna\/bolagsstiftarna-i-goteborg\/#primaryimage","url":"http:\/\/www.bs.lk\/wp-content\/uploads\/2020\/06\/bs-glob.png","contentUrl":"http:\/\/www.bs.lk\/wp-content\/uploads\/2020\/06\/bs-glob.png"},{"@type":"BreadcrumbList","@id":"https:\/\/www.bolagsstiftarna.se\/om-bolagsstiftarna\/bolagsstiftarna-i-goteborg\/#breadcrumb","itemListElement":[{"@type":"ListItem","position":1,"name":"Home","item":"https:\/\/www.bolagsstiftarna.se\/"},{"@type":"ListItem","position":2,"name":"Bolagsstiftarna","item":"https:\/\/www.bolagsstiftarna.se\/om-bolagsstiftarna\/"},{"@type":"ListItem","position":3,"name":"Bolagsstiftarna i G\u00f6teborg"}]},{"@type":"WebSite","@id":"https:\/\/www.bolagsstiftarna.se\/#website","url":"https:\/\/www.bolagsstiftarna.se\/","name":"Bolagsstiftarna","description":"Lagerbolag &amp; Snabbavveckling","publisher":{"@id":"https:\/\/www.bolagsstiftarna.se\/#organization"},"potentialAction":[{"@type":"SearchAction","target":{"@type":"EntryPoint","urlTemplate":"https:\/\/www.bolagsstiftarna.se\/?s={search_term_string}"},"query-input":{"@type":"PropertyValueSpecification","valueRequired":true,"valueName":"search_term_string"}}],"inLanguage":"en-US"},{"@type":"Organization","@id":"https:\/\/www.bolagsstiftarna.se\/#organization","name":"Bolagsstiftarna AB","url":"https:\/\/www.bolagsstiftarna.se\/","logo":{"@type":"ImageObject","inLanguage":"en-US","@id":"https:\/\/www.bolagsstiftarna.se\/#\/schema\/logo\/image\/","url":"https:\/\/d1i97327w94vhu.cloudfront.net\/wp-content\/uploads\/2020\/06\/25092025\/bolagsstiftarna-logo-315.png","contentUrl":"https:\/\/d1i97327w94vhu.cloudfront.net\/wp-content\/uploads\/2020\/06\/25092025\/bolagsstiftarna-logo-315.png","width":315,"height":46,"caption":"Bolagsstiftarna AB"},"image":{"@id":"https:\/\/www.bolagsstiftarna.se\/#\/schema\/logo\/image\/"},"sameAs":["https:\/\/www.instagram.com\/bolagsstiftarna\/","https:\/\/www.linkedin.com\/company\/bolagsstiftarna-ab?trk=tyah&amp;amp;trkInfo=tarId:1408967681730,tas:bolagsstif,idx:1-1-1"]}]}},"_links":{"self":[{"href":"https:\/\/www.bolagsstiftarna.se\/en\/wp-json\/wp\/v2\/pages\/285","targetHints":{"allow":["GET"]}}],"collection":[{"href":"https:\/\/www.bolagsstiftarna.se\/en\/wp-json\/wp\/v2\/pages"}],"about":[{"href":"https:\/\/www.bolagsstiftarna.se\/en\/wp-json\/wp\/v2\/types\/page"}],"author":[{"embeddable":true,"href":"https:\/\/www.bolagsstiftarna.se\/en\/wp-json\/wp\/v2\/users\/1"}],"replies":[{"embeddable":true,"href":"https:\/\/www.bolagsstiftarna.se\/en\/wp-json\/wp\/v2\/comments?post=285"}],"version-history":[{"count":5,"href":"https:\/\/www.bolagsstiftarna.se\/en\/wp-json\/wp\/v2\/pages\/285\/revisions"}],"predecessor-version":[{"id":1776,"href":"https:\/\/www.bolagsstiftarna.se\/en\/wp-json\/wp\/v2\/pages\/285\/revisions\/1776"}],"up":[{"embeddable":true,"href":"https:\/\/www.bolagsstiftarna.se\/en\/wp-json\/wp\/v2\/pages\/14"}],"wp:attachment":[{"href":"https:\/\/www.bolagsstiftarna.se\/en\/wp-json\/wp\/v2\/media?parent=285"}],"curies":[{"name":"wp","href":"https:\/\/api.w.org\/{rel}","templated":true}]}}