{"id":293,"date":"2020-06-23T12:43:42","date_gmt":"2020-06-23T12:43:42","guid":{"rendered":"http:\/\/www.bs.lk\/?page_id=293"},"modified":"2024-02-21T09:08:33","modified_gmt":"2024-02-21T09:08:33","slug":"sponsring-och-valgorenhet","status":"publish","type":"page","link":"https:\/\/www.bolagsstiftarna.se\/en\/om-bolagsstiftarna\/sponsring-och-valgorenhet\/","title":{"rendered":"Sponsring och v\u00e4lg\u00f6renhet"},"content":{"rendered":"<div class=\"wp-block-group content-holder\"><div class=\"wp-block-group__inner-container is-layout-flow wp-block-group-is-layout-flow\">\n<h1 class=\"wp-block-heading\" id=\"h-sponsring-och-v-lg-renhet\"><strong>Sponsring och v\u00e4lg\u00f6renhet<\/strong><\/h1>\n\n\n\n<div class=\"wp-block-columns is-layout-flex wp-container-core-columns-is-layout-9d6595d7 wp-block-columns-is-layout-flex\">\n<div class=\"wp-block-column is-layout-flow wp-block-column-is-layout-flow\" style=\"flex-basis:66.66%\">\n<p>Bolagsstiftarna \u00e4r idag stolt sponsor till Sandra Carlborg som t\u00e4vlar i Long Drive. Sandras meritlista \u00e4r l\u00e5ng! Hon har inom longdrive vunnit i princip allt som g\u00e5r att vinna exempelvis VM 5 g\u00e5nger.<\/p>\n\n\n\n<p>Bolagsstiftarna st\u00f6djer \u00e4ven Cancerfonden, en frist\u00e5ende ideell insamlingsorganisation som arbetar f\u00f6r att fler ska \u00f6verleva och f\u00e4rre ska drabbas av cancer.<\/p>\n<\/div>\n\n\n\n<div class=\"wp-block-column is-layout-flow wp-block-column-is-layout-flow\" style=\"flex-basis:33.33%\"><\/div>\n<\/div>\n\n\n\n<div class=\"wp-block-columns is-layout-flex wp-container-core-columns-is-layout-9d6595d7 wp-block-columns-is-layout-flex\">\n<div class=\"wp-block-column is-layout-flow wp-block-column-is-layout-flow\">\n<h2 class=\"wp-block-heading\" id=\"h-cancerfonden\">Cancerfonden<\/h2>\n\n\n\n<p>Cancerfonden \u00e4r en frist\u00e5ende ideell insamlingsorganisation som arbetar f\u00f6r att fler ska \u00f6verleva och f\u00e4rre ska drabbas av cancer. F\u00f6r oss p\u00e5 Bolagsstiftarna \u00e4r det en sj\u00e4lvklarhet att st\u00f6dja Cancerfonden och deras fantastiska arbete. Vi donerar \u00e5rligen det Stora Marknadsbidraget till Cancerfonden och uppmuntrar alla som kan att g\u00f6ra detsamma!<\/p>\n<\/div>\n\n\n\n<div class=\"wp-block-column is-layout-flow wp-block-column-is-layout-flow\">\n<figure class=\"wp-block-image size-full\"><img loading=\"lazy\" decoding=\"async\" width=\"1320\" height=\"600\" src=\"https:\/\/d1i97327w94vhu.cloudfront.net\/wp-content\/uploads\/2024\/02\/21090824\/FV24_Banner_1320x600px-1.jpg\" alt=\"\" class=\"wp-image-2067\" srcset=\"https:\/\/d1i97327w94vhu.cloudfront.net\/wp-content\/uploads\/2024\/02\/21090824\/FV24_Banner_1320x600px-1.jpg 1320w, https:\/\/d1i97327w94vhu.cloudfront.net\/wp-content\/uploads\/2024\/02\/21090824\/FV24_Banner_1320x600px-1-300x136.jpg 300w, https:\/\/d1i97327w94vhu.cloudfront.net\/wp-content\/uploads\/2024\/02\/21090824\/FV24_Banner_1320x600px-1-1024x465.jpg 1024w, https:\/\/d1i97327w94vhu.cloudfront.net\/wp-content\/uploads\/2024\/02\/21090824\/FV24_Banner_1320x600px-1-768x349.jpg 768w, https:\/\/d1i97327w94vhu.cloudfront.net\/wp-content\/uploads\/2024\/02\/21090824\/FV24_Banner_1320x600px-1-18x8.jpg 18w, https:\/\/d1i97327w94vhu.cloudfront.net\/wp-content\/uploads\/2024\/02\/21090824\/FV24_Banner_1320x600px-1-767x349.jpg 767w\" sizes=\"auto, (max-width: 1320px) 100vw, 1320px\" \/><figcaption class=\"wp-element-caption\">Material F\u00f6retagsv\u00e4n 2024<\/figcaption><\/figure>\n\n\n\n<p><\/p>\n<\/div>\n<\/div>\n\n\n\n<div class=\"wp-block-columns is-layout-flex wp-container-core-columns-is-layout-9d6595d7 wp-block-columns-is-layout-flex\">\n<div class=\"wp-block-column is-layout-flow wp-block-column-is-layout-flow\">\n<h2 class=\"wp-block-heading\" id=\"h-sandra-carlborg\">Sandra Carlborg<\/h2>\n\n\n\n<p>P\u00e5 Bolagsstiftarna \u00e4r vi en skara sportintresserade medarbetare. Det ligger oss d\u00e4rf\u00f6r extra varmt om hj\u00e4rtat att ha m\u00f6jlighet att sponsra Sandra Carlborg som t\u00e4vlar i Long Drive, d\u00e4r hon sl\u00e5r en golfboll s\u00e5 l\u00e5ngt som m\u00f6jligt, v\u00e4rlden \u00f6ver.<\/p>\n\n\n\n<p>Sandras meritlista \u00e4r l\u00e5ng! Hon har inom longdrive vunnit i princip allt som g\u00e5r att vinna, SM, EM, VM 5 g\u00e5nger. 2018 vann hon 2 t\u00e4vlingar i Atlantic City, USA och Mission Hills, China. Sandras rekord drive \u00e4r&nbsp;401 yards,&nbsp;360 meter.&nbsp;Golfchannel lives\u00e4nder sedan tv\u00e5 \u00e5r tillbaka t\u00e4vlingarna och de s\u00e4nds i 80 l\u00e4nder v\u00e4rlden \u00f6ver, h\u00e5ll utkik p\u00e5 Viasat Golf.<\/p>\n\n\n\n<p>Sandra har i vanlig golf spelat flera \u00e5r p\u00e5 damernas Europatour med en 14:e plats som b\u00e4st.<\/p>\n\n\n\n<p>Vi p\u00e5 Bolagsstiftarna f\u00f6ljer med sp\u00e4nning Sandras framg\u00e5ngar v\u00e4rlden \u00f6ver. F\u00f6lj hennes tr\u00e4ningar, t\u00e4vlingar, uppvisningar och utmaningar p\u00e5 Instagram, Facebook, Twitter och p\u00e5 hennes hemsida&nbsp;<a href=\"http:\/\/www.sandracarlborg.com\/\">sandracarlborg.com<\/a><\/p>\n\n\n\n<p>Tycker du att efternamnet Carlborg klingar bekant \u00e4ven i bolagssammanhang?&nbsp;Inte konstigt. Bolagsstiftarnas egen lagerbolagsexpert Peter Carlborg \u00e4r \u00e4ven han ett v\u00e4lk\u00e4nt namn inom golfen och framf\u00f6rallt i longdrive och har flera vinster, personb\u00e4sta p\u00e5 431 meter och t\u00e4vlat i VM 5 g\u00e5nger!<\/p>\n<\/div>\n\n\n\n<div class=\"wp-block-column is-layout-flow wp-block-column-is-layout-flow\">\n<figure class=\"wp-block-image size-full is-style-rounded\"><img loading=\"lazy\" decoding=\"async\" width=\"500\" height=\"500\" src=\"http:\/\/www.bs.lk\/wp-content\/uploads\/2020\/06\/BS_Sandra-o5ts7dnklaoetmhgwnojk1z4lml919y154ly6wv2x4.jpg\" alt=\"\" class=\"wp-image-295\" srcset=\"https:\/\/d1i97327w94vhu.cloudfront.net\/wp-content\/uploads\/2020\/06\/25092010\/BS_Sandra-o5ts7dnklaoetmhgwnojk1z4lml919y154ly6wv2x4.jpg 500w, https:\/\/d1i97327w94vhu.cloudfront.net\/wp-content\/uploads\/2020\/06\/25092010\/BS_Sandra-o5ts7dnklaoetmhgwnojk1z4lml919y154ly6wv2x4-300x300.jpg 300w, https:\/\/d1i97327w94vhu.cloudfront.net\/wp-content\/uploads\/2020\/06\/25092010\/BS_Sandra-o5ts7dnklaoetmhgwnojk1z4lml919y154ly6wv2x4-150x150.jpg 150w\" sizes=\"auto, (max-width: 500px) 100vw, 500px\" \/><\/figure>\n<\/div>\n<\/div>\n<\/div><\/div>","protected":false},"excerpt":{"rendered":"<p>Sponsring och v\u00e4lg\u00f6renhet Bolagsstiftarna \u00e4r idag stolt sponsor till Sandra Carlborg som t\u00e4vlar i Long Drive. Sandras meritlista \u00e4r l\u00e5ng! Hon har inom longdrive vunnit i princip allt som [&hellip;]<\/p>\n","protected":false},"author":1,"featured_media":0,"parent":14,"menu_order":0,"comment_status":"closed","ping_status":"closed","template":"","meta":{"_acf_changed":false,"inline_featured_image":false,"footnotes":""},"class_list":["post-293","page","type-page","status-publish","hentry"],"acf":[],"yoast_head":"<!-- This site is optimized with the Yoast SEO plugin v27.3 - https:\/\/yoast.com\/product\/yoast-seo-wordpress\/ -->\n<title>Sponsring och v\u00e4lg\u00f6renhet - Bolagsstiftarna<\/title>\n<meta name=\"robots\" content=\"index, follow, max-snippet:-1, max-image-preview:large, max-video-preview:-1\" \/>\n<link rel=\"canonical\" href=\"https:\/\/www.bolagsstiftarna.se\/en\/om-bolagsstiftarna\/sponsring-och-valgorenhet\/\" \/>\n<meta property=\"og:locale\" content=\"en_US\" \/>\n<meta property=\"og:type\" content=\"article\" \/>\n<meta property=\"og:title\" content=\"Sponsring och v\u00e4lg\u00f6renhet - Bolagsstiftarna\" \/>\n<meta property=\"og:description\" content=\"Sponsring och v\u00e4lg\u00f6renhet Bolagsstiftarna \u00e4r idag stolt sponsor till Sandra Carlborg som t\u00e4vlar i Long Drive. Sandras meritlista \u00e4r l\u00e5ng! Hon har inom longdrive vunnit i princip allt som [&hellip;]\" \/>\n<meta property=\"og:url\" content=\"https:\/\/www.bolagsstiftarna.se\/en\/om-bolagsstiftarna\/sponsring-och-valgorenhet\/\" \/>\n<meta property=\"og:site_name\" content=\"Bolagsstiftarna\" \/>\n<meta property=\"article:modified_time\" content=\"2024-02-21T09:08:33+00:00\" \/>\n<meta property=\"og:image\" content=\"https:\/\/www.bolagsstiftarna.se\/wp-content\/uploads\/2024\/02\/FV24_Banner_1320x600px-1.jpg\" \/>\n<meta name=\"twitter:card\" content=\"summary_large_image\" \/>\n<meta name=\"twitter:label1\" content=\"Est. reading time\" \/>\n\t<meta name=\"twitter:data1\" content=\"2 minutes\" \/>\n<script type=\"application\/ld+json\" class=\"yoast-schema-graph\">{\"@context\":\"https:\\\/\\\/schema.org\",\"@graph\":[{\"@type\":\"WebPage\",\"@id\":\"https:\\\/\\\/www.bolagsstiftarna.se\\\/om-bolagsstiftarna\\\/sponsring-och-valgorenhet\\\/\",\"url\":\"https:\\\/\\\/www.bolagsstiftarna.se\\\/om-bolagsstiftarna\\\/sponsring-och-valgorenhet\\\/\",\"name\":\"Sponsring och v\u00e4lg\u00f6renhet - Bolagsstiftarna\",\"isPartOf\":{\"@id\":\"https:\\\/\\\/www.bolagsstiftarna.se\\\/#website\"},\"primaryImageOfPage\":{\"@id\":\"https:\\\/\\\/www.bolagsstiftarna.se\\\/om-bolagsstiftarna\\\/sponsring-och-valgorenhet\\\/#primaryimage\"},\"image\":{\"@id\":\"https:\\\/\\\/www.bolagsstiftarna.se\\\/om-bolagsstiftarna\\\/sponsring-och-valgorenhet\\\/#primaryimage\"},\"thumbnailUrl\":\"https:\\\/\\\/www.bolagsstiftarna.se\\\/wp-content\\\/uploads\\\/2024\\\/02\\\/FV24_Banner_1320x600px-1.jpg\",\"datePublished\":\"2020-06-23T12:43:42+00:00\",\"dateModified\":\"2024-02-21T09:08:33+00:00\",\"breadcrumb\":{\"@id\":\"https:\\\/\\\/www.bolagsstiftarna.se\\\/om-bolagsstiftarna\\\/sponsring-och-valgorenhet\\\/#breadcrumb\"},\"inLanguage\":\"en-US\",\"potentialAction\":[{\"@type\":\"ReadAction\",\"target\":[\"https:\\\/\\\/www.bolagsstiftarna.se\\\/om-bolagsstiftarna\\\/sponsring-och-valgorenhet\\\/\"]}]},{\"@type\":\"ImageObject\",\"inLanguage\":\"en-US\",\"@id\":\"https:\\\/\\\/www.bolagsstiftarna.se\\\/om-bolagsstiftarna\\\/sponsring-och-valgorenhet\\\/#primaryimage\",\"url\":\"https:\\\/\\\/www.bolagsstiftarna.se\\\/wp-content\\\/uploads\\\/2024\\\/02\\\/FV24_Banner_1320x600px-1.jpg\",\"contentUrl\":\"https:\\\/\\\/www.bolagsstiftarna.se\\\/wp-content\\\/uploads\\\/2024\\\/02\\\/FV24_Banner_1320x600px-1.jpg\"},{\"@type\":\"BreadcrumbList\",\"@id\":\"https:\\\/\\\/www.bolagsstiftarna.se\\\/om-bolagsstiftarna\\\/sponsring-och-valgorenhet\\\/#breadcrumb\",\"itemListElement\":[{\"@type\":\"ListItem\",\"position\":1,\"name\":\"Home\",\"item\":\"https:\\\/\\\/www.bolagsstiftarna.se\\\/\"},{\"@type\":\"ListItem\",\"position\":2,\"name\":\"Bolagsstiftarna\",\"item\":\"https:\\\/\\\/www.bolagsstiftarna.se\\\/om-bolagsstiftarna\\\/\"},{\"@type\":\"ListItem\",\"position\":3,\"name\":\"Sponsring och v\u00e4lg\u00f6renhet\"}]},{\"@type\":\"WebSite\",\"@id\":\"https:\\\/\\\/www.bolagsstiftarna.se\\\/#website\",\"url\":\"https:\\\/\\\/www.bolagsstiftarna.se\\\/\",\"name\":\"Bolagsstiftarna\",\"description\":\"Lagerbolag &amp; Snabbavveckling\",\"publisher\":{\"@id\":\"https:\\\/\\\/www.bolagsstiftarna.se\\\/#organization\"},\"potentialAction\":[{\"@type\":\"SearchAction\",\"target\":{\"@type\":\"EntryPoint\",\"urlTemplate\":\"https:\\\/\\\/www.bolagsstiftarna.se\\\/?s={search_term_string}\"},\"query-input\":{\"@type\":\"PropertyValueSpecification\",\"valueRequired\":true,\"valueName\":\"search_term_string\"}}],\"inLanguage\":\"en-US\"},{\"@type\":\"Organization\",\"@id\":\"https:\\\/\\\/www.bolagsstiftarna.se\\\/#organization\",\"name\":\"Bolagsstiftarna AB\",\"url\":\"https:\\\/\\\/www.bolagsstiftarna.se\\\/\",\"logo\":{\"@type\":\"ImageObject\",\"inLanguage\":\"en-US\",\"@id\":\"https:\\\/\\\/www.bolagsstiftarna.se\\\/#\\\/schema\\\/logo\\\/image\\\/\",\"url\":\"https:\\\/\\\/d1i97327w94vhu.cloudfront.net\\\/wp-content\\\/uploads\\\/2020\\\/06\\\/25092025\\\/bolagsstiftarna-logo-315.png\",\"contentUrl\":\"https:\\\/\\\/d1i97327w94vhu.cloudfront.net\\\/wp-content\\\/uploads\\\/2020\\\/06\\\/25092025\\\/bolagsstiftarna-logo-315.png\",\"width\":315,\"height\":46,\"caption\":\"Bolagsstiftarna AB\"},\"image\":{\"@id\":\"https:\\\/\\\/www.bolagsstiftarna.se\\\/#\\\/schema\\\/logo\\\/image\\\/\"},\"sameAs\":[\"https:\\\/\\\/www.instagram.com\\\/bolagsstiftarna\\\/\",\"https:\\\/\\\/www.linkedin.com\\\/company\\\/bolagsstiftarna-ab?trk=tyah&amp;amp;trkInfo=tarId:1408967681730,tas:bolagsstif,idx:1-1-1\"]}]}<\/script>\n<!-- \/ Yoast SEO plugin. -->","yoast_head_json":{"title":"Sponsring och v\u00e4lg\u00f6renhet - Bolagsstiftarna","robots":{"index":"index","follow":"follow","max-snippet":"max-snippet:-1","max-image-preview":"max-image-preview:large","max-video-preview":"max-video-preview:-1"},"canonical":"https:\/\/www.bolagsstiftarna.se\/en\/om-bolagsstiftarna\/sponsring-och-valgorenhet\/","og_locale":"en_US","og_type":"article","og_title":"Sponsring och v\u00e4lg\u00f6renhet - Bolagsstiftarna","og_description":"Sponsring och v\u00e4lg\u00f6renhet Bolagsstiftarna \u00e4r idag stolt sponsor till Sandra Carlborg som t\u00e4vlar i Long Drive. Sandras meritlista \u00e4r l\u00e5ng! Hon har inom longdrive vunnit i princip allt som [&hellip;]","og_url":"https:\/\/www.bolagsstiftarna.se\/en\/om-bolagsstiftarna\/sponsring-och-valgorenhet\/","og_site_name":"Bolagsstiftarna","article_modified_time":"2024-02-21T09:08:33+00:00","og_image":[{"url":"https:\/\/www.bolagsstiftarna.se\/wp-content\/uploads\/2024\/02\/FV24_Banner_1320x600px-1.jpg","type":"","width":"","height":""}],"twitter_card":"summary_large_image","twitter_misc":{"Est. reading time":"2 minutes"},"schema":{"@context":"https:\/\/schema.org","@graph":[{"@type":"WebPage","@id":"https:\/\/www.bolagsstiftarna.se\/om-bolagsstiftarna\/sponsring-och-valgorenhet\/","url":"https:\/\/www.bolagsstiftarna.se\/om-bolagsstiftarna\/sponsring-och-valgorenhet\/","name":"Sponsring och v\u00e4lg\u00f6renhet - Bolagsstiftarna","isPartOf":{"@id":"https:\/\/www.bolagsstiftarna.se\/#website"},"primaryImageOfPage":{"@id":"https:\/\/www.bolagsstiftarna.se\/om-bolagsstiftarna\/sponsring-och-valgorenhet\/#primaryimage"},"image":{"@id":"https:\/\/www.bolagsstiftarna.se\/om-bolagsstiftarna\/sponsring-och-valgorenhet\/#primaryimage"},"thumbnailUrl":"https:\/\/www.bolagsstiftarna.se\/wp-content\/uploads\/2024\/02\/FV24_Banner_1320x600px-1.jpg","datePublished":"2020-06-23T12:43:42+00:00","dateModified":"2024-02-21T09:08:33+00:00","breadcrumb":{"@id":"https:\/\/www.bolagsstiftarna.se\/om-bolagsstiftarna\/sponsring-och-valgorenhet\/#breadcrumb"},"inLanguage":"en-US","potentialAction":[{"@type":"ReadAction","target":["https:\/\/www.bolagsstiftarna.se\/om-bolagsstiftarna\/sponsring-och-valgorenhet\/"]}]},{"@type":"ImageObject","inLanguage":"en-US","@id":"https:\/\/www.bolagsstiftarna.se\/om-bolagsstiftarna\/sponsring-och-valgorenhet\/#primaryimage","url":"https:\/\/www.bolagsstiftarna.se\/wp-content\/uploads\/2024\/02\/FV24_Banner_1320x600px-1.jpg","contentUrl":"https:\/\/www.bolagsstiftarna.se\/wp-content\/uploads\/2024\/02\/FV24_Banner_1320x600px-1.jpg"},{"@type":"BreadcrumbList","@id":"https:\/\/www.bolagsstiftarna.se\/om-bolagsstiftarna\/sponsring-och-valgorenhet\/#breadcrumb","itemListElement":[{"@type":"ListItem","position":1,"name":"Home","item":"https:\/\/www.bolagsstiftarna.se\/"},{"@type":"ListItem","position":2,"name":"Bolagsstiftarna","item":"https:\/\/www.bolagsstiftarna.se\/om-bolagsstiftarna\/"},{"@type":"ListItem","position":3,"name":"Sponsring och v\u00e4lg\u00f6renhet"}]},{"@type":"WebSite","@id":"https:\/\/www.bolagsstiftarna.se\/#website","url":"https:\/\/www.bolagsstiftarna.se\/","name":"Bolagsstiftarna","description":"Lagerbolag &amp; Snabbavveckling","publisher":{"@id":"https:\/\/www.bolagsstiftarna.se\/#organization"},"potentialAction":[{"@type":"SearchAction","target":{"@type":"EntryPoint","urlTemplate":"https:\/\/www.bolagsstiftarna.se\/?s={search_term_string}"},"query-input":{"@type":"PropertyValueSpecification","valueRequired":true,"valueName":"search_term_string"}}],"inLanguage":"en-US"},{"@type":"Organization","@id":"https:\/\/www.bolagsstiftarna.se\/#organization","name":"Bolagsstiftarna AB","url":"https:\/\/www.bolagsstiftarna.se\/","logo":{"@type":"ImageObject","inLanguage":"en-US","@id":"https:\/\/www.bolagsstiftarna.se\/#\/schema\/logo\/image\/","url":"https:\/\/d1i97327w94vhu.cloudfront.net\/wp-content\/uploads\/2020\/06\/25092025\/bolagsstiftarna-logo-315.png","contentUrl":"https:\/\/d1i97327w94vhu.cloudfront.net\/wp-content\/uploads\/2020\/06\/25092025\/bolagsstiftarna-logo-315.png","width":315,"height":46,"caption":"Bolagsstiftarna AB"},"image":{"@id":"https:\/\/www.bolagsstiftarna.se\/#\/schema\/logo\/image\/"},"sameAs":["https:\/\/www.instagram.com\/bolagsstiftarna\/","https:\/\/www.linkedin.com\/company\/bolagsstiftarna-ab?trk=tyah&amp;amp;trkInfo=tarId:1408967681730,tas:bolagsstif,idx:1-1-1"]}]}},"_links":{"self":[{"href":"https:\/\/www.bolagsstiftarna.se\/en\/wp-json\/wp\/v2\/pages\/293","targetHints":{"allow":["GET"]}}],"collection":[{"href":"https:\/\/www.bolagsstiftarna.se\/en\/wp-json\/wp\/v2\/pages"}],"about":[{"href":"https:\/\/www.bolagsstiftarna.se\/en\/wp-json\/wp\/v2\/types\/page"}],"author":[{"embeddable":true,"href":"https:\/\/www.bolagsstiftarna.se\/en\/wp-json\/wp\/v2\/users\/1"}],"replies":[{"embeddable":true,"href":"https:\/\/www.bolagsstiftarna.se\/en\/wp-json\/wp\/v2\/comments?post=293"}],"version-history":[{"count":6,"href":"https:\/\/www.bolagsstiftarna.se\/en\/wp-json\/wp\/v2\/pages\/293\/revisions"}],"predecessor-version":[{"id":2068,"href":"https:\/\/www.bolagsstiftarna.se\/en\/wp-json\/wp\/v2\/pages\/293\/revisions\/2068"}],"up":[{"embeddable":true,"href":"https:\/\/www.bolagsstiftarna.se\/en\/wp-json\/wp\/v2\/pages\/14"}],"wp:attachment":[{"href":"https:\/\/www.bolagsstiftarna.se\/en\/wp-json\/wp\/v2\/media?parent=293"}],"curies":[{"name":"wp","href":"https:\/\/api.w.org\/{rel}","templated":true}]}}