{"id":300,"date":"2020-06-23T20:55:13","date_gmt":"2020-06-23T20:55:13","guid":{"rendered":"http:\/\/www.bs.lk\/?page_id=300"},"modified":"2020-12-09T09:29:10","modified_gmt":"2020-12-09T09:29:10","slug":"kunderna-forst","status":"publish","type":"page","link":"https:\/\/www.bolagsstiftarna.se\/en\/kunderna-forst\/","title":{"rendered":"Kunderna Forst"},"content":{"rendered":"<!-- START Block Customers First Hero -->\t<div class=\"inner-hero\"\n\t\t style=\"\">\n\t\t<div class=\"container\">\n\t\t\t\t\t\t\t<h1>Hos oss kommer kunderna alltid f\u00f6rst.<\/h1>\n\t\t\t\t\t\t\t\t\t   <p>Eftersom vi alltid s\u00e4tter kunderna i f\u00f6rsta rummet \u00e4r det sv\u00e5rt att f\u00e5 tid \u00f6ver till annat \u2013 och det \u00e4r precis s\u00e5 vi vill ha det. Vi hj\u00e4lper dig p\u00e5 hela bolagsresan, fr\u00e5n start av nytt bolag till snabbavveckling och med alla bolagsr\u00e4ttsliga \u00e4renden d\u00e4r emellan.<\/p>\n\t\t\t\t\t\t\t\t\t\t<div class=\"video-player\">\n\t\t\t\t\t<div class=\"video-container\">\n\t\t\t\t\t\t<iframe loading=\"lazy\" title=\"Bolagsstiftarna\" width=\"740\" height=\"416\" src=\"https:\/\/www.youtube.com\/embed\/kUoFEZZ3CFk?feature=oembed\" frameborder=\"0\" allow=\"accelerometer; autoplay; clipboard-write; encrypted-media; gyroscope; picture-in-picture; web-share\" referrerpolicy=\"strict-origin-when-cross-origin\" allowfullscreen><\/iframe>\t\t\t\t\t<\/div>\n\t\t\t\t<\/div>\n\t\t\t\t\t<\/div>\n\t<\/div>\n<!-- END Block Customers First Hero -->\n\n<!-- START Block Customers First Info -->    <div class=\"information-inner background-color-white\" id=\"section-1\">\n        <div class=\"container\">\n           <div class=\"top-block\">\n                                   <h1>Detta \u00e4r snabbavveckling.<\/h1>\n                                                 <p>Snabbavveckling \u00e4r en form av avveckling som \u00e4r betydligt enklare, snabbare och m\u00e5nga g\u00e5nger mer kostnadseffektiv \u00e4n en traditionell likvidation. En likvidation kr\u00e4ver att man utser en likvidator och likvidationen tar minst 6-12 m\u00e5nader. F\u00f6rst n\u00e4r likvidationen \u00e4r avslutad f\u00e5r \u00e4garen ut sina pengar. V\u00e4ljer man ist\u00e4llet att s\u00e4lja sitt vilande bolag till oss f\u00f6r snabbavveckling f\u00e5r man ut sina pengar direkt, slipper allt styrelseengagemang och \u00f6verl\u00e4mnar arbetet kring avvecklingen till oss.<\/p>\n                                                 <a class=\"btn btn-new\" href=\"http:\/\/bolagsstiftarna.com\/snabbavveckling\/\">\n                       Beg\u00e4r offert                    <\/a>\n                           <\/div>\n            <div class=\"block-cols\">\n                                    <h2 class=\"h4\">S\u00e5 h\u00e4r g\u00e5r det till:<\/h2>\n                                                    <div class=\"cols\">\n                                                                                    <div class=\"col\"><h3>1. Du f\u00e5r offert<\/h3>\n<p class=\"p1\">Maila en aktuell balans- och resultatrapport till oss. Inom tv\u00e5 timmar har du en tydlig och enkel offert!<\/p>\n<\/div>\n                                                                                                                <div class=\"col\"><h3>2. Du f\u00e5r avtal<\/h3>\n<p class=\"p1\">Vi kommer \u00f6verens om en tilltr\u00e4desdag som oftast \u00e4r inom ett par dagar och skickar avtal samt en specifikation p\u00e5 vilka \u00f6vriga handlingar vi beh\u00f6ver inf\u00f6r tilltr\u00e4desdagen.<\/p>\n<\/div>\n                                                                                                                <div class=\"col\"><h3>3. Du f\u00e5r betalt<\/h3>\n<p class=\"p1\">P\u00e5 tilltr\u00e4desdagen utbetalar vi hela k\u00f6peskillingen till bolagets \u00e4gare. Vi h\u00e5ller ocks\u00e5 extra bolagsst\u00e4mma d\u00e4r vi byter ut bolagets namn, funktion\u00e4rer och revisor samt inleder avvecklingsprocessen.<\/p>\n<\/div>\n                                                                                                                <div class=\"col\"><h4><a href=\"http:\/\/bolagsstiftarna.ph.stgnew.com\/wp-content\/uploads\/2020\/06\/Snabbavvecklingsguide_2020_Digital.pdf\">Ladda ned v\u00e5r snabbavvecklingsguide h\u00e4r<\/a><\/h4>\n<p><a href=\"http:\/\/bolagsstiftarna.ph.stgnew.com\/wp-content\/uploads\/2020\/06\/Snabbavvecklingsguide_2020_Digital.pdf\"><img loading=\"lazy\" decoding=\"async\" class=\"alignnone size-medium wp-image-283\" src=\"http:\/\/bolagsstiftarna.test\/wp-content\/uploads\/2020\/06\/BS_Snabbavvecklingsguide-1-261x300.png\" alt=\"\" width=\"261\" height=\"300\" srcset=\"https:\/\/d1i97327w94vhu.cloudfront.net\/wp-content\/uploads\/2020\/06\/25092012\/BS_Snabbavvecklingsguide-1-261x300.png 261w, https:\/\/d1i97327w94vhu.cloudfront.net\/wp-content\/uploads\/2020\/06\/25092012\/BS_Snabbavvecklingsguide-1.png 600w\" sizes=\"auto, (max-width: 261px) 100vw, 261px\" \/><\/a><\/p>\n<\/div>\n                                                                        <\/div>\n                            <\/div>\n        <\/div>\n    <\/div>\n<!-- END Block Customers First Info -->\n\n<!-- START Block Customers First Info -->    <div class=\"information-inner background-color-gray\" id=\"section-2\">\n        <div class=\"container\">\n           <div class=\"top-block\">\n                                   <h1>Detta \u00e4r Lagerbolag.<\/h1>\n                                                 <p>Ett lagerbolag \u00e4r ett registrerat aktiebolag som aldrig bedrivit n\u00e5gon verksamhet. N\u00e4r du k\u00f6per lagerbolag av oss uppr\u00e4ttar vi de k\u00f6pe- och \u00e4ndringshandlingar som kr\u00e4vs f\u00f6r att f\u00e5 de nya uppgifterna registrerade hos Bolagsverket. Handlingarna \u00e4r skr\u00e4ddarsydda helt efter dina \u00f6nskem\u00e5l och levereras inom 2 timmar!<\/p>\n                                                 <a class=\"btn btn-new\" href=\"https:\/\/www.bolagsstiftarna.se\/en\/lagerbolag\/\">\n                       Best\u00e4ll Lagerbolag                    <\/a>\n                           <\/div>\n            <div class=\"block-cols\">\n                                    <h2 class=\"h4\">S\u00e5 h\u00e4r g\u00e5r det till:<\/h2>\n                                                    <div class=\"cols\">\n                                                                                    <div class=\"col\"><h3>1. Du best\u00e4ller bolaget<\/h3>\n<p class=\"p1\">S\u00e5 snart vi mottagit bolagsbest\u00e4llningen \u00f6vers\u00e4ndes k\u00f6pe- och \u00e4ndringshandlingar inom 2h! Handlingarna kan signeras digitalt<br \/>\neller traditionellt p\u00e5 papper.<\/p>\n<\/div>\n                                                                                                                <div class=\"col\"><h3>2. Du f\u00e5r Generalfullmakt<\/h3>\n<p class=\"p1\">S\u00e5 snart handlingarna signerats och aktiekapitalet reglerats skickar vi in \u00e4ndringen av bolaget till Bolagsverket. Samtidigt \u00f6vers\u00e4ndes generalfullmakt s\u00e5 att den nya styrelsen kan anv\u00e4nda bolaget under handl\u00e4ggningstiden p\u00e5 Bolagsverket. S\u00e5ledes beh\u00f6ver man inte inv\u00e4nta bolagsverkets registrering.<\/p>\n<\/div>\n                                                                                                                <div class=\"col\"><h3>3. Du f\u00e5r Bolagsp\u00e4rm<\/h3>\n<p class=\"p1\">N\u00e4r \u00e4ndringen \u00e4r registrerad och klar hos bolagsverket iordningst\u00e4ller vi en bolagsp\u00e4rm. P\u00e4rmen inneh\u00e5ller aktiebok och eventuellt uppr\u00e4ttade aktiebrev, men \u00e4ven registreringsbevis och bolagshandlingar.<\/p>\n<p class=\"p1\">Klart!<\/p>\n<\/div>\n                                                                                                                <div class=\"col\"><h4><a href=\"http:\/\/bolagsstiftarna.ph.stgnew.com\/wp-content\/uploads\/2020\/06\/Lagerbolagsguide_2020_Digital_19maj.pdf\">Ladda ned v\u00e5r Lagerbolagsguide h\u00e4r<\/a><\/h4>\n<p><a href=\"http:\/\/bolagsstiftarna.ph.stgnew.com\/wp-content\/uploads\/2020\/06\/Lagerbolagsguide_2020_Digital_19maj.pdf\"><img loading=\"lazy\" decoding=\"async\" class=\"alignnone size-medium wp-image-131\" src=\"http:\/\/bolagsstiftarna.test\/wp-content\/uploads\/2020\/06\/BS_Lagerbolagsguide-261x300.png\" alt=\"\" width=\"261\" height=\"300\" srcset=\"https:\/\/d1i97327w94vhu.cloudfront.net\/wp-content\/uploads\/2020\/06\/25092022\/BS_Lagerbolagsguide-261x300.png 261w, https:\/\/d1i97327w94vhu.cloudfront.net\/wp-content\/uploads\/2020\/06\/25092022\/BS_Lagerbolagsguide.png 500w\" sizes=\"auto, (max-width: 261px) 100vw, 261px\" \/><\/a><\/p>\n<\/div>\n                                                                        <\/div>\n                            <\/div>\n        <\/div>\n    <\/div>\n<!-- END Block Customers First Info -->","protected":false},"excerpt":{"rendered":"","protected":false},"author":1,"featured_media":0,"parent":0,"menu_order":0,"comment_status":"closed","ping_status":"closed","template":"pages\/template-customers-first.php","meta":{"_acf_changed":false,"inline_featured_image":false,"footnotes":""},"class_list":["post-300","page","type-page","status-publish","hentry"],"acf":[],"yoast_head":"<!-- This site is optimized with the Yoast SEO plugin v27.3 - https:\/\/yoast.com\/product\/yoast-seo-wordpress\/ -->\n<title>Kunderna Forst - Bolagsstiftarna<\/title>\n<meta name=\"robots\" content=\"index, follow, max-snippet:-1, max-image-preview:large, max-video-preview:-1\" \/>\n<link rel=\"canonical\" href=\"https:\/\/www.bolagsstiftarna.se\/en\/kunderna-forst\/\" \/>\n<meta property=\"og:locale\" content=\"en_US\" \/>\n<meta property=\"og:type\" content=\"article\" \/>\n<meta property=\"og:title\" content=\"Kunderna Forst - Bolagsstiftarna\" \/>\n<meta property=\"og:url\" content=\"https:\/\/www.bolagsstiftarna.se\/en\/kunderna-forst\/\" \/>\n<meta property=\"og:site_name\" content=\"Bolagsstiftarna\" \/>\n<meta property=\"article:modified_time\" content=\"2020-12-09T09:29:10+00:00\" \/>\n<meta name=\"twitter:card\" content=\"summary_large_image\" \/>\n<script type=\"application\/ld+json\" class=\"yoast-schema-graph\">{\"@context\":\"https:\\\/\\\/schema.org\",\"@graph\":[{\"@type\":\"WebPage\",\"@id\":\"https:\\\/\\\/www.bolagsstiftarna.se\\\/kunderna-forst\\\/\",\"url\":\"https:\\\/\\\/www.bolagsstiftarna.se\\\/kunderna-forst\\\/\",\"name\":\"Kunderna Forst - Bolagsstiftarna\",\"isPartOf\":{\"@id\":\"https:\\\/\\\/www.bolagsstiftarna.se\\\/#website\"},\"datePublished\":\"2020-06-23T20:55:13+00:00\",\"dateModified\":\"2020-12-09T09:29:10+00:00\",\"breadcrumb\":{\"@id\":\"https:\\\/\\\/www.bolagsstiftarna.se\\\/kunderna-forst\\\/#breadcrumb\"},\"inLanguage\":\"en-US\",\"potentialAction\":[{\"@type\":\"ReadAction\",\"target\":[\"https:\\\/\\\/www.bolagsstiftarna.se\\\/kunderna-forst\\\/\"]}]},{\"@type\":\"BreadcrumbList\",\"@id\":\"https:\\\/\\\/www.bolagsstiftarna.se\\\/kunderna-forst\\\/#breadcrumb\",\"itemListElement\":[{\"@type\":\"ListItem\",\"position\":1,\"name\":\"Home\",\"item\":\"https:\\\/\\\/www.bolagsstiftarna.se\\\/\"},{\"@type\":\"ListItem\",\"position\":2,\"name\":\"Kunderna Forst\"}]},{\"@type\":\"WebSite\",\"@id\":\"https:\\\/\\\/www.bolagsstiftarna.se\\\/#website\",\"url\":\"https:\\\/\\\/www.bolagsstiftarna.se\\\/\",\"name\":\"Bolagsstiftarna\",\"description\":\"Lagerbolag &amp; Snabbavveckling\",\"publisher\":{\"@id\":\"https:\\\/\\\/www.bolagsstiftarna.se\\\/#organization\"},\"potentialAction\":[{\"@type\":\"SearchAction\",\"target\":{\"@type\":\"EntryPoint\",\"urlTemplate\":\"https:\\\/\\\/www.bolagsstiftarna.se\\\/?s={search_term_string}\"},\"query-input\":{\"@type\":\"PropertyValueSpecification\",\"valueRequired\":true,\"valueName\":\"search_term_string\"}}],\"inLanguage\":\"en-US\"},{\"@type\":\"Organization\",\"@id\":\"https:\\\/\\\/www.bolagsstiftarna.se\\\/#organization\",\"name\":\"Bolagsstiftarna AB\",\"url\":\"https:\\\/\\\/www.bolagsstiftarna.se\\\/\",\"logo\":{\"@type\":\"ImageObject\",\"inLanguage\":\"en-US\",\"@id\":\"https:\\\/\\\/www.bolagsstiftarna.se\\\/#\\\/schema\\\/logo\\\/image\\\/\",\"url\":\"https:\\\/\\\/d1i97327w94vhu.cloudfront.net\\\/wp-content\\\/uploads\\\/2020\\\/06\\\/25092025\\\/bolagsstiftarna-logo-315.png\",\"contentUrl\":\"https:\\\/\\\/d1i97327w94vhu.cloudfront.net\\\/wp-content\\\/uploads\\\/2020\\\/06\\\/25092025\\\/bolagsstiftarna-logo-315.png\",\"width\":315,\"height\":46,\"caption\":\"Bolagsstiftarna AB\"},\"image\":{\"@id\":\"https:\\\/\\\/www.bolagsstiftarna.se\\\/#\\\/schema\\\/logo\\\/image\\\/\"},\"sameAs\":[\"https:\\\/\\\/www.instagram.com\\\/bolagsstiftarna\\\/\",\"https:\\\/\\\/www.linkedin.com\\\/company\\\/bolagsstiftarna-ab?trk=tyah&amp;amp;trkInfo=tarId:1408967681730,tas:bolagsstif,idx:1-1-1\"]}]}<\/script>\n<!-- \/ Yoast SEO plugin. -->","yoast_head_json":{"title":"Kunderna Forst - Bolagsstiftarna","robots":{"index":"index","follow":"follow","max-snippet":"max-snippet:-1","max-image-preview":"max-image-preview:large","max-video-preview":"max-video-preview:-1"},"canonical":"https:\/\/www.bolagsstiftarna.se\/en\/kunderna-forst\/","og_locale":"en_US","og_type":"article","og_title":"Kunderna Forst - Bolagsstiftarna","og_url":"https:\/\/www.bolagsstiftarna.se\/en\/kunderna-forst\/","og_site_name":"Bolagsstiftarna","article_modified_time":"2020-12-09T09:29:10+00:00","twitter_card":"summary_large_image","schema":{"@context":"https:\/\/schema.org","@graph":[{"@type":"WebPage","@id":"https:\/\/www.bolagsstiftarna.se\/kunderna-forst\/","url":"https:\/\/www.bolagsstiftarna.se\/kunderna-forst\/","name":"Kunderna Forst - Bolagsstiftarna","isPartOf":{"@id":"https:\/\/www.bolagsstiftarna.se\/#website"},"datePublished":"2020-06-23T20:55:13+00:00","dateModified":"2020-12-09T09:29:10+00:00","breadcrumb":{"@id":"https:\/\/www.bolagsstiftarna.se\/kunderna-forst\/#breadcrumb"},"inLanguage":"en-US","potentialAction":[{"@type":"ReadAction","target":["https:\/\/www.bolagsstiftarna.se\/kunderna-forst\/"]}]},{"@type":"BreadcrumbList","@id":"https:\/\/www.bolagsstiftarna.se\/kunderna-forst\/#breadcrumb","itemListElement":[{"@type":"ListItem","position":1,"name":"Home","item":"https:\/\/www.bolagsstiftarna.se\/"},{"@type":"ListItem","position":2,"name":"Kunderna Forst"}]},{"@type":"WebSite","@id":"https:\/\/www.bolagsstiftarna.se\/#website","url":"https:\/\/www.bolagsstiftarna.se\/","name":"Bolagsstiftarna","description":"Lagerbolag &amp; Snabbavveckling","publisher":{"@id":"https:\/\/www.bolagsstiftarna.se\/#organization"},"potentialAction":[{"@type":"SearchAction","target":{"@type":"EntryPoint","urlTemplate":"https:\/\/www.bolagsstiftarna.se\/?s={search_term_string}"},"query-input":{"@type":"PropertyValueSpecification","valueRequired":true,"valueName":"search_term_string"}}],"inLanguage":"en-US"},{"@type":"Organization","@id":"https:\/\/www.bolagsstiftarna.se\/#organization","name":"Bolagsstiftarna AB","url":"https:\/\/www.bolagsstiftarna.se\/","logo":{"@type":"ImageObject","inLanguage":"en-US","@id":"https:\/\/www.bolagsstiftarna.se\/#\/schema\/logo\/image\/","url":"https:\/\/d1i97327w94vhu.cloudfront.net\/wp-content\/uploads\/2020\/06\/25092025\/bolagsstiftarna-logo-315.png","contentUrl":"https:\/\/d1i97327w94vhu.cloudfront.net\/wp-content\/uploads\/2020\/06\/25092025\/bolagsstiftarna-logo-315.png","width":315,"height":46,"caption":"Bolagsstiftarna AB"},"image":{"@id":"https:\/\/www.bolagsstiftarna.se\/#\/schema\/logo\/image\/"},"sameAs":["https:\/\/www.instagram.com\/bolagsstiftarna\/","https:\/\/www.linkedin.com\/company\/bolagsstiftarna-ab?trk=tyah&amp;amp;trkInfo=tarId:1408967681730,tas:bolagsstif,idx:1-1-1"]}]}},"_links":{"self":[{"href":"https:\/\/www.bolagsstiftarna.se\/en\/wp-json\/wp\/v2\/pages\/300","targetHints":{"allow":["GET"]}}],"collection":[{"href":"https:\/\/www.bolagsstiftarna.se\/en\/wp-json\/wp\/v2\/pages"}],"about":[{"href":"https:\/\/www.bolagsstiftarna.se\/en\/wp-json\/wp\/v2\/types\/page"}],"author":[{"embeddable":true,"href":"https:\/\/www.bolagsstiftarna.se\/en\/wp-json\/wp\/v2\/users\/1"}],"replies":[{"embeddable":true,"href":"https:\/\/www.bolagsstiftarna.se\/en\/wp-json\/wp\/v2\/comments?post=300"}],"version-history":[{"count":34,"href":"https:\/\/www.bolagsstiftarna.se\/en\/wp-json\/wp\/v2\/pages\/300\/revisions"}],"predecessor-version":[{"id":1280,"href":"https:\/\/www.bolagsstiftarna.se\/en\/wp-json\/wp\/v2\/pages\/300\/revisions\/1280"}],"wp:attachment":[{"href":"https:\/\/www.bolagsstiftarna.se\/en\/wp-json\/wp\/v2\/media?parent=300"}],"curies":[{"name":"wp","href":"https:\/\/api.w.org\/{rel}","templated":true}]}}