{"id":375,"date":"2020-06-23T22:07:26","date_gmt":"2020-06-23T22:07:26","guid":{"rendered":"http:\/\/www.bs.lk\/?page_id=375"},"modified":"2021-12-09T09:43:21","modified_gmt":"2021-12-09T09:43:21","slug":"dataskyddspolicy","status":"publish","type":"page","link":"https:\/\/www.bolagsstiftarna.se\/en\/dataskyddspolicy\/","title":{"rendered":"Dataskyddspolicy"},"content":{"rendered":"<div class=\"wp-block-group\"><div class=\"wp-block-group__inner-container is-layout-flow wp-block-group-is-layout-flow\">\n<div class=\"wp-block-columns is-layout-flex wp-container-core-columns-is-layout-9d6595d7 wp-block-columns-is-layout-flex\">\n<div class=\"wp-block-column is-layout-flow wp-block-column-is-layout-flow\" style=\"flex-basis:60%\">\n<h1 class=\"wp-block-heading\" id=\"h-bolagsstiftarnas-dataskyddspolicy\">Bolagsstiftarnas Dataskyddspolicy<\/h1>\n\n\n\n<p><\/p>\n\n\n\n<h1 class=\"wp-block-heading\">\u00a0<\/h1>\n\n\n\n<p><em>S\u00e4kerhets\u00e5tg\u00e4rder:<\/em><\/p>\n\n\n\n<p>Din s\u00e4kerhet \u00e4r viktig f\u00f6r oss. D\u00e4rf\u00f6r har vi vidtagit l\u00e4mpliga tekniska, organisatoriska och administrativa s\u00e4kerhets\u00e5tg\u00e4rder f\u00f6r att skydda dina personuppgifter fr\u00e5n obeh\u00f6rig \u00e5tkomst och annan otill\u00e5ten behandling. Vi analyserar och utv\u00e4rderar regelbundet \u00e5tg\u00e4rderna i syfte att skyddet f\u00f6r dina uppgifter ska bli s\u00e5 s\u00e4kert som m\u00f6jligt.<\/p>\n\n\n\n<p>Vi p\u00e5 Bolagsstiftarna arbetar l\u00f6pande med att s\u00e4kerst\u00e4lla att v\u00e5ra samarbetspartners som vi delar personuppgifter med uppn\u00e5r en adekvat skyddsniv\u00e5 i f\u00f6renlighet med g\u00e4llande dataskyddslagstiftning.<\/p>\n\n\n\n<p><em>\u00c4ndam\u00e5l f\u00f6r behandling av personuppgifter:&nbsp;<\/em><\/p>\n\n\n\n<p>Vid best\u00e4llning av v\u00e5ra olika tj\u00e4nster inkommer Du med personuppgifter till oss. Personuppgifterna vi erh\u00e5ller behandlas f\u00f6r att kunna uppr\u00e4tta avtal och administrera best\u00e4llda tj\u00e4nster. Personuppgifterna behandlas ocks\u00e5 f\u00f6r att kunna fortsatt informera kunder och anst\u00e4llda hos kunderna om uppdateringar i tj\u00e4nsteutbudet, f\u00f6r\u00e4ndringar i lagstiftning samt uppfylla krav enligt lag s\u00e5som exempelvis Lag (2017:630) om \u00e5tg\u00e4rder mot penningtv\u00e4tt och finansiering av terrorism.<\/p>\n\n\n\n<p>V\u00e5ra personuppgifter samlas in fr\u00e5n den registrerade sj\u00e4lv, dennes ombud eller genom externa adressk\u00e4llor.<\/p>\n\n\n\n<p>Vi behandlar personuppgifter endast s\u00e5 l\u00e4nge det kr\u00e4vs f\u00f6r ovan n\u00e4mnda \u00e4ndam\u00e5l och de registrerade har r\u00e4tt att n\u00e4r som helst f\u00e5 information om vilka personuppgifter som behandlas.<\/p>\n\n\n\n<p><em>R\u00e4ttsliga grunder f\u00f6r behandling av personuppgifter:&nbsp;<\/em><\/p>\n\n\n\n<p>De r\u00e4ttsliga grunderna f\u00f6r v\u00e5r behandling \u00e4r att vi ska kunna fullg\u00f6ra ing\u00e5ngna avtal med v\u00e5ra kunder (fullg\u00f6rande av avtal), att vi ska f\u00f6lja r\u00e5dande lagstiftning (fullg\u00f6rande av r\u00e4ttslig skyldighet) att den registrerade har samtyckt till behandlingen (samtycke), samt att vi har ber\u00e4ttigat intresse, <a>exempelvis<\/a> att marknadsf\u00f6ra uppdateringar i v\u00e5rt tj\u00e4nsteutbud och i relevant lagstiftning (intresseavv\u00e4gning).&nbsp; &nbsp;&nbsp;&nbsp;&nbsp;<\/p>\n\n\n\n<p><em>N\u00e4r du s\u00f6ker en ledig tj\u00e4nst hos oss:<\/em><\/p>\n\n\n\n<p>Vi behandlar ocks\u00e5 personuppgifter n\u00e4r n\u00e5gon s\u00f6ker lediga tj\u00e4nster eller anm\u00e4ler sitt intresse f\u00f6r anst\u00e4llning hos oss. Vi anv\u00e4nder d\u00e5 de inl\u00e4mnade personuppgifterna endast f\u00f6r \u00e4ndam\u00e5let att m\u00f6jligg\u00f6ra en rekrytering av den s\u00f6kande.<\/p>\n\n\n\n<p><em>\u00d6verf\u00f6ring och utl\u00e4mning av personuppgifter:<\/em><\/p>\n\n\n\n<p>Vissa av personuppgifterna som vi behandlar kan komma att l\u00e4mnas vidare till olika myndigheter, framf\u00f6r allt Bolagsverket och Skatteverket. \u00c4ndam\u00e5let \u00e4r att vi skall kunna fullf\u00f6lja v\u00e5ra f\u00f6rpliktelser i enlighet med ing\u00e5ngna avtal och g\u00e4llande lagstiftning.<\/p>\n\n\n\n<p>Vissa personuppgifter kan ocks\u00e5 komma att l\u00e4mnas ut till leverant\u00f6rer av IT-tj\u00e4nster, s\u00e5v\u00e4l inom som utanf\u00f6r EU\/EES.&nbsp; Vi \u00e4r personuppgiftsansvariga f\u00f6r dessa personuppgifter och v\u00e5ra leverant\u00f6rer \u00e4r personuppgiftsbitr\u00e4den. Dessa \u00e4r enligt avtal med oss skyldiga att f\u00f6lja v\u00e5ra instruktioner och f\u00e5r inte anv\u00e4nda uppgifterna f\u00f6r andra \u00e4ndam\u00e5l \u00e4n f\u00f6r vilka vi har samlat in dem f\u00f6r. Dessa personuppgiftsbitr\u00e4den skall dessutom vidta vissa tekniska och organisatoriska \u00e5tg\u00e4rder f\u00f6r att s\u00e4kerst\u00e4lla att personuppgifterna skyddas.<\/p>\n\n\n\n<p>De personuppgifter Bolagsstiftarna samlar in fr\u00e5n dig lagras inom det europeiska samarbetsomr\u00e5det (EES), men kan \u00e4ven komma att \u00f6verf\u00f6ras och bearbetas i ett land utanf\u00f6r EES (\u201dTredjeland\u201d). Vid s\u00e5dan \u00f6verf\u00f6ring sker bearbetningen av dina personuppgifter alltj\u00e4mt i enlighet med g\u00e4llande dataskyddslagstiftning. F\u00f6r det fall behandling av dina personuppgifter bearbetas utanf\u00f6r EU\/EES sker detta med anledning av att EU-kommissionen antingen tagit ett beslut att Tredjeland s\u00e4kerst\u00e4ller en adekvat skyddsniv\u00e5 eller tillhandah\u00e5ller l\u00e4mpliga skydds\u00e5tg\u00e4rder som s\u00e4kerst\u00e4ller att dina r\u00e4ttigheter skyddas. Exempel p\u00e5 l\u00e4mpliga skydds\u00e5tg\u00e4rder \u00e4r godk\u00e4nd uppf\u00f6randekod i mottagarlandet, standardavtalsklausuler eller bindande f\u00f6retagsinterna regler.<\/p>\n\n\n\n<p>Vi kan l\u00e4mna ut personuppgifter \u00e4ven till andra \u00e4n ovan f\u00f6r att f\u00f6lja lagar och f\u00f6reskrifter, en beg\u00e4ran eller ett f\u00f6rel\u00e4ggande fr\u00e5n en beh\u00f6rig domstol eller myndighet, samt f\u00f6r att tillgodose v\u00e5ra ber\u00e4ttigade intresse av att fastst\u00e4lla, g\u00f6ra g\u00e4llande och f\u00f6rsvara r\u00e4ttsliga anspr\u00e5k.<\/p>\n\n\n\n<p><em>Cookies:<\/em><\/p>\n\n\n\n<p>Vid bes\u00f6k p\u00e5 Bolagsstiftarnas webbplats kan information lagras i form av cookies. En cookie \u00e4r en fil som sparas i den enhet som du anv\u00e4nder f\u00f6r att bes\u00f6ka v\u00e5r hemsida. Vi anv\u00e4nder sessionscookies och permanenta cookies p\u00e5 v\u00e5r webbplats.<\/p>\n\n\n\n<p>Sessionscookies \u00e4r tempor\u00e4ra textfiler som lagras p\u00e5 din digitala enhet n\u00e4r du bes\u00f6ker webbplatsen, men som f\u00f6rsvinner n\u00e4r du st\u00e4nger din webbl\u00e4sare. Permanenta cookies d\u00e4remot kan anv\u00e4ndas till statistik och eventuellt marknadsf\u00f6ringssyfte.<\/p>\n\n\n\n<p>Ett samtycke fr\u00e5n Dig kr\u00e4vs f\u00f6r att vi ska f\u00e5 anv\u00e4nda cookies. Om Du har givit ett s\u00e5dant samtycke utg\u00f6r samtycket den lagliga grunden f\u00f6r en s\u00e5dan behandling. Du har r\u00e4tt att n\u00e4r som helst mots\u00e4tta sig denna behandling och d\u00e4rigenom \u00e5terkalla sitt samtycke.<\/p>\n\n\n\n<p><em>Personuppgiftsansvarig:<\/em><\/p>\n\n\n\n<p>Personuppgiftsansvarig \u00e4r Bolagsstiftarna F\u00f6rs\u00e4ljning AB, Att: Charlotte Wiberg, Box 12086, 402 41 G\u00f6teborg, tel: 031- 704 10 50, charlotte.wiberg@bolagsstiftarna.se.<\/p>\n\n\n\n<p><em>Dina r\u00e4ttigheter:<\/em><\/p>\n\n\n\n<p>N\u00e4r vi behandlar personuppgifter om dig har du som registrerad flera r\u00e4ttigheter. Du har r\u00e4tt att n\u00e4r som helst ta kontakt med oss g\u00e4llande dessa och om du vill ut\u00f6va n\u00e5gon av r\u00e4ttigheterna som beskrivs nedan \u00e4r du v\u00e4lkommen att kontakta oss. Vi f\u00f6rbeh\u00e5ller oss r\u00e4tten att vidta l\u00e4mpliga skydds- och s\u00e4kerhets\u00e5tg\u00e4rder i syfte att s\u00e4kerst\u00e4lla att du \u00e4r den du utger dig f\u00f6r att vara n\u00e4r du tar kontakt med oss. Om du inte kan visa din identitet p\u00e5 ett trov\u00e4rdigt s\u00e4tt \u00e4r det inte s\u00e4kert att vi kan tillm\u00f6tesg\u00e5 din beg\u00e4ran.<\/p>\n\n\n\n<p><em>Tillg\u00e5ng till personuppgifter:<\/em><\/p>\n\n\n\n<p>Du har r\u00e4tt att f\u00e5 veta vilka personuppgifter vi behandlar om dig. Om du vill veta det kan du f\u00e5 ett sammanst\u00e4llt registerutdrag av oss som inneh\u00e5ller de personuppgifter vi behandlar om dig.<\/p>\n\n\n\n<p><em>R\u00e4tt till dataportabilitet:<\/em><\/p>\n\n\n\n<p>Varje g\u00e5ng Bolagsstiftarna behandlar dina personuppgifter p\u00e5 ett automatiserat s\u00e4tt efter ditt medgivande eller enligt ett avtal har du r\u00e4tt att f\u00e5 en kopia p\u00e5 dina personuppgifter i ett strukturerat, vanligt och maskinl\u00e4sningsbart format \u00f6verf\u00f6rd till dig eller en annan part. Det innefattar endast de personuppgifter du sj\u00e4lv har l\u00e4mnat till oss.<\/p>\n\n\n\n<p><em>R\u00e4tt till r\u00e4ttelse:<\/em><\/p>\n\n\n\n<p>Du har r\u00e4tt att beg\u00e4ra r\u00e4ttelse av dina personuppgifter om de \u00e4r felaktiga samt att komplettera ofullst\u00e4ndiga personuppgifter.<\/p>\n\n\n\n<p><em>R\u00e4tt till radering<\/em>:<\/p>\n\n\n\n<p>Du har r\u00e4tt att under vissa omst\u00e4ndigheter f\u00e5 personuppgifter som r\u00f6r dig raderade av oss, t.ex. om personuppgifterna inte l\u00e4ngre \u00e4r n\u00f6dv\u00e4ndiga f\u00f6r att uppfylla de \u00e4ndam\u00e5l f\u00f6r vilka de samlades in, eller om personuppgifterna behandlats p\u00e5 ett olagligt s\u00e4tt.<\/p>\n\n\n\n<p><em>Din r\u00e4tt att neka behandling av personuppgifter p\u00e5 grund av en intresseavv\u00e4gning:<\/em><\/p>\n\n\n\n<p>Du har r\u00e4tt att neka till behandling av dina personuppgifter som baseras p\u00e5 en intresseavv\u00e4gning. Bolagsstiftarna kommer i s\u00e5dant fall inte forts\u00e4tta behandla personuppgifterna s\u00e5vida vi inte kan visa p\u00e5 ett ber\u00e4ttigat intresse som g\u00e5r f\u00f6re dina intressen och r\u00e4ttigheter eller p\u00e5 grund av r\u00e4ttsliga anspr\u00e5k.<\/p>\n\n\n\n<p>Vi kan vara skyldiga enligt andra lagar, t ex Lag (2017:630) om \u00e5tg\u00e4rder mot penningtv\u00e4tt och finansiering av terrorism, att bevara viss dokumentation under en l\u00e4ngre tid. I dessa fall \u00e4r det inte alltid m\u00f6jligt f\u00f6r oss att radera personuppgifter.&nbsp;<\/p>\n\n\n\n<p><em>R\u00e4tt till begr\u00e4nsning:<\/em><\/p>\n\n\n\n<p>Du har r\u00e4tt att kr\u00e4va att Bolagsstiftarna begr\u00e4nsar hanteringen av dina personuppgifter under f\u00f6ljande omst\u00e4ndigheter:<\/p>\n\n\n\n<p>&nbsp;&#8211; Om du mots\u00e4tter dig behandling av dina personuppgifter med utg\u00e5ngspunkt i Bolagsstiftarna ber\u00e4ttigade intresse, ska vi begr\u00e4nsa all hantering av uppgifterna under p\u00e5g\u00e5ende utredning av det ber\u00e4ttigade intresset;<\/p>\n\n\n\n<p>&#8211; Om du har uppgivit att dina personuppgifter \u00e4r felaktiga ska Bolagsstiftarna begr\u00e4nsa all hantering av dessa uppgifter under p\u00e5g\u00e5ende utredning av huruvida personuppgifterna \u00e4r korrekta eller inte;<\/p>\n\n\n\n<p>&#8211; Om behandlingen av personuppgifterna strider mot lag kan du mots\u00e4tta dig att personuppgifterna raderas och i st\u00e4llet beg\u00e4ra begr\u00e4nsning av anv\u00e4ndningen av dina personuppgifter; samt<\/p>\n\n\n\n<p>&#8211; Om Bolagsstiftarna inte l\u00e4ngre beh\u00f6ver personuppgifterna men det kr\u00e4vs f\u00f6r att du ska kunna f\u00f6rsvara dig mot r\u00e4ttsliga anspr\u00e5k.<\/p>\n\n\n\n<p><em>Hur du ut\u00f6var dina r\u00e4ttigheter:<\/em><\/p>\n\n\n\n<p>Om du vill ut\u00f6va dina r\u00e4ttigheter enligt ovan eller annars vill komma i kontakt med Bolagsstiftarna med anledning av v\u00e5r behandling av dina personuppgifter kan du g\u00f6ra detta genom att kontakta oss eller l\u00e4sa mer om oss p\u00e5 v\u00e5r hemsida www.bolagsstiftarna.se.<\/p>\n\n\n\n<p><em>R\u00e4tt att framf\u00f6ra klagom\u00e5l till tillsynsmyndighet:<\/em><\/p>\n\n\n\n<p>Om du anser att Bolagsstiftarna behandlar dina personuppgifter p\u00e5 ett oriktigt s\u00e4tt kan du kontakta oss. Du har ocks\u00e5 r\u00e4tt att l\u00e4mna in klagom\u00e5l till en tillsynsmyndighet. Integritetsskyddsmyndigheten \u00e4r tillsynsmyndighet i Sverige.<\/p>\n\n\n\n<p><em>Senast uppdaterad 2021-12-09<\/em><\/p>\n<\/div>\n\n\n\n<div class=\"wp-block-column is-layout-flow wp-block-column-is-layout-flow\" style=\"flex-basis:33.33%\"><\/div>\n<\/div>\n\n\n\n<p><\/p>\n<\/div><\/div>","protected":false},"excerpt":{"rendered":"<p>Bolagsstiftarnas Dataskyddspolicy \u00a0 S\u00e4kerhets\u00e5tg\u00e4rder: Din s\u00e4kerhet \u00e4r viktig f\u00f6r oss. D\u00e4rf\u00f6r har vi vidtagit l\u00e4mpliga tekniska, organisatoriska och administrativa s\u00e4kerhets\u00e5tg\u00e4rder f\u00f6r att skydda dina personuppgifter fr\u00e5n obeh\u00f6rig \u00e5tkomst och [&hellip;]<\/p>\n","protected":false},"author":1,"featured_media":0,"parent":0,"menu_order":0,"comment_status":"closed","ping_status":"closed","template":"","meta":{"_acf_changed":false,"inline_featured_image":false,"footnotes":""},"class_list":["post-375","page","type-page","status-publish","hentry"],"acf":[],"yoast_head":"<!-- This site is optimized with the Yoast SEO plugin v27.3 - https:\/\/yoast.com\/product\/yoast-seo-wordpress\/ -->\n<title>Dataskyddspolicy - Bolagsstiftarna<\/title>\n<meta name=\"robots\" content=\"index, follow, max-snippet:-1, max-image-preview:large, max-video-preview:-1\" \/>\n<link rel=\"canonical\" href=\"https:\/\/www.bolagsstiftarna.se\/en\/dataskyddspolicy\/\" \/>\n<meta property=\"og:locale\" content=\"en_US\" \/>\n<meta property=\"og:type\" content=\"article\" \/>\n<meta property=\"og:title\" content=\"Dataskyddspolicy - Bolagsstiftarna\" \/>\n<meta property=\"og:description\" content=\"Bolagsstiftarnas Dataskyddspolicy \u00a0 S\u00e4kerhets\u00e5tg\u00e4rder: Din s\u00e4kerhet \u00e4r viktig f\u00f6r oss. D\u00e4rf\u00f6r har vi vidtagit l\u00e4mpliga tekniska, organisatoriska och administrativa s\u00e4kerhets\u00e5tg\u00e4rder f\u00f6r att skydda dina personuppgifter fr\u00e5n obeh\u00f6rig \u00e5tkomst och [&hellip;]\" \/>\n<meta property=\"og:url\" content=\"https:\/\/www.bolagsstiftarna.se\/en\/dataskyddspolicy\/\" \/>\n<meta property=\"og:site_name\" content=\"Bolagsstiftarna\" \/>\n<meta property=\"article:modified_time\" content=\"2021-12-09T09:43:21+00:00\" \/>\n<meta name=\"twitter:card\" content=\"summary_large_image\" \/>\n<meta name=\"twitter:label1\" content=\"Est. reading time\" \/>\n\t<meta name=\"twitter:data1\" content=\"6 minutes\" \/>\n<script type=\"application\/ld+json\" class=\"yoast-schema-graph\">{\"@context\":\"https:\\\/\\\/schema.org\",\"@graph\":[{\"@type\":\"WebPage\",\"@id\":\"https:\\\/\\\/www.bolagsstiftarna.se\\\/dataskyddspolicy\\\/\",\"url\":\"https:\\\/\\\/www.bolagsstiftarna.se\\\/dataskyddspolicy\\\/\",\"name\":\"Dataskyddspolicy - Bolagsstiftarna\",\"isPartOf\":{\"@id\":\"https:\\\/\\\/www.bolagsstiftarna.se\\\/#website\"},\"datePublished\":\"2020-06-23T22:07:26+00:00\",\"dateModified\":\"2021-12-09T09:43:21+00:00\",\"breadcrumb\":{\"@id\":\"https:\\\/\\\/www.bolagsstiftarna.se\\\/dataskyddspolicy\\\/#breadcrumb\"},\"inLanguage\":\"en-US\",\"potentialAction\":[{\"@type\":\"ReadAction\",\"target\":[\"https:\\\/\\\/www.bolagsstiftarna.se\\\/dataskyddspolicy\\\/\"]}]},{\"@type\":\"BreadcrumbList\",\"@id\":\"https:\\\/\\\/www.bolagsstiftarna.se\\\/dataskyddspolicy\\\/#breadcrumb\",\"itemListElement\":[{\"@type\":\"ListItem\",\"position\":1,\"name\":\"Home\",\"item\":\"https:\\\/\\\/www.bolagsstiftarna.se\\\/\"},{\"@type\":\"ListItem\",\"position\":2,\"name\":\"Dataskyddspolicy\"}]},{\"@type\":\"WebSite\",\"@id\":\"https:\\\/\\\/www.bolagsstiftarna.se\\\/#website\",\"url\":\"https:\\\/\\\/www.bolagsstiftarna.se\\\/\",\"name\":\"Bolagsstiftarna\",\"description\":\"Lagerbolag &amp; Snabbavveckling\",\"publisher\":{\"@id\":\"https:\\\/\\\/www.bolagsstiftarna.se\\\/#organization\"},\"potentialAction\":[{\"@type\":\"SearchAction\",\"target\":{\"@type\":\"EntryPoint\",\"urlTemplate\":\"https:\\\/\\\/www.bolagsstiftarna.se\\\/?s={search_term_string}\"},\"query-input\":{\"@type\":\"PropertyValueSpecification\",\"valueRequired\":true,\"valueName\":\"search_term_string\"}}],\"inLanguage\":\"en-US\"},{\"@type\":\"Organization\",\"@id\":\"https:\\\/\\\/www.bolagsstiftarna.se\\\/#organization\",\"name\":\"Bolagsstiftarna AB\",\"url\":\"https:\\\/\\\/www.bolagsstiftarna.se\\\/\",\"logo\":{\"@type\":\"ImageObject\",\"inLanguage\":\"en-US\",\"@id\":\"https:\\\/\\\/www.bolagsstiftarna.se\\\/#\\\/schema\\\/logo\\\/image\\\/\",\"url\":\"https:\\\/\\\/d1i97327w94vhu.cloudfront.net\\\/wp-content\\\/uploads\\\/2020\\\/06\\\/25092025\\\/bolagsstiftarna-logo-315.png\",\"contentUrl\":\"https:\\\/\\\/d1i97327w94vhu.cloudfront.net\\\/wp-content\\\/uploads\\\/2020\\\/06\\\/25092025\\\/bolagsstiftarna-logo-315.png\",\"width\":315,\"height\":46,\"caption\":\"Bolagsstiftarna AB\"},\"image\":{\"@id\":\"https:\\\/\\\/www.bolagsstiftarna.se\\\/#\\\/schema\\\/logo\\\/image\\\/\"},\"sameAs\":[\"https:\\\/\\\/www.instagram.com\\\/bolagsstiftarna\\\/\",\"https:\\\/\\\/www.linkedin.com\\\/company\\\/bolagsstiftarna-ab?trk=tyah&amp;amp;trkInfo=tarId:1408967681730,tas:bolagsstif,idx:1-1-1\"]}]}<\/script>\n<!-- \/ Yoast SEO plugin. -->","yoast_head_json":{"title":"Dataskyddspolicy - Bolagsstiftarna","robots":{"index":"index","follow":"follow","max-snippet":"max-snippet:-1","max-image-preview":"max-image-preview:large","max-video-preview":"max-video-preview:-1"},"canonical":"https:\/\/www.bolagsstiftarna.se\/en\/dataskyddspolicy\/","og_locale":"en_US","og_type":"article","og_title":"Dataskyddspolicy - Bolagsstiftarna","og_description":"Bolagsstiftarnas Dataskyddspolicy \u00a0 S\u00e4kerhets\u00e5tg\u00e4rder: Din s\u00e4kerhet \u00e4r viktig f\u00f6r oss. D\u00e4rf\u00f6r har vi vidtagit l\u00e4mpliga tekniska, organisatoriska och administrativa s\u00e4kerhets\u00e5tg\u00e4rder f\u00f6r att skydda dina personuppgifter fr\u00e5n obeh\u00f6rig \u00e5tkomst och [&hellip;]","og_url":"https:\/\/www.bolagsstiftarna.se\/en\/dataskyddspolicy\/","og_site_name":"Bolagsstiftarna","article_modified_time":"2021-12-09T09:43:21+00:00","twitter_card":"summary_large_image","twitter_misc":{"Est. reading time":"6 minutes"},"schema":{"@context":"https:\/\/schema.org","@graph":[{"@type":"WebPage","@id":"https:\/\/www.bolagsstiftarna.se\/dataskyddspolicy\/","url":"https:\/\/www.bolagsstiftarna.se\/dataskyddspolicy\/","name":"Dataskyddspolicy - Bolagsstiftarna","isPartOf":{"@id":"https:\/\/www.bolagsstiftarna.se\/#website"},"datePublished":"2020-06-23T22:07:26+00:00","dateModified":"2021-12-09T09:43:21+00:00","breadcrumb":{"@id":"https:\/\/www.bolagsstiftarna.se\/dataskyddspolicy\/#breadcrumb"},"inLanguage":"en-US","potentialAction":[{"@type":"ReadAction","target":["https:\/\/www.bolagsstiftarna.se\/dataskyddspolicy\/"]}]},{"@type":"BreadcrumbList","@id":"https:\/\/www.bolagsstiftarna.se\/dataskyddspolicy\/#breadcrumb","itemListElement":[{"@type":"ListItem","position":1,"name":"Home","item":"https:\/\/www.bolagsstiftarna.se\/"},{"@type":"ListItem","position":2,"name":"Dataskyddspolicy"}]},{"@type":"WebSite","@id":"https:\/\/www.bolagsstiftarna.se\/#website","url":"https:\/\/www.bolagsstiftarna.se\/","name":"Bolagsstiftarna","description":"Lagerbolag &amp; Snabbavveckling","publisher":{"@id":"https:\/\/www.bolagsstiftarna.se\/#organization"},"potentialAction":[{"@type":"SearchAction","target":{"@type":"EntryPoint","urlTemplate":"https:\/\/www.bolagsstiftarna.se\/?s={search_term_string}"},"query-input":{"@type":"PropertyValueSpecification","valueRequired":true,"valueName":"search_term_string"}}],"inLanguage":"en-US"},{"@type":"Organization","@id":"https:\/\/www.bolagsstiftarna.se\/#organization","name":"Bolagsstiftarna AB","url":"https:\/\/www.bolagsstiftarna.se\/","logo":{"@type":"ImageObject","inLanguage":"en-US","@id":"https:\/\/www.bolagsstiftarna.se\/#\/schema\/logo\/image\/","url":"https:\/\/d1i97327w94vhu.cloudfront.net\/wp-content\/uploads\/2020\/06\/25092025\/bolagsstiftarna-logo-315.png","contentUrl":"https:\/\/d1i97327w94vhu.cloudfront.net\/wp-content\/uploads\/2020\/06\/25092025\/bolagsstiftarna-logo-315.png","width":315,"height":46,"caption":"Bolagsstiftarna AB"},"image":{"@id":"https:\/\/www.bolagsstiftarna.se\/#\/schema\/logo\/image\/"},"sameAs":["https:\/\/www.instagram.com\/bolagsstiftarna\/","https:\/\/www.linkedin.com\/company\/bolagsstiftarna-ab?trk=tyah&amp;amp;trkInfo=tarId:1408967681730,tas:bolagsstif,idx:1-1-1"]}]}},"_links":{"self":[{"href":"https:\/\/www.bolagsstiftarna.se\/en\/wp-json\/wp\/v2\/pages\/375","targetHints":{"allow":["GET"]}}],"collection":[{"href":"https:\/\/www.bolagsstiftarna.se\/en\/wp-json\/wp\/v2\/pages"}],"about":[{"href":"https:\/\/www.bolagsstiftarna.se\/en\/wp-json\/wp\/v2\/types\/page"}],"author":[{"embeddable":true,"href":"https:\/\/www.bolagsstiftarna.se\/en\/wp-json\/wp\/v2\/users\/1"}],"replies":[{"embeddable":true,"href":"https:\/\/www.bolagsstiftarna.se\/en\/wp-json\/wp\/v2\/comments?post=375"}],"version-history":[{"count":5,"href":"https:\/\/www.bolagsstiftarna.se\/en\/wp-json\/wp\/v2\/pages\/375\/revisions"}],"predecessor-version":[{"id":1690,"href":"https:\/\/www.bolagsstiftarna.se\/en\/wp-json\/wp\/v2\/pages\/375\/revisions\/1690"}],"wp:attachment":[{"href":"https:\/\/www.bolagsstiftarna.se\/en\/wp-json\/wp\/v2\/media?parent=375"}],"curies":[{"name":"wp","href":"https:\/\/api.w.org\/{rel}","templated":true}]}}