{"id":5,"date":"2020-06-18T09:03:23","date_gmt":"2020-06-18T09:03:23","guid":{"rendered":"http:\/\/www.bs.lk\/?page_id=5"},"modified":"2026-04-23T06:33:11","modified_gmt":"2026-04-23T06:33:11","slug":"snabbavveckling-lagerbolag","status":"publish","type":"page","link":"https:\/\/www.bolagsstiftarna.se\/en\/","title":{"rendered":"Bolagsstiftarna &#8211; Snabbavveckling och Lagerbolag"},"content":{"rendered":"\n<div class=\"wp-block-group\"><div class=\"wp-block-group__inner-container is-layout-constrained wp-block-group-is-layout-constrained\">\n<div class=\"wp-block-columns is-layout-flex wp-container-core-columns-is-layout-9d6595d7 wp-block-columns-is-layout-flex\">\n<div class=\"wp-block-column is-layout-flow wp-block-column-is-layout-flow\" style=\"flex-basis:100%\">\n<div class=\"wp-block-group\"><div class=\"wp-block-group__inner-container is-layout-constrained wp-block-group-is-layout-constrained\">\n<div class=\"wp-block-group\"><div class=\"wp-block-group__inner-container is-layout-constrained wp-block-group-is-layout-constrained\">\n<div class=\"wp-block-group\"><div class=\"wp-block-group__inner-container is-layout-constrained wp-block-group-is-layout-constrained\">\n<div class=\"wp-block-group\"><div class=\"wp-block-group__inner-container is-layout-constrained wp-block-group-is-layout-constrained\"><!-- START Block Home Hero -->\t<div class=\"hero hero-overlay vittext\" style=\"background: rgb(101,101,109);background: linear-gradient(180deg, rgba(101,101,109,1) 0%, rgba(21,20,26,1) 88%);background-image: url(https:\/\/d1i97327w94vhu.cloudfront.net\/wp-content\/uploads\/2023\/12\/08080105\/bolagsstiftarna-patrik-charlotte.jpg)\">\n\t\t<div class=\"bg-video-holder\">\n\t\t\t\t\t<\/div>\n\t\t<div class=\"container\">\n\t\t\t<div class=\"txt-box\">\n\t\t\t\t\t\t\t\t\t<h2>Snabbavveckling och Lagerbolag<\/h2>\n\t\t\t\t\t\t\t\t\t\t\t\t\t<p>Vi k\u00f6per vilande aktiebolag f\u00f6r Snabbavveckling. Inkom med aktuell balans- och resultatrapport och f\u00e5 en offert inom tv\u00e5 timmar.<\/p>\n<p>Vi s\u00e4ljer f\u00e4rdiga aktiebolag s\u00e5 kallade lagerbolag. Handlingar och organisationsnummer inom tv\u00e5 timmar!<\/p>\n\t\t\t\t\t\t\t\t\t\t\t<\/div>\n\t\t<\/div>\n\t<\/div>\n<!-- END Block Home Hero --><\/div><\/div>\n<\/div><\/div>\n<\/div><\/div>\n<\/div><\/div>\n<\/div>\n<\/div>\n<\/div><\/div>\n\n\n<!-- START Block Info Boxes -->\n    <div class=\"info-boxes\">\n        <div class=\"container\">\n            <div class=\"cols\">\n\t\t\t                                                        <div class=\"col\">\n                        <div class=\"item-box\">\n                                                            <h3>Snabbavveckla aktiebolag<\/h3>\n                            \n                                                            <p>Vi k\u00f6per vilande aktiebolag f\u00f6r snabbavveckling. Inom 2h \u00f6vers\u00e4nder vi offert. Pris fr\u00e5n\u00a0<strong>10 000 kr<\/strong><br \/>\n<em>Bolagen vi k\u00f6per avvecklas alltid och s\u00e4ljs aldrig vidare.<\/em><\/p>\n                            \n                                                            <a class=\"btn\"\n                                   href=\"\/snabbavveckling\/\"\n                                   >\n                                    Beg\u00e4r offert                                <\/a>\n                                                    <\/div>\n                    <\/div>\n                                                        <div class=\"col\">\n                        <div class=\"item-box\">\n                                                            <h3>K\u00f6p lagerbolag<\/h3>\n                            \n                                                            <p>V\u00e5rt arvode \u00e4r <strong>4.695 kr<\/strong>, Bolagsverkets avgifter p\u00e5 4.600 kr tillkommer. Totalt pris blir 9.295 kr.<br \/>\n<em>Allt ing\u00e5r\u00a0tillsammans med Sveriges b\u00e4sta service.<\/em><\/p>\n                            \n                                                            <a class=\"btn\"\n                                   href=\"\/app\/kop-lagerbolag\/kontaktperson\"\n                                   >\n                                    K\u00f6p lagerbolag                                <\/a>\n                                                    <\/div>\n                    <\/div>\n                            <\/div>\n        <\/div>\n    <\/div>\n<!-- END Block Info Boxes -->\n\n\n<div class=\"wp-block-columns is-layout-flex wp-container-core-columns-is-layout-9d6595d7 wp-block-columns-is-layout-flex\">\n<div class=\"wp-block-column is-layout-flow wp-block-column-is-layout-flow\">\n<figure class=\"wp-block-image size-large\"><img loading=\"lazy\" decoding=\"async\" width=\"122\" height=\"79\" src=\"https:\/\/d1i97327w94vhu.cloudfront.net\/wp-content\/uploads\/2020\/06\/25092022\/env-300x79-1.png\" alt=\"\" class=\"wp-image-56\"><\/figure>\n\n\n\n<h4 class=\"wp-block-heading\" id=\"h-vi-guidar-dig\">Vi guidar dig<\/h4>\n\n\n\n<p>L\u00e5t oss guida dig genom valet av r\u00e4tt leverant\u00f6r vid snabbavveckling! <a href=\"\/snabbavveckling\/#bestall\">Best\u00e4ll gratis h\u00e4r<\/a><\/p>\n<\/div>\n\n\n\n<div class=\"wp-block-column is-layout-flow wp-block-column-is-layout-flow\">\n<figure class=\"wp-block-image size-large\"><img loading=\"lazy\" decoding=\"async\" width=\"128\" height=\"55\" src=\"https:\/\/d1i97327w94vhu.cloudfront.net\/wp-content\/uploads\/2020\/06\/25092022\/steg123-220x55-1.png\" alt=\"\" class=\"wp-image-57\"><\/figure>\n\n\n\n<h4 class=\"wp-block-heading\" id=\"h-lagerbolag-steg-f-r-steg\">Lagerbolag steg f\u00f6r steg<\/h4>\n\n\n\n<p>S\u00e5 enkelt startar du ett aktiebolag med hj\u00e4lp av Bolagsstiftarnas lagerbolag.<\/p>\n\n\n\n<p><a href=\"\/sa-fungerar-lagerbolag\/\">L\u00e4s mer om hur lagerbolag fungerar<\/a><\/p>\n<\/div>\n\n\n\n<div class=\"wp-block-column is-layout-flow wp-block-column-is-layout-flow\">\n<figure class=\"wp-block-image size-large\"><img loading=\"lazy\" decoding=\"async\" width=\"128\" height=\"55\" src=\"https:\/\/d1i97327w94vhu.cloudfront.net\/wp-content\/uploads\/2020\/06\/25092022\/steg123-220x55-1.png\" alt=\"\" class=\"wp-image-57\"><\/figure>\n\n\n\n<h4 class=\"wp-block-heading\" id=\"h-snabbavveckling-steg-f-r-steg\">Snabbavveckling steg f\u00f6r steg<\/h4>\n\n\n\n<p>S\u00e5 enkelt&nbsp;avvecklar du ett aktiebolag med hj\u00e4lp av Bolagsstiftarnas snabbavveckling.<\/p>\n\n\n\n<p><a href=\"\/snabbavveckling\/sa-fungerar-snabbavveckling\/\" data-type=\"URL\" data-id=\"\/snabbavveckling\/sa-fungerar-snabbavveckling\/\">L\u00e4s mer om hur snabbavveckling&nbsp;fungerar<\/a><\/p>\n<\/div>\n<\/div>\n\n\n\n<hr class=\"wp-block-separator has-alpha-channel-opacity\"\/>\n\n\n\n<div class=\"wp-block-columns is-layout-flex wp-container-core-columns-is-layout-9d6595d7 wp-block-columns-is-layout-flex\">\n<div class=\"wp-block-column is-layout-flow wp-block-column-is-layout-flow\">\n<h3 class=\"wp-block-heading\">Banksamarbeten \u2013 Smidig och digital ans\u00f6kan om att bli f\u00f6retagskund<\/h3>\n\n\n\n<p>F\u00f6r att f\u00f6renkla och effektivisera processen vid k\u00f6p av lagerbolag har Bolagsstiftarna etablerat samarbeten med utvalda banker. Genom att anv\u00e4nda v\u00e5ra banksamarbeten kan du som kund dra nytta av en smidig och digital process f\u00f6r att \u00f6ppna f\u00f6retagskonto. F\u00f6r att f\u00f6rs\u00e4kra snabb handl\u00e4ggning f\u00f6rser vi banken med uppgifter om lagerbolaget. Det tillkommer ingen kostnad f\u00f6r att ans\u00f6ka hos v\u00e5ra samarbetspartners.<\/p>\n\n\n<!-- START Block Open\/Close -->    <div class=\"accordion icons-style-plus\">\n                                    <div class=\"item\">\n                                            <a href=\"#\" class=\"opener\">SEB \u2013 Bli f\u00f6retagskund digitalt<\/a>\n                                                                <div class=\"slide\"><p>Vi har ett samarbete tillsammans med SEB. N\u00e4r du k\u00f6per ett lagerbolag av oss kan du nu p\u00e5 ett smidigt s\u00e4tt ans\u00f6ka om att bli f\u00f6retagskund hos SEB \u2013 helt digitalt.<\/p>\n<\/div>\n                                    <\/div>\n                                                <div class=\"item\">\n                                            <a href=\"#\" class=\"opener\"> Northmill Bank \u2013 Konto inom 48 timmar<\/a>\n                                                                <div class=\"slide\"><p>Tillsammans med Northmill Bank erbjuder vi en snabb och digital ans\u00f6kningsprocess d\u00e4r din ans\u00f6kan om f\u00f6retagskonto behandlas inom 48 timmar.<\/p>\n<\/div>\n                                    <\/div>\n                                                <div class=\"item\">\n                                            <a href=\"#\" class=\"opener\">Lunar Bank \u2013 Svar inom 24h<\/a>\n                                                                <div class=\"slide\"><p>Lunar \u00e4r banken f\u00f6r nystartade f\u00f6retag. Tillsammans erbjuder vi en snabb och helt digital process med ett f\u00f6rsta svar p\u00e5 din ans\u00f6kan om f\u00f6retagskonto inom 24 timmar. Dessutom ingen startavgift oavsett vilket paket du v\u00e4ljer n\u00e4r du ans\u00f6ker fr\u00e5n Bolagsstiftarna.<\/p>\n<\/div>\n                                    <\/div>\n                        <\/div>\n<!-- END Block Open\/Close --><\/div>\n\n\n\n<div class=\"wp-block-column is-layout-flow wp-block-column-is-layout-flow\">\n<figure class=\"wp-block-image size-full\"><img loading=\"lazy\" decoding=\"async\" width=\"968\" height=\"758\" src=\"https:\/\/d1i97327w94vhu.cloudfront.net\/wp-content\/uploads\/2025\/10\/21114417\/bolagsstiftarna-samarbeten.jpg\" alt=\"\" class=\"wp-image-2264\" srcset=\"https:\/\/d1i97327w94vhu.cloudfront.net\/wp-content\/uploads\/2025\/10\/21114417\/bolagsstiftarna-samarbeten.jpg 968w, https:\/\/d1i97327w94vhu.cloudfront.net\/wp-content\/uploads\/2025\/10\/21114417\/bolagsstiftarna-samarbeten-300x235.jpg 300w, https:\/\/d1i97327w94vhu.cloudfront.net\/wp-content\/uploads\/2025\/10\/21114417\/bolagsstiftarna-samarbeten-768x601.jpg 768w, https:\/\/d1i97327w94vhu.cloudfront.net\/wp-content\/uploads\/2025\/10\/21114417\/bolagsstiftarna-samarbeten-15x12.jpg 15w, https:\/\/d1i97327w94vhu.cloudfront.net\/wp-content\/uploads\/2025\/10\/21114417\/bolagsstiftarna-samarbeten-767x601.jpg 767w\" sizes=\"auto, (max-width: 968px) 100vw, 968px\" \/><\/figure>\n<\/div>\n<\/div>\n\n\n<!-- START Block Home Banner -->    <div class=\"banner\">\n        <div class=\"banner-bg\" style=\"background-image: url('https:\/\/d1i97327w94vhu.cloudfront.net\/wp-content\/uploads\/2021\/10\/25074138\/bsstiftarna-camp-1920x1222.jpg');\"><\/div>\n        <div class=\"container\">\n            <div class=\"block\">\n                                    <h3>Vi \u00e4r tillg\u00e4ngliga dygnet runt!<\/h3>\n                                                    <p>Vi \u00e4r alltid tillg\u00e4ngliga n\u00e4r du beh\u00f6ver hj\u00e4lp med snabbavveckling eller k\u00f6p av lagerbolag!<\/p>\n<p>Kontorstid, l\u00f6rdag eftermiddag eller till och med mitt i natten &#8211; vi finns h\u00e4r n\u00e4r du beh\u00f6ver oss!<\/p>\n<p>L\u00e4s mer i v\u00e5ra digitala guider:<\/p>\n                                                    <ul>\n                                                                                    <li>\n                                    <a class=\"btn\" href=\"https:\/\/d1i97327w94vhu.cloudfront.net\/wp-content\/uploads\/2021\/04\/14115703\/guide-snabbavveckling_2021-DIGI.pdf\" target=\"_blank\">\n                                        <span class=\"icon icon-download\"><\/span><span class=\"txt\">Snabbavvecklingsguiden<\/span>\n                                    <\/a>\n                                <\/li>\n                                                                                                                <li>\n                                    <a class=\"btn\" href=\"https:\/\/d1i97327w94vhu.cloudfront.net\/wp-content\/uploads\/2021\/04\/14115702\/guide-lagerbolag_2021-DIGI.pdf\" target=\"_blank\">\n                                        <span class=\"icon icon-download\"><\/span><span class=\"txt\">Lagerbolagsguiden<\/span>\n                                    <\/a>\n                                <\/li>\n                                                                        <\/ul>\n                            <\/div>\n        <\/div>\n    <\/div>\n<!-- END Block Home Banner -->\n\n<!-- START Block Recent Posts --><div class=\"recent-posts view-home\">\n    <div class=\"container\">\n        <div class=\"cols\">\n                            <div class=\"col\">\n    <div class=\"item-post\">\n        <p class=\"meta-info\">\n            <a href=\"https:\/\/www.bolagsstiftarna.se\/en\/2026\/03\/\" rel=\"bookmark\">\n                <time datetime=\"2026-03-04\">\n                    4 March, 2026                <\/time>\n            <\/a>\n            <a href=\"https:\/\/www.bolagsstiftarna.se\/en\/category\/lagerbolag\/\" rel=\"category tag\">Lagerbolag<\/a>        <\/p>\n        <div class=\"title\">\n            <h2><a href=\"https:\/\/www.bolagsstiftarna.se\/en\/bolag-med-forlangt-forsta-rakenskapsar-till-2027-08-31\/\">Bolag med f\u00f6rl\u00e4ngt f\u00f6rsta r\u00e4kenskaps\u00e5r till 2027-08-31<\/a><\/h2>\n        <\/div>\n        <div class=\"content\">\n            <p>Fr\u00e5n och med den 1 mars kan bolag med r\u00e4kenskaps\u00e5r 1\/9\u201331\/8 f\u00f6rl\u00e4nga sitt f\u00f6rsta r\u00e4kenskaps\u00e5r till totalt 18 m\u00e5nader. Vi har nu lagerbolag med f\u00f6rl\u00e4ngt f\u00f6rsta r\u00e4kenskaps\u00e5r till och [&hellip;]<\/p>\n        <\/div>\n    <\/div>\n<\/div>                            <div class=\"col\">\n    <div class=\"item-post\">\n        <p class=\"meta-info\">\n            <a href=\"https:\/\/www.bolagsstiftarna.se\/en\/2026\/02\/\" rel=\"bookmark\">\n                <time datetime=\"2026-02-02\">\n                    2 February, 2026                <\/time>\n            <\/a>\n            <a href=\"https:\/\/www.bolagsstiftarna.se\/en\/category\/bolagsstiftarna\/\" rel=\"category tag\">Bolagsstiftarna<\/a>        <\/p>\n        <div class=\"title\">\n            <h2><a href=\"https:\/\/www.bolagsstiftarna.se\/en\/trygga-bolagsaffarer-2\/\">Trygga bolagsaff\u00e4rer<\/a><\/h2>\n        <\/div>\n        <div class=\"content\">\n            <p>Du kan alltid k\u00e4nna dig trygg n\u00e4r du g\u00f6r aff\u00e4rer med oss. Bolagen vi k\u00f6per f\u00f6r Snabbavveckling avvecklas alltid och s\u00e4ljs aldrig vidare. Lagerbolag som vi s\u00e4ljer \u00e4r registrerade [&hellip;]<\/p>\n        <\/div>\n    <\/div>\n<\/div>                            <div class=\"col\">\n    <div class=\"item-post\">\n        <p class=\"meta-info\">\n            <a href=\"https:\/\/www.bolagsstiftarna.se\/en\/2025\/09\/\" rel=\"bookmark\">\n                <time datetime=\"2025-09-17\">\n                    17 September, 2025                <\/time>\n            <\/a>\n            <a href=\"https:\/\/www.bolagsstiftarna.se\/en\/category\/lagerbolag\/\" rel=\"category tag\">Lagerbolag<\/a>        <\/p>\n        <div class=\"title\">\n            <h2><a href=\"https:\/\/www.bolagsstiftarna.se\/en\/nytt-samarbete-med-seb-vid-kop-av-lagerbolag\/\">Nytt samarbete med SEB vid k\u00f6p av lagerbolag!<\/a><\/h2>\n        <\/div>\n        <div class=\"content\">\n            <p>Vi \u00e4r glada \u00f6ver att ha inlett ett samarbete tillsammans med SEB. N\u00e4r du k\u00f6per ett lagerbolag av oss kan du nu p\u00e5 ett smidigt s\u00e4tt ans\u00f6ka om att [&hellip;]<\/p>\n        <\/div>\n    <\/div>\n<\/div>                            <div class=\"col\">\n    <div class=\"item-post\">\n        <p class=\"meta-info\">\n            <a href=\"https:\/\/www.bolagsstiftarna.se\/en\/2025\/09\/\" rel=\"bookmark\">\n                <time datetime=\"2025-09-15\">\n                    15 September, 2025                <\/time>\n            <\/a>\n            <a href=\"https:\/\/www.bolagsstiftarna.se\/en\/category\/bolagsstiftarna\/\" rel=\"category tag\">Bolagsstiftarna<\/a>        <\/p>\n        <div class=\"title\">\n            <h2><a href=\"https:\/\/www.bolagsstiftarna.se\/en\/traffa-oss-pa-massan-ekonomi-foretag-5\/\">Tr\u00e4ffa oss p\u00e5 m\u00e4ssan Ekonomi &#038; f\u00f6retag!<\/a><\/h2>\n        <\/div>\n        <div class=\"content\">\n            <p>I h\u00f6st kommer vi bland annat finnas p\u00e5 plats p\u00e5 m\u00e4ssan Ekonomi &amp; F\u00f6retag p\u00e5 Kistam\u00e4ssan 24 \u2013 25 september. Ni hittar oss i monter L:35, kom g\u00e4rna och [&hellip;]<\/p>\n        <\/div>\n    <\/div>\n<\/div>                    <\/div>\n            <\/div>\n\n<\/div>\n<!-- END Block Recent Posts -->","protected":false},"excerpt":{"rendered":"<p>Vi guidar dig L\u00e5t oss guida dig genom valet av r\u00e4tt leverant\u00f6r vid snabbavveckling! Best\u00e4ll gratis h\u00e4r Lagerbolag steg f\u00f6r steg S\u00e5 enkelt startar du ett aktiebolag med hj\u00e4lp [&hellip;]<\/p>\n","protected":false},"author":1,"featured_media":0,"parent":0,"menu_order":0,"comment_status":"closed","ping_status":"closed","template":"pages\/template-home.php","meta":{"_acf_changed":false,"inline_featured_image":false,"footnotes":""},"class_list":["post-5","page","type-page","status-publish","hentry"],"acf":[],"yoast_head":"<!-- This site is optimized with the Yoast SEO plugin v27.3 - https:\/\/yoast.com\/product\/yoast-seo-wordpress\/ -->\n<title>Snabbavveckling och lagerbolag hos Bolagsstiftarna!<\/title>\n<meta name=\"description\" content=\"Bolagsstiftarnas huvudsakliga verksamhetsomr\u00e5den \u00e4r k\u00f6p av vilande aktiebolag f\u00f6r snabbavveckling samt f\u00f6rs\u00e4ljning av lagerbolag.\" \/>\n<meta name=\"robots\" content=\"index, follow, max-snippet:-1, max-image-preview:large, max-video-preview:-1\" \/>\n<link rel=\"canonical\" href=\"https:\/\/www.bolagsstiftarna.se\/en\/\" \/>\n<meta property=\"og:locale\" content=\"en_US\" \/>\n<meta property=\"og:type\" content=\"article\" \/>\n<meta property=\"og:title\" content=\"Snabbavveckling och lagerbolag hos Bolagsstiftarna!\" \/>\n<meta property=\"og:description\" content=\"Bolagsstiftarnas huvudsakliga verksamhetsomr\u00e5den \u00e4r k\u00f6p av vilande aktiebolag f\u00f6r snabbavveckling samt f\u00f6rs\u00e4ljning av lagerbolag.\" \/>\n<meta property=\"og:url\" content=\"https:\/\/www.bolagsstiftarna.se\/en\/\" \/>\n<meta property=\"og:site_name\" content=\"Bolagsstiftarna\" \/>\n<meta property=\"article:modified_time\" content=\"2026-04-23T06:33:11+00:00\" \/>\n<meta property=\"og:image\" content=\"https:\/\/www.bolagsstiftarna.se\/wp-content\/uploads\/2020\/06\/env-300x79-1.png\" \/>\n<meta name=\"twitter:card\" content=\"summary_large_image\" \/>\n<meta name=\"twitter:label1\" content=\"Est. reading time\" \/>\n\t<meta name=\"twitter:data1\" content=\"2 minutes\" \/>\n<script type=\"application\/ld+json\" class=\"yoast-schema-graph\">{\"@context\":\"https:\\\/\\\/schema.org\",\"@graph\":[{\"@type\":\"WebPage\",\"@id\":\"https:\\\/\\\/www.bolagsstiftarna.se\\\/\",\"url\":\"https:\\\/\\\/www.bolagsstiftarna.se\\\/\",\"name\":\"Snabbavveckling och lagerbolag hos Bolagsstiftarna!\",\"isPartOf\":{\"@id\":\"https:\\\/\\\/www.bolagsstiftarna.se\\\/#website\"},\"primaryImageOfPage\":{\"@id\":\"https:\\\/\\\/www.bolagsstiftarna.se\\\/#primaryimage\"},\"image\":{\"@id\":\"https:\\\/\\\/www.bolagsstiftarna.se\\\/#primaryimage\"},\"thumbnailUrl\":\"https:\\\/\\\/www.bolagsstiftarna.se\\\/wp-content\\\/uploads\\\/2020\\\/06\\\/env-300x79-1.png\",\"datePublished\":\"2020-06-18T09:03:23+00:00\",\"dateModified\":\"2026-04-23T06:33:11+00:00\",\"description\":\"Bolagsstiftarnas huvudsakliga verksamhetsomr\u00e5den \u00e4r k\u00f6p av vilande aktiebolag f\u00f6r snabbavveckling samt f\u00f6rs\u00e4ljning av lagerbolag.\",\"breadcrumb\":{\"@id\":\"https:\\\/\\\/www.bolagsstiftarna.se\\\/#breadcrumb\"},\"inLanguage\":\"en-US\",\"potentialAction\":[{\"@type\":\"ReadAction\",\"target\":[\"https:\\\/\\\/www.bolagsstiftarna.se\\\/\"]}]},{\"@type\":\"ImageObject\",\"inLanguage\":\"en-US\",\"@id\":\"https:\\\/\\\/www.bolagsstiftarna.se\\\/#primaryimage\",\"url\":\"https:\\\/\\\/www.bolagsstiftarna.se\\\/wp-content\\\/uploads\\\/2020\\\/06\\\/env-300x79-1.png\",\"contentUrl\":\"https:\\\/\\\/www.bolagsstiftarna.se\\\/wp-content\\\/uploads\\\/2020\\\/06\\\/env-300x79-1.png\"},{\"@type\":\"BreadcrumbList\",\"@id\":\"https:\\\/\\\/www.bolagsstiftarna.se\\\/#breadcrumb\",\"itemListElement\":[{\"@type\":\"ListItem\",\"position\":1,\"name\":\"Home\",\"item\":\"https:\\\/\\\/www.bolagsstiftarna.se\\\/\"},{\"@type\":\"ListItem\",\"position\":2,\"name\":\"Bolagsstiftarna &#8211; Snabbavveckling och Lagerbolag\"}]},{\"@type\":\"WebSite\",\"@id\":\"https:\\\/\\\/www.bolagsstiftarna.se\\\/#website\",\"url\":\"https:\\\/\\\/www.bolagsstiftarna.se\\\/\",\"name\":\"Bolagsstiftarna\",\"description\":\"Lagerbolag &amp; Snabbavveckling\",\"publisher\":{\"@id\":\"https:\\\/\\\/www.bolagsstiftarna.se\\\/#organization\"},\"potentialAction\":[{\"@type\":\"SearchAction\",\"target\":{\"@type\":\"EntryPoint\",\"urlTemplate\":\"https:\\\/\\\/www.bolagsstiftarna.se\\\/?s={search_term_string}\"},\"query-input\":{\"@type\":\"PropertyValueSpecification\",\"valueRequired\":true,\"valueName\":\"search_term_string\"}}],\"inLanguage\":\"en-US\"},{\"@type\":\"Organization\",\"@id\":\"https:\\\/\\\/www.bolagsstiftarna.se\\\/#organization\",\"name\":\"Bolagsstiftarna AB\",\"url\":\"https:\\\/\\\/www.bolagsstiftarna.se\\\/\",\"logo\":{\"@type\":\"ImageObject\",\"inLanguage\":\"en-US\",\"@id\":\"https:\\\/\\\/www.bolagsstiftarna.se\\\/#\\\/schema\\\/logo\\\/image\\\/\",\"url\":\"https:\\\/\\\/d1i97327w94vhu.cloudfront.net\\\/wp-content\\\/uploads\\\/2020\\\/06\\\/25092025\\\/bolagsstiftarna-logo-315.png\",\"contentUrl\":\"https:\\\/\\\/d1i97327w94vhu.cloudfront.net\\\/wp-content\\\/uploads\\\/2020\\\/06\\\/25092025\\\/bolagsstiftarna-logo-315.png\",\"width\":315,\"height\":46,\"caption\":\"Bolagsstiftarna AB\"},\"image\":{\"@id\":\"https:\\\/\\\/www.bolagsstiftarna.se\\\/#\\\/schema\\\/logo\\\/image\\\/\"},\"sameAs\":[\"https:\\\/\\\/www.instagram.com\\\/bolagsstiftarna\\\/\",\"https:\\\/\\\/www.linkedin.com\\\/company\\\/bolagsstiftarna-ab?trk=tyah&amp;amp;trkInfo=tarId:1408967681730,tas:bolagsstif,idx:1-1-1\"]}]}<\/script>\n<!-- \/ Yoast SEO plugin. -->","yoast_head_json":{"title":"Snabbavveckling och lagerbolag hos Bolagsstiftarna!","description":"Bolagsstiftarnas huvudsakliga verksamhetsomr\u00e5den \u00e4r k\u00f6p av vilande aktiebolag f\u00f6r snabbavveckling samt f\u00f6rs\u00e4ljning av lagerbolag.","robots":{"index":"index","follow":"follow","max-snippet":"max-snippet:-1","max-image-preview":"max-image-preview:large","max-video-preview":"max-video-preview:-1"},"canonical":"https:\/\/www.bolagsstiftarna.se\/en\/","og_locale":"en_US","og_type":"article","og_title":"Snabbavveckling och lagerbolag hos Bolagsstiftarna!","og_description":"Bolagsstiftarnas huvudsakliga verksamhetsomr\u00e5den \u00e4r k\u00f6p av vilande aktiebolag f\u00f6r snabbavveckling samt f\u00f6rs\u00e4ljning av lagerbolag.","og_url":"https:\/\/www.bolagsstiftarna.se\/en\/","og_site_name":"Bolagsstiftarna","article_modified_time":"2026-04-23T06:33:11+00:00","og_image":[{"url":"https:\/\/www.bolagsstiftarna.se\/wp-content\/uploads\/2020\/06\/env-300x79-1.png","type":"","width":"","height":""}],"twitter_card":"summary_large_image","twitter_misc":{"Est. reading time":"2 minutes"},"schema":{"@context":"https:\/\/schema.org","@graph":[{"@type":"WebPage","@id":"https:\/\/www.bolagsstiftarna.se\/","url":"https:\/\/www.bolagsstiftarna.se\/","name":"Snabbavveckling och lagerbolag hos Bolagsstiftarna!","isPartOf":{"@id":"https:\/\/www.bolagsstiftarna.se\/#website"},"primaryImageOfPage":{"@id":"https:\/\/www.bolagsstiftarna.se\/#primaryimage"},"image":{"@id":"https:\/\/www.bolagsstiftarna.se\/#primaryimage"},"thumbnailUrl":"https:\/\/www.bolagsstiftarna.se\/wp-content\/uploads\/2020\/06\/env-300x79-1.png","datePublished":"2020-06-18T09:03:23+00:00","dateModified":"2026-04-23T06:33:11+00:00","description":"Bolagsstiftarnas huvudsakliga verksamhetsomr\u00e5den \u00e4r k\u00f6p av vilande aktiebolag f\u00f6r snabbavveckling samt f\u00f6rs\u00e4ljning av lagerbolag.","breadcrumb":{"@id":"https:\/\/www.bolagsstiftarna.se\/#breadcrumb"},"inLanguage":"en-US","potentialAction":[{"@type":"ReadAction","target":["https:\/\/www.bolagsstiftarna.se\/"]}]},{"@type":"ImageObject","inLanguage":"en-US","@id":"https:\/\/www.bolagsstiftarna.se\/#primaryimage","url":"https:\/\/www.bolagsstiftarna.se\/wp-content\/uploads\/2020\/06\/env-300x79-1.png","contentUrl":"https:\/\/www.bolagsstiftarna.se\/wp-content\/uploads\/2020\/06\/env-300x79-1.png"},{"@type":"BreadcrumbList","@id":"https:\/\/www.bolagsstiftarna.se\/#breadcrumb","itemListElement":[{"@type":"ListItem","position":1,"name":"Home","item":"https:\/\/www.bolagsstiftarna.se\/"},{"@type":"ListItem","position":2,"name":"Bolagsstiftarna &#8211; Snabbavveckling och Lagerbolag"}]},{"@type":"WebSite","@id":"https:\/\/www.bolagsstiftarna.se\/#website","url":"https:\/\/www.bolagsstiftarna.se\/","name":"Bolagsstiftarna","description":"Lagerbolag &amp; Snabbavveckling","publisher":{"@id":"https:\/\/www.bolagsstiftarna.se\/#organization"},"potentialAction":[{"@type":"SearchAction","target":{"@type":"EntryPoint","urlTemplate":"https:\/\/www.bolagsstiftarna.se\/?s={search_term_string}"},"query-input":{"@type":"PropertyValueSpecification","valueRequired":true,"valueName":"search_term_string"}}],"inLanguage":"en-US"},{"@type":"Organization","@id":"https:\/\/www.bolagsstiftarna.se\/#organization","name":"Bolagsstiftarna AB","url":"https:\/\/www.bolagsstiftarna.se\/","logo":{"@type":"ImageObject","inLanguage":"en-US","@id":"https:\/\/www.bolagsstiftarna.se\/#\/schema\/logo\/image\/","url":"https:\/\/d1i97327w94vhu.cloudfront.net\/wp-content\/uploads\/2020\/06\/25092025\/bolagsstiftarna-logo-315.png","contentUrl":"https:\/\/d1i97327w94vhu.cloudfront.net\/wp-content\/uploads\/2020\/06\/25092025\/bolagsstiftarna-logo-315.png","width":315,"height":46,"caption":"Bolagsstiftarna AB"},"image":{"@id":"https:\/\/www.bolagsstiftarna.se\/#\/schema\/logo\/image\/"},"sameAs":["https:\/\/www.instagram.com\/bolagsstiftarna\/","https:\/\/www.linkedin.com\/company\/bolagsstiftarna-ab?trk=tyah&amp;amp;trkInfo=tarId:1408967681730,tas:bolagsstif,idx:1-1-1"]}]}},"_links":{"self":[{"href":"https:\/\/www.bolagsstiftarna.se\/en\/wp-json\/wp\/v2\/pages\/5","targetHints":{"allow":["GET"]}}],"collection":[{"href":"https:\/\/www.bolagsstiftarna.se\/en\/wp-json\/wp\/v2\/pages"}],"about":[{"href":"https:\/\/www.bolagsstiftarna.se\/en\/wp-json\/wp\/v2\/types\/page"}],"author":[{"embeddable":true,"href":"https:\/\/www.bolagsstiftarna.se\/en\/wp-json\/wp\/v2\/users\/1"}],"replies":[{"embeddable":true,"href":"https:\/\/www.bolagsstiftarna.se\/en\/wp-json\/wp\/v2\/comments?post=5"}],"version-history":[{"count":215,"href":"https:\/\/www.bolagsstiftarna.se\/en\/wp-json\/wp\/v2\/pages\/5\/revisions"}],"predecessor-version":[{"id":2293,"href":"https:\/\/www.bolagsstiftarna.se\/en\/wp-json\/wp\/v2\/pages\/5\/revisions\/2293"}],"wp:attachment":[{"href":"https:\/\/www.bolagsstiftarna.se\/en\/wp-json\/wp\/v2\/media?parent=5"}],"curies":[{"name":"wp","href":"https:\/\/api.w.org\/{rel}","templated":true}]}}